{"id":119,"date":"2020-01-07T20:00:25","date_gmt":"2020-01-08T02:00:25","guid":{"rendered":"https:\/\/cammodelagency.com\/?page_id=119"},"modified":"2023-06-11T16:09:03","modified_gmt":"2023-06-11T21:09:03","slug":"kontakt","status":"publish","type":"page","link":"https:\/\/cammodelagency.com\/cs\/contact\/","title":{"rendered":"Kontaktujte n\u00e1s"},"content":{"rendered":"<p>A\u0165 u\u017e jste um\u011blec pro dosp\u011bl\u00e9, kter\u00fd hled\u00e1 webov\u00e9 str\u00e1nky, t\u00fdm pro spr\u00e1vu a propagaci sv\u00fdch pr\u00e9miov\u00fdch soci\u00e1ln\u00edch s\u00edt\u00ed nebo jakoukoli radu. Napi\u0161te n\u00e1m nebo polo\u017ete ot\u00e1zku a my se v\u00e1m brzy ozveme. Klikn\u011bte pros\u00edm na tla\u010d\u00edtko n\u00ed\u017ee a nezapome\u0148te uv\u00e9st<\/p>\n\n\n\n<ul class=\"wp-block-list\">\n<li>Va\u0161e jm\u00e9no nebo n\u00e1zev firmy<\/li>\n\n\n\n<li>Kontaktn\u00ed \u010d\u00edslo<\/li>\n\n\n\n<li>Va\u0161e webov\u00e9 str\u00e1nky<\/li>\n\n\n\n<li>A zpr\u00e1va<\/li>\n<\/ul>\n\n\n\n<a class=\"gb-button gb-button-23bc9da1 gb-button-text\" href=\"mailto:admin@cammodelagency.com?cc=justin@cammodelagency.com&amp;body=Your%20name%20or%20business%20name%3A%0D%0AA%20contact%20number%3A%0D%0AYour%20website%2Flink%3A%0D%0A%0D%0AMessage%3A%0D%0A\" target=\"_blank\" rel=\"noopener noreferrer\">Klikn\u011bte zde a po\u0161lete n\u00e1m e-mail<\/a>","protected":false},"excerpt":{"rendered":"<p>A\u0165 u\u017e jste um\u011blec pro dosp\u011bl\u00e9, kter\u00fd hled\u00e1 webov\u00e9 str\u00e1nky, t\u00fdm pro spr\u00e1vu a propagaci sv\u00fdch pr\u00e9miov\u00fdch soci\u00e1ln\u00edch s\u00edt\u00ed nebo jakoukoli radu. Napi\u0161te n\u00e1m nebo polo\u017ete ot\u00e1zku a my se v\u00e1m brzy ozveme. Klikn\u011bte pros\u00edm na tla\u010d\u00edtko n\u00ed\u017ee a nezapome\u0148te uv\u00e9st<\/p>","protected":false},"author":1,"featured_media":0,"parent":0,"menu_order":0,"comment_status":"closed","ping_status":"closed","template":"","meta":{"footnotes":""},"class_list":{"0":"post-119","1":"page","2":"type-page","3":"status-publish","5":"infinite-scroll-item"},"aioseo_notices":[],"acf":[],"_links":{"self":[{"href":"https:\/\/cammodelagency.com\/cs\/wp-json\/wp\/v2\/pages\/119","targetHints":{"allow":["GET"]}}],"collection":[{"href":"https:\/\/cammodelagency.com\/cs\/wp-json\/wp\/v2\/pages"}],"about":[{"href":"https:\/\/cammodelagency.com\/cs\/wp-json\/wp\/v2\/types\/page"}],"author":[{"embeddable":true,"href":"https:\/\/cammodelagency.com\/cs\/wp-json\/wp\/v2\/users\/1"}],"replies":[{"embeddable":true,"href":"https:\/\/cammodelagency.com\/cs\/wp-json\/wp\/v2\/comments?post=119"}],"version-history":[{"count":24,"href":"https:\/\/cammodelagency.com\/cs\/wp-json\/wp\/v2\/pages\/119\/revisions"}],"predecessor-version":[{"id":14350,"href":"https:\/\/cammodelagency.com\/cs\/wp-json\/wp\/v2\/pages\/119\/revisions\/14350"}],"wp:attachment":[{"href":"https:\/\/cammodelagency.com\/cs\/wp-json\/wp\/v2\/media?parent=119"}],"curies":[{"name":"wp","href":"https:\/\/api.w.org\/{rel}","templated":true}]}}