{"id":127,"date":"2020-01-07T23:45:55","date_gmt":"2020-01-08T05:45:55","guid":{"rendered":"https:\/\/cammodelagency.com\/?page_id=127"},"modified":"2024-01-10T21:21:23","modified_gmt":"2024-01-11T02:21:23","slug":"podminky","status":"publish","type":"page","link":"https:\/\/cammodelagency.com\/cs\/terms-and-conditions\/","title":{"rendered":"Podm\u00ednky a pravidla"},"content":{"rendered":"<p>Posledn\u00ed aktualizace: 10. ledna 2024<\/p>\n\n\n\n<p>P\u0159ed pou\u017eit\u00edm webov\u00fdch str\u00e1nek https:\/\/cammodelagency.com (d\u00e1le jen \"slu\u017eba\"), kter\u00e9 provozuje spole\u010dnost Onyx Defiant LLC (d\u00e1le jen \"my\", \"n\u00e1s\" nebo \"na\u0161e\"), si pros\u00edm pe\u010dliv\u011b p\u0159e\u010dt\u011bte tyto smluvn\u00ed podm\u00ednky (d\u00e1le jen \"smluvn\u00ed podm\u00ednky\", \"podm\u00ednky\").<\/p>\n\n\n\n<p>V\u00e1\u0161 p\u0159\u00edstup ke slu\u017eb\u011b a jej\u00ed pou\u017e\u00edv\u00e1n\u00ed je podm\u00edn\u011bno p\u0159ijet\u00edm a dodr\u017eov\u00e1n\u00edm t\u011bchto podm\u00ednek. Tyto podm\u00ednky se vztahuj\u00ed na v\u0161echny n\u00e1v\u0161t\u011bvn\u00edky, u\u017eivatele a dal\u0161\u00ed osoby, kter\u00e9 cht\u011bj\u00ed z\u00edskat p\u0159\u00edstup ke slu\u017eb\u011b nebo ji pou\u017e\u00edvat.<\/p>\n\n\n\n<p>P\u0159\u00edstupem ke slu\u017eb\u011b nebo jej\u00edm pou\u017e\u00edv\u00e1n\u00edm souhlas\u00edte s t\u011bmito podm\u00ednkami. Pokud s jakoukoli \u010d\u00e1st\u00ed podm\u00ednek nesouhlas\u00edte, nem\u00e1te opr\u00e1vn\u011bn\u00ed k p\u0159\u00edstupu ke slu\u017eb\u011b.<\/p>\n\n\n\n<h2 class=\"wp-block-heading\">Komunikace<\/h2>\n\n\n\n<p>Vytvo\u0159en\u00edm \u00fa\u010dtu v na\u0161\u00ed slu\u017eb\u011b souhlas\u00edte s odb\u011brem newsletter\u016f, marketingov\u00fdch nebo propaga\u010dn\u00edch materi\u00e1l\u016f a dal\u0161\u00edch informac\u00ed, kter\u00e9 v\u00e1m m\u016f\u017eeme zas\u00edlat. M\u016f\u017eete se v\u0161ak odhl\u00e1sit z odb\u011bru v\u0161ech t\u011bchto sd\u011blen\u00ed od n\u00e1s, a to pomoc\u00ed odkazu nebo pokyn\u016f pro odhl\u00e1\u0161en\u00ed uveden\u00fdch v ka\u017ed\u00e9m e-mailu, kter\u00fd v\u00e1m za\u0161leme.<\/p>\n\n\n\n<h2 class=\"wp-block-heading\">N\u00e1kupy<\/h2>\n\n\n\n<p>Pokud si p\u0159ejete zakoupit jak\u00fdkoli produkt nebo slu\u017ebu dostupnou prost\u0159ednictv\u00edm slu\u017eby (\"n\u00e1kup\"), m\u016f\u017eete b\u00fdt po\u017e\u00e1d\u00e1ni o poskytnut\u00ed ur\u010dit\u00fdch informac\u00ed t\u00fdkaj\u00edc\u00edch se n\u00e1kupu, mimo jin\u00e9 \u010d\u00edsla va\u0161\u00ed kreditn\u00ed karty, data vypr\u0161en\u00ed platnosti va\u0161\u00ed kreditn\u00ed karty, va\u0161\u00ed faktura\u010dn\u00ed adresy a va\u0161ich dodac\u00edch \u00fadaj\u016f.<\/p>\n\n\n\n<p>Prohla\u0161ujete a zaru\u010dujete, \u017ee: \u017ee (i) m\u00e1te z\u00e1konn\u00e9 pr\u00e1vo pou\u017e\u00edt kreditn\u00ed kartu (karty) nebo jinou platebn\u00ed metodu (metody) v souvislosti s jak\u00fdmkoli n\u00e1kupem a \u017ee (ii) informace, kter\u00e9 n\u00e1m poskytnete, jsou pravdiv\u00e9, spr\u00e1vn\u00e9 a \u00fapln\u00e9.<\/p>\n\n\n\n<p>Slu\u017eba m\u016f\u017ee vyu\u017e\u00edvat slu\u017eeb t\u0159et\u00edch stran za \u00fa\u010delem usnadn\u011bn\u00ed plateb a dokon\u010den\u00ed n\u00e1kup\u016f. Odesl\u00e1n\u00edm sv\u00fdch \u00fadaj\u016f n\u00e1m ud\u011blujete pr\u00e1vo poskytnout tyto \u00fadaje t\u011bmto t\u0159et\u00edm stran\u00e1m v souladu s na\u0161imi Z\u00e1sadami ochrany osobn\u00edch \u00fadaj\u016f.<\/p>\n\n\n\n<p>Vyhrazujeme si pr\u00e1vo va\u0161i objedn\u00e1vku kdykoli odm\u00edtnout nebo zru\u0161it, a to mimo jin\u00e9 z n\u00e1sleduj\u00edc\u00edch d\u016fvod\u016f: dostupnost produktu nebo slu\u017eby, chyby v popisu nebo cen\u011b produktu \u010di slu\u017eby, chyba v objedn\u00e1vce nebo jin\u00e9 d\u016fvody.<\/p>\n\n\n\n<p>Vyhrazujeme si pr\u00e1vo odm\u00edtnout nebo zru\u0161it va\u0161i objedn\u00e1vku v p\u0159\u00edpad\u011b podez\u0159en\u00ed na podvod nebo neopr\u00e1vn\u011bnou \u010di nez\u00e1konnou transakci.<\/p>\n\n\n\n<h2 class=\"wp-block-heading\">Dostupnost, chyby a nep\u0159esnosti<\/h2>\n\n\n\n<p>Nab\u00eddku produkt\u016f a slu\u017eeb v r\u00e1mci slu\u017eby neust\u00e1le aktualizujeme. M\u016f\u017ee doch\u00e1zet ke zpo\u017ed\u011bn\u00ed p\u0159i aktualizaci informac\u00ed ve slu\u017eb\u011b a v na\u0161\u00ed reklam\u011b na jin\u00fdch webov\u00fdch str\u00e1nk\u00e1ch. Informace uveden\u00e9 ve Slu\u017eb\u011b mohou obsahovat chyby nebo nep\u0159esnosti a nemus\u00ed b\u00fdt \u00fapln\u00e9 nebo aktu\u00e1ln\u00ed. Produkty nebo slu\u017eby mohou b\u00fdt ve Slu\u017eb\u011b chybn\u011b ocen\u011bny, nep\u0159esn\u011b pops\u00e1ny nebo nedostupn\u00e9 a my nem\u016f\u017eeme zaru\u010dit p\u0159esnost nebo \u00faplnost jak\u00fdchkoli informac\u00ed nalezen\u00fdch ve Slu\u017eb\u011b.<\/p>\n\n\n\n<p>Proto si vyhrazujeme pr\u00e1vo kdykoli zm\u011bnit nebo aktualizovat informace a opravit chyby, nep\u0159esnosti nebo opomenut\u00ed bez p\u0159edchoz\u00edho upozorn\u011bn\u00ed.<\/p>\n\n\n\n<h2 class=\"wp-block-heading\">Obsah<\/h2>\n\n\n\n<p>Na\u0161e slu\u017eba v\u00e1m umo\u017e\u0148uje zve\u0159ej\u0148ovat, odkazovat, ukl\u00e1dat, sd\u00edlet a jinak zp\u0159\u00edstup\u0148ovat ur\u010dit\u00e9 informace, text, grafiku, videa nebo jin\u00fd materi\u00e1l (\"obsah\"). Za Obsah, kter\u00fd zve\u0159ejn\u00edte ve Slu\u017eb\u011b nebo jej\u00edm prost\u0159ednictv\u00edm, v\u010detn\u011b jeho z\u00e1konnosti, spolehlivosti a vhodnosti, nesete odpov\u011bdnost.<\/p>\n\n\n\n<p>Zve\u0159ejn\u011bn\u00edm obsahu ve slu\u017eb\u011b nebo jej\u00edm prost\u0159ednictv\u00edm prohla\u0161ujete a zaru\u010dujete, \u017ee: (i) Obsah je v\u00e1\u0161 (vlastn\u00edte jej) a\/nebo m\u00e1te pr\u00e1vo jej pou\u017e\u00edvat a m\u00e1te pr\u00e1vo n\u00e1m poskytnout pr\u00e1va a licenci, jak je stanoveno v t\u011bchto Podm\u00ednk\u00e1ch, a (ii) \u017ee zve\u0159ejn\u011bn\u00edm va\u0161eho Obsahu ve Slu\u017eb\u011b nebo jej\u00edm prost\u0159ednictv\u00edm neporu\u0161ujete pr\u00e1va na soukrom\u00ed, pr\u00e1va na publicitu, autorsk\u00e1 pr\u00e1va, smluvn\u00ed pr\u00e1va nebo jak\u00e1koli jin\u00e1 pr\u00e1va jak\u00e9koli osoby nebo subjektu. Vyhrazujeme si pr\u00e1vo zru\u0161it \u00fa\u010det ka\u017ed\u00e9mu, u koho zjist\u00edme, \u017ee poru\u0161uje autorsk\u00e1 pr\u00e1va.<\/p>\n\n\n\n<p>Zachov\u00e1v\u00e1te si ve\u0161ker\u00e1 pr\u00e1va k jak\u00e9mukoli obsahu, kter\u00fd ode\u0161lete, zve\u0159ejn\u00edte nebo zobraz\u00edte ve slu\u017eb\u011b nebo jej\u00edm prost\u0159ednictv\u00edm, a jste odpov\u011bdn\u00ed za ochranu t\u011bchto pr\u00e1v. Nep\u0159eb\u00edr\u00e1me \u017e\u00e1dnou odpov\u011bdnost za Obsah, kter\u00fd vy nebo jak\u00e1koli t\u0159et\u00ed strana zve\u0159ejn\u00edte ve Slu\u017eb\u011b nebo jej\u00edm prost\u0159ednictv\u00edm. Zve\u0159ejn\u011bn\u00edm Obsahu prost\u0159ednictv\u00edm Slu\u017eby n\u00e1m v\u0161ak ud\u011blujete pr\u00e1vo a licenci k pou\u017e\u00edv\u00e1n\u00ed, \u00faprav\u00e1m, ve\u0159ejn\u00e9mu p\u0159edv\u00e1d\u011bn\u00ed, ve\u0159ejn\u00e9mu zobrazov\u00e1n\u00ed, reprodukci a \u0161\u00ed\u0159en\u00ed takov\u00e9ho Obsahu ve Slu\u017eb\u011b a jej\u00edm prost\u0159ednictv\u00edm. Souhlas\u00edte s t\u00edm, \u017ee tato licence zahrnuje na\u0161e pr\u00e1vo zp\u0159\u00edstupnit v\u00e1\u0161 Obsah ostatn\u00edm u\u017eivatel\u016fm Slu\u017eby, kte\u0159\u00ed mohou v\u00e1\u0161 Obsah rovn\u011b\u017e pou\u017e\u00edvat v souladu s t\u011bmito Podm\u00ednkami.<\/p>\n\n\n\n<p>Spole\u010dnost Onyx Defiant LLC m\u00e1 pr\u00e1vo, nikoli v\u0161ak povinnost, monitorovat a upravovat ve\u0161ker\u00fd obsah poskytovan\u00fd u\u017eivateli.<\/p>\n\n\n\n<p>Krom\u011b toho je obsah, kter\u00fd se nach\u00e1z\u00ed v t\u00e9to slu\u017eb\u011b nebo jej\u00edm prost\u0159ednictv\u00edm, majetkem spole\u010dnosti Onyx Defiant LLC nebo je pou\u017eit se svolen\u00edm. Uveden\u00fd obsah nesm\u00edte distribuovat, upravovat, p\u0159en\u00e1\u0161et, znovu pou\u017e\u00edvat, stahovat, znovu zve\u0159ej\u0148ovat, kop\u00edrovat ani pou\u017e\u00edvat, a\u0165 u\u017e jako celek nebo jeho \u010d\u00e1sti, pro komer\u010dn\u00ed \u00fa\u010dely nebo pro osobn\u00ed zisk bez na\u0161eho v\u00fdslovn\u00e9ho p\u0159edchoz\u00edho p\u00edsemn\u00e9ho souhlasu.<\/p>\n\n\n\n<h2 class=\"wp-block-heading\">\u00da\u010dty<\/h2>\n\n\n\n<p>Kdy\u017e si u n\u00e1s vytvo\u0159\u00edte \u00fa\u010det, zaru\u010dujete, \u017ee jste star\u0161\u00ed 18 let a \u017ee informace, kter\u00e9 n\u00e1m poskytnete, jsou v\u017edy p\u0159esn\u00e9, \u00fapln\u00e9 a aktu\u00e1ln\u00ed. Nep\u0159esn\u00e9, ne\u00fapln\u00e9 nebo zastaral\u00e9 informace mohou v\u00e9st k okam\u017eit\u00e9mu zru\u0161en\u00ed va\u0161eho \u00fa\u010dtu ve slu\u017eb\u011b.<\/p>\n\n\n\n<p>Jste zodpov\u011bdn\u00ed za zachov\u00e1n\u00ed d\u016fv\u011brnosti sv\u00e9ho \u00fa\u010dtu a hesla, mimo jin\u00e9 v\u010detn\u011b omezen\u00ed p\u0159\u00edstupu k va\u0161emu po\u010d\u00edta\u010di a\/nebo \u00fa\u010dtu. Souhlas\u00edte s t\u00edm, \u017ee p\u0159ijmete odpov\u011bdnost za v\u0161echny \u010dinnosti nebo akce, kter\u00e9 se uskute\u010dn\u00ed pod va\u0161\u00edm \u00fa\u010dtem a\/nebo heslem, a\u0165 u\u017e je va\u0161e heslo u na\u0161\u00ed slu\u017eby nebo u slu\u017eby t\u0159et\u00ed strany. Jakmile se dozv\u00edte o jak\u00e9mkoli naru\u0161en\u00ed bezpe\u010dnosti nebo neopr\u00e1vn\u011bn\u00e9m pou\u017eit\u00ed va\u0161eho \u00fa\u010dtu, mus\u00edte n\u00e1s o tom neprodlen\u011b informovat.<\/p>\n\n\n\n<p>Jako u\u017eivatelsk\u00e9 jm\u00e9no nesm\u00edte pou\u017e\u00edvat jm\u00e9no jin\u00e9 osoby nebo subjektu nebo jm\u00e9no \u010di ochrannou zn\u00e1mku, kter\u00e9 nen\u00ed leg\u00e1ln\u011b k dispozici k pou\u017eit\u00ed, jm\u00e9no nebo ochrannou zn\u00e1mku, kter\u00e9 jsou p\u0159edm\u011btem jak\u00fdchkoli pr\u00e1v jin\u00e9 osoby nebo subjektu, ne\u017e jste vy, bez p\u0159\u00edslu\u0161n\u00e9ho opr\u00e1vn\u011bn\u00ed. Jako u\u017eivatelsk\u00e9 jm\u00e9no nesm\u00edte pou\u017e\u00edvat \u017e\u00e1dn\u00e9 jm\u00e9no, kter\u00e9 je ur\u00e1\u017eliv\u00e9, vulg\u00e1rn\u00ed nebo obsc\u00e9nn\u00ed.<\/p>\n\n\n\n<p>Vyhrazujeme si pr\u00e1vo odm\u00edtnout slu\u017ebu, zru\u0161it \u00fa\u010dty, odstranit nebo upravit obsah nebo zru\u0161it objedn\u00e1vky podle vlastn\u00edho uv\u00e1\u017een\u00ed.<\/p>\n\n\n\n<h2 class=\"wp-block-heading\">Du\u0161evn\u00ed vlastnictv\u00ed<\/h2>\n\n\n\n<p>Slu\u017eba a jej\u00ed p\u016fvodn\u00ed obsah (s v\u00fdjimkou obsahu poskytnut\u00e9ho u\u017eivateli), funkce a vlastnosti jsou a z\u016fstanou v\u00fdhradn\u00edm vlastnictv\u00edm spole\u010dnosti Onyx Defiant LLC a jej\u00edch poskytovatel\u016f licence. Slu\u017eba je chr\u00e1n\u011bna autorsk\u00fdmi pr\u00e1vy, ochrann\u00fdmi zn\u00e1mkami a dal\u0161\u00edmi z\u00e1kony Spojen\u00fdch st\u00e1t\u016f i ciz\u00edch zem\u00ed. Na\u0161e ochrann\u00e9 zn\u00e1mky a obchodn\u00ed vzhled nesm\u00ed b\u00fdt pou\u017eity v souvislosti s \u017e\u00e1dn\u00fdm produktem nebo slu\u017ebou bez p\u0159edchoz\u00edho p\u00edsemn\u00e9ho souhlasu spole\u010dnosti Onyx Defiant LLC.<\/p>\n\n\n\n<h2 class=\"wp-block-heading\">Odkazy na jin\u00e9 webov\u00e9 str\u00e1nky<\/h2>\n\n\n\n<p>Na\u0161e slu\u017eba m\u016f\u017ee obsahovat odkazy na webov\u00e9 str\u00e1nky nebo slu\u017eby t\u0159et\u00edch stran, kter\u00e9 nejsou vlastn\u011bny ani kontrolov\u00e1ny spole\u010dnost\u00ed Onyx Defiant LLC.<\/p>\n\n\n\n<p>Spole\u010dnost Onyx Defiant LLC nem\u00e1 \u017e\u00e1dnou kontrolu nad obsahem, z\u00e1sadami ochrany osobn\u00edch \u00fadaj\u016f nebo postupy jak\u00fdchkoli webov\u00fdch str\u00e1nek nebo slu\u017eeb t\u0159et\u00edch stran a nenese za n\u011b \u017e\u00e1dnou odpov\u011bdnost. Nezaru\u010dujeme se za nab\u00eddky \u017e\u00e1dn\u00e9ho z t\u011bchto subjekt\u016f\/osob ani za jejich webov\u00e9 str\u00e1nky.<\/p>\n\n\n\n<p>Berete na v\u011bdom\u00ed a souhlas\u00edte s t\u00edm, \u017ee spole\u010dnost Onyx Defiant LLC nenese p\u0159\u00edmou ani nep\u0159\u00edmou odpov\u011bdnost za jak\u00e9koli \u0161kody nebo ztr\u00e1ty zp\u016fsoben\u00e9 nebo \u00fadajn\u011b zp\u016fsoben\u00e9 pou\u017e\u00edv\u00e1n\u00edm nebo spol\u00e9h\u00e1n\u00edm se na jak\u00fdkoli obsah, zbo\u017e\u00ed nebo slu\u017eby dostupn\u00e9 na webov\u00fdch str\u00e1nk\u00e1ch nebo prost\u0159ednictv\u00edm webov\u00fdch str\u00e1nek nebo slu\u017eeb t\u0159et\u00edch stran.<\/p>\n\n\n\n<p>D\u016frazn\u011b doporu\u010dujeme, abyste si p\u0159e\u010detli podm\u00ednky a z\u00e1sady ochrany osobn\u00edch \u00fadaj\u016f v\u0161ech webov\u00fdch str\u00e1nek nebo slu\u017eeb t\u0159et\u00edch stran, kter\u00e9 nav\u0161t\u00edv\u00edte.<\/p>\n\n\n\n<h2 class=\"wp-block-heading\">Ukon\u010den\u00ed<\/h2>\n\n\n\n<p>V\u00e1\u0161 \u00fa\u010det a p\u0159\u00edstup ke slu\u017eb\u011b m\u016f\u017eeme okam\u017eit\u011b zru\u0161it nebo pozastavit, a to bez p\u0159edchoz\u00edho upozorn\u011bn\u00ed nebo odpov\u011bdnosti, podle na\u0161eho vlastn\u00edho uv\u00e1\u017een\u00ed, z jak\u00e9hokoli d\u016fvodu a bez omezen\u00ed, mimo jin\u00e9 v\u010detn\u011b poru\u0161en\u00ed podm\u00ednek.<\/p>\n\n\n\n<p>Pokud si p\u0159ejete ukon\u010dit sv\u016fj \u00fa\u010det, m\u016f\u017eete jednodu\u0161e p\u0159estat slu\u017ebu pou\u017e\u00edvat.<\/p>\n\n\n\n<p>V\u0161echna ustanoven\u00ed Podm\u00ednek, kter\u00e1 by m\u011bla ze sv\u00e9 podstaty z\u016fstat v platnosti i po ukon\u010den\u00ed, z\u016fst\u00e1vaj\u00ed v platnosti i po ukon\u010den\u00ed, mimo jin\u00e9 v\u010detn\u011b ustanoven\u00ed o vlastnictv\u00ed, vylou\u010den\u00ed z\u00e1ruky, od\u0161kodn\u011bn\u00ed a omezen\u00ed odpov\u011bdnosti.<\/p>\n\n\n\n<h2 class=\"wp-block-heading\">Od\u0161kodn\u011bn\u00ed<\/h2>\n\n\n\n<p>Souhlas\u00edte s t\u00edm, \u017ee budete br\u00e1nit spole\u010dnost Onyx Defiant LLC a jej\u00ed nabyvatele licence a poskytovatele licenc\u00ed, jejich zam\u011bstnance, dodavatele, z\u00e1stupce, vedouc\u00ed pracovn\u00edky a \u0159editele, a \u017ee je budete chr\u00e1nit p\u0159ed jak\u00fdmikoliv n\u00e1roky, \u0161kodami, z\u00e1vazky, ztr\u00e1tami, povinnostmi, n\u00e1klady nebo dluhy a v\u00fddaji (mimo jin\u00e9 v\u010detn\u011b poplatk\u016f za pr\u00e1vn\u00ed zastoupen\u00ed), kter\u00e9 vzniknou v d\u016fsledku a) va\u0161eho pou\u017e\u00edv\u00e1n\u00ed a p\u0159\u00edstupu ke slu\u017eb\u011b v\u00e1mi nebo jakoukoli osobou pou\u017e\u00edvaj\u00edc\u00ed v\u00e1\u0161 \u00fa\u010det a heslo; b) poru\u0161en\u00ed t\u011bchto podm\u00ednek nebo c) obsahu zve\u0159ejn\u011bn\u00e9ho ve slu\u017eb\u011b.<\/p>\n\n\n\n<h2 class=\"wp-block-heading\">Omezen\u00ed odpov\u011bdnosti<\/h2>\n\n\n\n<p>Spole\u010dnost Onyx Defiant LLC, ani jej\u00ed \u0159editel\u00e9, zam\u011bstnanci, partne\u0159i, z\u00e1stupci, dodavatel\u00e9 nebo p\u0159idru\u017een\u00e9 spole\u010dnosti v \u017e\u00e1dn\u00e9m p\u0159\u00edpad\u011b nenesou odpov\u011bdnost za jak\u00e9koli nep\u0159\u00edm\u00e9, n\u00e1hodn\u00e9, zvl\u00e1\u0161tn\u00ed, n\u00e1sledn\u00e9 nebo sank\u010dn\u011b nahrazovan\u00e9 \u0161kody, mimo jin\u00e9 v\u010detn\u011b ztr\u00e1ty zisku, dat, u\u017eit\u00ed, dobr\u00e9 pov\u011bsti nebo jin\u00fdch nehmotn\u00fdch ztr\u00e1t, kter\u00e9 vznikly v d\u016fsledku (i) va\u0161eho p\u0159\u00edstupu ke Slu\u017eb\u011b, jej\u00edho pou\u017e\u00edv\u00e1n\u00ed nebo nemo\u017enosti p\u0159\u00edstupu k n\u00ed nebo jej\u00edho pou\u017e\u00edv\u00e1n\u00ed; (ii) jak\u00e9hokoli chov\u00e1n\u00ed nebo obsahu jak\u00e9koli t\u0159et\u00ed strany ve Slu\u017eb\u011b; (iii) jak\u00e9hokoli obsahu z\u00edskan\u00e9ho ze Slu\u017eby; a (iv) neopr\u00e1vn\u011bn\u00e9ho p\u0159\u00edstupu, pou\u017eit\u00ed nebo zm\u011bny va\u0161ich p\u0159enos\u016f nebo obsahu, a\u0165 u\u017e na z\u00e1klad\u011b z\u00e1ruky, smlouvy, deliktu (v\u010detn\u011b nedbalosti) nebo jak\u00e9koli jin\u00e9 pr\u00e1vn\u00ed teorie, bez ohledu na to, zda jsme byli o mo\u017enosti takov\u00e9 \u0161kody informov\u00e1ni, a to i v p\u0159\u00edpad\u011b, \u017ee se zjist\u00ed, \u017ee n\u00e1pravn\u00e9 opat\u0159en\u00ed uveden\u00e9 v tomto dokumentu nesplnilo sv\u016fj z\u00e1kladn\u00ed \u00fa\u010del.<\/p>\n\n\n\n<h2 class=\"wp-block-heading\">Odm\u00edtnut\u00ed odpov\u011bdnosti<\/h2>\n\n\n\n<p>Slu\u017ebu pou\u017e\u00edv\u00e1te na vlastn\u00ed nebezpe\u010d\u00ed. Slu\u017eba je poskytov\u00e1na tak, jak je a jak je k dispozici. Slu\u017eba je poskytov\u00e1na bez jak\u00fdchkoli z\u00e1ruk, a\u0165 u\u017e v\u00fdslovn\u00fdch nebo p\u0159edpokl\u00e1dan\u00fdch, mimo jin\u00e9 v\u010detn\u011b p\u0159edpokl\u00e1dan\u00fdch z\u00e1ruk prodejnosti, vhodnosti pro ur\u010dit\u00fd \u00fa\u010del, neporu\u0161ov\u00e1n\u00ed pr\u00e1v nebo pr\u016fb\u011bhu pln\u011bn\u00ed.<\/p>\n\n\n\n<p>Spole\u010dnost Onyx Defiant LLC, jej\u00ed dce\u0159in\u00e9 spole\u010dnosti, p\u0159idru\u017een\u00e9 spole\u010dnosti a jej\u00ed poskytovatel\u00e9 licenc\u00ed nezaru\u010duj\u00ed, \u017ee a) slu\u017eba bude fungovat bez p\u0159eru\u0161en\u00ed, bezpe\u010dn\u011b nebo bude dostupn\u00e1 v ur\u010dit\u00e9m \u010dase nebo na ur\u010dit\u00e9m m\u00edst\u011b; b) budou opraveny jak\u00e9koli chyby nebo z\u00e1vady; c) slu\u017eba neobsahuje viry ani jin\u00e9 \u0161kodliv\u00e9 sou\u010d\u00e1sti; nebo d) v\u00fdsledky pou\u017e\u00edv\u00e1n\u00ed slu\u017eby budou spl\u0148ovat va\u0161e po\u017eadavky.<\/p>\n\n\n\n<h2 class=\"wp-block-heading\">V\u00fdjimky<\/h2>\n\n\n\n<p>N\u011bkter\u00e9 jurisdikce neumo\u017e\u0148uj\u00ed vylou\u010den\u00ed ur\u010dit\u00fdch z\u00e1ruk nebo vylou\u010den\u00ed \u010di omezen\u00ed odpov\u011bdnosti za n\u00e1sledn\u00e9 nebo n\u00e1hodn\u00e9 \u0161kody, tak\u017ee v\u00fd\u0161e uveden\u00e1 omezen\u00ed se na v\u00e1s nemus\u00ed vztahovat.<\/p>\n\n\n\n<h2 class=\"wp-block-heading\">Rozhodn\u00e9 pr\u00e1vo<\/h2>\n\n\n\n<p>Tyto podm\u00ednky se \u0159\u00edd\u00ed a vykl\u00e1daj\u00ed v souladu se z\u00e1kony Ji\u017en\u00ed Dakoty, Spojen\u00e9 st\u00e1ty americk\u00e9, bez ohledu na jejich kolizn\u00ed ustanoven\u00ed.<\/p>\n\n\n\n<p>To, \u017ee neuplatn\u00edme \u017e\u00e1dn\u00e9 pr\u00e1vo nebo ustanoven\u00ed t\u011bchto Podm\u00ednek, nebude pova\u017eov\u00e1no za vzd\u00e1n\u00ed se t\u011bchto pr\u00e1v. Pokud soud shled\u00e1 n\u011bkter\u00e9 ustanoven\u00ed t\u011bchto Podm\u00ednek neplatn\u00fdm nebo nevymahateln\u00fdm, ostatn\u00ed ustanoven\u00ed t\u011bchto Podm\u00ednek z\u016fst\u00e1vaj\u00ed v platnosti. Tyto Podm\u00ednky p\u0159edstavuj\u00ed \u00faplnou dohodu mezi n\u00e1mi ohledn\u011b na\u0161\u00ed Slu\u017eby a nahrazuj\u00ed a nahrazuj\u00ed ve\u0161ker\u00e9 p\u0159edchoz\u00ed dohody, kter\u00e9 jsme mezi sebou mohli m\u00edt ohledn\u011b Slu\u017eby.<\/p>\n\n\n\n<h2 class=\"wp-block-heading\">Zm\u011bny<\/h2>\n\n\n\n<p>Vyhrazujeme si pr\u00e1vo tyto podm\u00ednky kdykoli upravit nebo nahradit podle vlastn\u00edho uv\u00e1\u017een\u00ed. Pokud se bude jednat o podstatnou zm\u011bnu, ozn\u00e1m\u00edme to alespo\u0148 30 dn\u00ed p\u0159edt\u00edm, ne\u017e nov\u00e9 podm\u00ednky vstoup\u00ed v platnost. O tom, co se pova\u017euje za podstatnou zm\u011bnu, rozhodujeme podle vlastn\u00edho uv\u00e1\u017een\u00ed.<\/p>\n\n\n\n<p>Pokra\u010dov\u00e1n\u00edm v p\u0159\u00edstupu k na\u0161\u00ed slu\u017eb\u011b nebo jej\u00edm pou\u017e\u00edv\u00e1n\u00edm po nabyt\u00ed \u00fa\u010dinnosti jak\u00fdchkoli zm\u011bn souhlas\u00edte s t\u00edm, \u017ee se budete \u0159\u00eddit upraven\u00fdmi podm\u00ednkami. Pokud s nov\u00fdmi podm\u00ednkami nesouhlas\u00edte, nejste nad\u00e1le opr\u00e1vn\u011bni slu\u017ebu pou\u017e\u00edvat.<\/p>\n\n\n\n<h2 class=\"wp-block-heading\">Kontaktujte n\u00e1s<\/h2>\n\n\n\n<p>M\u00e1te-li jak\u00e9koli dotazy t\u00fdkaj\u00edc\u00ed se t\u011bchto podm\u00ednek, kontaktujte n\u00e1s.<\/p>","protected":false},"excerpt":{"rendered":"<p>Last updated: January 10, 2024 Please read these Terms and Conditions (&#8220;Terms&#8221;, &#8220;Terms and Conditions&#8221;) carefully before using the https:\/\/cammodelagency.com website (the &#8220;Service&#8221;) operated by Onyx Defiant LLC (&#8220;us&#8221;, &#8220;we&#8221;, or &#8220;our&#8221;). Your access to and use of the Service is conditioned upon your acceptance of and compliance with these Terms. These Terms apply to &#8230; <\/p>\n<p class=\"read-more-container\"><a title=\"Podm\u00ednky a pravidla\" class=\"read-more button\" href=\"https:\/\/cammodelagency.com\/cs\/terms-and-conditions\/#more-127\" aria-label=\"\u010c\u00edst v\u00edce o Terms and Conditions\">P\u0159e\u010dt\u011bte si v\u00edce<\/a><\/p>","protected":false},"author":1,"featured_media":0,"parent":0,"menu_order":0,"comment_status":"closed","ping_status":"closed","template":"","meta":{"footnotes":""},"class_list":{"0":"post-127","1":"page","2":"type-page","3":"status-publish","5":"infinite-scroll-item"},"aioseo_notices":[],"acf":[],"_links":{"self":[{"href":"https:\/\/cammodelagency.com\/cs\/wp-json\/wp\/v2\/pages\/127","targetHints":{"allow":["GET"]}}],"collection":[{"href":"https:\/\/cammodelagency.com\/cs\/wp-json\/wp\/v2\/pages"}],"about":[{"href":"https:\/\/cammodelagency.com\/cs\/wp-json\/wp\/v2\/types\/page"}],"author":[{"embeddable":true,"href":"https:\/\/cammodelagency.com\/cs\/wp-json\/wp\/v2\/users\/1"}],"replies":[{"embeddable":true,"href":"https:\/\/cammodelagency.com\/cs\/wp-json\/wp\/v2\/comments?post=127"}],"version-history":[{"count":7,"href":"https:\/\/cammodelagency.com\/cs\/wp-json\/wp\/v2\/pages\/127\/revisions"}],"predecessor-version":[{"id":15862,"href":"https:\/\/cammodelagency.com\/cs\/wp-json\/wp\/v2\/pages\/127\/revisions\/15862"}],"wp:attachment":[{"href":"https:\/\/cammodelagency.com\/cs\/wp-json\/wp\/v2\/media?parent=127"}],"curies":[{"name":"wp","href":"https:\/\/api.w.org\/{rel}","templated":true}]}}