{"id":14255,"date":"2023-04-24T01:41:09","date_gmt":"2023-04-24T06:41:09","guid":{"rendered":"https:\/\/cammodelagency.com\/?page_id=14255"},"modified":"2023-07-26T17:57:13","modified_gmt":"2023-07-26T22:57:13","slug":"vyzva","status":"publish","type":"page","link":"https:\/\/cammodelagency.com\/cs\/challenge\/","title":{"rendered":"30denn\u00ed v\u00fdzva OnlyFans"},"content":{"rendered":"<h1 class=\"gb-headline gb-headline-730f3edf gb-headline-text\">P\u0159em\u011b\u0148te sv\u016fj podnik OnlyFans za 30 dn\u00ed<\/h1>\n\n\n\n<h2 class=\"gb-headline gb-headline-9dcb4308 gb-headline-text\">V\u00fdzva ke zv\u00fd\u0161en\u00ed prodeje a anga\u017eovanosti<\/h2>\n\n\n\n<p>V\u00edtejte v na\u0161\u00ed 30denn\u00ed v\u00fdzv\u011b k prom\u011bn\u011b va\u0161eho <a class=\"thirstylink\" rel=\"nofollow\" target=\"_blank\" title=\"OnlyFans\" href=\"https:\/\/cammodelagency.com\/cs\/go\/onlyfans\/\" data-shortcode=\"true\">OnlyFans<\/a> podnik\u00e1n\u00ed! Jste p\u0159ipraveni posunout sv\u00e9 podnik\u00e1n\u00ed na vy\u0161\u0161\u00ed \u00farove\u0148? A\u0165 u\u017e teprve za\u010d\u00edn\u00e1te, nebo chcete vylep\u0161it sv\u016fj st\u00e1vaj\u00edc\u00ed profil, tato v\u00fdzva v\u00e1m pom\u016f\u017ee zv\u00fd\u0161it prodej a zapojen\u00ed z\u00e1kazn\u00edk\u016f.<\/p>\n\n\n\n<p>Tato v\u00fdzva je ur\u010dena pro v\u00e1s. <a class=\"wpil_keyword_link\" href=\"https:\/\/cammodelagency.com\/onlyfans-alternative\/\" target=\"_blank\" rel=\"noopener\" title=\"OnlyFans\" data-wpil-keyword-link=\"linked\">OnlyFans<\/a> tv\u016frce obsahu (nebo jin\u00e9ho obsahu pro dosp\u011bl\u00e9), kter\u00fd chce sv\u016fj \u00fa\u010det posunout na vy\u0161\u0161\u00ed \u00farove\u0148. V pr\u016fb\u011bhu 30 dn\u016f v\u00e1m budeme denn\u011b poskytovat \u00fakoly a tipy, kter\u00e9 v\u00e1m pomohou zv\u00fd\u0161it zapojen\u00ed, udr\u017een\u00ed a p\u0159\u00edjmy na platform\u011b.<\/p>\n\n\n\n<div class=\"_form_1\"><\/div><script src=\"https:\/\/cammodelagency.activehosted.com\/f\/embed.php?id=1\" type=\"text\/javascript\" charset=\"utf-8\"><\/script>\n\n\n\n<p>Pro za\u010d\u00e1tek v\u00e1m pom\u016f\u017eeme napl\u00e1novat rozvrh obsahu na p\u0159\u00ed\u0161t\u00ed m\u011bs\u00edc, nab\u00eddneme speci\u00e1ln\u00ed slevu pro nov\u00e9 odb\u011bratele a budeme spolupracovat s dal\u0161\u00edmi tv\u016frci na k\u0159\u00ed\u017eov\u00e9 propagaci va\u0161ich \u00fa\u010dt\u016f. Uk\u00e1\u017eeme v\u00e1m tak\u00e9, jak vytv\u00e1\u0159et ankety nebo pr\u016fzkumy pro va\u0161e fanou\u0161ky, aby v\u00e1m poskytli zp\u011btnou vazbu k va\u0161emu obsahu, a jak po\u0159\u00e1dat \u017eiv\u00e9 p\u0159enosy nebo sezen\u00ed s ot\u00e1zkami a odpov\u011b\u010fmi, abyste s nimi mohli p\u0159\u00edmo komunikovat.<\/p>\n\n\n\n<p>Doporu\u010d\u00edme v\u00e1m, abyste fanou\u0161k\u016fm, kte\u0159\u00ed doporu\u010d\u00ed nov\u00e9 p\u0159edplatitele, nab\u00eddli v\u00fdk\u0159iky nebo zm\u00ednky a poskytli bezplatn\u00e9 zkou\u0161ky, abyste p\u0159il\u00e1kali nov\u00e9 registrace. Budete tak\u00e9 zkou\u0161et nov\u00e1 t\u00e9mata a typy obsahu, vytv\u00e1\u0159et exkluzivn\u00ed obsahov\u00e9 bal\u00ed\u010dky nebo bal\u00ed\u010dky a spolupracovat se zna\u010dkami nebo sponzory, abyste diverzifikovali sv\u016fj obsah a zdroje p\u0159\u00edjm\u016f.<\/p>\n\n\n\n<p>V pr\u016fb\u011bhu v\u00fdzvy v\u00e1s po\u017e\u00e1d\u00e1me, abyste vyhodnotili sv\u016fj pokrok a upravili strategii obsahu. Budete tak\u00e9 experimentovat s nov\u00fdmi edita\u010dn\u00edmi a fotografick\u00fdmi technikami, nab\u00edzet personalizovan\u00e9 po\u017eadavky na obsah a po\u0159\u00e1dat \u017eiv\u00e9 virtu\u00e1ln\u00ed akce, abyste se spojili se sv\u00fdmi fanou\u0161ky.<\/p>\n\n\n\n<p>Na konci v\u00fdzvy budete l\u00e9pe rozum\u011bt tomu, co je pot\u0159eba k \u00fasp\u011b\u0161n\u00e9mu veden\u00ed firmy. <a class=\"thirstylink\" rel=\"nofollow\" target=\"_blank\" title=\"OnlyFans\" href=\"https:\/\/cammodelagency.com\/cs\/go\/onlyfans\/\" data-shortcode=\"true\">OnlyFans<\/a> a zavedete \u0159adu strategi\u00ed, kter\u00e9 v\u00e1m pomohou dos\u00e1hnout va\u0161ich c\u00edl\u016f. <\/p>\n\n\n\n<p>Jste p\u0159ipraveni p\u0159ijmout v\u00fdzvu a zm\u011bnit svou kari\u00e9ru v oblasti tvorby obsahu? <\/p>\n\n\n\n<p>Zaregistrujte se je\u0161t\u011b dnes a za\u010dn\u011bme!<\/p>\n\n\n\n<div class=\"_form_1\"><\/div><script src=\"https:\/\/cammodelagency.activehosted.com\/f\/embed.php?id=1\" type=\"text\/javascript\" charset=\"utf-8\"><\/script>","protected":false},"excerpt":{"rendered":"<p>Prom\u011b\u0148te sv\u016fj byznys na OnlyFans za 30 dn\u00ed V\u00fdzva pro zv\u00fd\u0161en\u00ed prodeje a anga\u017eovanosti V\u00edtejte v na\u0161\u00ed 30denn\u00ed v\u00fdzv\u011b k prom\u011bn\u011b va\u0161eho byznysu na OnlyFans! Jste p\u0159ipraveni posunout sv\u00e9 podnik\u00e1n\u00ed na vy\u0161\u0161\u00ed \u00farove\u0148? A\u0165 u\u017e teprve za\u010d\u00edn\u00e1te, nebo chcete vylep\u0161it sv\u016fj st\u00e1vaj\u00edc\u00ed profil, tato v\u00fdzva v\u00e1m pom\u016f\u017ee zv\u00fd\u0161it v\u00e1\u0161 ... <\/p>\n<p class=\"read-more-container\"><a title=\"30denn\u00ed v\u00fdzva OnlyFans\" class=\"read-more button\" href=\"https:\/\/cammodelagency.com\/cs\/challenge\/#more-14255\" aria-label=\"\u010c\u00edst v\u00edce o 30-Day OnlyFans Challenge\">P\u0159e\u010dt\u011bte si v\u00edce<\/a><\/p>","protected":false},"author":1,"featured_media":4115,"parent":0,"menu_order":0,"comment_status":"closed","ping_status":"closed","template":"","meta":{"footnotes":""},"class_list":{"0":"post-14255","1":"page","2":"type-page","3":"status-publish","4":"has-post-thumbnail","6":"infinite-scroll-item","7":"resize-featured-image"},"aioseo_notices":[],"acf":[],"_links":{"self":[{"href":"https:\/\/cammodelagency.com\/cs\/wp-json\/wp\/v2\/pages\/14255","targetHints":{"allow":["GET"]}}],"collection":[{"href":"https:\/\/cammodelagency.com\/cs\/wp-json\/wp\/v2\/pages"}],"about":[{"href":"https:\/\/cammodelagency.com\/cs\/wp-json\/wp\/v2\/types\/page"}],"author":[{"embeddable":true,"href":"https:\/\/cammodelagency.com\/cs\/wp-json\/wp\/v2\/users\/1"}],"replies":[{"embeddable":true,"href":"https:\/\/cammodelagency.com\/cs\/wp-json\/wp\/v2\/comments?post=14255"}],"version-history":[{"count":5,"href":"https:\/\/cammodelagency.com\/cs\/wp-json\/wp\/v2\/pages\/14255\/revisions"}],"predecessor-version":[{"id":14642,"href":"https:\/\/cammodelagency.com\/cs\/wp-json\/wp\/v2\/pages\/14255\/revisions\/14642"}],"wp:featuredmedia":[{"embeddable":true,"href":"https:\/\/cammodelagency.com\/cs\/wp-json\/wp\/v2\/media\/4115"}],"wp:attachment":[{"href":"https:\/\/cammodelagency.com\/cs\/wp-json\/wp\/v2\/media?parent=14255"}],"curies":[{"name":"wp","href":"https:\/\/api.w.org\/{rel}","templated":true}]}}