{"id":14294,"date":"2023-06-11T14:58:23","date_gmt":"2023-06-11T19:58:23","guid":{"rendered":"https:\/\/cammodelagency.com\/?page_id=14294"},"modified":"2023-07-26T17:57:19","modified_gmt":"2023-07-26T22:57:19","slug":"stanoveni-cen","status":"publish","type":"page","link":"https:\/\/cammodelagency.com\/cs\/pricing\/","title":{"rendered":"Ceny za spr\u00e1vu pouze s nulovou proviz\u00edFans Management"},"content":{"rendered":"<p>D\u00edky na\u0161emu komplexn\u00edmu bal\u00ed\u010dku slu\u017eeb se m\u016f\u017eete soust\u0159edit na to, co um\u00edte nejl\u00e9pe - na vytv\u00e1\u0159en\u00ed poutav\u00e9ho obsahu - a my se postar\u00e1me o zbytek. Nechte n\u00e1s, abychom se postarali o spr\u00e1vu, r\u016fst, propagaci a zapojen\u00ed va\u0161eho <a class=\"thirstylink\" rel=\"nofollow\" target=\"_blank\" title=\"OnlyFans\" href=\"https:\/\/cammodelagency.com\/cs\/go\/onlyfans\/\" data-shortcode=\"true\">OnlyFans<\/a> a umo\u017en\u00ed v\u00e1m dos\u00e1hnout nov\u00fdch v\u00fd\u0161in \u00fasp\u011bchu.<\/p>\n\n\n\n<p>Ka\u017ed\u00e1 \u00farove\u0148 je ocen\u011bna na z\u00e1klad\u011b <strong>kolik \u010dasu<\/strong> <strong>utrat\u00edme na v\u00e1\u0161 \u00fa\u010det<\/strong> m\u011bs\u00ed\u010dn\u011b, a ne kolik vyd\u011bl\u00e1v\u00e1te. D\u00edky tomu je snadn\u00e9 pracovat pouze se seri\u00f3zn\u00edmi tv\u016frci, v\u011bnovat ka\u017ed\u00e9mu tv\u016frci pozornost, kterou si zaslou\u017e\u00ed, a zajistit v\u00e1m finan\u010dn\u00ed stabilitu. <\/p>\n\n\n\n<p>V\u0161echny \u00farovn\u011b z\u00edskaj\u00ed vlastn\u00ed pl\u00e1n pro \u00fasp\u011bch va\u0161eho \u00fa\u010dtu s \u010dasem p\u0159id\u011blen\u00fdm na.<\/p>\n\n\n\n<ul class=\"has-accent-color has-base-background-color has-text-color has-background wp-block-list\">\n<li>R\u016fst \u00fa\u010dtu prost\u0159ednictv\u00edm propagace a marketingu<\/li>\n\n\n\n<li><a class=\"thirstylink\" rel=\"nofollow\" target=\"_blank\" title=\"Hypefury\" href=\"https:\/\/cammodelagency.com\/cs\/go\/hypefury\/\" data-shortcode=\"true\">Soci\u00e1ln\u00ed m\u00e9dia<\/a> \u0159\u00edzen\u00ed<\/li>\n\n\n\n<li>Chatov\u00e1n\u00ed se st\u00e1vaj\u00edc\u00edmi sleduj\u00edc\u00edmi a odb\u011brateli<\/li>\n\n\n\n<li><strong>Plus<\/strong>, dost\u00e1v\u00e1te m\u011bs\u00ed\u010dn\u00ed zpr\u00e1vu o \u010dinnosti, r\u016fstu a nov\u00fdch iniciativ\u00e1ch.<\/li>\n\n\n\n<li><strong>Plus<\/strong>, z\u00edsk\u00e1te do\u017eivotn\u00ed p\u0159\u00edstup ke ka\u017ed\u00e9mu nov\u00e9mu produktu vytvo\u0159en\u00e9mu na webu <a href=\"http:\/\/SubToMy.com\" target=\"_blank\" rel=\"noopener\" title=\"\">SubToMy.com<\/a><\/li>\n<\/ul>\n\n\n<div class=\"gb-container gb-container-5f21bd73\">\n<div class=\"gb-grid-wrapper gb-grid-wrapper-e34ebfcc\">\n<div class=\"gb-grid-column gb-grid-column-b28a2877\"><div class=\"gb-container gb-container-b28a2877\">\n<div class=\"gb-container gb-container-c17a1f13\">\n\n<h2 class=\"gb-headline gb-headline-610bc41a gb-headline-text\">\u00darove\u0148 1<\/h2>\n\n\n\n<h2 class=\"gb-headline gb-headline-25c22229 gb-headline-text\">$5,000 USD m\u011bs\u00ed\u010dn\u011b<\/h2>\n\n\n\n<ul class=\"wp-block-list\">\n<li>P\u0159ibli\u017en\u011b 600 hodin m\u011bs\u00ed\u010dn\u011b<\/li>\n\n\n\n<li>16-24 hodin denn\u011b, 7 dn\u00ed v t\u00fddnu<\/li>\n<\/ul>\n\n<\/div>\n<\/div><\/div>\n\n<div class=\"gb-grid-column gb-grid-column-82938111\"><div class=\"gb-container gb-container-82938111\">\n\n<h2 class=\"gb-headline gb-headline-481c1470 gb-headline-text\">\u00darove\u0148 2<\/h2>\n\n\n\n<h2 class=\"gb-headline gb-headline-a0625657 gb-headline-text\">$4,000 USD m\u011bs\u00ed\u010dn\u011b<\/h2>\n\n\n\n<ul class=\"wp-block-list\">\n<li>P\u0159ibli\u017en\u011b 400 hodin m\u011bs\u00ed\u010dn\u011b<\/li>\n\n\n\n<li>8-16 hodin denn\u011b, 7 dn\u00ed v t\u00fddnu<\/li>\n<\/ul>\n\n<\/div><\/div>\n\n<div class=\"gb-grid-column gb-grid-column-9837250d\"><div class=\"gb-container gb-container-9837250d\">\n\n<h2 class=\"gb-headline gb-headline-6c7af739 gb-headline-text\">\u00darove\u0148 3<\/h2>\n\n\n\n<h2 class=\"gb-headline gb-headline-47398fd5 gb-headline-text\">$2,500 USD m\u011bs\u00ed\u010dn\u011b<\/h2>\n\n\n\n<ul class=\"wp-block-list\">\n<li>P\u0159ibli\u017en\u011b 200 hodin m\u011bs\u00ed\u010dn\u011b<\/li>\n\n\n\n<li>4-8 hodin denn\u011b, 7 dn\u00ed v t\u00fddnu<\/li>\n<\/ul>\n\n<\/div><\/div>\n<\/div>\n<\/div>\n\n\n<p class=\"has-text-align-center has-medium-font-size\">P\u0159ipraveni p\u0159evz\u00edt <a class=\"wpil_keyword_link\" href=\"https:\/\/cammodelagency.com\/onlyfans-alternative\/\" target=\"_blank\" rel=\"noopener\" title=\"OnlyFans\" data-wpil-keyword-link=\"linked\">OnlyFans<\/a> kari\u00e9ry na vy\u0161\u0161\u00ed \u00farove\u0148? Zaregistrujte se je\u0161t\u011b dnes a odemkn\u011bte pln\u00fd potenci\u00e1l sv\u00e9ho \u00fa\u010dtu. <a href=\"https:\/\/cammodelagency.com\/apply\/\" target=\"_blank\" rel=\"noopener\" title=\"\"><strong>P\u0159ihlaste se zde<\/strong><\/a>.<\/p>","protected":false},"excerpt":{"rendered":"<p>D\u00edky na\u0161emu komplexn\u00edmu bal\u00ed\u010dku slu\u017eeb se m\u016f\u017eete soust\u0159edit na to, co um\u00edte nejl\u00e9pe - na vytv\u00e1\u0159en\u00ed poutav\u00e9ho obsahu - a my se postar\u00e1me o zbytek. Nechte n\u00e1s, abychom se postarali o spr\u00e1vu, r\u016fst, propagaci a zapojen\u00ed va\u0161ich OnlyFans, a umo\u017enili v\u00e1m tak dos\u00e1hnout nov\u00fdch v\u00fd\u0161in \u00fasp\u011bchu. Ka\u017ed\u00e1 \u00farove\u0148 je ocen\u011bna podle toho, jak ... <\/p>\n<p class=\"read-more-container\"><a title=\"Ceny za spr\u00e1vu pouze s nulovou proviz\u00edFans Management\" class=\"read-more button\" href=\"https:\/\/cammodelagency.com\/cs\/pricing\/#more-14294\" aria-label=\"\u010c\u00edst v\u00edce o Pricing for Zero-Commission OnlyFans Management\">P\u0159e\u010dt\u011bte si v\u00edce<\/a><\/p>","protected":false},"author":1,"featured_media":13925,"parent":0,"menu_order":0,"comment_status":"closed","ping_status":"closed","template":"","meta":{"footnotes":""},"class_list":{"0":"post-14294","1":"page","2":"type-page","3":"status-publish","4":"has-post-thumbnail","6":"infinite-scroll-item","7":"resize-featured-image"},"aioseo_notices":[],"acf":[],"_links":{"self":[{"href":"https:\/\/cammodelagency.com\/cs\/wp-json\/wp\/v2\/pages\/14294","targetHints":{"allow":["GET"]}}],"collection":[{"href":"https:\/\/cammodelagency.com\/cs\/wp-json\/wp\/v2\/pages"}],"about":[{"href":"https:\/\/cammodelagency.com\/cs\/wp-json\/wp\/v2\/types\/page"}],"author":[{"embeddable":true,"href":"https:\/\/cammodelagency.com\/cs\/wp-json\/wp\/v2\/users\/1"}],"replies":[{"embeddable":true,"href":"https:\/\/cammodelagency.com\/cs\/wp-json\/wp\/v2\/comments?post=14294"}],"version-history":[{"count":13,"href":"https:\/\/cammodelagency.com\/cs\/wp-json\/wp\/v2\/pages\/14294\/revisions"}],"predecessor-version":[{"id":14643,"href":"https:\/\/cammodelagency.com\/cs\/wp-json\/wp\/v2\/pages\/14294\/revisions\/14643"}],"wp:featuredmedia":[{"embeddable":true,"href":"https:\/\/cammodelagency.com\/cs\/wp-json\/wp\/v2\/media\/13925"}],"wp:attachment":[{"href":"https:\/\/cammodelagency.com\/cs\/wp-json\/wp\/v2\/media?parent=14294"}],"curies":[{"name":"wp","href":"https:\/\/api.w.org\/{rel}","templated":true}]}}