{"id":3485,"date":"2020-07-23T13:45:02","date_gmt":"2020-07-23T19:45:02","guid":{"rendered":"https:\/\/cammodelagency.com\/?page_id=3485"},"modified":"2020-11-10T01:34:46","modified_gmt":"2020-11-10T06:34:46","slug":"18-usc-2257","status":"publish","type":"page","link":"https:\/\/cammodelagency.com\/cs\/18-usc-2257\/","title":{"rendered":"18 U.S.C. 2257"},"content":{"rendered":"<p>Ozn\u00e1men\u00ed o dodr\u017eov\u00e1n\u00ed ustanoven\u00ed 18 U.S.C. 2257.<\/p>\n\n\n\n<p>Partner ani \u017e\u00e1dn\u00e1 z p\u0159idru\u017een\u00fdch str\u00e1nek partner\u016f nebude obsahovat \u017e\u00e1dn\u00e9 nez\u00e1konn\u00e9 a\/nebo z\u00e1vadn\u00e9 materi\u00e1ly, mimo jin\u00e9 v\u010detn\u011b d\u011btsk\u00e9 pornografie, zn\u00e1siln\u011bn\u00ed, incestu nebo bestiality.<\/p>\n\n\n\n<p>Partnersk\u00e9 pobo\u010dky spl\u0148uj\u00ed po\u017eadavky USA 2257 Compliance.<\/p>\n\n\n\n<p>V\u0161echny osoby, kter\u00e9 se objevuj\u00ed na jak\u00e9mkoli vizu\u00e1ln\u00edm vyobrazen\u00ed obsa\u017een\u00e9m na t\u011bchto webov\u00fdch str\u00e1nk\u00e1ch, byly v dob\u011b vytvo\u0159en\u00ed t\u011bchto vyobrazen\u00ed star\u0161\u00ed osmn\u00e1cti let. Z\u00e1znamy vy\u017eadovan\u00e9 \u010dl\u00e1nkem 2257 hlavy 18 z\u00e1kon\u00edku Spojen\u00fdch st\u00e1t\u016f americk\u00fdch, pokud jde o vizu\u00e1ln\u00ed zobrazen\u00ed skute\u010dn\u00e9ho sexu\u00e1ln\u011b explicitn\u00edho chov\u00e1n\u00ed, vede spr\u00e1vce z\u00e1znam\u016f.<\/p>","protected":false},"excerpt":{"rendered":"<p>18 U.S.C. 2257 compliance notice. Partner or any of the partners&#8217; affiliated sites will not contain any illegal and\/or objectionable materials, including, but not limited to, child pornography, rape, incest, or bestiality. Partner affiliates comply with US 2257 Compliance requirements. All persons who appear in any visual depiction contained in this website were eighteen years &#8230; <\/p>\n<p class=\"read-more-container\"><a title=\"18 U.S.C. 2257\" class=\"read-more button\" href=\"https:\/\/cammodelagency.com\/cs\/18-usc-2257\/#more-3485\" aria-label=\"\u010c\u00edst v\u00edce o 18 U.S.C. 2257\">P\u0159e\u010dt\u011bte si v\u00edce<\/a><\/p>","protected":false},"author":1,"featured_media":0,"parent":0,"menu_order":0,"comment_status":"closed","ping_status":"closed","template":"","meta":{"footnotes":""},"class_list":{"0":"post-3485","1":"page","2":"type-page","3":"status-publish","5":"infinite-scroll-item"},"aioseo_notices":[],"acf":[],"_links":{"self":[{"href":"https:\/\/cammodelagency.com\/cs\/wp-json\/wp\/v2\/pages\/3485","targetHints":{"allow":["GET"]}}],"collection":[{"href":"https:\/\/cammodelagency.com\/cs\/wp-json\/wp\/v2\/pages"}],"about":[{"href":"https:\/\/cammodelagency.com\/cs\/wp-json\/wp\/v2\/types\/page"}],"author":[{"embeddable":true,"href":"https:\/\/cammodelagency.com\/cs\/wp-json\/wp\/v2\/users\/1"}],"replies":[{"embeddable":true,"href":"https:\/\/cammodelagency.com\/cs\/wp-json\/wp\/v2\/comments?post=3485"}],"version-history":[{"count":2,"href":"https:\/\/cammodelagency.com\/cs\/wp-json\/wp\/v2\/pages\/3485\/revisions"}],"predecessor-version":[{"id":5162,"href":"https:\/\/cammodelagency.com\/cs\/wp-json\/wp\/v2\/pages\/3485\/revisions\/5162"}],"wp:attachment":[{"href":"https:\/\/cammodelagency.com\/cs\/wp-json\/wp\/v2\/media?parent=3485"}],"curies":[{"name":"wp","href":"https:\/\/api.w.org\/{rel}","templated":true}]}}