{"id":3485,"date":"2020-07-23T13:45:02","date_gmt":"2020-07-23T19:45:02","guid":{"rendered":"https:\/\/cammodelagency.com\/?page_id=3485"},"modified":"2020-11-10T01:34:46","modified_gmt":"2020-11-10T06:34:46","slug":"18-usc-2257","status":"publish","type":"page","link":"https:\/\/cammodelagency.com\/da\/18-usc-2257\/","title":{"rendered":"18 U.S.C. 2257"},"content":{"rendered":"<p>18 U.S.C. 2257 meddelelse om overholdelse.<\/p>\n\n\n\n<p>Partneren eller nogen af partnernes tilknyttede websteder vil ikke indeholde ulovligt og\/eller anst\u00f8deligt materiale, herunder, men ikke begr\u00e6nset til, b\u00f8rnepornografi, voldt\u00e6gt, incest eller bestialitet.<\/p>\n\n\n\n<p>Partnerne overholder kravene i US 2257 Compliance.<\/p>\n\n\n\n<p>Alle personer, der optr\u00e6der i visuelle skildringer p\u00e5 dette websted, var 18 \u00e5r eller \u00e6ldre p\u00e5 tidspunktet for skabelsen af s\u00e5danne skildringer. De optegnelser, der kr\u00e6ves i henhold til Section 2257 i Title 18 of the United States Code med hensyn til visuelle afbildninger af faktisk seksuelt eksplicit adf\u00e6rd, opbevares af den ansvarlige for optegnelserne.<\/p>","protected":false},"excerpt":{"rendered":"<p>18 U.S.C. 2257 meddelelse om overholdelse. Partneren eller nogen af partnernes tilknyttede websteder vil ikke indeholde ulovlige og\/eller anst\u00f8delige materialer, herunder, men ikke begr\u00e6nset til, b\u00f8rnepornografi, voldt\u00e6gt, incest eller bestialitet. Partnerens tilknyttede virksomheder overholder kravene i US 2257 Compliance. Alle personer, der optr\u00e6der i enhver visuel skildring p\u00e5 dette websted, var atten \u00e5r ... <\/p>\n<p class=\"read-more-container\"><a title=\"18 U.S.C. 2257\" class=\"read-more button\" href=\"https:\/\/cammodelagency.com\/da\/18-usc-2257\/#more-3485\" aria-label=\"L\u00e6s mere om 18 U.S.C. 2257\">L\u00e6s mere<\/a><\/p>","protected":false},"author":1,"featured_media":0,"parent":0,"menu_order":0,"comment_status":"closed","ping_status":"closed","template":"","meta":{"footnotes":""},"class_list":{"0":"post-3485","1":"page","2":"type-page","3":"status-publish","5":"infinite-scroll-item"},"aioseo_notices":[],"acf":[],"_links":{"self":[{"href":"https:\/\/cammodelagency.com\/da\/wp-json\/wp\/v2\/pages\/3485","targetHints":{"allow":["GET"]}}],"collection":[{"href":"https:\/\/cammodelagency.com\/da\/wp-json\/wp\/v2\/pages"}],"about":[{"href":"https:\/\/cammodelagency.com\/da\/wp-json\/wp\/v2\/types\/page"}],"author":[{"embeddable":true,"href":"https:\/\/cammodelagency.com\/da\/wp-json\/wp\/v2\/users\/1"}],"replies":[{"embeddable":true,"href":"https:\/\/cammodelagency.com\/da\/wp-json\/wp\/v2\/comments?post=3485"}],"version-history":[{"count":2,"href":"https:\/\/cammodelagency.com\/da\/wp-json\/wp\/v2\/pages\/3485\/revisions"}],"predecessor-version":[{"id":5162,"href":"https:\/\/cammodelagency.com\/da\/wp-json\/wp\/v2\/pages\/3485\/revisions\/5162"}],"wp:attachment":[{"href":"https:\/\/cammodelagency.com\/da\/wp-json\/wp\/v2\/media?parent=3485"}],"curies":[{"name":"wp","href":"https:\/\/api.w.org\/{rel}","templated":true}]}}