{"id":14294,"date":"2023-06-11T14:58:23","date_gmt":"2023-06-11T19:58:23","guid":{"rendered":"https:\/\/cammodelagency.com\/?page_id=14294"},"modified":"2023-07-26T17:57:19","modified_gmt":"2023-07-26T22:57:19","slug":"preisgestaltung","status":"publish","type":"page","link":"https:\/\/cammodelagency.com\/de\/pricing\/","title":{"rendered":"Preise f\u00fcr kommissionsfreies OnlyFans Management"},"content":{"rendered":"<p>Mit unserem umfassenden Serviceangebot kannst du dich auf das konzentrieren, was du am besten kannst - fesselnde Inhalte erstellen - w\u00e4hrend wir uns um den Rest k\u00fcmmern. Wir k\u00fcmmern uns um das Management, das Wachstum, die Werbung und die Einbindung deiner <a class=\"thirstylink\" rel=\"nofollow\" target=\"_blank\" title=\"OnlyFans\" href=\"https:\/\/cammodelagency.com\/de\/go\/onlyfans\/\" data-shortcode=\"true\">OnlyFans<\/a> Reise und bef\u00e4higt dich, neue H\u00f6hen des Erfolgs zu erreichen.<\/p>\n\n\n\n<p>Der Preis f\u00fcr jede Stufe basiert auf <strong>wie viel Zeit<\/strong> <strong>die wir f\u00fcr dein Konto ausgeben<\/strong> monatlich und nicht, wie viel du verdienst. Das macht es einfach, nur mit seri\u00f6sen Kreativen zu arbeiten, jedem Kreativen die Aufmerksamkeit zu schenken, die er verdient, und dir finanzielle Stabilit\u00e4t zu geben. <\/p>\n\n\n\n<p>Alle Stufen erhalten einen individuellen Plan f\u00fcr den Erfolg deines Kontos, der Zeit vorsieht f\u00fcr<\/p>\n\n\n\n<ul class=\"has-accent-color has-base-background-color has-text-color has-background wp-block-list\">\n<li>Kundenwachstum durch Werbung und Marketing<\/li>\n\n\n\n<li><a class=\"thirstylink\" rel=\"nofollow\" target=\"_blank\" title=\"Hypefury\" href=\"https:\/\/cammodelagency.com\/de\/go\/hypefury\/\" data-shortcode=\"true\">Soziale Medien<\/a> Management<\/li>\n\n\n\n<li>Chatten mit aktuellen Followern und Abonnenten<\/li>\n\n\n\n<li><strong>Plus<\/strong>einen monatlichen Bericht \u00fcber Aktivit\u00e4ten, Wachstum und neue Initiativen erhalten<\/li>\n\n\n\n<li><strong>Plus<\/strong>Du erh\u00e4ltst lebenslangen Zugang zu jedem neuen Produkt, das auf <a href=\"http:\/\/SubToMy.com\" target=\"_blank\" rel=\"noopener\" title=\"\">SubToMy.com<\/a><\/li>\n<\/ul>\n\n\n<div class=\"gb-container gb-container-5f21bd73\">\n<div class=\"gb-grid-wrapper gb-grid-wrapper-e34ebfcc\">\n<div class=\"gb-grid-column gb-grid-column-b28a2877\"><div class=\"gb-container gb-container-b28a2877\">\n<div class=\"gb-container gb-container-c17a1f13\">\n\n<h2 class=\"gb-headline gb-headline-610bc41a gb-headline-text\">Stufe 1<\/h2>\n\n\n\n<h2 class=\"gb-headline gb-headline-25c22229 gb-headline-text\">$5.000 USD pro Monat<\/h2>\n\n\n\n<ul class=\"wp-block-list\">\n<li>Ungef\u00e4hr 600 Stunden pro Monat<\/li>\n\n\n\n<li>16-24 Stunden pro Tag, 7 Tage die Woche<\/li>\n<\/ul>\n\n<\/div>\n<\/div><\/div>\n\n<div class=\"gb-grid-column gb-grid-column-82938111\"><div class=\"gb-container gb-container-82938111\">\n\n<h2 class=\"gb-headline gb-headline-481c1470 gb-headline-text\">Stufe 2<\/h2>\n\n\n\n<h2 class=\"gb-headline gb-headline-a0625657 gb-headline-text\">$4.000 USD pro Monat<\/h2>\n\n\n\n<ul class=\"wp-block-list\">\n<li>Ungef\u00e4hr 400 Stunden pro Monat<\/li>\n\n\n\n<li>8-16 Stunden pro Tag, 7 Tage die Woche<\/li>\n<\/ul>\n\n<\/div><\/div>\n\n<div class=\"gb-grid-column gb-grid-column-9837250d\"><div class=\"gb-container gb-container-9837250d\">\n\n<h2 class=\"gb-headline gb-headline-6c7af739 gb-headline-text\">Stufe 3<\/h2>\n\n\n\n<h2 class=\"gb-headline gb-headline-47398fd5 gb-headline-text\">$2.500 USD pro Monat<\/h2>\n\n\n\n<ul class=\"wp-block-list\">\n<li>Ungef\u00e4hr 200 Stunden pro Monat<\/li>\n\n\n\n<li>4-8 Stunden pro Tag, 7 Tage die Woche<\/li>\n<\/ul>\n\n<\/div><\/div>\n<\/div>\n<\/div>\n\n\n<p class=\"has-text-align-center has-medium-font-size\">Bereit, deine <a class=\"wpil_keyword_link\" href=\"https:\/\/cammodelagency.com\/onlyfans-alternative\/\" target=\"_blank\" rel=\"noopener\" title=\"OnlyFans\" data-wpil-keyword-link=\"linked\">OnlyFans<\/a> Karriere auf die n\u00e4chste Stufe heben? Melde dich noch heute an und schalte das volle Potenzial deines Kontos frei. <a href=\"https:\/\/cammodelagency.com\/apply\/\" target=\"_blank\" rel=\"noopener\" title=\"\"><strong>Hier bewerben<\/strong><\/a>.<\/p>","protected":false},"excerpt":{"rendered":"<p>Mit unserem umfassenden Serviceangebot kannst du dich auf das konzentrieren, was du am besten kannst - fesselnde Inhalte erstellen - w\u00e4hrend wir uns um den Rest k\u00fcmmern. Wir k\u00fcmmern uns um das Management, das Wachstum, die Werbung und das Engagement deines OnlyFans-Projekts, damit du neue H\u00f6hen des Erfolgs erreichen kannst. Der Preis f\u00fcr jede Stufe h\u00e4ngt davon ab, wie ... <\/p>\n<p class=\"read-more-container\"><a title=\"Preise f\u00fcr kommissionsfreies OnlyFans Management\" class=\"read-more button\" href=\"https:\/\/cammodelagency.com\/de\/pricing\/#more-14294\" aria-label=\"Mehr Informationen \u00fcber die Preisgestaltung f\u00fcr Zero-Commission OnlyFans Management\">Weiterlesen ...<\/a><\/p>","protected":false},"author":1,"featured_media":13925,"parent":0,"menu_order":0,"comment_status":"closed","ping_status":"closed","template":"","meta":{"footnotes":""},"class_list":{"0":"post-14294","1":"page","2":"type-page","3":"status-publish","4":"has-post-thumbnail","6":"infinite-scroll-item","7":"resize-featured-image"},"aioseo_notices":[],"acf":[],"_links":{"self":[{"href":"https:\/\/cammodelagency.com\/de\/wp-json\/wp\/v2\/pages\/14294","targetHints":{"allow":["GET"]}}],"collection":[{"href":"https:\/\/cammodelagency.com\/de\/wp-json\/wp\/v2\/pages"}],"about":[{"href":"https:\/\/cammodelagency.com\/de\/wp-json\/wp\/v2\/types\/page"}],"author":[{"embeddable":true,"href":"https:\/\/cammodelagency.com\/de\/wp-json\/wp\/v2\/users\/1"}],"replies":[{"embeddable":true,"href":"https:\/\/cammodelagency.com\/de\/wp-json\/wp\/v2\/comments?post=14294"}],"version-history":[{"count":13,"href":"https:\/\/cammodelagency.com\/de\/wp-json\/wp\/v2\/pages\/14294\/revisions"}],"predecessor-version":[{"id":14643,"href":"https:\/\/cammodelagency.com\/de\/wp-json\/wp\/v2\/pages\/14294\/revisions\/14643"}],"wp:featuredmedia":[{"embeddable":true,"href":"https:\/\/cammodelagency.com\/de\/wp-json\/wp\/v2\/media\/13925"}],"wp:attachment":[{"href":"https:\/\/cammodelagency.com\/de\/wp-json\/wp\/v2\/media?parent=14294"}],"curies":[{"name":"wp","href":"https:\/\/api.w.org\/{rel}","templated":true}]}}