{"id":3485,"date":"2020-07-23T13:45:02","date_gmt":"2020-07-23T19:45:02","guid":{"rendered":"https:\/\/cammodelagency.com\/?page_id=3485"},"modified":"2020-11-10T01:34:46","modified_gmt":"2020-11-10T06:34:46","slug":"18-usc-2257","status":"publish","type":"page","link":"https:\/\/cammodelagency.com\/de\/18-usc-2257\/","title":{"rendered":"18 U.S.C. 2257"},"content":{"rendered":"<p>18 U.S.C. 2257 Compliance Notice.<\/p>\n\n\n\n<p>Der Partner oder die mit ihm verbundenen Websites enthalten keine illegalen und\/oder anst\u00f6\u00dfigen Materialien, einschlie\u00dflich, aber nicht beschr\u00e4nkt auf Kinderpornografie, Vergewaltigung, Inzest oder Bestialit\u00e4t.<\/p>\n\n\n\n<p>Partnerunternehmen erf\u00fcllen die Anforderungen der US 2257 Compliance.<\/p>\n\n\n\n<p>Alle Personen, die in den visuellen Darstellungen auf dieser Website zu sehen sind, waren zum Zeitpunkt der Erstellung der Darstellungen mindestens achtzehn Jahre alt. Die Aufzeichnungen, die gem\u00e4\u00df Abschnitt 2257 des Titels 18 des United States Code in Bezug auf visuelle Darstellungen expliziter sexueller Handlungen erforderlich sind, werden von der Aufsichtsbeh\u00f6rde aufbewahrt.<\/p>","protected":false},"excerpt":{"rendered":"<p>18 U.S.C. 2257 compliance notice. Partner or any of the partners&#8217; affiliated sites will not contain any illegal and\/or objectionable materials, including, but not limited to, child pornography, rape, incest, or bestiality. Partner affiliates comply with US 2257 Compliance requirements. All persons who appear in any visual depiction contained in this website were eighteen years &#8230; <\/p>\n<p class=\"read-more-container\"><a title=\"18 U.S.C. 2257\" class=\"read-more button\" href=\"https:\/\/cammodelagency.com\/de\/18-usc-2257\/#more-3485\" aria-label=\"Mehr Informationen \u00fcber 18 U.S.C. 2257\">Weiterlesen ...<\/a><\/p>","protected":false},"author":1,"featured_media":0,"parent":0,"menu_order":0,"comment_status":"closed","ping_status":"closed","template":"","meta":{"footnotes":""},"class_list":{"0":"post-3485","1":"page","2":"type-page","3":"status-publish","5":"infinite-scroll-item"},"aioseo_notices":[],"acf":[],"_links":{"self":[{"href":"https:\/\/cammodelagency.com\/de\/wp-json\/wp\/v2\/pages\/3485","targetHints":{"allow":["GET"]}}],"collection":[{"href":"https:\/\/cammodelagency.com\/de\/wp-json\/wp\/v2\/pages"}],"about":[{"href":"https:\/\/cammodelagency.com\/de\/wp-json\/wp\/v2\/types\/page"}],"author":[{"embeddable":true,"href":"https:\/\/cammodelagency.com\/de\/wp-json\/wp\/v2\/users\/1"}],"replies":[{"embeddable":true,"href":"https:\/\/cammodelagency.com\/de\/wp-json\/wp\/v2\/comments?post=3485"}],"version-history":[{"count":2,"href":"https:\/\/cammodelagency.com\/de\/wp-json\/wp\/v2\/pages\/3485\/revisions"}],"predecessor-version":[{"id":5162,"href":"https:\/\/cammodelagency.com\/de\/wp-json\/wp\/v2\/pages\/3485\/revisions\/5162"}],"wp:attachment":[{"href":"https:\/\/cammodelagency.com\/de\/wp-json\/wp\/v2\/media?parent=3485"}],"curies":[{"name":"wp","href":"https:\/\/api.w.org\/{rel}","templated":true}]}}