{"id":14255,"date":"2023-04-24T01:41:09","date_gmt":"2023-04-24T06:41:09","guid":{"rendered":"https:\/\/cammodelagency.com\/?page_id=14255"},"modified":"2023-07-26T17:57:13","modified_gmt":"2023-07-26T22:57:13","slug":"desafio","status":"publish","type":"page","link":"https:\/\/cammodelagency.com\/es\/challenge\/","title":{"rendered":"Reto de 30 d\u00edas OnlyFans"},"content":{"rendered":"<h1 class=\"gb-headline gb-headline-730f3edf gb-headline-text\">Transforma tu negocio OnlyFans en 30 d\u00edas<\/h1>\n\n\n\n<h2 class=\"gb-headline gb-headline-9dcb4308 gb-headline-text\">Un reto para aumentar tus ventas y tu compromiso<\/h2>\n\n\n\n<p>Bienvenido a nuestro reto de 30 d\u00edas para transformar tu <a class=\"thirstylink\" rel=\"nofollow\" target=\"_blank\" title=\"OnlyFans\" href=\"https:\/\/cammodelagency.com\/es\/go\/onlyfans\/\" data-shortcode=\"true\">OnlyFans<\/a> \u00a1negocio! \u00bfEst\u00e1s preparado para llevar tu negocio al siguiente nivel? Tanto si acabas de empezar como si quieres mejorar tu perfil actual, este reto te ayudar\u00e1 a impulsar tus ventas y la captaci\u00f3n de clientes.<\/p>\n\n\n\n<p>Este reto est\u00e1 pensado para ti, el <a class=\"wpil_keyword_link\" href=\"https:\/\/cammodelagency.com\/onlyfans-alternative\/\" target=\"_blank\" rel=\"noopener\" title=\"OnlyFans\" data-wpil-keyword-link=\"linked\">OnlyFans<\/a> creador de contenidos (o cualquier otro creador de contenidos para adultos) que quiera llevar su cuenta al siguiente nivel. A lo largo de 30 d\u00edas, te proporcionaremos tareas y consejos diarios para ayudarte a aumentar tu participaci\u00f3n, retenci\u00f3n e ingresos en la plataforma.<\/p>\n\n\n\n<div class=\"_form_1\"><\/div><script src=\"https:\/\/cammodelagency.activehosted.com\/f\/embed.php?id=1\" type=\"text\/javascript\" charset=\"utf-8\"><\/script>\n\n\n\n<p>Para empezar, te ayudaremos a planificar tu calendario de contenidos para el mes siguiente, a ofrecer un descuento especial a los nuevos suscriptores y a colaborar con otros creadores para hacer promoci\u00f3n cruzada de tus cuentas. Tambi\u00e9n te ense\u00f1aremos a crear sondeos o encuestas para que tus seguidores opinen sobre tus contenidos y a organizar retransmisiones en directo o sesiones de preguntas y respuestas para interactuar directamente con ellos.<\/p>\n\n\n\n<p>Te animaremos a que ofrezcas menciones a los seguidores que recomienden nuevos suscriptores y a que ofrezcas pruebas gratuitas para atraer nuevas suscripciones. Tambi\u00e9n probar\u00e1s nuevos temas y tipos de contenidos, crear\u00e1s paquetes o paquetes de contenidos exclusivos y colaborar\u00e1s con marcas o patrocinadores para diversificar tus contenidos y fuentes de ingresos.<\/p>\n\n\n\n<p>A lo largo del reto, te pediremos que eval\u00faes tus progresos y ajustes tu estrategia de contenidos. Tambi\u00e9n experimentar\u00e1s con nuevas t\u00e9cnicas de edici\u00f3n y fotograf\u00eda, ofrecer\u00e1s solicitudes de contenido personalizadas y organizar\u00e1s eventos virtuales en directo para conectar con tus seguidores.<\/p>\n\n\n\n<p>Al final del reto, comprender\u00e1s mejor lo que se necesita para dirigir con \u00e9xito una empresa. <a class=\"thirstylink\" rel=\"nofollow\" target=\"_blank\" title=\"OnlyFans\" href=\"https:\/\/cammodelagency.com\/es\/go\/onlyfans\/\" data-shortcode=\"true\">OnlyFans<\/a> cuenta, y habr\u00e1s puesto en pr\u00e1ctica una serie de estrategias que te ayudar\u00e1n a alcanzar tus objetivos. <\/p>\n\n\n\n<p>\u00bfEst\u00e1s preparado para asumir el reto y transformar tu carrera de creaci\u00f3n de contenidos? <\/p>\n\n\n\n<p>Inscr\u00edbete hoy, \u00a1y empecemos!<\/p>\n\n\n\n<div class=\"_form_1\"><\/div><script src=\"https:\/\/cammodelagency.activehosted.com\/f\/embed.php?id=1\" type=\"text\/javascript\" charset=\"utf-8\"><\/script>","protected":false},"excerpt":{"rendered":"<p>Transform Your OnlyFans Business in 30 Days A Challenge to Boost Your Sales and Engagement Welcome to our 30-day challenge to transform your OnlyFans business! Are you ready to take your business to the next level? Whether you&#8217;re just starting out or looking to improve your existing profile, this challenge will help you boost your &#8230; <\/p>\n<p class=\"read-more-container\"><a title=\"Reto de 30 d\u00edas OnlyFans\" class=\"read-more button\" href=\"https:\/\/cammodelagency.com\/es\/challenge\/#more-14255\" aria-label=\"Leer m\u00e1s sobre 30-Day OnlyFans Challenge\">Leer m\u00e1s<\/a><\/p>","protected":false},"author":1,"featured_media":4115,"parent":0,"menu_order":0,"comment_status":"closed","ping_status":"closed","template":"","meta":{"footnotes":""},"class_list":{"0":"post-14255","1":"page","2":"type-page","3":"status-publish","4":"has-post-thumbnail","6":"infinite-scroll-item","7":"resize-featured-image"},"aioseo_notices":[],"acf":[],"_links":{"self":[{"href":"https:\/\/cammodelagency.com\/es\/wp-json\/wp\/v2\/pages\/14255","targetHints":{"allow":["GET"]}}],"collection":[{"href":"https:\/\/cammodelagency.com\/es\/wp-json\/wp\/v2\/pages"}],"about":[{"href":"https:\/\/cammodelagency.com\/es\/wp-json\/wp\/v2\/types\/page"}],"author":[{"embeddable":true,"href":"https:\/\/cammodelagency.com\/es\/wp-json\/wp\/v2\/users\/1"}],"replies":[{"embeddable":true,"href":"https:\/\/cammodelagency.com\/es\/wp-json\/wp\/v2\/comments?post=14255"}],"version-history":[{"count":5,"href":"https:\/\/cammodelagency.com\/es\/wp-json\/wp\/v2\/pages\/14255\/revisions"}],"predecessor-version":[{"id":14642,"href":"https:\/\/cammodelagency.com\/es\/wp-json\/wp\/v2\/pages\/14255\/revisions\/14642"}],"wp:featuredmedia":[{"embeddable":true,"href":"https:\/\/cammodelagency.com\/es\/wp-json\/wp\/v2\/media\/4115"}],"wp:attachment":[{"href":"https:\/\/cammodelagency.com\/es\/wp-json\/wp\/v2\/media?parent=14255"}],"curies":[{"name":"wp","href":"https:\/\/api.w.org\/{rel}","templated":true}]}}