{"id":3485,"date":"2020-07-23T13:45:02","date_gmt":"2020-07-23T19:45:02","guid":{"rendered":"https:\/\/cammodelagency.com\/?page_id=3485"},"modified":"2020-11-10T01:34:46","modified_gmt":"2020-11-10T06:34:46","slug":"18-usc-2257","status":"publish","type":"page","link":"https:\/\/cammodelagency.com\/es\/18-usc-2257\/","title":{"rendered":"18 U.S.C. 2257"},"content":{"rendered":"<p>Notificaci\u00f3n de cumplimiento del 18 U.S.C. 2257.<\/p>\n\n\n\n<p>El socio o cualquiera de los sitios afiliados del socio no contendr\u00e1n ning\u00fan material ilegal y\/o censurable, incluyendo, pero sin limitarse a, pornograf\u00eda infantil, violaci\u00f3n, incesto o bestialidad.<\/p>\n\n\n\n<p>Las filiales asociadas cumplen los requisitos de conformidad US 2257.<\/p>\n\n\n\n<p>Todas las personas que aparecen en cualquier representaci\u00f3n visual contenida en este sitio web ten\u00edan dieciocho a\u00f1os o m\u00e1s en el momento de la creaci\u00f3n de dichas representaciones. Los registros exigidos por la Secci\u00f3n 2257 del T\u00edtulo 18 del C\u00f3digo de los Estados Unidos con respecto a las representaciones visuales de conductas sexuales expl\u00edcitas reales son conservados por el custodio de los registros.<\/p>","protected":false},"excerpt":{"rendered":"<p>Aviso de cumplimiento del 18 U.S.C. 2257. El socio o cualquiera de los sitios afiliados del socio no contendr\u00e1n ning\u00fan material ilegal y\/o censurable, incluyendo, pero sin limitarse a, pornograf\u00eda infantil, violaci\u00f3n, incesto o bestialidad. Los socios afiliados cumplen con los requisitos de cumplimiento US 2257. Todas las personas que aparecen en cualquier representaci\u00f3n visual contenida en este sitio web ten\u00edan dieciocho a\u00f1os ... <\/p>\n<p class=\"read-more-container\"><a title=\"18 U.S.C. 2257\" class=\"read-more button\" href=\"https:\/\/cammodelagency.com\/es\/18-usc-2257\/#more-3485\" aria-label=\"Leer m\u00e1s sobre 18 U.S.C. 2257\">Leer m\u00e1s<\/a><\/p>","protected":false},"author":1,"featured_media":0,"parent":0,"menu_order":0,"comment_status":"closed","ping_status":"closed","template":"","meta":{"footnotes":""},"class_list":{"0":"post-3485","1":"page","2":"type-page","3":"status-publish","5":"infinite-scroll-item"},"aioseo_notices":[],"acf":[],"_links":{"self":[{"href":"https:\/\/cammodelagency.com\/es\/wp-json\/wp\/v2\/pages\/3485","targetHints":{"allow":["GET"]}}],"collection":[{"href":"https:\/\/cammodelagency.com\/es\/wp-json\/wp\/v2\/pages"}],"about":[{"href":"https:\/\/cammodelagency.com\/es\/wp-json\/wp\/v2\/types\/page"}],"author":[{"embeddable":true,"href":"https:\/\/cammodelagency.com\/es\/wp-json\/wp\/v2\/users\/1"}],"replies":[{"embeddable":true,"href":"https:\/\/cammodelagency.com\/es\/wp-json\/wp\/v2\/comments?post=3485"}],"version-history":[{"count":2,"href":"https:\/\/cammodelagency.com\/es\/wp-json\/wp\/v2\/pages\/3485\/revisions"}],"predecessor-version":[{"id":5162,"href":"https:\/\/cammodelagency.com\/es\/wp-json\/wp\/v2\/pages\/3485\/revisions\/5162"}],"wp:attachment":[{"href":"https:\/\/cammodelagency.com\/es\/wp-json\/wp\/v2\/media?parent=3485"}],"curies":[{"name":"wp","href":"https:\/\/api.w.org\/{rel}","templated":true}]}}