{"id":5119,"date":"2024-01-24T20:47:05","date_gmt":"2024-01-25T01:47:05","guid":{"rendered":"https:\/\/cammodelagency.com\/?page_id=5119"},"modified":"2024-01-24T20:48:15","modified_gmt":"2024-01-25T01:48:15","slug":"aplica","status":"publish","type":"page","link":"https:\/\/cammodelagency.com\/es\/apply\/","title":{"rendered":"Solicitar OnlyFans Management"},"content":{"rendered":"<h2 class=\"gb-headline gb-headline-5ad758aa\"><span class=\"gb-icon\"><svg aria-hidden=\"true\" role=\"img\" height=\"1em\" width=\"1em\" viewbox=\"0 0 576 512\" xmlns=\"http:\/\/www.w3.org\/2000\/svg\"><path fill=\"currentColor\" d=\"M576 240c0-23.63-12.95-44.04-32-55.12V32.01C544 23.26 537.02 0 512 0c-7.12 0-14.19 2.38-19.98 7.02l-85.03 68.03C364.28 109.19 310.66 128 256 128H64c-35.35 0-64 28.65-64 64v96c0 35.35 28.65 64 64 64h33.7c-1.39 10.48-2.18 21.14-2.18 32 0 39.77 9.26 77.35 25.56 110.94 5.19 10.69 16.52 17.06 28.4 17.06h74.28c26.05 0 41.69-29.84 25.9-50.56-16.4-21.52-26.15-48.36-26.15-77.44 0-11.11 1.62-21.79 4.41-32H256c54.66 0 108.28 18.81 150.98 52.95l85.03 68.03a32.023 32.023 0 0 0 19.98 7.02c24.92 0 32-22.78 32-32V295.13C563.05 284.04 576 263.63 576 240zm-96 141.42l-33.05-26.44C392.95 311.78 325.12 288 256 288v-96c69.12 0 136.95-23.78 190.95-66.98L480 98.58v282.84z\"><\/path><\/svg><\/span><span class=\"gb-headline-text\">Actualmente no aceptamos nuevos creadores ... sin embargo<\/span><\/h2>\n\n\n\n<p>Presentaci\u00f3n del Club de Fans &amp; <a class=\"thirstylink\" rel=\"nofollow\" target=\"_blank\" title=\"Hypefuria\" href=\"https:\/\/cammodelagency.com\/es\/go\/hypefury\/\" data-shortcode=\"true\">Redes sociales<\/a> Auditor\u00eda de perfil: un servicio integral dise\u00f1ado para ayudarte a sacar el m\u00e1ximo partido a tu persona en Internet.<\/p>\n\n\n\n<p>Con este revolucionario producto, nuestros auditores expertos evaluar\u00e1n a fondo tu perfil en m\u00faltiples <a class=\"thirstylink\" rel=\"nofollow\" target=\"_blank\" title=\"Hypefuria\" href=\"https:\/\/cammodelagency.com\/es\/go\/hypefury\/\" data-shortcode=\"true\">redes sociales<\/a> plataformas, incluyendo <a class=\"thirstylink\" rel=\"nofollow\" target=\"_blank\" title=\"OnlyFans\" href=\"https:\/\/cammodelagency.com\/es\/go\/onlyfans\/\" data-shortcode=\"true\">OnlyFans<\/a>, <a class=\"thirstylink\" rel=\"nofollow\" target=\"_blank\" title=\"LoyalFans\" href=\"https:\/\/cammodelagency.com\/es\/go\/loyalfans\/\" data-shortcode=\"true\">Loyalfans<\/a>Instagram, Twitter y m\u00e1s. Profundizaremos en todos los aspectos de tu imagen online y te ofreceremos recomendaciones pr\u00e1cticas adaptadas para aumentar tu alcance y participaci\u00f3n. <\/p>\n\n\n\n<p><a href=\"https:\/\/subtomy.com\/product\/profile-audit\/\"><strong>Haz clic aqu\u00ed para comprar ahora.<\/strong><\/a><\/p>\n\n\n\n<p>Esto es lo que puedes esperar de esta valiosa auditor\u00eda:<\/p>\n\n\n\n<h3 class=\"gb-headline gb-headline-5162fe17 gb-headline-text\">An\u00e1lisis detallado del perfil<\/h3>\n\n\n\n<ul class=\"wp-block-list\">\n<li>Nuestros auditores examinar\u00e1n meticulosamente cada elemento de tus perfiles -desde las biodescripciones hasta las fotos de perfil-, asegur\u00e1ndose de que representan fielmente qui\u00e9n eres como persona o marca.<\/li>\n\n\n\n<li>Evaluaremos la coherencia en todas las plataformas, garantizando la coherencia en la forma en que te presentas.<\/li>\n<\/ul>\n\n\n\n<h3 class=\"gb-headline gb-headline-9ffb1f98 gb-headline-text\">Revisi\u00f3n del contenido<\/h3>\n\n\n\n<ul class=\"wp-block-list\">\n<li>Nuestro equipo examinar\u00e1 el tipo y la calidad del contenido compartido en cada plataforma.<\/li>\n\n\n\n<li>Te proporcionaremos informaci\u00f3n sobre c\u00f3mo optimizar tus publicaciones para cautivar a la audiencia, manteni\u00e9ndote fiel a tu estilo \u00fanico o a tu nicho.<\/li>\n<\/ul>\n\n\n\n<h3 class=\"wp-block-heading\">Estrategia de compromiso<\/h3>\n\n\n\n<ul class=\"wp-block-list\">\n<li>Analizando las interacciones con los seguidores, como comentarios y <a class=\"thirstylink\" rel=\"nofollow\" target=\"_blank\" title=\"Mensajes\" href=\"https:\/\/cammodelagency.com\/es\/go\/messages\/\" data-shortcode=\"true\">mensajes directos<\/a> (<a class=\"thirstylink\" rel=\"nofollow\" target=\"_blank\" title=\"Mensajes\" href=\"https:\/\/cammodelagency.com\/es\/go\/messages\/\" data-shortcode=\"true\">DMs<\/a>), identificaremos oportunidades para fomentar conexiones m\u00e1s profundas.<\/li>\n\n\n\n<li>Puedes esperar sugerencias personalizadas para construir relaciones m\u00e1s s\u00f3lidas con los fans a trav\u00e9s de conversaciones atractivas y respuestas oportunas.<\/li>\n<\/ul>\n\n\n\n<h3 class=\"gb-headline gb-headline-52025c79 gb-headline-text\">Consejos de monetizaci\u00f3n<\/h3>\n\n\n\n<ul class=\"wp-block-list\">\n<li>Nuestra auditor\u00eda ofrece estrategias clave para maximizar los beneficios de quienes utilizan <a class=\"wpil_keyword_link\" href=\"https:\/\/cammodelagency.com\/onlyfans-alternative\/\" target=\"_blank\" rel=\"noopener\" title=\"OnlyFans\" data-wpil-keyword-link=\"linked\">OnlyFans<\/a>, <a class=\"thirstylink\" rel=\"nofollow\" target=\"_blank\" title=\"LoyalFans\" href=\"https:\/\/cammodelagency.com\/es\/go\/loyalfans\/\" data-shortcode=\"true\">Loyalfans<\/a>o cualquier otro servicio de club de fans como fuente de ingresos.<\/li>\n\n\n\n<li>Desde orientaci\u00f3n sobre precios basada en las tendencias del mercado hasta consejos para la creaci\u00f3n de contenidos exclusivos, te ayudaremos a liberar todo el potencial de tu cuenta.<\/li>\n<\/ul>\n\n\n\n<h3 class=\"gb-headline gb-headline-bbb1f56c gb-headline-text\">Marca y est\u00e9tica<\/h3>\n\n\n\n<ul class=\"wp-block-list\">\n<li>Comprendemos la importancia de una identidad de marca cohesionada. Nuestros auditores proporcionar\u00e1n informaci\u00f3n sobre tu marca en general, asegur\u00e1ndose de que se ajusta a tu p\u00fablico objetivo y a tus metas.<\/li>\n\n\n\n<li>Ya sea recomendando mejoras visuales o sugiriendo hashtags eficaces, te ayudaremos a crear una presencia online visualmente atractiva y coherente.<\/li>\n<\/ul>\n\n\n\n<figure class=\"wp-block-embed aligncenter is-type-wp-embed is-provider-sub-to-my wp-block-embed-sub-to-my\"><div class=\"wp-block-embed__wrapper\">\n<blockquote class=\"wp-embedded-content\" data-secret=\"OGknZOcMkx\"><a href=\"https:\/\/subtomy.com\/product\/profile-audit\/\">Auditor\u00eda de perfil<\/a><\/blockquote><iframe class=\"wp-embedded-content\" sandbox=\"allow-scripts\" security=\"restricted\" style=\"position: absolute; clip: rect(1px, 1px, 1px, 1px);\" title=\"&quot;Auditor\u00eda de perfil&quot; - Sub To My...\" src=\"https:\/\/subtomy.com\/product\/profile-audit\/embed\/#?secret=V4iG9uBB4C#?secret=OGknZOcMkx\" data-secret=\"OGknZOcMkx\" width=\"600\" height=\"338\" frameborder=\"0\" marginwidth=\"0\" marginheight=\"0\" scrolling=\"no\"><\/iframe>\n<\/div><\/figure>","protected":false},"excerpt":{"rendered":"<p>We&#8217;re not currently accepting new creators &#8230; however Introducing the Fan Club &amp; Social Media Profile Audit \u2013 a comprehensive service designed to help you make the most out of your online persona. With this revolutionary product, our expert auditors will thoroughly evaluate your profile across multiple social media platforms, including OnlyFans, Loyalfans, Instagram, Twitter, &#8230; <\/p>\n<p class=\"read-more-container\"><a title=\"Solicitar OnlyFans Management\" class=\"read-more button\" href=\"https:\/\/cammodelagency.com\/es\/apply\/#more-5119\" aria-label=\"Leer m\u00e1s sobre Apply for OnlyFans Management\">Leer m\u00e1s<\/a><\/p>","protected":false},"author":1,"featured_media":0,"parent":0,"menu_order":0,"comment_status":"closed","ping_status":"closed","template":"","meta":{"footnotes":""},"class_list":{"0":"post-5119","1":"page","2":"type-page","3":"status-publish","5":"infinite-scroll-item"},"aioseo_notices":[],"acf":[],"_links":{"self":[{"href":"https:\/\/cammodelagency.com\/es\/wp-json\/wp\/v2\/pages\/5119","targetHints":{"allow":["GET"]}}],"collection":[{"href":"https:\/\/cammodelagency.com\/es\/wp-json\/wp\/v2\/pages"}],"about":[{"href":"https:\/\/cammodelagency.com\/es\/wp-json\/wp\/v2\/types\/page"}],"author":[{"embeddable":true,"href":"https:\/\/cammodelagency.com\/es\/wp-json\/wp\/v2\/users\/1"}],"replies":[{"embeddable":true,"href":"https:\/\/cammodelagency.com\/es\/wp-json\/wp\/v2\/comments?post=5119"}],"version-history":[{"count":35,"href":"https:\/\/cammodelagency.com\/es\/wp-json\/wp\/v2\/pages\/5119\/revisions"}],"predecessor-version":[{"id":15961,"href":"https:\/\/cammodelagency.com\/es\/wp-json\/wp\/v2\/pages\/5119\/revisions\/15961"}],"wp:attachment":[{"href":"https:\/\/cammodelagency.com\/es\/wp-json\/wp\/v2\/media?parent=5119"}],"curies":[{"name":"wp","href":"https:\/\/api.w.org\/{rel}","templated":true}]}}