{"id":119,"date":"2020-01-07T20:00:25","date_gmt":"2020-01-08T02:00:25","guid":{"rendered":"https:\/\/cammodelagency.com\/?page_id=119"},"modified":"2023-06-11T16:09:03","modified_gmt":"2023-06-11T21:09:03","slug":"kontakt","status":"publish","type":"page","link":"https:\/\/cammodelagency.com\/et\/contact\/","title":{"rendered":"V\u00f5tke meiega \u00fchendust"},"content":{"rendered":"<p>Kas olete t\u00e4iskasvanud esineja, kes otsib tehtud veebilehte, meeskonda, kes haldaks ja edendaks teie premium sotsiaalseid teenuseid v\u00f5i \u00fcldse n\u00f5uandeid. Kirjutage meile v\u00f5i esitage meile k\u00fcsimus ja me v\u00f5tame peagi \u00fchendust. Palun kl\u00f5psake alloleval nupul ja lisage kindlasti<\/p>\n\n\n\n<ul class=\"wp-block-list\">\n<li>Teie nimi v\u00f5i \u00e4rinimi<\/li>\n\n\n\n<li>Kontaktnumber<\/li>\n\n\n\n<li>Teie veebisait<\/li>\n\n\n\n<li>Ja s\u00f5num<\/li>\n<\/ul>\n\n\n\n<a class=\"gb-button gb-button-23bc9da1 gb-button-text\" href=\"mailto:admin@cammodelagency.com?cc=justin@cammodelagency.com&amp;body=Your%20name%20or%20business%20name%3A%0D%0AA%20contact%20number%3A%0D%0AYour%20website%2Flink%3A%0D%0A%0D%0AMessage%3A%0D%0A\" target=\"_blank\" rel=\"noopener noreferrer\">Kliki siia, et saata meile n\u00fc\u00fcd e-kiri<\/a>","protected":false},"excerpt":{"rendered":"<p>Kas olete t\u00e4iskasvanud esineja, kes otsib tehtud veebilehte, meeskonda, kes haldaks ja edendaks teie premium sotsiaalseid teenuseid v\u00f5i \u00fcldse n\u00f5uandeid. Kirjutage meile v\u00f5i esitage meile k\u00fcsimus ja me v\u00f5tame peagi \u00fchendust. Palun kl\u00f5psake alloleval nupul ja lisage kindlasti<\/p>","protected":false},"author":1,"featured_media":0,"parent":0,"menu_order":0,"comment_status":"closed","ping_status":"closed","template":"","meta":{"footnotes":""},"class_list":{"0":"post-119","1":"page","2":"type-page","3":"status-publish","5":"infinite-scroll-item"},"aioseo_notices":[],"acf":[],"_links":{"self":[{"href":"https:\/\/cammodelagency.com\/et\/wp-json\/wp\/v2\/pages\/119","targetHints":{"allow":["GET"]}}],"collection":[{"href":"https:\/\/cammodelagency.com\/et\/wp-json\/wp\/v2\/pages"}],"about":[{"href":"https:\/\/cammodelagency.com\/et\/wp-json\/wp\/v2\/types\/page"}],"author":[{"embeddable":true,"href":"https:\/\/cammodelagency.com\/et\/wp-json\/wp\/v2\/users\/1"}],"replies":[{"embeddable":true,"href":"https:\/\/cammodelagency.com\/et\/wp-json\/wp\/v2\/comments?post=119"}],"version-history":[{"count":24,"href":"https:\/\/cammodelagency.com\/et\/wp-json\/wp\/v2\/pages\/119\/revisions"}],"predecessor-version":[{"id":14350,"href":"https:\/\/cammodelagency.com\/et\/wp-json\/wp\/v2\/pages\/119\/revisions\/14350"}],"wp:attachment":[{"href":"https:\/\/cammodelagency.com\/et\/wp-json\/wp\/v2\/media?parent=119"}],"curies":[{"name":"wp","href":"https:\/\/api.w.org\/{rel}","templated":true}]}}