{"id":14104,"date":"2022-12-05T22:49:13","date_gmt":"2022-12-06T03:49:13","guid":{"rendered":"https:\/\/cammodelagency.com\/?page_id=14104"},"modified":"2022-12-05T23:11:51","modified_gmt":"2022-12-06T04:11:51","slug":"meie-partnerid-ja-sobrad","status":"publish","type":"page","link":"https:\/\/cammodelagency.com\/et\/our-partners-and-friends\/","title":{"rendered":"Meie partnerid ja s\u00f5brad"},"content":{"rendered":"<div class=\"gb-container gb-container-02227b43\"><div class=\"gb-inside-container\">\n<div class=\"gb-grid-wrapper gb-grid-wrapper-fc0b669b\">\n<div class=\"gb-grid-column gb-grid-column-0be80ec1\"><div class=\"gb-container gb-container-0be80ec1\"><div class=\"gb-inside-container\">\n\n<h2 class=\"gb-headline gb-headline-480ec1c9 gb-headline-text\">Mudelid (teenida raha esitades)<\/h2>\n\n\n\n<p><a href=\"https:\/\/cammodelagency.com\/go\/amateur-tv-model\/\">Amateur.tv<\/a><\/p>\n\n\n\n<p><a href=\"https:\/\/cammodelagency.com\/go\/bimbim-model-reverral\/\">BimBim<\/a><\/p>\n\n\n\n<p><a href=\"https:\/\/cammodelagency.com\/go\/bongacams\/\">BongaCams<\/a><\/p>\n\n\n\n<p><a href=\"https:\/\/cammodelagency.com\/go\/buymykiss\/\">BuyMyKiss<\/a><\/p>\n\n\n\n<p><a href=\"https:\/\/cammodelagency.com\/go\/camlust\/\">CamLust<\/a><\/p>\n\n\n\n<p><a href=\"https:\/\/cammodelagency.com\/go\/camsoda-model\/\">CamSoda<\/a><\/p>\n\n\n\n<p><a href=\"https:\/\/cammodelagency.com\/go\/chaturbate\/\">Chaturbate<\/a><\/p>\n\n\n\n<p><a href=\"https:\/\/cammodelagency.com\/go\/cherry-tv-models\/\">Cherry.tv<\/a><\/p>\n\n\n\n<p><a href=\"https:\/\/cammodelagency.com\/go\/extralunchmoney\/\">ExtraLunchMoney<\/a><\/p>\n\n\n\n<p><a href=\"https:\/\/cammodelagency.com\/go\/fancentro-model\/\">FanCentro<\/a><\/p>\n\n\n\n<p><a href=\"https:\/\/cammodelagency.com\/go\/fansly\/\">F\u00e4nnid<\/a><\/p>\n\n\n\n<p><a href=\"https:\/\/cammodelagency.com\/go\/findom-com\/\">Findom.com<\/a><\/p>\n\n\n\n<p><a href=\"https:\/\/cammodelagency.com\/go\/flirt4free-models\/\">Flirt4Free<\/a><\/p>\n\n\n\n<p><a href=\"https:\/\/cammodelagency.com\/go\/frisk\/\">Frisk<\/a><\/p>\n\n\n\n<p><a href=\"https:\/\/cammodelagency.com\/go\/ifans\/\">iFans<\/a><\/p>\n\n\n\n<p><a href=\"https:\/\/cammodelagency.com\/go\/livejasmin-model\/\">LiveJamsin<\/a><\/p>\n\n\n\n<p><a href=\"https:\/\/cammodelagency.com\/go\/loyalfans\/\">LoyalFans<\/a><\/p>\n\n\n\n<p><a href=\"https:\/\/cammodelagency.com\/go\/mym-fans-models\/\">MYM.fans<\/a><\/p>\n\n\n\n<p><a href=\"https:\/\/cammodelagency.com\/go\/onlyfans\/\">OnlyFans<\/a><\/p>\n\n\n\n<p><a href=\"https:\/\/cammodelagency.com\/go\/pornhub\/\">Pornhub<\/a><\/p>\n\n\n\n<p><a href=\"https:\/\/cammodelagency.com\/go\/streamate\/\">Streamate<\/a><\/p>\n\n\n\n<p><a href=\"https:\/\/cammodelagency.com\/go\/stripchat-model\/\">Stripchat<\/a><\/p>\n\n\n\n<p><a href=\"https:\/\/cammodelagency.com\/go\/tempted\/\">Tempted<\/a><\/p>\n\n\n\n<p><a href=\"https:\/\/cammodelagency.com\/go\/unlockd\/\">Unlockd<\/a><\/p>\n\n\n\n<p><a href=\"https:\/\/cammodelagency.com\/go\/xhamster\/\">xHamster<\/a><\/p>\n\n\n\n<p><a href=\"https:\/\/cammodelagency.com\/go\/xlovecam-model\/\">XloveCam<\/a><\/p>\n\n\n\n<p><a href=\"https:\/\/cammodelagency.com\/go\/xmodels\/\">XModels<\/a><\/p>\n\n<\/div><\/div><\/div>\n\n<div class=\"gb-grid-column gb-grid-column-4cfdc445\"><div class=\"gb-container gb-container-4cfdc445\"><div class=\"gb-inside-container\">\n\n<h2 class=\"gb-headline gb-headline-c047c87d gb-headline-text\">F\u00e4nnid (tee oma lemmikmudelid \u00f5nnelikuks)<\/h2>\n\n\n\n<p><a href=\"https:\/\/cammodelagency.com\/go\/amateur-tv-fan\/\">Amateur.tv<\/a><\/p>\n\n\n\n<p><a href=\"https:\/\/cammodelagency.com\/go\/bimbim-fan\/\">BimBim<\/a><\/p>\n\n\n\n<p><a href=\"https:\/\/cammodelagency.com\/go\/bongacams-fans\/\">BongaCams<\/a><\/p>\n\n\n\n<p><a href=\"https:\/\/cammodelagency.com\/go\/cam4\/\">Cam4<\/a><\/p>\n\n\n\n<p><a href=\"https:\/\/cammodelagency.com\/go\/cams-com\/\">Cams.com<\/a><\/p>\n\n\n\n<p><a href=\"https:\/\/cammodelagency.com\/go\/camsoda-fans\/\">Camsoda<\/a><\/p>\n\n\n\n<p><a href=\"https:\/\/cammodelagency.com\/go\/chaturbate-affiliate\/\">Chaturbate<\/a><\/p>\n\n\n\n<p><a href=\"https:\/\/cammodelagency.com\/go\/cherry-tv-fans\/\">Cherry.tv<\/a><\/p>\n\n\n\n<p><a href=\"https:\/\/cammodelagency.com\/go\/evelive-fan\/\">Evelive<\/a><\/p>\n\n\n\n<p><a href=\"https:\/\/cammodelagency.com\/go\/fansly-fans\/\">F\u00e4nnid<\/a><\/p>\n\n\n\n<p><a href=\"https:\/\/cammodelagency.com\/go\/flirt4free-fans\/\">Flirt4Free<\/a><\/p>\n\n\n\n<p><a href=\"https:\/\/cammodelagency.com\/go\/imlive-fans\/\">ImLive<\/a><\/p>\n\n\n\n<p><a href=\"https:\/\/cammodelagency.com\/go\/jerkmate-fans\/\">Jerkmate<\/a><\/p>\n\n\n\n<p><a href=\"https:\/\/cammodelagency.com\/go\/livejasmin-fan\/\">LiveJasmin<\/a><\/p>\n\n\n\n<p><a href=\"https:\/\/cammodelagency.com\/go\/luckycrush\/\">LuckyCrush<\/a><\/p>\n\n\n\n<p><a href=\"https:\/\/cammodelagency.com\/go\/mydirtyhobby\/\">MyDityHobby<\/a><\/p>\n\n\n\n<p><a href=\"https:\/\/cammodelagency.com\/go\/myfreecams-fans\/\">MyFreeCams<\/a><\/p>\n\n\n\n<p><a href=\"https:\/\/cammodelagency.com\/go\/sakura-live-7\/\">Sakura Live<\/a><\/p>\n\n\n\n<p><a href=\"https:\/\/cammodelagency.com\/go\/slutroulette-fan\/\">SlutRoulette<\/a><\/p>\n\n\n\n<p><a href=\"https:\/\/cammodelagency.com\/go\/streamray-2\/\">Streamray<\/a><\/p>\n\n\n\n<p><a href=\"https:\/\/cammodelagency.com\/go\/stripchat-fans\/\">Stripchat<\/a><\/p>\n\n\n\n<p><a href=\"https:\/\/cammodelagency.com\/go\/xcams\/\">XCams<\/a><\/p>\n\n\n\n<p><a href=\"https:\/\/cammodelagency.com\/go\/xlovecam-fans\/\">XLoveCam<\/a><\/p>\n\n<\/div><\/div><\/div>\n\n<div class=\"gb-grid-column gb-grid-column-dd953325\"><div class=\"gb-container gb-container-dd953325\"><div class=\"gb-inside-container\">\n\n<h2 class=\"gb-headline gb-headline-ca442644 gb-headline-text\">Veebimeistrid (teenida raha edendamise eest)<\/h2>\n\n\n\n<p><a href=\"https:\/\/cammodelagency.com\/go\/amateur-tv-affiliate-webmaster-amateur-cash\/\">Amateur.tv<\/a><\/p>\n\n\n\n<p><a href=\"https:\/\/cammodelagency.com\/go\/bimbim-webmaster\/\">BimBim<\/a><\/p>\n\n\n\n<p><a href=\"https:\/\/cammodelagency.com\/go\/bongacams-webmaster\/\">BongaCams<\/a><\/p>\n\n\n\n<p><a href=\"https:\/\/cammodelagency.com\/go\/camsoda-webmaster\/\">CamSoda<\/a><\/p>\n\n\n\n<p><a href=\"https:\/\/cammodelagency.com\/go\/chaturbate-affiliate\/\">Chaturbate<\/a><\/p>\n\n\n\n<p><a href=\"https:\/\/cammodelagency.com\/go\/cherry-tv-affiliate\/\">Cherry.tv<\/a><\/p>\n\n\n\n<p><a href=\"https:\/\/cammodelagency.com\/go\/flirt4free-webmasters\/\">Flirt4Free<\/a><\/p>\n\n\n\n<p><a href=\"https:\/\/cammodelagency.com\/go\/hclips\/\">HClips<\/a><\/p>\n\n\n\n<p><a href=\"https:\/\/cammodelagency.com\/go\/imlive-webmaster\/\">ImLive<\/a><\/p>\n\n\n\n<p><a href=\"https:\/\/cammodelagency.com\/go\/livejasmin-webmaster\/\">LiveJasmin<\/a><\/p>\n\n\n\n<p><a href=\"https:\/\/cammodelagency.com\/go\/mym-fans-ambassador\/\">MYM.fans<\/a><\/p>\n\n\n\n<p><a href=\"https:\/\/cammodelagency.com\/go\/stripcash-webmasters\/\">Stripchat\/Stripcash<\/a><\/p>\n\n\n\n<p><a href=\"https:\/\/cammodelagency.com\/go\/sugardaddymeet-webmaster\/\">SugarDaddyMeet<\/a><\/p>\n\n\n\n<p><a href=\"https:\/\/cammodelagency.com\/go\/xcams-webmaster\/\">XCams<\/a><\/p>\n\n\n\n<p><a href=\"https:\/\/cammodelagency.com\/go\/xlovecams-affiliate\/\">XLoveCams<\/a><\/p>\n\n<\/div><\/div><\/div>\n<\/div>\n<\/div><\/div>\n\n<div class=\"gb-container gb-container-bb15068c\"><div class=\"gb-inside-container\">\n\n<h2 class=\"gb-headline gb-headline-0b84ab6d gb-headline-text\">Paysites<\/h2>\n\n\n<div class=\"gb-grid-wrapper gb-grid-wrapper-e91fa95a\">\n<div class=\"gb-grid-column gb-grid-column-8cc8ea37\"><div class=\"gb-container gb-container-8cc8ea37\"><div class=\"gb-inside-container\">\n\n<p><a href=\"https:\/\/cammodelagency.com\/go\/babes\/\">Babes<\/a><\/p>\n\n\n\n<p><a href=\"https:\/\/cammodelagency.com\/go\/backroom-casting-couch\/\">Tagaruumi casting diivan<\/a><\/p>\n\n\n\n<p><a href=\"https:\/\/cammodelagency.com\/go\/bbc-surprise\/\">BBC \u00fcllatus<\/a><\/p>\n\n\n\n<p><a href=\"https:\/\/cammodelagency.com\/go\/castingcouch-hd\/\">CastingCouch-HD<\/a><\/p>\n\n\n\n<p><a href=\"https:\/\/cammodelagency.com\/go\/cumonwives\/\">CumOnWives<\/a><\/p>\n\n\n\n<p><a href=\"https:\/\/cammodelagency.com\/go\/digital-playground-network\/\">Digitaalne m\u00e4nguv\u00e4ljaku v\u00f5rgustik<\/a><\/p>\n\n\n\n<p><a href=\"https:\/\/cammodelagency.com\/go\/erito\/\">Erito<\/a><\/p>\n\n\n\n<p><a href=\"https:\/\/cammodelagency.com\/go\/excogi-2\/\">ExCoGi<\/a><\/p>\n\n\n\n<p><a href=\"https:\/\/cammodelagency.com\/go\/exhacked\/\">exHacked<\/a><\/p>\n\n\n\n<p><a href=\"https:\/\/cammodelagency.com\/go\/fakehub\/\">Fakehub<\/a><\/p>\n\n<\/div><\/div><\/div>\n\n<div class=\"gb-grid-column gb-grid-column-b9d6d5a8\"><div class=\"gb-container gb-container-b9d6d5a8\"><div class=\"gb-inside-container\">\n\n<p><a href=\"https:\/\/cammodelagency.com\/go\/family-sinners\/\">Pere patused<\/a><\/p>\n\n\n\n<p><a href=\"https:\/\/cammodelagency.com\/go\/hot-milfs-fuck\/\">Kuumad milfid kuradi<\/a><\/p>\n\n\n\n<p><a href=\"https:\/\/cammodelagency.com\/go\/jizzpix\/\">JizzPix<\/a><\/p>\n\n\n\n<p><a href=\"https:\/\/cammodelagency.com\/go\/lezdom-bliss\/\">Lezdom Bliss<\/a><\/p>\n\n\n\n<p><a href=\"https:\/\/cammodelagency.com\/go\/look-at-her-now\/\">Vaata teda n\u00fc\u00fcd<\/a><\/p>\n\n\n\n<p><a href=\"https:\/\/cammodelagency.com\/go\/love-home-porn\/\">Armastuse kodu porno<\/a><\/p>\n\n\n\n<p><a href=\"https:\/\/cammodelagency.com\/go\/milfed\/\">MILFED<\/a><\/p>\n\n\n\n<p><a href=\"https:\/\/cammodelagency.com\/go\/mofos\/\">Mofos<\/a><\/p>\n\n\n\n<p><a href=\"https:\/\/cammodelagency.com\/go\/netvideogirls\/\">NetVideoGirls<\/a><\/p>\n\n\n\n<p><a href=\"https:\/\/cammodelagency.com\/go\/property-sex\/\">Kinnisvara seksikas<\/a><\/p>\n\n<\/div><\/div><\/div>\n\n<div class=\"gb-grid-column gb-grid-column-fef3001d\"><div class=\"gb-container gb-container-fef3001d\"><div class=\"gb-inside-container\">\n\n<p><a href=\"https:\/\/cammodelagency.com\/go\/reality-junkies\/\">Reality Junkies<\/a><\/p>\n\n\n\n<p><a href=\"https:\/\/cammodelagency.com\/go\/reality-kings\/\">Reality Kings<\/a><\/p>\n\n\n\n<p><a href=\"https:\/\/cammodelagency.com\/go\/seemygf\/\">SeeMyGF<\/a><\/p>\n\n\n\n<p><a href=\"https:\/\/cammodelagency.com\/go\/sexyhub\/\">SexyHub<\/a><\/p>\n\n\n\n<p><a href=\"https:\/\/cammodelagency.com\/go\/squirted\/\">Squirted<\/a><\/p>\n\n\n\n<p><a href=\"https:\/\/cammodelagency.com\/go\/sweet-heart\/\">Sweet Heart<\/a><\/p>\n\n\n\n<p><a href=\"https:\/\/cammodelagency.com\/go\/true-amateurs\/\">T\u00f5elised amat\u00f6\u00f6rid<\/a><\/p>\n\n\n\n<p><a href=\"https:\/\/cammodelagency.com\/go\/twistys\/\">Twistys<\/a><\/p>\n\n\n\n<p><a href=\"https:\/\/cammodelagency.com\/go\/wakeupnfuck\/\">WakeUpNFuck<\/a><\/p>\n\n\n\n<p><a href=\"https:\/\/cammodelagency.com\/go\/wife-bucket\/\">Abielunaine \u00e4mber<\/a><\/p>\n\n\n\n<p><a href=\"https:\/\/cammodelagency.com\/go\/woodman-casting-x\/\">Woodman Casting X<\/a><\/p>\n\n<\/div><\/div><\/div>\n<\/div>\n<\/div><\/div>\n\n<div class=\"gb-container gb-container-245eafee\"><div class=\"gb-inside-container\">\n\n<h2 class=\"gb-headline gb-headline-86290b78 gb-headline-text\">Dating Sites<\/h2>\n\n\n<div class=\"gb-grid-wrapper gb-grid-wrapper-2675df13\">\n<div class=\"gb-grid-column gb-grid-column-aba647e1\"><div class=\"gb-container gb-container-aba647e1\"><div class=\"gb-inside-container\">\n\n<p><a href=\"https:\/\/cammodelagency.com\/go\/adultfriendfinder\/\">AdultFriendFinder<\/a><\/p>\n\n\n\n<p><a href=\"https:\/\/cammodelagency.com\/go\/alt-com\/\">Alt.com<\/a><\/p>\n\n\n\n<p><a href=\"https:\/\/cammodelagency.com\/go\/ashley-madison\/\">Ashley Madison<\/a><\/p>\n\n\n\n<p><a href=\"https:\/\/cammodelagency.com\/go\/bdsm-com\/\">BDSM.com<\/a><\/p>\n\n\n\n<p><a href=\"https:\/\/cammodelagency.com\/go\/bondage-com\/\">Bondage.com<\/a><\/p>\n\n\n\n<p><a href=\"https:\/\/cammodelagency.com\/go\/eroticmadness\/\">EroticMadness<\/a><\/p>\n\n<\/div><\/div><\/div>\n\n<div class=\"gb-grid-column gb-grid-column-e4f1b1e2\"><div class=\"gb-container gb-container-e4f1b1e2\"><div class=\"gb-inside-container\">\n\n<p><a href=\"https:\/\/cammodelagency.com\/go\/findmysex\/\">FindMySex<\/a><\/p>\n\n\n\n<p><a href=\"https:\/\/cammodelagency.com\/go\/fling\/\">Fling<\/a><\/p>\n\n\n\n<p><a href=\"https:\/\/cammodelagency.com\/go\/flirtbuddies\/\">FlirtBuddies<\/a><\/p>\n\n\n\n<p><a href=\"https:\/\/cammodelagency.com\/go\/fuckbook\/\">Fuckbook<\/a><\/p>\n\n\n\n<p><a href=\"https:\/\/cammodelagency.com\/go\/get-flirty\/\">Flirty saada Flirty<\/a><\/p>\n\n\n\n<p><a href=\"https:\/\/cammodelagency.com\/go\/getiton\/\">GetItOn<\/a><\/p>\n\n<\/div><\/div><\/div>\n\n<div class=\"gb-grid-column gb-grid-column-d0eacbba\"><div class=\"gb-container gb-container-d0eacbba\"><div class=\"gb-inside-container\">\n\n<p><a href=\"https:\/\/cammodelagency.com\/go\/localmilfselfies\/\">LocalMilfSelfies<\/a><\/p>\n\n\n\n<p><a href=\"https:\/\/cammodelagency.com\/go\/mysexsearch\/\">MySexSearch<\/a><\/p>\n\n\n\n<p><a href=\"https:\/\/cammodelagency.com\/go\/nostringsattached\/\">NoStringsAttached<\/a><\/p>\n\n\n\n<p><a href=\"https:\/\/cammodelagency.com\/go\/passion\/\">Passion.com<\/a><\/p>\n\n\n\n<p><a href=\"https:\/\/cammodelagency.com\/go\/searchingforsingles\/\">SearchingForSingles<\/a><\/p>\n\n\n\n<p><a href=\"https:\/\/cammodelagency.com\/go\/victoria-milan\/\">Victoria Milan<\/a><\/p>\n\n<\/div><\/div><\/div>\n<\/div>\n<\/div><\/div>","protected":false},"excerpt":{"rendered":"<p>Paysites Dating Sites<\/p>","protected":false},"author":1,"featured_media":0,"parent":0,"menu_order":0,"comment_status":"closed","ping_status":"closed","template":"","meta":{"footnotes":""},"class_list":{"0":"post-14104","1":"page","2":"type-page","3":"status-publish","5":"infinite-scroll-item"},"aioseo_notices":[],"acf":[],"_links":{"self":[{"href":"https:\/\/cammodelagency.com\/et\/wp-json\/wp\/v2\/pages\/14104","targetHints":{"allow":["GET"]}}],"collection":[{"href":"https:\/\/cammodelagency.com\/et\/wp-json\/wp\/v2\/pages"}],"about":[{"href":"https:\/\/cammodelagency.com\/et\/wp-json\/wp\/v2\/types\/page"}],"author":[{"embeddable":true,"href":"https:\/\/cammodelagency.com\/et\/wp-json\/wp\/v2\/users\/1"}],"replies":[{"embeddable":true,"href":"https:\/\/cammodelagency.com\/et\/wp-json\/wp\/v2\/comments?post=14104"}],"version-history":[{"count":5,"href":"https:\/\/cammodelagency.com\/et\/wp-json\/wp\/v2\/pages\/14104\/revisions"}],"predecessor-version":[{"id":14114,"href":"https:\/\/cammodelagency.com\/et\/wp-json\/wp\/v2\/pages\/14104\/revisions\/14114"}],"wp:attachment":[{"href":"https:\/\/cammodelagency.com\/et\/wp-json\/wp\/v2\/media?parent=14104"}],"curies":[{"name":"wp","href":"https:\/\/api.w.org\/{rel}","templated":true}]}}