{"id":14255,"date":"2023-04-24T01:41:09","date_gmt":"2023-04-24T06:41:09","guid":{"rendered":"https:\/\/cammodelagency.com\/?page_id=14255"},"modified":"2023-07-26T17:57:13","modified_gmt":"2023-07-26T22:57:13","slug":"valjakutse","status":"publish","type":"page","link":"https:\/\/cammodelagency.com\/et\/challenge\/","title":{"rendered":"30-p\u00e4evane OnlyFans v\u00e4ljakutse"},"content":{"rendered":"<h1 class=\"gb-headline gb-headline-730f3edf gb-headline-text\">Muuda oma OnlyFans \u00e4ri 30 p\u00e4evaga<\/h1>\n\n\n\n<h2 class=\"gb-headline gb-headline-9dcb4308 gb-headline-text\">V\u00e4ljakutse, et suurendada oma m\u00fc\u00fcki ja p\u00fchendumist<\/h2>\n\n\n\n<p>Tere tulemast meie 30-p\u00e4evase v\u00e4ljakutse juurde, et muuta oma <a class=\"thirstylink\" rel=\"nofollow\" target=\"_blank\" title=\"OnlyFans\" href=\"https:\/\/cammodelagency.com\/et\/go\/onlyfans\/\" data-shortcode=\"true\">OnlyFans<\/a> \u00e4ri! Kas olete valmis viima oma \u00e4ri j\u00e4rgmisele tasemele? Olenemata sellest, kas te alles alustate v\u00f5i soovite oma olemasolevat profiili parandada, aitab see v\u00e4ljakutse teil suurendada oma m\u00fc\u00fcki ja klientide kaasamist.<\/p>\n\n\n\n<p>See v\u00e4ljakutse on m\u00f5eldud teile, kes te <a class=\"wpil_keyword_link\" href=\"https:\/\/cammodelagency.com\/onlyfans-alternative\/\" target=\"_blank\" rel=\"noopener\" title=\"OnlyFans\" data-wpil-keyword-link=\"linked\">OnlyFans<\/a> sisu looja (v\u00f5i m\u00f5ni muu t\u00e4iskasvanud sisu looja), kes soovib oma konto j\u00e4rgmisele tasemele viia. 30 p\u00e4eva jooksul anname teile igap\u00e4evaseid \u00fclesandeid ja n\u00e4pun\u00e4iteid, mis aitavad teil suurendada oma kaasatust, hoidmist ja tulu platvormil.<\/p>\n\n\n\n<div class=\"_form_1\"><\/div><script src=\"https:\/\/cammodelagency.activehosted.com\/f\/embed.php?id=1\" type=\"text\/javascript\" charset=\"utf-8\"><\/script>\n\n\n\n<p>Alustuseks aitame teil planeerida oma j\u00e4rgmise kuu sisukava, pakkuda uutele tellijatele erisoodustust ja teha koost\u00f6\u00f6d teiste loojatega, et teie kontosid ristkasutada. Samuti n\u00e4itame teile, kuidas luua k\u00fcsitlusi v\u00f5i k\u00fcsitlusi, et f\u00e4nnid saaksid anda tagasisidet oma sisu kohta, ning korraldada otse\u00fclekandeid v\u00f5i k\u00fcsimuste ja vastuste sessioone, et nendega otse suhelda.<\/p>\n\n\n\n<p>Me julgustame teid pakkuma v\u00e4lja\u00fctlemisi v\u00f5i mainimisi f\u00e4nnidele, kes viitavad uutele tellijatele, ja pakkuma tasuta prooviperioodi, et meelitada uusi registreerujaid. Samuti katsetate uusi sisuteemasid ja -t\u00fc\u00fcpe, loote eksklusiivseid sisupakette v\u00f5i pakette ning teete koost\u00f6\u00f6d kaubam\u00e4rkide v\u00f5i sponsoritega, et mitmekesistada oma sisu ja tuluvooge.<\/p>\n\n\n\n<p>Kogu v\u00e4ljakutse jooksul palume teil hinnata oma edusamme ja kohandada oma sisustrateegiat. Samuti katsetate uusi toimetamis- ja fototehnikaid, pakute personaalseid sisutaotlusi ja korraldate virtuaalseid otse\u00fcritusi, et oma f\u00e4nnidega suhelda.<\/p>\n\n\n\n<p>V\u00e4ljakutse l\u00f5puks on teil parem arusaam sellest, mida on vaja eduka ettev\u00f5tte juhtimiseks. <a class=\"thirstylink\" rel=\"nofollow\" target=\"_blank\" title=\"OnlyFans\" href=\"https:\/\/cammodelagency.com\/et\/go\/onlyfans\/\" data-shortcode=\"true\">OnlyFans<\/a> konto ja olete rakendanud mitmeid strateegiaid, mis aitavad teil oma eesm\u00e4rke saavutada. <\/p>\n\n\n\n<p>Kas olete valmis v\u00f5tma vastu v\u00e4ljakutse ja muutma oma karj\u00e4\u00e4ri sisu loomisel? <\/p>\n\n\n\n<p>Registreeru juba t\u00e4na ja alustame!<\/p>\n\n\n\n<div class=\"_form_1\"><\/div><script src=\"https:\/\/cammodelagency.activehosted.com\/f\/embed.php?id=1\" type=\"text\/javascript\" charset=\"utf-8\"><\/script>","protected":false},"excerpt":{"rendered":"<p>Transform Your OnlyFans Business in 30 Days A Challenge to Boost Your Sales and Engagement Welcome to our 30-day challenge to transform your OnlyFans business! Are you ready to take your business to the next level? Whether you&#8217;re just starting out or looking to improve your existing profile, this challenge will help you boost your &#8230; <\/p>\n<p class=\"read-more-container\"><a title=\"30-p\u00e4evane OnlyFans v\u00e4ljakutse\" class=\"read-more button\" href=\"https:\/\/cammodelagency.com\/et\/challenge\/#more-14255\" aria-label=\"Read more about 30-Day OnlyFans Challenge\">Loe edasi<\/a><\/p>","protected":false},"author":1,"featured_media":4115,"parent":0,"menu_order":0,"comment_status":"closed","ping_status":"closed","template":"","meta":{"footnotes":""},"class_list":{"0":"post-14255","1":"page","2":"type-page","3":"status-publish","4":"has-post-thumbnail","6":"infinite-scroll-item","7":"resize-featured-image"},"aioseo_notices":[],"acf":[],"_links":{"self":[{"href":"https:\/\/cammodelagency.com\/et\/wp-json\/wp\/v2\/pages\/14255","targetHints":{"allow":["GET"]}}],"collection":[{"href":"https:\/\/cammodelagency.com\/et\/wp-json\/wp\/v2\/pages"}],"about":[{"href":"https:\/\/cammodelagency.com\/et\/wp-json\/wp\/v2\/types\/page"}],"author":[{"embeddable":true,"href":"https:\/\/cammodelagency.com\/et\/wp-json\/wp\/v2\/users\/1"}],"replies":[{"embeddable":true,"href":"https:\/\/cammodelagency.com\/et\/wp-json\/wp\/v2\/comments?post=14255"}],"version-history":[{"count":5,"href":"https:\/\/cammodelagency.com\/et\/wp-json\/wp\/v2\/pages\/14255\/revisions"}],"predecessor-version":[{"id":14642,"href":"https:\/\/cammodelagency.com\/et\/wp-json\/wp\/v2\/pages\/14255\/revisions\/14642"}],"wp:featuredmedia":[{"embeddable":true,"href":"https:\/\/cammodelagency.com\/et\/wp-json\/wp\/v2\/media\/4115"}],"wp:attachment":[{"href":"https:\/\/cammodelagency.com\/et\/wp-json\/wp\/v2\/media?parent=14255"}],"curies":[{"name":"wp","href":"https:\/\/api.w.org\/{rel}","templated":true}]}}