{"id":14294,"date":"2023-06-11T14:58:23","date_gmt":"2023-06-11T19:58:23","guid":{"rendered":"https:\/\/cammodelagency.com\/?page_id=14294"},"modified":"2023-07-26T17:57:19","modified_gmt":"2023-07-26T22:57:19","slug":"hinnakujundus","status":"publish","type":"page","link":"https:\/\/cammodelagency.com\/et\/pricing\/","title":{"rendered":"Null-komisjoniga ainultF\u00e4nnide halduse hinnakujundus"},"content":{"rendered":"<p>T\u00e4nu meie terviklikule teenuste paketile saate keskenduda sellele, mida te k\u00f5ige paremini oskate - paeluvale sisule -, samal ajal kui meie hoolitseme \u00fclej\u00e4\u00e4nu eest. Laske meil tegeleda oma veebisaidi haldamise, kasvu, edendamise ja kaasamise aspektidega. <a class=\"thirstylink\" rel=\"nofollow\" target=\"_blank\" title=\"OnlyFans\" href=\"https:\/\/cammodelagency.com\/et\/go\/onlyfans\/\" data-shortcode=\"true\">OnlyFans<\/a> teekond, mis annab teile v\u00f5imaluse saavutada uusi edu k\u00f5rgusi.<\/p>\n\n\n\n<p>Iga tasandi hind p\u00f5hineb <strong>kui palju aega<\/strong> <strong>me kulutame teie arvel<\/strong> igakuiselt, mitte sellest, kui palju te teenite. Nii on lihtne t\u00f6\u00f6tada ainult t\u00f5siste loojatega, anda igale loojale v\u00e4\u00e4rilist t\u00e4helepanu ja tagada teile finantsstabiilsus. <\/p>\n\n\n\n<p>K\u00f5ik tasandid saavad kohandatud kava teie konto edule, mille jaoks on eraldatud aega.<\/p>\n\n\n\n<ul class=\"has-accent-color has-base-background-color has-text-color has-background wp-block-list\">\n<li>Konto kasv l\u00e4bi reklaami ja turunduse<\/li>\n\n\n\n<li><a class=\"thirstylink\" rel=\"nofollow\" target=\"_blank\" title=\"Hypefury\" href=\"https:\/\/cammodelagency.com\/et\/go\/hypefury\/\" data-shortcode=\"true\">Sotsiaalmeedia<\/a> juhtimine<\/li>\n\n\n\n<li>Vestlemine praeguste j\u00e4lgijate ja tellijatega<\/li>\n\n\n\n<li><strong>Plus<\/strong>, saada igakuine aruanne, mis tutvustab tegevust, kasvu ja uusi algatusi.<\/li>\n\n\n\n<li><strong>Plus<\/strong>, saate eluaegse juurdep\u00e4\u00e4su igale uuele tootele, mis on loodud aadressil <a href=\"http:\/\/SubToMy.com\" target=\"_blank\" rel=\"noopener\" title=\"\">SubToMy.com<\/a><\/li>\n<\/ul>\n\n\n<div class=\"gb-container gb-container-5f21bd73\">\n<div class=\"gb-grid-wrapper gb-grid-wrapper-e34ebfcc\">\n<div class=\"gb-grid-column gb-grid-column-b28a2877\"><div class=\"gb-container gb-container-b28a2877\">\n<div class=\"gb-container gb-container-c17a1f13\">\n\n<h2 class=\"gb-headline gb-headline-610bc41a gb-headline-text\">Tase 1<\/h2>\n\n\n\n<h2 class=\"gb-headline gb-headline-25c22229 gb-headline-text\">$5,000 USD kuus<\/h2>\n\n\n\n<ul class=\"wp-block-list\">\n<li>Umbes 600 tundi kuus<\/li>\n\n\n\n<li>16-24 tundi p\u00e4evas, 7 p\u00e4eva n\u00e4dalas<\/li>\n<\/ul>\n\n<\/div>\n<\/div><\/div>\n\n<div class=\"gb-grid-column gb-grid-column-82938111\"><div class=\"gb-container gb-container-82938111\">\n\n<h2 class=\"gb-headline gb-headline-481c1470 gb-headline-text\">Tase 2<\/h2>\n\n\n\n<h2 class=\"gb-headline gb-headline-a0625657 gb-headline-text\">$4,000 USD kuus<\/h2>\n\n\n\n<ul class=\"wp-block-list\">\n<li>Umbes 400 tundi kuus<\/li>\n\n\n\n<li>8-16 tundi p\u00e4evas, 7 p\u00e4eva n\u00e4dalas<\/li>\n<\/ul>\n\n<\/div><\/div>\n\n<div class=\"gb-grid-column gb-grid-column-9837250d\"><div class=\"gb-container gb-container-9837250d\">\n\n<h2 class=\"gb-headline gb-headline-6c7af739 gb-headline-text\">Tase 3<\/h2>\n\n\n\n<h2 class=\"gb-headline gb-headline-47398fd5 gb-headline-text\">$2,500 USD kuus<\/h2>\n\n\n\n<ul class=\"wp-block-list\">\n<li>Umbes 200 tundi kuus<\/li>\n\n\n\n<li>4-8 tundi p\u00e4evas, 7 p\u00e4eva n\u00e4dalas<\/li>\n<\/ul>\n\n<\/div><\/div>\n<\/div>\n<\/div>\n\n\n<p class=\"has-text-align-center has-medium-font-size\">Valmis v\u00f5tma oma <a class=\"wpil_keyword_link\" href=\"https:\/\/cammodelagency.com\/onlyfans-alternative\/\" target=\"_blank\" rel=\"noopener\" title=\"OnlyFans\" data-wpil-keyword-link=\"linked\">OnlyFans<\/a> karj\u00e4\u00e4ri j\u00e4rgmisele tasemele? Registreeruge juba t\u00e4na ja avage oma konto t\u00e4ielik potentsiaal. <a href=\"https:\/\/cammodelagency.com\/apply\/\" target=\"_blank\" rel=\"noopener\" title=\"\"><strong>Kandideeri siin<\/strong><\/a>.<\/p>","protected":false},"excerpt":{"rendered":"<p>With our comprehensive suite of services, you can focus on what you do best \u2013 creating captivating content \u2013 while we take care of the rest. Let us handle the management, growth, promotion, and engagement aspects of your OnlyFans journey, empowering you to reach new heights of success. Every tier is priced based on how &#8230; <\/p>\n<p class=\"read-more-container\"><a title=\"Null-komisjoniga ainultF\u00e4nnide halduse hinnakujundus\" class=\"read-more button\" href=\"https:\/\/cammodelagency.com\/et\/pricing\/#more-14294\" aria-label=\"Read more about Pricing for Zero-Commission OnlyFans Management\">Loe edasi<\/a><\/p>","protected":false},"author":1,"featured_media":13925,"parent":0,"menu_order":0,"comment_status":"closed","ping_status":"closed","template":"","meta":{"footnotes":""},"class_list":{"0":"post-14294","1":"page","2":"type-page","3":"status-publish","4":"has-post-thumbnail","6":"infinite-scroll-item","7":"resize-featured-image"},"aioseo_notices":[],"acf":[],"_links":{"self":[{"href":"https:\/\/cammodelagency.com\/et\/wp-json\/wp\/v2\/pages\/14294","targetHints":{"allow":["GET"]}}],"collection":[{"href":"https:\/\/cammodelagency.com\/et\/wp-json\/wp\/v2\/pages"}],"about":[{"href":"https:\/\/cammodelagency.com\/et\/wp-json\/wp\/v2\/types\/page"}],"author":[{"embeddable":true,"href":"https:\/\/cammodelagency.com\/et\/wp-json\/wp\/v2\/users\/1"}],"replies":[{"embeddable":true,"href":"https:\/\/cammodelagency.com\/et\/wp-json\/wp\/v2\/comments?post=14294"}],"version-history":[{"count":13,"href":"https:\/\/cammodelagency.com\/et\/wp-json\/wp\/v2\/pages\/14294\/revisions"}],"predecessor-version":[{"id":14643,"href":"https:\/\/cammodelagency.com\/et\/wp-json\/wp\/v2\/pages\/14294\/revisions\/14643"}],"wp:featuredmedia":[{"embeddable":true,"href":"https:\/\/cammodelagency.com\/et\/wp-json\/wp\/v2\/media\/13925"}],"wp:attachment":[{"href":"https:\/\/cammodelagency.com\/et\/wp-json\/wp\/v2\/media?parent=14294"}],"curies":[{"name":"wp","href":"https:\/\/api.w.org\/{rel}","templated":true}]}}