{"id":3485,"date":"2020-07-23T13:45:02","date_gmt":"2020-07-23T19:45:02","guid":{"rendered":"https:\/\/cammodelagency.com\/?page_id=3485"},"modified":"2020-11-10T01:34:46","modified_gmt":"2020-11-10T06:34:46","slug":"18-usc-2257","status":"publish","type":"page","link":"https:\/\/cammodelagency.com\/et\/18-usc-2257\/","title":{"rendered":"18 U.S.C. 2257"},"content":{"rendered":"<p>18 U.S.C. 2257 vastavusteade.<\/p>\n\n\n\n<p>Partner v\u00f5i mis tahes partnerite seotud veebilehed ei sisalda ebaseaduslikke ja\/v\u00f5i taunitavaid materjale, sealhulgas, kuid mitte ainult, lastepornot, v\u00e4gistamist, intsesti v\u00f5i bestiaalsust.<\/p>\n\n\n\n<p>Partnerettev\u00f5tted vastavad USA 2257 n\u00f5uetele.<\/p>\n\n\n\n<p>K\u00f5ik isikud, kes esinevad sellel veebisaidil sisalduvates visuaalsetes kujutistes, olid kujutiste loomise ajal v\u00e4hemalt kaheksateistk\u00fcmneaastased. Ameerika \u00dchendriikide seadustiku 18. jaotise paragrahvi 2257 kohaselt n\u00f5utavaid andmeid tegelike seksuaalsete kujutiste kohta s\u00e4ilitab dokumentide hoidja.<\/p>","protected":false},"excerpt":{"rendered":"<p>18 U.S.C. 2257 vastavusteade. Partner v\u00f5i mis tahes partnerite seotud sait ei sisalda ebaseaduslikke ja\/v\u00f5i taunitavaid materjale, sealhulgas, kuid mitte ainult, lastepornot, v\u00e4gistamist, intsesti v\u00f5i bestiaalsust. Partneri sidusettev\u00f5tted t\u00e4idavad USA 2257 n\u00f5uetele vastavuse n\u00f5udeid. K\u00f5ik isikud, kes esinevad sellel veebisaidil sisalduvates visuaalsetes kujutistes, olid kaheksateistk\u00fcmneaastased ... <\/p>\n<p class=\"read-more-container\"><a title=\"18 U.S.C. 2257\" class=\"read-more button\" href=\"https:\/\/cammodelagency.com\/et\/18-usc-2257\/#more-3485\" aria-label=\"Lisateave 18 U.S.C. 2257 kohta\">Loe edasi<\/a><\/p>","protected":false},"author":1,"featured_media":0,"parent":0,"menu_order":0,"comment_status":"closed","ping_status":"closed","template":"","meta":{"footnotes":""},"class_list":{"0":"post-3485","1":"page","2":"type-page","3":"status-publish","5":"infinite-scroll-item"},"aioseo_notices":[],"acf":[],"_links":{"self":[{"href":"https:\/\/cammodelagency.com\/et\/wp-json\/wp\/v2\/pages\/3485","targetHints":{"allow":["GET"]}}],"collection":[{"href":"https:\/\/cammodelagency.com\/et\/wp-json\/wp\/v2\/pages"}],"about":[{"href":"https:\/\/cammodelagency.com\/et\/wp-json\/wp\/v2\/types\/page"}],"author":[{"embeddable":true,"href":"https:\/\/cammodelagency.com\/et\/wp-json\/wp\/v2\/users\/1"}],"replies":[{"embeddable":true,"href":"https:\/\/cammodelagency.com\/et\/wp-json\/wp\/v2\/comments?post=3485"}],"version-history":[{"count":2,"href":"https:\/\/cammodelagency.com\/et\/wp-json\/wp\/v2\/pages\/3485\/revisions"}],"predecessor-version":[{"id":5162,"href":"https:\/\/cammodelagency.com\/et\/wp-json\/wp\/v2\/pages\/3485\/revisions\/5162"}],"wp:attachment":[{"href":"https:\/\/cammodelagency.com\/et\/wp-json\/wp\/v2\/media?parent=3485"}],"curies":[{"name":"wp","href":"https:\/\/api.w.org\/{rel}","templated":true}]}}