{"id":3485,"date":"2020-07-23T13:45:02","date_gmt":"2020-07-23T19:45:02","guid":{"rendered":"https:\/\/cammodelagency.com\/?page_id=3485"},"modified":"2020-11-10T01:34:46","modified_gmt":"2020-11-10T06:34:46","slug":"18-usc-2257","status":"publish","type":"page","link":"https:\/\/cammodelagency.com\/fi\/18-usc-2257\/","title":{"rendered":"18 U.S.C. 2257"},"content":{"rendered":"<p>18 U.S.C. 2257:n mukainen ilmoitus.<\/p>\n\n\n\n<p>Kumppani tai mik\u00e4\u00e4n kumppaneiden liit\u00e4nn\u00e4issivusto ei sis\u00e4ll\u00e4 mit\u00e4\u00e4n laitonta ja\/tai paheksuttavaa materiaalia, mukaan lukien, mutta ei rajoittuen, lapsipornoa, raiskausta, insesti\u00e4 tai el\u00e4imellisyytt\u00e4.<\/p>\n\n\n\n<p>Kumppaniyritykset noudattavat Yhdysvaltain 2257-vaatimusten noudattamista.<\/p>\n\n\n\n<p>Kaikki henkil\u00f6t, jotka esiintyv\u00e4t t\u00e4m\u00e4n verkkosivuston sis\u00e4lt\u00e4miss\u00e4 kuvissa, olivat v\u00e4hint\u00e4\u00e4n kahdeksantoista vuotta t\u00e4ytt\u00e4neit\u00e4 kyseisten kuvien luomisajankohtana. Yhdysvaltain lain 18 osaston 2257 pyk\u00e4l\u00e4n edellytt\u00e4m\u00e4t tiedot, jotka koskevat varsinaisen seksuaalisesti ilmeisen k\u00e4yt\u00f6ksen kuvallisia kuvauksia, ovat rekisterinpit\u00e4j\u00e4n hallussa.<\/p>","protected":false},"excerpt":{"rendered":"<p>18 U.S.C. 2257 compliance notice. Partner or any of the partners&#8217; affiliated sites will not contain any illegal and\/or objectionable materials, including, but not limited to, child pornography, rape, incest, or bestiality. Partner affiliates comply with US 2257 Compliance requirements. All persons who appear in any visual depiction contained in this website were eighteen years &#8230; <\/p>\n<p class=\"read-more-container\"><a title=\"18 U.S.C. 2257\" class=\"read-more button\" href=\"https:\/\/cammodelagency.com\/fi\/18-usc-2257\/#more-3485\" aria-label=\"Lue lis\u00e4\u00e4 aiheesta 18 U.S.C. 2257\">Lue lis\u00e4\u00e4<\/a><\/p>","protected":false},"author":1,"featured_media":0,"parent":0,"menu_order":0,"comment_status":"closed","ping_status":"closed","template":"","meta":{"footnotes":""},"class_list":{"0":"post-3485","1":"page","2":"type-page","3":"status-publish","5":"infinite-scroll-item"},"aioseo_notices":[],"acf":[],"_links":{"self":[{"href":"https:\/\/cammodelagency.com\/fi\/wp-json\/wp\/v2\/pages\/3485","targetHints":{"allow":["GET"]}}],"collection":[{"href":"https:\/\/cammodelagency.com\/fi\/wp-json\/wp\/v2\/pages"}],"about":[{"href":"https:\/\/cammodelagency.com\/fi\/wp-json\/wp\/v2\/types\/page"}],"author":[{"embeddable":true,"href":"https:\/\/cammodelagency.com\/fi\/wp-json\/wp\/v2\/users\/1"}],"replies":[{"embeddable":true,"href":"https:\/\/cammodelagency.com\/fi\/wp-json\/wp\/v2\/comments?post=3485"}],"version-history":[{"count":2,"href":"https:\/\/cammodelagency.com\/fi\/wp-json\/wp\/v2\/pages\/3485\/revisions"}],"predecessor-version":[{"id":5162,"href":"https:\/\/cammodelagency.com\/fi\/wp-json\/wp\/v2\/pages\/3485\/revisions\/5162"}],"wp:attachment":[{"href":"https:\/\/cammodelagency.com\/fi\/wp-json\/wp\/v2\/media?parent=3485"}],"curies":[{"name":"wp","href":"https:\/\/api.w.org\/{rel}","templated":true}]}}