{"id":127,"date":"2020-01-07T23:45:55","date_gmt":"2020-01-08T05:45:55","guid":{"rendered":"https:\/\/cammodelagency.com\/?page_id=127"},"modified":"2024-01-10T21:21:23","modified_gmt":"2024-01-11T02:21:23","slug":"conditions-generales-dutilisation","status":"publish","type":"page","link":"https:\/\/cammodelagency.com\/fr\/terms-and-conditions\/","title":{"rendered":"Conditions g\u00e9n\u00e9rales"},"content":{"rendered":"<p>Derni\u00e8re mise \u00e0 jour : 10 janvier 2024<\/p>\n\n\n\n<p>Veuillez lire attentivement les pr\u00e9sentes conditions g\u00e9n\u00e9rales (\"Conditions\", \"Conditions\") avant d'utiliser le site Web https:\/\/cammodelagency.com (le \"Service\") exploit\u00e9 par Onyx Defiant LLC (\"nous\", \"nous\" ou \"notre\").<\/p>\n\n\n\n<p>Ton acc\u00e8s au Service et son utilisation sont conditionn\u00e9s par ton acceptation et ton respect des pr\u00e9sentes Conditions. Ces Conditions s'appliquent \u00e0 tous les visiteurs, utilisateurs et autres personnes qui souhaitent acc\u00e9der au Service ou l'utiliser.<\/p>\n\n\n\n<p>En acc\u00e9dant au Service ou en l'utilisant, tu acceptes d'\u00eatre li\u00e9 par les pr\u00e9sentes Conditions. Si tu n'es pas d'accord avec une partie des conditions, tu n'as pas la permission d'acc\u00e9der au Service.<\/p>\n\n\n\n<h2 class=\"wp-block-heading\">Communications<\/h2>\n\n\n\n<p>En cr\u00e9ant un compte sur notre service, tu acceptes de t'abonner aux bulletins d'information, au mat\u00e9riel marketing ou promotionnel et aux autres informations que nous pouvons envoyer. Cependant, tu peux choisir de ne pas recevoir une partie ou la totalit\u00e9 de ces communications de notre part en suivant le lien de d\u00e9sabonnement ou les instructions fournies dans tout courriel que nous envoyons.<\/p>\n\n\n\n<h2 class=\"wp-block-heading\">Achats<\/h2>\n\n\n\n<p>Si tu souhaites acheter un produit ou un service mis \u00e0 disposition par le Service (\"Achat\"), il peut t'\u00eatre demand\u00e9 de fournir certaines informations relatives \u00e0 ton Achat, y compris, sans s'y limiter, ton num\u00e9ro de carte de cr\u00e9dit, la date d'expiration de ta carte de cr\u00e9dit, ton adresse de facturation et tes informations d'exp\u00e9dition.<\/p>\n\n\n\n<p>Tu d\u00e9clares et garantis que : (i) tu as le droit l\u00e9gal d'utiliser toute(s) carte(s) de cr\u00e9dit ou autre(s) m\u00e9thode(s) de paiement en rapport avec tout achat ; et que (ii) les informations que tu nous fournis sont vraies, correctes et compl\u00e8tes.<\/p>\n\n\n\n<p>Le service peut faire appel \u00e0 des services tiers pour faciliter le paiement et la r\u00e9alisation des Achats. En soumettant tes informations, tu nous accordes le droit de fournir ces informations \u00e0 ces tiers, sous r\u00e9serve de notre Politique de confidentialit\u00e9.<\/p>\n\n\n\n<p>Nous nous r\u00e9servons le droit de refuser ou d'annuler ta commande \u00e0 tout moment pour des raisons telles que : la disponibilit\u00e9 du produit ou du service, des erreurs dans la description ou le prix du produit ou du service, une erreur dans ta commande ou d'autres raisons.<\/p>\n\n\n\n<p>Nous nous r\u00e9servons le droit de refuser ou d'annuler ta commande si une fraude ou une transaction non autoris\u00e9e ou ill\u00e9gale est suspect\u00e9e.<\/p>\n\n\n\n<h2 class=\"wp-block-heading\">Disponibilit\u00e9, erreurs et inexactitudes<\/h2>\n\n\n\n<p>Nous mettons constamment \u00e0 jour les offres de produits et de services sur le Service. Nous pouvons subir des retards dans la mise \u00e0 jour des informations sur le Service et dans nos publicit\u00e9s sur d'autres sites Web. Les informations trouv\u00e9es sur le Service peuvent contenir des erreurs ou des inexactitudes et peuvent ne pas \u00eatre compl\u00e8tes ou actuelles. Les produits ou services peuvent \u00eatre mal \u00e9valu\u00e9s, d\u00e9crits de mani\u00e8re inexacte ou non disponibles sur le Service et nous ne pouvons pas garantir l'exactitude ou l'exhaustivit\u00e9 des informations trouv\u00e9es sur le Service.<\/p>\n\n\n\n<p>Nous nous r\u00e9servons donc le droit de modifier ou de mettre \u00e0 jour les informations et de corriger les erreurs, inexactitudes ou omissions \u00e0 tout moment sans pr\u00e9avis.<\/p>\n\n\n\n<h2 class=\"wp-block-heading\">Contenu<\/h2>\n\n\n\n<p>Notre Service te permet de publier, de cr\u00e9er des liens, de stocker, de partager et de mettre \u00e0 disposition de toute autre mani\u00e8re certaines informations, textes, graphiques, vid\u00e9os ou autres mat\u00e9riels (\"Contenu\"). Tu es responsable du Contenu que tu publies sur ou via le Service, y compris de sa l\u00e9galit\u00e9, de sa fiabilit\u00e9 et de son caract\u00e8re appropri\u00e9.<\/p>\n\n\n\n<p>En publiant du Contenu sur ou par le biais du Service, tu d\u00e9clares et garantis que : (i) le Contenu est le tien (il t'appartient) et\/ou tu as le droit de l'utiliser et le droit de nous accorder les droits et la licence pr\u00e9vus dans les pr\u00e9sentes Conditions, et (ii) que la publication de ton Contenu sur ou par le biais du Service ne viole pas les droits \u00e0 la vie priv\u00e9e, les droits de publicit\u00e9, les droits d'auteur, les droits contractuels ou tout autre droit de toute personne ou entit\u00e9. Nous nous r\u00e9servons le droit de r\u00e9silier le compte de toute personne jug\u00e9e coupable de violation d'un droit d'auteur.<\/p>\n\n\n\n<p>Vous conservez tous vos droits sur le Contenu que vous soumettez, publiez ou affichez sur ou via le Service et vous \u00eates responsable de la protection de ces droits. Nous ne prenons aucune responsabilit\u00e9 et n'assumons aucune responsabilit\u00e9 pour le Contenu que vous ou un tiers affichez sur ou par le biais du Service. Cependant, en publiant du Contenu \u00e0 l'aide du Service, tu nous accordes le droit et la licence d'utiliser, de modifier, d'ex\u00e9cuter publiquement, d'afficher publiquement, de reproduire et de distribuer ce Contenu sur et par le biais du Service. Tu acceptes que cette licence inclut le droit pour nous de mettre ton Contenu \u00e0 la disposition d'autres utilisateurs du Service, qui peuvent \u00e9galement utiliser ton Contenu sous r\u00e9serve des pr\u00e9sentes Conditions.<\/p>\n\n\n\n<p>Onyx Defiant LLC a le droit, mais pas l'obligation, de surveiller et de modifier tout le contenu fourni par les utilisateurs.<\/p>\n\n\n\n<p>En outre, le Contenu trouv\u00e9 sur ou par le biais de ce Service est la propri\u00e9t\u00e9 d'Onyx Defiant LLC ou utilis\u00e9 avec autorisation. Tu ne peux pas distribuer, modifier, transmettre, r\u00e9utiliser, t\u00e9l\u00e9charger, reposter, copier ou utiliser ledit Contenu, en tout ou en partie, \u00e0 des fins commerciales ou pour ton profit personnel, sans notre autorisation \u00e9crite pr\u00e9alable expresse.<\/p>\n\n\n\n<h2 class=\"wp-block-heading\">Comptes<\/h2>\n\n\n\n<p>Lorsque tu cr\u00e9es un compte chez nous, tu garantis que tu as plus de 18 ans et que les informations que tu nous fournis sont exactes, compl\u00e8tes et \u00e0 jour \u00e0 tout moment. Des informations inexactes, incompl\u00e8tes ou obsol\u00e8tes peuvent entra\u00eener la r\u00e9siliation imm\u00e9diate de ton compte sur le Service.<\/p>\n\n\n\n<p>Tu es responsable du maintien de la confidentialit\u00e9 de ton compte et de ton mot de passe, y compris, mais sans s'y limiter, de la restriction de l'acc\u00e8s \u00e0 ton ordinateur et\/ou \u00e0 ton compte. Tu acceptes d'assumer la responsabilit\u00e9 de toutes les activit\u00e9s ou actions qui se produisent sous ton compte et\/ou ton mot de passe, que ce dernier soit li\u00e9 \u00e0 notre Service ou \u00e0 un service tiers. Tu dois nous informer imm\u00e9diatement d\u00e8s que tu as connaissance d'une violation de la s\u00e9curit\u00e9 ou d'une utilisation non autoris\u00e9e de ton compte.<\/p>\n\n\n\n<p>Tu ne peux pas utiliser comme nom d'utilisateur le nom d'une autre personne ou entit\u00e9 ou qui n'est pas l\u00e9galement disponible pour l'utilisation, un nom ou une marque d\u00e9pos\u00e9e qui est soumis \u00e0 des droits d'une autre personne ou entit\u00e9 que toi, sans autorisation appropri\u00e9e. Tu ne peux pas utiliser comme nom d'utilisateur un nom qui est offensant, vulgaire ou obsc\u00e8ne.<\/p>\n\n\n\n<p>Nous nous r\u00e9servons le droit de refuser le service, de r\u00e9silier les comptes, de supprimer ou de modifier le contenu, ou d'annuler les commandes \u00e0 notre seule discr\u00e9tion.<\/p>\n\n\n\n<h2 class=\"wp-block-heading\">Propri\u00e9t\u00e9 intellectuelle<\/h2>\n\n\n\n<p>Le Service et son contenu original (\u00e0 l'exclusion du contenu fourni par les utilisateurs), ses caract\u00e9ristiques et ses fonctionnalit\u00e9s sont et resteront la propri\u00e9t\u00e9 exclusive d'Onyx Defiant LLC et de ses conc\u00e9dants de licence. Le Service est prot\u00e9g\u00e9 par des droits d'auteur, des marques commerciales et d'autres lois des \u00c9tats-Unis et de pays \u00e9trangers. Nos marques et habillages commerciaux ne peuvent pas \u00eatre utilis\u00e9s en lien avec un produit ou un service sans le consentement \u00e9crit pr\u00e9alable d'Onyx Defiant LLC.<\/p>\n\n\n\n<h2 class=\"wp-block-heading\">Liens vers d'autres sites Web<\/h2>\n\n\n\n<p>Notre service peut contenir des liens vers des sites Web ou des services de tiers qui ne sont pas d\u00e9tenus ou contr\u00f4l\u00e9s par Onyx Defiant LLC.<\/p>\n\n\n\n<p>Onyx Defiant LLC n'a aucun contr\u00f4le et n'assume aucune responsabilit\u00e9 quant au contenu, aux politiques de confidentialit\u00e9 ou aux pratiques des sites Web ou services tiers. Nous ne garantissons pas les offres de ces entit\u00e9s\/individus ou de leurs sites Web.<\/p>\n\n\n\n<p>Vous reconnaissez et acceptez qu'Onyx Defiant LLC ne soit pas responsable, directement ou indirectement, des dommages ou des pertes caus\u00e9s ou suppos\u00e9s \u00eatre caus\u00e9s par ou en relation avec l'utilisation ou la confiance dans un tel contenu, des biens ou des services disponibles sur ou via les sites Web ou les services de tiers.<\/p>\n\n\n\n<p>Nous te conseillons vivement de lire les conditions g\u00e9n\u00e9rales et les politiques de confidentialit\u00e9 de tous les sites Web ou services tiers que tu visites.<\/p>\n\n\n\n<h2 class=\"wp-block-heading\">Terminaison<\/h2>\n\n\n\n<p>Nous pouvons r\u00e9silier ou suspendre ton compte et interdire l'acc\u00e8s au Service imm\u00e9diatement, sans pr\u00e9avis ni responsabilit\u00e9, \u00e0 notre seule discr\u00e9tion, pour quelque raison que ce soit et sans limitation, notamment en cas de violation des Conditions.<\/p>\n\n\n\n<p>Si tu souhaites r\u00e9silier ton compte, tu peux simplement cesser d'utiliser le Service.<\/p>\n\n\n\n<p>Toutes les dispositions des Conditions qui, de par leur nature, devraient survivre \u00e0 la r\u00e9siliation, survivront \u00e0 la r\u00e9siliation, y compris, mais sans s'y limiter, les dispositions relatives \u00e0 la propri\u00e9t\u00e9, les exclusions de garantie, l'indemnisation et les limitations de responsabilit\u00e9.<\/p>\n\n\n\n<h2 class=\"wp-block-heading\">Indemnisation<\/h2>\n\n\n\n<p>Tu acceptes de d\u00e9fendre, d'indemniser et de d\u00e9gager de toute responsabilit\u00e9 Onyx Defiant LLC et ses licenci\u00e9s et conc\u00e9dants, ainsi que leurs employ\u00e9s, entrepreneurs, agents, responsables et directeurs, contre toute r\u00e9clamation, tout dommage, toute obligation, toute perte, toute responsabilit\u00e9, tout co\u00fbt ou dette, et toute d\u00e9pense (y compris, mais sans s'y limiter, les frais d'avocat), r\u00e9sultant de ou d\u00e9coulant de a) ton utilisation et ton acc\u00e8s au Service, par toi ou par toute personne utilisant ton compte et ton mot de passe ; b) une violation des pr\u00e9sentes Conditions, ou c) le Contenu publi\u00e9 sur le Service.<\/p>\n\n\n\n<h2 class=\"wp-block-heading\">Limitation de la responsabilit\u00e9<\/h2>\n\n\n\n<p>En aucun cas Onyx Defiant LLC, ni ses directeurs, employ\u00e9s, partenaires, agents, fournisseurs ou affili\u00e9s, ne pourront \u00eatre tenus responsables des dommages indirects, accidentels, sp\u00e9ciaux, cons\u00e9cutifs ou punitifs, y compris, mais sans s'y limiter, les pertes de b\u00e9n\u00e9fices, de donn\u00e9es, d'utilisation, de client\u00e8le ou autres pertes intangibles, r\u00e9sultant (i) de ton acc\u00e8s au Service, de son utilisation ou de ton incapacit\u00e9 \u00e0 y acc\u00e9der ou \u00e0 l'utiliser ; (ii) de la conduite ou du contenu d'un tiers sur le Service ; (iii) tout contenu obtenu \u00e0 partir du Service ; et (iv) l'acc\u00e8s, l'utilisation ou l'alt\u00e9ration non autoris\u00e9s de tes transmissions ou de ton contenu, que ce soit sur la base d'une garantie, d'un contrat, d'un d\u00e9lit (y compris la n\u00e9gligence) ou de toute autre th\u00e9orie juridique, que nous ayons ou non \u00e9t\u00e9 inform\u00e9s de la possibilit\u00e9 de tels dommages, et m\u00eame s'il s'av\u00e8re qu'un recours \u00e9nonc\u00e9 dans les pr\u00e9sentes n'a pas atteint son objectif essentiel.<\/p>\n\n\n\n<h2 class=\"wp-block-heading\">Avis de non-responsabilit\u00e9<\/h2>\n\n\n\n<p>Tu utilises le Service \u00e0 tes risques et p\u00e9rils. Le Service est fourni sur une base \"TEL QUEL\" et \"TEL QUE DISPONIBLE\". Le Service est fourni sans garantie d'aucune sorte, qu'elle soit expresse ou implicite, y compris, mais sans s'y limiter, les garanties implicites de qualit\u00e9 marchande, d'ad\u00e9quation \u00e0 un usage particulier, de non-violation ou d'ex\u00e9cution.<\/p>\n\n\n\n<p>Onyx Defiant LLC, ses filiales, ses soci\u00e9t\u00e9s affili\u00e9es et ses conc\u00e9dants de licence ne garantissent pas que a) le Service fonctionnera sans interruption, sera s\u00e9curis\u00e9 ou disponible \u00e0 un moment ou un endroit pr\u00e9cis ; b) les erreurs ou les d\u00e9fauts seront corrig\u00e9s ; c) le Service est exempt de virus ou d'autres composants nuisibles ; ou d) les r\u00e9sultats de l'utilisation du Service r\u00e9pondront \u00e0 tes exigences.<\/p>\n\n\n\n<h2 class=\"wp-block-heading\">Exclusions<\/h2>\n\n\n\n<p>Certaines juridictions n'autorisent pas l'exclusion de certaines garanties ou l'exclusion ou la limitation de la responsabilit\u00e9 pour les dommages indirects ou accessoires, de sorte que les limitations ci-dessus peuvent ne pas s'appliquer \u00e0 toi.<\/p>\n\n\n\n<h2 class=\"wp-block-heading\">Loi applicable<\/h2>\n\n\n\n<p>Les pr\u00e9sentes Conditions sont r\u00e9gies et interpr\u00e9t\u00e9es conform\u00e9ment aux lois du Dakota du Sud, \u00c9tats-Unis, sans tenir compte de ses dispositions en mati\u00e8re de conflit de lois.<\/p>\n\n\n\n<p>Le fait que nous ne fassions pas valoir un droit ou une disposition des pr\u00e9sentes Conditions ne sera pas consid\u00e9r\u00e9 comme une renonciation \u00e0 ces droits. Si une disposition des pr\u00e9sentes Conditions est jug\u00e9e invalide ou inapplicable par un tribunal, les autres dispositions des pr\u00e9sentes Conditions resteront en vigueur. Les pr\u00e9sentes Conditions constituent l'int\u00e9gralit\u00e9 de l'accord entre nous concernant notre Service, et remplacent et annulent tout accord ant\u00e9rieur que nous aurions pu avoir entre nous concernant le Service.<\/p>\n\n\n\n<h2 class=\"wp-block-heading\">Changements<\/h2>\n\n\n\n<p>Nous nous r\u00e9servons le droit, \u00e0 notre seule discr\u00e9tion, de modifier ou de remplacer ces conditions \u00e0 tout moment. Si une r\u00e9vision est importante, nous fournirons un pr\u00e9avis d'au moins 30 jours avant l'entr\u00e9e en vigueur des nouvelles conditions. Ce qui constitue une modification importante sera d\u00e9termin\u00e9 \u00e0 notre seule discr\u00e9tion.<\/p>\n\n\n\n<p>En continuant d'acc\u00e9der \u00e0 notre Service ou de l'utiliser apr\u00e8s l'entr\u00e9e en vigueur des r\u00e9visions, tu acceptes d'\u00eatre li\u00e9 par les conditions r\u00e9vis\u00e9es. Si tu n'acceptes pas les nouvelles conditions, tu n'es plus autoris\u00e9 \u00e0 utiliser le Service.<\/p>\n\n\n\n<h2 class=\"wp-block-heading\">Contacte-nous<\/h2>\n\n\n\n<p>Si tu as des questions sur les pr\u00e9sentes Conditions, contacte-nous.<\/p>","protected":false},"excerpt":{"rendered":"<p>Last updated: January 10, 2024 Please read these Terms and Conditions (&#8220;Terms&#8221;, &#8220;Terms and Conditions&#8221;) carefully before using the https:\/\/cammodelagency.com website (the &#8220;Service&#8221;) operated by Onyx Defiant LLC (&#8220;us&#8221;, &#8220;we&#8221;, or &#8220;our&#8221;). Your access to and use of the Service is conditioned upon your acceptance of and compliance with these Terms. These Terms apply to &#8230; <\/p>\n<p class=\"read-more-container\"><a title=\"Conditions g\u00e9n\u00e9rales\" class=\"read-more button\" href=\"https:\/\/cammodelagency.com\/fr\/terms-and-conditions\/#more-127\" aria-label=\"En savoir plus sur Terms and Conditions\">Lire plus<\/a><\/p>","protected":false},"author":1,"featured_media":0,"parent":0,"menu_order":0,"comment_status":"closed","ping_status":"closed","template":"","meta":{"footnotes":""},"class_list":{"0":"post-127","1":"page","2":"type-page","3":"status-publish","5":"infinite-scroll-item"},"aioseo_notices":[],"acf":[],"_links":{"self":[{"href":"https:\/\/cammodelagency.com\/fr\/wp-json\/wp\/v2\/pages\/127","targetHints":{"allow":["GET"]}}],"collection":[{"href":"https:\/\/cammodelagency.com\/fr\/wp-json\/wp\/v2\/pages"}],"about":[{"href":"https:\/\/cammodelagency.com\/fr\/wp-json\/wp\/v2\/types\/page"}],"author":[{"embeddable":true,"href":"https:\/\/cammodelagency.com\/fr\/wp-json\/wp\/v2\/users\/1"}],"replies":[{"embeddable":true,"href":"https:\/\/cammodelagency.com\/fr\/wp-json\/wp\/v2\/comments?post=127"}],"version-history":[{"count":7,"href":"https:\/\/cammodelagency.com\/fr\/wp-json\/wp\/v2\/pages\/127\/revisions"}],"predecessor-version":[{"id":15862,"href":"https:\/\/cammodelagency.com\/fr\/wp-json\/wp\/v2\/pages\/127\/revisions\/15862"}],"wp:attachment":[{"href":"https:\/\/cammodelagency.com\/fr\/wp-json\/wp\/v2\/media?parent=127"}],"curies":[{"name":"wp","href":"https:\/\/api.w.org\/{rel}","templated":true}]}}