{"id":14255,"date":"2023-04-24T01:41:09","date_gmt":"2023-04-24T06:41:09","guid":{"rendered":"https:\/\/cammodelagency.com\/?page_id=14255"},"modified":"2023-07-26T17:57:13","modified_gmt":"2023-07-26T22:57:13","slug":"defi","status":"publish","type":"page","link":"https:\/\/cammodelagency.com\/fr\/challenge\/","title":{"rendered":"D\u00e9fi OnlyFans de 30 jours"},"content":{"rendered":"<h1 class=\"gb-headline gb-headline-730f3edf gb-headline-text\">Transforme ton entreprise OnlyFans en 30 jours<\/h1>\n\n\n\n<h2 class=\"gb-headline gb-headline-9dcb4308 gb-headline-text\">Un d\u00e9fi pour stimuler tes ventes et ton engagement<\/h2>\n\n\n\n<p>Bienvenue dans notre d\u00e9fi de 30 jours pour transformer ton <a class=\"thirstylink\" rel=\"nofollow\" target=\"_blank\" title=\"OnlyFans\" href=\"https:\/\/cammodelagency.com\/fr\/go\/onlyfans\/\" data-shortcode=\"true\">OnlyFans<\/a> d'affaires ! Es-tu pr\u00eat \u00e0 faire passer ton entreprise au niveau sup\u00e9rieur ? Que tu te lances ou que tu cherches \u00e0 am\u00e9liorer ton profil actuel, ce d\u00e9fi t'aidera \u00e0 stimuler tes ventes et l'engagement des clients.<\/p>\n\n\n\n<p>Ce d\u00e9fi est con\u00e7u pour toi, le <a class=\"wpil_keyword_link\" href=\"https:\/\/cammodelagency.com\/onlyfans-alternative\/\" target=\"_blank\" rel=\"noopener\" title=\"OnlyFans\" data-wpil-keyword-link=\"linked\">OnlyFans<\/a> cr\u00e9ateur de contenu (ou tout autre cr\u00e9ateur de contenu pour adultes) qui cherche \u00e0 faire passer son compte au niveau sup\u00e9rieur. Pendant 30 jours, nous te fournirons des t\u00e2ches quotidiennes et des conseils pour t'aider \u00e0 augmenter ton engagement, ta fid\u00e9lisation et tes revenus sur la plateforme.<\/p>\n\n\n\n<div class=\"_form_1\"><\/div><script src=\"https:\/\/cammodelagency.activehosted.com\/f\/embed.php?id=1\" type=\"text\/javascript\" charset=\"utf-8\"><\/script>\n\n\n\n<p>Pour commencer, nous t'aiderons \u00e0 planifier ton calendrier de contenu pour le mois suivant, \u00e0 offrir une r\u00e9duction sp\u00e9ciale aux nouveaux abonn\u00e9s et \u00e0 collaborer avec d'autres cr\u00e9ateurs pour faire une promotion crois\u00e9e de vos comptes. Nous te montrerons \u00e9galement comment cr\u00e9er des sondages ou des enqu\u00eates pour que tes fans puissent donner leur avis sur ton contenu et organiser des flux en direct ou des s\u00e9ances de questions-r\u00e9ponses pour dialoguer directement avec eux.<\/p>\n\n\n\n<p>Nous t'encouragerons \u00e0 offrir des mentions aux fans qui te recommandent de nouveaux abonn\u00e9s et \u00e0 offrir des essais gratuits pour attirer de nouvelles inscriptions. Tu essaieras aussi de nouveaux th\u00e8mes et types de contenu, tu cr\u00e9eras des paquets ou des offres group\u00e9es de contenu exclusif et tu collaboreras avec des marques ou des sponsors pour diversifier ton contenu et tes sources de revenus.<\/p>\n\n\n\n<p>Tout au long du d\u00e9fi, nous te demanderons d'\u00e9valuer tes progr\u00e8s et d'ajuster ta strat\u00e9gie de contenu. Tu exp\u00e9rimenteras \u00e9galement de nouvelles techniques d'\u00e9dition et de photographie, tu proposeras des demandes de contenu personnalis\u00e9es et tu organiseras des \u00e9v\u00e9nements virtuels en direct pour entrer en contact avec tes fans.<\/p>\n\n\n\n<p>\u00c0 la fin du d\u00e9fi, tu auras une meilleure compr\u00e9hension de ce qu'il faut faire pour diriger une entreprise prosp\u00e8re. <a class=\"thirstylink\" rel=\"nofollow\" target=\"_blank\" title=\"OnlyFans\" href=\"https:\/\/cammodelagency.com\/fr\/go\/onlyfans\/\" data-shortcode=\"true\">OnlyFans<\/a> et tu auras mis en place toute une s\u00e9rie de strat\u00e9gies pour t'aider \u00e0 atteindre tes objectifs. <\/p>\n\n\n\n<p>Es-tu pr\u00eat \u00e0 relever le d\u00e9fi et \u00e0 transformer ta carri\u00e8re de cr\u00e9ateur de contenu ? <\/p>\n\n\n\n<p>Inscris-toi aujourd'hui et commen\u00e7ons !<\/p>\n\n\n\n<div class=\"_form_1\"><\/div><script src=\"https:\/\/cammodelagency.activehosted.com\/f\/embed.php?id=1\" type=\"text\/javascript\" charset=\"utf-8\"><\/script>","protected":false},"excerpt":{"rendered":"<p>Transform Your OnlyFans Business in 30 Days A Challenge to Boost Your Sales and Engagement Welcome to our 30-day challenge to transform your OnlyFans business! Are you ready to take your business to the next level? Whether you&#8217;re just starting out or looking to improve your existing profile, this challenge will help you boost your &#8230; <\/p>\n<p class=\"read-more-container\"><a title=\"D\u00e9fi OnlyFans de 30 jours\" class=\"read-more button\" href=\"https:\/\/cammodelagency.com\/fr\/challenge\/#more-14255\" aria-label=\"En savoir plus sur 30-Day OnlyFans Challenge\">Lire plus<\/a><\/p>","protected":false},"author":1,"featured_media":4115,"parent":0,"menu_order":0,"comment_status":"closed","ping_status":"closed","template":"","meta":{"footnotes":""},"class_list":{"0":"post-14255","1":"page","2":"type-page","3":"status-publish","4":"has-post-thumbnail","6":"infinite-scroll-item","7":"resize-featured-image"},"aioseo_notices":[],"acf":[],"_links":{"self":[{"href":"https:\/\/cammodelagency.com\/fr\/wp-json\/wp\/v2\/pages\/14255","targetHints":{"allow":["GET"]}}],"collection":[{"href":"https:\/\/cammodelagency.com\/fr\/wp-json\/wp\/v2\/pages"}],"about":[{"href":"https:\/\/cammodelagency.com\/fr\/wp-json\/wp\/v2\/types\/page"}],"author":[{"embeddable":true,"href":"https:\/\/cammodelagency.com\/fr\/wp-json\/wp\/v2\/users\/1"}],"replies":[{"embeddable":true,"href":"https:\/\/cammodelagency.com\/fr\/wp-json\/wp\/v2\/comments?post=14255"}],"version-history":[{"count":5,"href":"https:\/\/cammodelagency.com\/fr\/wp-json\/wp\/v2\/pages\/14255\/revisions"}],"predecessor-version":[{"id":14642,"href":"https:\/\/cammodelagency.com\/fr\/wp-json\/wp\/v2\/pages\/14255\/revisions\/14642"}],"wp:featuredmedia":[{"embeddable":true,"href":"https:\/\/cammodelagency.com\/fr\/wp-json\/wp\/v2\/media\/4115"}],"wp:attachment":[{"href":"https:\/\/cammodelagency.com\/fr\/wp-json\/wp\/v2\/media?parent=14255"}],"curies":[{"name":"wp","href":"https:\/\/api.w.org\/{rel}","templated":true}]}}