{"id":3485,"date":"2020-07-23T13:45:02","date_gmt":"2020-07-23T19:45:02","guid":{"rendered":"https:\/\/cammodelagency.com\/?page_id=3485"},"modified":"2020-11-10T01:34:46","modified_gmt":"2020-11-10T06:34:46","slug":"18-usc-2257","status":"publish","type":"page","link":"https:\/\/cammodelagency.com\/fr\/18-usc-2257\/","title":{"rendered":"18 U.S.C. 2257"},"content":{"rendered":"<p>Avis de conformit\u00e9 18 U.S.C. 2257.<\/p>\n\n\n\n<p>Le partenaire ou les sites affili\u00e9s des partenaires ne contiendront aucun mat\u00e9riel ill\u00e9gal et\/ou r\u00e9pr\u00e9hensible, y compris, mais sans s'y limiter, de la pornographie enfantine, du viol, de l'inceste ou de la bestialit\u00e9.<\/p>\n\n\n\n<p>Les filiales partenaires se conforment aux exigences de conformit\u00e9 de l'US 2257.<\/p>\n\n\n\n<p>Toutes les personnes qui apparaissent dans une repr\u00e9sentation visuelle contenue dans ce site Web \u00e9taient \u00e2g\u00e9es de dix-huit ans ou plus au moment de la cr\u00e9ation de ces repr\u00e9sentations. Les dossiers exig\u00e9s par la section 2257 du titre 18 du Code des \u00c9tats-Unis concernant les repr\u00e9sentations visuelles de comportements sexuellement explicites r\u00e9els sont conserv\u00e9s par le d\u00e9positaire des dossiers.<\/p>","protected":false},"excerpt":{"rendered":"<p>18 U.S.C. 2257 compliance notice. Partner or any of the partners&#8217; affiliated sites will not contain any illegal and\/or objectionable materials, including, but not limited to, child pornography, rape, incest, or bestiality. Partner affiliates comply with US 2257 Compliance requirements. All persons who appear in any visual depiction contained in this website were eighteen years &#8230; <\/p>\n<p class=\"read-more-container\"><a title=\"18 U.S.C. 2257\" class=\"read-more button\" href=\"https:\/\/cammodelagency.com\/fr\/18-usc-2257\/#more-3485\" aria-label=\"En savoir plus sur 18 U.S.C. 2257\">Lire plus<\/a><\/p>","protected":false},"author":1,"featured_media":0,"parent":0,"menu_order":0,"comment_status":"closed","ping_status":"closed","template":"","meta":{"footnotes":""},"class_list":{"0":"post-3485","1":"page","2":"type-page","3":"status-publish","5":"infinite-scroll-item"},"aioseo_notices":[],"acf":[],"_links":{"self":[{"href":"https:\/\/cammodelagency.com\/fr\/wp-json\/wp\/v2\/pages\/3485","targetHints":{"allow":["GET"]}}],"collection":[{"href":"https:\/\/cammodelagency.com\/fr\/wp-json\/wp\/v2\/pages"}],"about":[{"href":"https:\/\/cammodelagency.com\/fr\/wp-json\/wp\/v2\/types\/page"}],"author":[{"embeddable":true,"href":"https:\/\/cammodelagency.com\/fr\/wp-json\/wp\/v2\/users\/1"}],"replies":[{"embeddable":true,"href":"https:\/\/cammodelagency.com\/fr\/wp-json\/wp\/v2\/comments?post=3485"}],"version-history":[{"count":2,"href":"https:\/\/cammodelagency.com\/fr\/wp-json\/wp\/v2\/pages\/3485\/revisions"}],"predecessor-version":[{"id":5162,"href":"https:\/\/cammodelagency.com\/fr\/wp-json\/wp\/v2\/pages\/3485\/revisions\/5162"}],"wp:attachment":[{"href":"https:\/\/cammodelagency.com\/fr\/wp-json\/wp\/v2\/media?parent=3485"}],"curies":[{"name":"wp","href":"https:\/\/api.w.org\/{rel}","templated":true}]}}