{"id":119,"date":"2020-01-07T20:00:25","date_gmt":"2020-01-08T02:00:25","guid":{"rendered":"https:\/\/cammodelagency.com\/?page_id=119"},"modified":"2023-06-11T16:09:03","modified_gmt":"2023-06-11T21:09:03","slug":"kapcsolatfelvetel","status":"publish","type":"page","link":"https:\/\/cammodelagency.com\/hu\/contact\/","title":{"rendered":"Kapcsolatfelv\u00e9tel"},"content":{"rendered":"<p>Ak\u00e1r feln\u0151tt el\u0151ad\u00f3m\u0171v\u00e9sz vagy, aki egy honlapot keres, ak\u00e1r egy csapatot, amely kezeli \u00e9s n\u00e9pszer\u0171s\u00edti pr\u00e9mium k\u00f6z\u00f6ss\u00e9gi oldaladat, vagy b\u00e1rmilyen tan\u00e1csot. \u00cdrj nek\u00fcnk egy sort vagy tegy\u00e9l fel egy k\u00e9rd\u00e9st, \u00e9s hamarosan jelentkez\u00fcnk. K\u00e9rj\u00fck, kattintson az al\u00e1bbi gombra, \u00e9s felt\u00e9tlen\u00fcl adja meg a k\u00f6vetkez\u0151ket<\/p>\n\n\n\n<ul class=\"wp-block-list\">\n<li>Az \u00d6n neve vagy c\u00e9gneve<\/li>\n\n\n\n<li>Kapcsolattart\u00e1si sz\u00e1m<\/li>\n\n\n\n<li>Az \u00d6n honlapja<\/li>\n\n\n\n<li>\u00c9s egy \u00fczenet<\/li>\n<\/ul>\n\n\n\n<a class=\"gb-button gb-button-23bc9da1 gb-button-text\" href=\"mailto:admin@cammodelagency.com?cc=justin@cammodelagency.com&amp;body=Your%20name%20or%20business%20name%3A%0D%0AA%20contact%20number%3A%0D%0AYour%20website%2Flink%3A%0D%0A%0D%0AMessage%3A%0D%0A\" target=\"_blank\" rel=\"noopener noreferrer\">Kattintson ide, hogy k\u00fcldj\u00f6n nek\u00fcnk e-mailt most<\/a>","protected":false},"excerpt":{"rendered":"<p>Ak\u00e1r feln\u0151tt el\u0151ad\u00f3m\u0171v\u00e9sz vagy, aki egy honlapot keres, ak\u00e1r egy csapatot, amely kezeli \u00e9s n\u00e9pszer\u0171s\u00edti pr\u00e9mium k\u00f6z\u00f6ss\u00e9gi oldaladat, vagy b\u00e1rmilyen tan\u00e1csot. \u00cdrj nek\u00fcnk egy sort vagy tegy\u00e9l fel egy k\u00e9rd\u00e9st, \u00e9s hamarosan jelentkez\u00fcnk. K\u00e9rj\u00fck, kattintson az al\u00e1bbi gombra, \u00e9s felt\u00e9tlen\u00fcl adja meg a k\u00f6vetkez\u0151ket<\/p>","protected":false},"author":1,"featured_media":0,"parent":0,"menu_order":0,"comment_status":"closed","ping_status":"closed","template":"","meta":{"footnotes":""},"class_list":{"0":"post-119","1":"page","2":"type-page","3":"status-publish","5":"infinite-scroll-item"},"aioseo_notices":[],"acf":[],"_links":{"self":[{"href":"https:\/\/cammodelagency.com\/hu\/wp-json\/wp\/v2\/pages\/119","targetHints":{"allow":["GET"]}}],"collection":[{"href":"https:\/\/cammodelagency.com\/hu\/wp-json\/wp\/v2\/pages"}],"about":[{"href":"https:\/\/cammodelagency.com\/hu\/wp-json\/wp\/v2\/types\/page"}],"author":[{"embeddable":true,"href":"https:\/\/cammodelagency.com\/hu\/wp-json\/wp\/v2\/users\/1"}],"replies":[{"embeddable":true,"href":"https:\/\/cammodelagency.com\/hu\/wp-json\/wp\/v2\/comments?post=119"}],"version-history":[{"count":24,"href":"https:\/\/cammodelagency.com\/hu\/wp-json\/wp\/v2\/pages\/119\/revisions"}],"predecessor-version":[{"id":14350,"href":"https:\/\/cammodelagency.com\/hu\/wp-json\/wp\/v2\/pages\/119\/revisions\/14350"}],"wp:attachment":[{"href":"https:\/\/cammodelagency.com\/hu\/wp-json\/wp\/v2\/media?parent=119"}],"curies":[{"name":"wp","href":"https:\/\/api.w.org\/{rel}","templated":true}]}}