{"id":14294,"date":"2023-06-11T14:58:23","date_gmt":"2023-06-11T19:58:23","guid":{"rendered":"https:\/\/cammodelagency.com\/?page_id=14294"},"modified":"2023-07-26T17:57:19","modified_gmt":"2023-07-26T22:57:19","slug":"arkepzes","status":"publish","type":"page","link":"https:\/\/cammodelagency.com\/hu\/pricing\/","title":{"rendered":"A Zero-Commission OnlyFans Management \u00e1raz\u00e1sa"},"content":{"rendered":"<p>\u00c1tfog\u00f3 szolg\u00e1ltat\u00e1scsomagunkkal \u00d6n arra koncentr\u00e1lhat, amihez a legjobban \u00e9rt - mag\u00e1val ragad\u00f3 tartalmak l\u00e9trehoz\u00e1s\u00e1ra -, m\u00edg a t\u00f6bbir\u0151l mi gondoskodunk. B\u00edzza r\u00e1nk a menedzsment, a n\u00f6veked\u00e9s, a prom\u00f3ci\u00f3 \u00e9s az elk\u00f6telezetts\u00e9g szempontjainak kezel\u00e9s\u00e9t. <a class=\"thirstylink\" rel=\"nofollow\" target=\"_blank\" title=\"OnlyFans\" href=\"https:\/\/cammodelagency.com\/hu\/go\/onlyfans\/\" data-shortcode=\"true\">OnlyFans<\/a> utaz\u00e1s, amely k\u00e9pess\u00e9 teszi \u00d6nt arra, hogy \u00faj sikereket \u00e9rjen el.<\/p>\n\n\n\n<p>Minden szint \u00e1ra a k\u00f6vetkez\u0151k\u00f6n alapul <strong>mennyi id\u0151<\/strong> <strong>az \u00d6n sz\u00e1ml\u00e1j\u00e1ra k\u00f6lt\u00fcnk<\/strong> havonta, nem pedig azt, hogy mennyit keres. Ez megk\u00f6nny\u00edti, hogy csak komoly alkot\u00f3kkal dolgozzunk egy\u00fctt, minden alkot\u00f3nak megadjuk a neki j\u00e1r\u00f3 figyelmet, \u00e9s p\u00e9nz\u00fcgyi stabilit\u00e1st biztos\u00edtunk \u00d6nnek. <\/p>\n\n\n\n<p>Minden szint egy\u00e9ni tervet kap a fi\u00f3kja siker\u00e9hez, a k\u00f6vetkez\u0151 c\u00e9lokra elk\u00fcl\u00f6n\u00edtett id\u0151vel<\/p>\n\n\n\n<ul class=\"has-accent-color has-base-background-color has-text-color has-background wp-block-list\">\n<li>Sz\u00e1mlan\u00f6veked\u00e9s prom\u00f3ci\u00f3 \u00e9s marketing r\u00e9v\u00e9n<\/li>\n\n\n\n<li><a class=\"thirstylink\" rel=\"nofollow\" target=\"_blank\" title=\"Hypefury\" href=\"https:\/\/cammodelagency.com\/hu\/go\/hypefury\/\" data-shortcode=\"true\">K\u00f6z\u00f6ss\u00e9gi m\u00e9dia<\/a> menedzsment<\/li>\n\n\n\n<li>Cseveg\u00e9s a jelenlegi k\u00f6vet\u0151kkel \u00e9s feliratkoz\u00f3kkal<\/li>\n\n\n\n<li><strong>Plusz<\/strong>, havi jelent\u00e9st kapnak, amely bemutatja a tev\u00e9kenys\u00e9get, a n\u00f6veked\u00e9st \u00e9s az \u00faj kezdem\u00e9nyez\u00e9seket.<\/li>\n\n\n\n<li><strong>Plusz<\/strong>, \u00e9lethosszig tart\u00f3 hozz\u00e1f\u00e9r\u00e9st kap minden \u00faj term\u00e9khez, amelyet a <a href=\"http:\/\/SubToMy.com\" target=\"_blank\" rel=\"noopener\" title=\"\">SubToMy.com<\/a><\/li>\n<\/ul>\n\n\n<div class=\"gb-container gb-container-5f21bd73\">\n<div class=\"gb-grid-wrapper gb-grid-wrapper-e34ebfcc\">\n<div class=\"gb-grid-column gb-grid-column-b28a2877\"><div class=\"gb-container gb-container-b28a2877\">\n<div class=\"gb-container gb-container-c17a1f13\">\n\n<h2 class=\"gb-headline gb-headline-610bc41a gb-headline-text\">Tier 1<\/h2>\n\n\n\n<h2 class=\"gb-headline gb-headline-25c22229 gb-headline-text\">$5,000 USD havonta<\/h2>\n\n\n\n<ul class=\"wp-block-list\">\n<li>K\u00f6r\u00fclbel\u00fcl 600 \u00f3ra havonta<\/li>\n\n\n\n<li>16-24 \u00f3ra naponta, a h\u00e9t 7 napj\u00e1n<\/li>\n<\/ul>\n\n<\/div>\n<\/div><\/div>\n\n<div class=\"gb-grid-column gb-grid-column-82938111\"><div class=\"gb-container gb-container-82938111\">\n\n<h2 class=\"gb-headline gb-headline-481c1470 gb-headline-text\">2. szint<\/h2>\n\n\n\n<h2 class=\"gb-headline gb-headline-a0625657 gb-headline-text\">$4,000 USD havonta<\/h2>\n\n\n\n<ul class=\"wp-block-list\">\n<li>K\u00f6r\u00fclbel\u00fcl 400 \u00f3ra havonta<\/li>\n\n\n\n<li>8-16 \u00f3ra naponta, a h\u00e9t 7 napj\u00e1n<\/li>\n<\/ul>\n\n<\/div><\/div>\n\n<div class=\"gb-grid-column gb-grid-column-9837250d\"><div class=\"gb-container gb-container-9837250d\">\n\n<h2 class=\"gb-headline gb-headline-6c7af739 gb-headline-text\">3. szint<\/h2>\n\n\n\n<h2 class=\"gb-headline gb-headline-47398fd5 gb-headline-text\">$2,500 USD havonta<\/h2>\n\n\n\n<ul class=\"wp-block-list\">\n<li>K\u00f6r\u00fclbel\u00fcl 200 \u00f3ra havonta<\/li>\n\n\n\n<li>4-8 \u00f3ra naponta, a h\u00e9t 7 napj\u00e1n<\/li>\n<\/ul>\n\n<\/div><\/div>\n<\/div>\n<\/div>\n\n\n<p class=\"has-text-align-center has-medium-font-size\">K\u00e9szen \u00e1ll, hogy a <a class=\"wpil_keyword_link\" href=\"https:\/\/cammodelagency.com\/onlyfans-alternative\/\" target=\"_blank\" rel=\"noopener\" title=\"OnlyFans\" data-wpil-keyword-link=\"linked\">OnlyFans<\/a> karrierje a k\u00f6vetkez\u0151 szintre? Regisztr\u00e1ljon m\u00e9g ma, \u00e9s akn\u00e1zza ki a fi\u00f3kj\u00e1ban rejl\u0151 teljes potenci\u00e1lt. <a href=\"https:\/\/cammodelagency.com\/apply\/\" target=\"_blank\" rel=\"noopener\" title=\"\"><strong>Jelentkezzen itt<\/strong><\/a>.<\/p>","protected":false},"excerpt":{"rendered":"<p>With our comprehensive suite of services, you can focus on what you do best \u2013 creating captivating content \u2013 while we take care of the rest. Let us handle the management, growth, promotion, and engagement aspects of your OnlyFans journey, empowering you to reach new heights of success. Every tier is priced based on how &#8230; <\/p>\n<p class=\"read-more-container\"><a title=\"A Zero-Commission OnlyFans Management \u00e1raz\u00e1sa\" class=\"read-more button\" href=\"https:\/\/cammodelagency.com\/hu\/pricing\/#more-14294\" aria-label=\"Read more about Pricing for Zero-Commission OnlyFans Management\">Olvass tov\u00e1bb<\/a><\/p>","protected":false},"author":1,"featured_media":13925,"parent":0,"menu_order":0,"comment_status":"closed","ping_status":"closed","template":"","meta":{"footnotes":""},"class_list":{"0":"post-14294","1":"page","2":"type-page","3":"status-publish","4":"has-post-thumbnail","6":"infinite-scroll-item","7":"resize-featured-image"},"aioseo_notices":[],"acf":[],"_links":{"self":[{"href":"https:\/\/cammodelagency.com\/hu\/wp-json\/wp\/v2\/pages\/14294","targetHints":{"allow":["GET"]}}],"collection":[{"href":"https:\/\/cammodelagency.com\/hu\/wp-json\/wp\/v2\/pages"}],"about":[{"href":"https:\/\/cammodelagency.com\/hu\/wp-json\/wp\/v2\/types\/page"}],"author":[{"embeddable":true,"href":"https:\/\/cammodelagency.com\/hu\/wp-json\/wp\/v2\/users\/1"}],"replies":[{"embeddable":true,"href":"https:\/\/cammodelagency.com\/hu\/wp-json\/wp\/v2\/comments?post=14294"}],"version-history":[{"count":13,"href":"https:\/\/cammodelagency.com\/hu\/wp-json\/wp\/v2\/pages\/14294\/revisions"}],"predecessor-version":[{"id":14643,"href":"https:\/\/cammodelagency.com\/hu\/wp-json\/wp\/v2\/pages\/14294\/revisions\/14643"}],"wp:featuredmedia":[{"embeddable":true,"href":"https:\/\/cammodelagency.com\/hu\/wp-json\/wp\/v2\/media\/13925"}],"wp:attachment":[{"href":"https:\/\/cammodelagency.com\/hu\/wp-json\/wp\/v2\/media?parent=14294"}],"curies":[{"name":"wp","href":"https:\/\/api.w.org\/{rel}","templated":true}]}}