{"id":3485,"date":"2020-07-23T13:45:02","date_gmt":"2020-07-23T19:45:02","guid":{"rendered":"https:\/\/cammodelagency.com\/?page_id=3485"},"modified":"2020-11-10T01:34:46","modified_gmt":"2020-11-10T06:34:46","slug":"18-usc-2257","status":"publish","type":"page","link":"https:\/\/cammodelagency.com\/hu\/18-usc-2257\/","title":{"rendered":"18 U.S.C. 2257"},"content":{"rendered":"<p>18 U.S.C. 2257 megfelel\u0151s\u00e9gi \u00e9rtes\u00edt\u00e9s.<\/p>\n\n\n\n<p>A partner vagy a partnerek b\u00e1rmelyik kapcsolt oldala nem tartalmaz illeg\u00e1lis \u00e9s\/vagy kifog\u00e1solhat\u00f3 anyagokat, bele\u00e9rtve, de nem kiz\u00e1r\u00f3lagosan gyermekpornogr\u00e1fi\u00e1t, nemi er\u0151szakot, v\u00e9rfert\u0151z\u00e9st vagy bestialit\u00e1st.<\/p>\n\n\n\n<p>A partner le\u00e1nyv\u00e1llalatok megfelelnek az amerikai 2257-es megfelel\u00e9si k\u00f6vetelm\u00e9nyeknek.<\/p>\n\n\n\n<p>A jelen weboldalon tal\u00e1lhat\u00f3 b\u00e1rmely k\u00e9pi \u00e1br\u00e1zol\u00e1son szerepl\u0151 valamennyi szem\u00e9ly tizennyolcadik \u00e9let\u00e9v\u00e9t bet\u00f6lt\u00f6tte az \u00e1br\u00e1zol\u00e1s k\u00e9sz\u00edt\u00e9s\u00e9nek id\u0151pontj\u00e1ban. Az Egyes\u00fclt \u00c1llamok t\u00f6rv\u00e9nyk\u00f6nyve 18. c\u00edm\u00e9nek 2257. szakasza \u00e1ltal el\u0151\u00edrt nyilv\u00e1ntart\u00e1st a t\u00e9nyleges szexu\u00e1lisan egy\u00e9rtelm\u0171 viselked\u00e9st \u00e1br\u00e1zol\u00f3 k\u00e9pi \u00e1br\u00e1zol\u00e1sok tekintet\u00e9ben a nyilv\u00e1ntart\u00e1st kezel\u0151 szem\u00e9ly vezeti.<\/p>","protected":false},"excerpt":{"rendered":"<p>18 U.S.C. 2257 compliance notice. Partner or any of the partners&#8217; affiliated sites will not contain any illegal and\/or objectionable materials, including, but not limited to, child pornography, rape, incest, or bestiality. Partner affiliates comply with US 2257 Compliance requirements. All persons who appear in any visual depiction contained in this website were eighteen years &#8230; <\/p>\n<p class=\"read-more-container\"><a title=\"18 U.S.C. 2257\" class=\"read-more button\" href=\"https:\/\/cammodelagency.com\/hu\/18-usc-2257\/#more-3485\" aria-label=\"Read more about 18 U.S.C. 2257\">Olvass tov\u00e1bb<\/a><\/p>","protected":false},"author":1,"featured_media":0,"parent":0,"menu_order":0,"comment_status":"closed","ping_status":"closed","template":"","meta":{"footnotes":""},"class_list":{"0":"post-3485","1":"page","2":"type-page","3":"status-publish","5":"infinite-scroll-item"},"aioseo_notices":[],"acf":[],"_links":{"self":[{"href":"https:\/\/cammodelagency.com\/hu\/wp-json\/wp\/v2\/pages\/3485","targetHints":{"allow":["GET"]}}],"collection":[{"href":"https:\/\/cammodelagency.com\/hu\/wp-json\/wp\/v2\/pages"}],"about":[{"href":"https:\/\/cammodelagency.com\/hu\/wp-json\/wp\/v2\/types\/page"}],"author":[{"embeddable":true,"href":"https:\/\/cammodelagency.com\/hu\/wp-json\/wp\/v2\/users\/1"}],"replies":[{"embeddable":true,"href":"https:\/\/cammodelagency.com\/hu\/wp-json\/wp\/v2\/comments?post=3485"}],"version-history":[{"count":2,"href":"https:\/\/cammodelagency.com\/hu\/wp-json\/wp\/v2\/pages\/3485\/revisions"}],"predecessor-version":[{"id":5162,"href":"https:\/\/cammodelagency.com\/hu\/wp-json\/wp\/v2\/pages\/3485\/revisions\/5162"}],"wp:attachment":[{"href":"https:\/\/cammodelagency.com\/hu\/wp-json\/wp\/v2\/media?parent=3485"}],"curies":[{"name":"wp","href":"https:\/\/api.w.org\/{rel}","templated":true}]}}