{"id":127,"date":"2020-01-07T23:45:55","date_gmt":"2020-01-08T05:45:55","guid":{"rendered":"https:\/\/cammodelagency.com\/?page_id=127"},"modified":"2024-01-10T21:21:23","modified_gmt":"2024-01-11T02:21:23","slug":"termini-e-condizioni","status":"publish","type":"page","link":"https:\/\/cammodelagency.com\/it\/terms-and-conditions\/","title":{"rendered":"Termini e condizioni"},"content":{"rendered":"<p>Ultimo aggiornamento: 10 gennaio 2024<\/p>\n\n\n\n<p>Si prega di leggere attentamente i presenti Termini e Condizioni (\"Termini\", \"Termini e Condizioni\") prima di utilizzare il sito web https:\/\/cammodelagency.com (il \"Servizio\") gestito da Onyx Defiant LLC (\"noi\", \"ci\" o \"nostro\").<\/p>\n\n\n\n<p>L'accesso e l'utilizzo del Servizio da parte dell'utente sono subordinati all'accettazione e al rispetto dei presenti Termini. I presenti Termini si applicano a tutti i visitatori, utenti e altri soggetti che desiderano accedere o utilizzare il Servizio.<\/p>\n\n\n\n<p>Accedendo o utilizzando il Servizio accetti di essere vincolato dai presenti Termini. Se non sei d'accordo con qualsiasi parte dei termini, non sei autorizzato ad accedere al Servizio.<\/p>\n\n\n\n<h2 class=\"wp-block-heading\">Comunicazioni<\/h2>\n\n\n\n<p>Creando un account sul nostro servizio, accetti di iscriverti alle newsletter, al materiale promozionale o di marketing e ad altre informazioni che potremmo inviarti. Tuttavia, l'utente pu\u00f2 rinunciare a ricevere tutte o alcune di queste comunicazioni da parte nostra seguendo il link di cancellazione o le istruzioni fornite in qualsiasi e-mail inviata.<\/p>\n\n\n\n<h2 class=\"wp-block-heading\">Acquisti<\/h2>\n\n\n\n<p>Se desideri acquistare un prodotto o un servizio reso disponibile attraverso il Servizio (\"Acquisto\"), potrebbe esserti richiesto di fornire alcune informazioni relative all'Acquisto, tra cui, a titolo esemplificativo e non esaustivo, il numero di carta di credito, la data di scadenza della carta di credito, l'indirizzo di fatturazione e le informazioni di spedizione.<\/p>\n\n\n\n<p>L'utente dichiara e garantisce che: (i) di avere il diritto legale di utilizzare qualsiasi carta di credito o altro metodo di pagamento in relazione a qualsiasi Acquisto; e che (ii) le informazioni che ci fornisci sono vere, corrette e complete.<\/p>\n\n\n\n<p>Il servizio pu\u00f2 avvalersi di servizi di terze parti per facilitare il pagamento e il completamento degli acquisti. Inviando i tuoi dati, ci concedi il diritto di fornirli a queste terze parti nel rispetto della nostra Informativa sulla privacy.<\/p>\n\n\n\n<p>Ci riserviamo il diritto di rifiutare o cancellare il tuo ordine in qualsiasi momento per motivi che includono, ma non si limitano a: disponibilit\u00e0 del prodotto o del servizio, errori nella descrizione o nel prezzo del prodotto o del servizio, errori nell'ordine o altri motivi.<\/p>\n\n\n\n<p>Ci riserviamo il diritto di rifiutare o cancellare il tuo ordine in caso di sospetto di frode o di transazione non autorizzata o illegale.<\/p>\n\n\n\n<h2 class=\"wp-block-heading\">Disponibilit\u00e0, errori e imprecisioni<\/h2>\n\n\n\n<p>Aggiorniamo costantemente le offerte di prodotti e servizi sul Servizio. Potremmo subire ritardi nell'aggiornamento delle informazioni sul Servizio e nella nostra pubblicit\u00e0 su altri siti web. Le informazioni contenute nel Servizio potrebbero contenere errori o imprecisioni e potrebbero non essere complete o aggiornate. I prodotti o i servizi potrebbero avere prezzi errati, essere descritti in modo impreciso o non essere disponibili sul Servizio e non possiamo garantire l'accuratezza o la completezza delle informazioni presenti sul Servizio.<\/p>\n\n\n\n<p>Ci riserviamo pertanto il diritto di modificare o aggiornare le informazioni e di correggere errori, imprecisioni o omissioni in qualsiasi momento e senza preavviso.<\/p>\n\n\n\n<h2 class=\"wp-block-heading\">Contenuto<\/h2>\n\n\n\n<p>Il nostro Servizio ti consente di pubblicare, collegare, archiviare, condividere e rendere altrimenti disponibili determinate informazioni, testi, grafici, video o altro materiale (\"Contenuti\"). L'utente \u00e8 responsabile dei Contenuti che pubblica su o tramite il Servizio, inclusa la loro legalit\u00e0, affidabilit\u00e0 e adeguatezza.<\/p>\n\n\n\n<p>Pubblicando Contenuti su o attraverso il Servizio, l'Utente dichiara e garantisce che: (i) il Contenuto \u00e8 tuo (di tua propriet\u00e0) e\/o hai il diritto di utilizzarlo e il diritto di concederci i diritti e la licenza previsti dai presenti Termini, e (ii) che la pubblicazione del tuo Contenuto su o attraverso il Servizio non viola i diritti di privacy, i diritti di pubblicit\u00e0, i diritti d'autore, i diritti contrattuali o qualsiasi altro diritto di qualsiasi persona o entit\u00e0. Ci riserviamo il diritto di chiudere l'account di chiunque sia ritenuto in violazione di un copyright.<\/p>\n\n\n\n<p>L'utente conserva tutti i suoi diritti su qualsiasi Contenuto inviato, pubblicato o visualizzato su o tramite il Servizio ed \u00e8 responsabile della protezione di tali diritti. Non ci assumiamo alcuna responsabilit\u00e0 per i Contenuti che l'utente o terze parti pubblicano su o tramite il Servizio. Tuttavia, pubblicando Contenuti tramite il Servizio, l'utente ci concede il diritto e la licenza di utilizzare, modificare, eseguire pubblicamente, visualizzare pubblicamente, riprodurre e distribuire tali Contenuti su e tramite il Servizio. L'utente accetta che questa licenza includa il diritto di rendere disponibili i suoi Contenuti ad altri utenti del Servizio, che potranno utilizzare i suoi Contenuti nel rispetto dei presenti Termini.<\/p>\n\n\n\n<p>Onyx Defiant LLC ha il diritto ma non l'obbligo di monitorare e modificare tutti i Contenuti forniti dagli utenti.<\/p>\n\n\n\n<p>Inoltre, i Contenuti trovati su o attraverso questo Servizio sono di propriet\u00e0 di Onyx Defiant LLC o utilizzati con autorizzazione. L'utente non pu\u00f2 distribuire, modificare, trasmettere, riutilizzare, scaricare, ripubblicare, copiare o utilizzare tali Contenuti, in tutto o in parte, per scopi commerciali o per guadagno personale, senza l'espressa autorizzazione scritta da parte nostra.<\/p>\n\n\n\n<h2 class=\"wp-block-heading\">Conti<\/h2>\n\n\n\n<p>Quando crei un account con noi, garantisci di avere pi\u00f9 di 18 anni e che le informazioni che ci fornisci sono accurate, complete e sempre aggiornate. Informazioni inesatte, incomplete o obsolete possono comportare l'immediata chiusura del tuo account sul Servizio.<\/p>\n\n\n\n<p>L'utente \u00e8 responsabile del mantenimento della riservatezza del proprio account e della propria password, compresa, a titolo esemplificativo, la limitazione dell'accesso al proprio computer e\/o account. L'utente accetta di assumersi la responsabilit\u00e0 di tutte le attivit\u00e0 o azioni che si svolgono con il suo account e\/o la sua password, sia che la sua password appartenga al nostro Servizio o a un servizio di terzi. L'utente \u00e8 tenuto a notificarci immediatamente qualsiasi violazione della sicurezza o uso non autorizzato del proprio account.<\/p>\n\n\n\n<p>Non puoi utilizzare come nome utente il nome di un'altra persona o entit\u00e0 o che non sia legalmente disponibile per l'uso, un nome o un marchio che sia soggetto a diritti di un'altra persona o entit\u00e0 diversa da te, senza un'adeguata autorizzazione. Non puoi utilizzare come nome utente nomi offensivi, volgari o osceni.<\/p>\n\n\n\n<p>Ci riserviamo il diritto di rifiutare il servizio, chiudere gli account, rimuovere o modificare i contenuti o annullare gli ordini a nostra esclusiva discrezione.<\/p>\n\n\n\n<h2 class=\"wp-block-heading\">Propriet\u00e0 intellettuale<\/h2>\n\n\n\n<p>Il Servizio e i suoi contenuti originali (esclusi i Contenuti forniti dagli utenti), le caratteristiche e le funzionalit\u00e0 sono e rimarranno di propriet\u00e0 esclusiva di Onyx Defiant LLC e dei suoi licenziatari. Il Servizio \u00e8 protetto da copyright, marchi e altre leggi degli Stati Uniti e di altri paesi. I nostri marchi e la nostra immagine commerciale non possono essere utilizzati in relazione a qualsiasi prodotto o servizio senza il previo consenso scritto di Onyx Defiant LLC.<\/p>\n\n\n\n<h2 class=\"wp-block-heading\">Link ad altri siti web<\/h2>\n\n\n\n<p>Il nostro Servizio pu\u00f2 contenere link a siti web o servizi di terzi che non sono di propriet\u00e0 o controllati da Onyx Defiant LLC.<\/p>\n\n\n\n<p>Onyx Defiant LLC non ha alcun controllo e non si assume alcuna responsabilit\u00e0 per i contenuti, le politiche sulla privacy o le pratiche di siti web o servizi di terzi. Non garantiamo le offerte di queste entit\u00e0\/individui o dei loro siti web.<\/p>\n\n\n\n<p>Riconosci e accetti che Onyx Defiant LLC non sar\u00e0 responsabile, direttamente o indirettamente, per qualsiasi danno o perdita causata o che si presume possa essere causata da o in connessione con l'uso o l'affidamento su tali contenuti, beni o servizi disponibili su o attraverso tali siti web o servizi di terzi.<\/p>\n\n\n\n<p>Ti consigliamo vivamente di leggere i termini e le condizioni e le politiche sulla privacy di qualsiasi sito web o servizio di terzi che visiti.<\/p>\n\n\n\n<h2 class=\"wp-block-heading\">Terminazione<\/h2>\n\n\n\n<p>Possiamo chiudere o sospendere il tuo account e impedire l'accesso al Servizio immediatamente, senza preavviso o responsabilit\u00e0, a nostra esclusiva discrezione, per qualsiasi motivo e senza limitazioni, inclusa, ma non solo, una violazione dei Termini.<\/p>\n\n\n\n<p>Se l'utente desidera terminare il proprio account, pu\u00f2 semplicemente interrompere l'utilizzo del Servizio.<\/p>\n\n\n\n<p>Tutte le disposizioni dei Termini che per loro natura dovrebbero sopravvivere alla risoluzione sopravvivranno alla risoluzione, incluse, a titolo esemplificativo, le disposizioni sulla propriet\u00e0, le esclusioni di garanzia, le indennit\u00e0 e le limitazioni di responsabilit\u00e0.<\/p>\n\n\n\n<h2 class=\"wp-block-heading\">Indennizzo<\/h2>\n\n\n\n<p>Accetti di difendere, indennizzare e manlevare Onyx Defiant LLC e i suoi licenziatari e licenzianti, nonch\u00e9 i loro dipendenti, appaltatori, agenti, funzionari e direttori, da e contro qualsiasi reclamo, danno, obbligo, perdita, responsabilit\u00e0, costo o debito e spese (incluse, ma non solo, le spese legali), derivanti da o derivanti da a) l'uso e l'accesso al Servizio da parte tua o di qualsiasi persona che utilizzi il tuo account e la tua password; b) una violazione dei presenti Termini o c) i Contenuti pubblicati sul Servizio.<\/p>\n\n\n\n<h2 class=\"wp-block-heading\">Limitazione di responsabilit\u00e0<\/h2>\n\n\n\n<p>In nessun caso Onyx Defiant LLC, n\u00e9 i suoi direttori, dipendenti, partner, agenti, fornitori o affiliati, saranno responsabili per danni indiretti, incidentali, speciali, consequenziali o punitivi, inclusi, senza limitazioni, perdita di profitti, dati, utilizzo, avviamento o altre perdite intangibili, derivanti da (i) accesso, utilizzo o incapacit\u00e0 di accedere o utilizzare il Servizio da parte dell'utente; (ii) qualsiasi condotta o contenuto di terzi sul Servizio; (iii) qualsiasi contenuto ottenuto dal Servizio; e (iv) accesso non autorizzato, uso o alterazione delle tue trasmissioni o contenuti, sia in base alla garanzia, al contratto, al torto (inclusa la negligenza) o a qualsiasi altra teoria legale, indipendentemente dal fatto che siamo stati informati o meno della possibilit\u00e0 di tali danni, e anche nel caso in cui un rimedio qui previsto risulti essere venuto meno al suo scopo essenziale.<\/p>\n\n\n\n<h2 class=\"wp-block-heading\">Esclusione di responsabilit\u00e0<\/h2>\n\n\n\n<p>L'utilizzo del Servizio da parte dell'utente \u00e8 a suo esclusivo rischio. Il Servizio \u00e8 fornito \"COS\u00cc COM'\u00c8\" e \"COME DISPONIBILE\". Il Servizio viene fornito senza garanzie di alcun tipo, espresse o implicite, incluse, a titolo esemplificativo e non esaustivo, le garanzie implicite di commerciabilit\u00e0, idoneit\u00e0 per uno scopo particolare, non violazione o corso delle prestazioni.<\/p>\n\n\n\n<p>Onyx Defiant LLC, le sue consociate, le sue affiliate e i suoi licenziatari non garantiscono che a) il Servizio funzioner\u00e0 ininterrottamente, sar\u00e0 sicuro o disponibile in qualsiasi momento o luogo particolare; b) eventuali errori o difetti saranno corretti; c) il Servizio \u00e8 privo di virus o altri componenti dannosi; o d) i risultati dell'utilizzo del Servizio soddisferanno i requisiti dell'utente.<\/p>\n\n\n\n<h2 class=\"wp-block-heading\">Esclusioni<\/h2>\n\n\n\n<p>Alcune giurisdizioni non consentono l'esclusione di alcune garanzie o l'esclusione o la limitazione di responsabilit\u00e0 per danni conseguenti o accidentali, pertanto le limitazioni di cui sopra potrebbero non essere applicabili all'utente.<\/p>\n\n\n\n<h2 class=\"wp-block-heading\">Legge applicabile<\/h2>\n\n\n\n<p>I presenti Termini saranno disciplinati e interpretati in conformit\u00e0 alle leggi del South Dakota, Stati Uniti, senza tener conto delle disposizioni in materia di conflitto di leggi.<\/p>\n\n\n\n<p>La mancata applicazione da parte nostra di qualsiasi diritto o disposizione dei presenti Termini non sar\u00e0 considerata una rinuncia a tali diritti. Qualora una disposizione dei presenti Termini sia ritenuta non valida o non applicabile da un tribunale, le restanti disposizioni dei Termini rimarranno in vigore. I presenti Termini costituiscono l'intero accordo tra noi in merito al nostro Servizio e sostituiscono qualsiasi accordo precedente tra noi in merito al Servizio.<\/p>\n\n\n\n<h2 class=\"wp-block-heading\">Cambiamenti<\/h2>\n\n\n\n<p>Ci riserviamo il diritto, a nostra esclusiva discrezione, di modificare o sostituire i presenti Termini in qualsiasi momento. In caso di modifiche sostanziali, forniremo un preavviso di almeno 30 giorni prima dell'entrata in vigore dei nuovi termini. Ci\u00f2 che costituisce una modifica sostanziale sar\u00e0 determinato a nostra esclusiva discrezione.<\/p>\n\n\n\n<p>Continuando ad accedere o a utilizzare il nostro Servizio dopo l'entrata in vigore di eventuali revisioni, accetti di essere vincolato ai termini rivisti. Se non accetti i nuovi termini, non sei pi\u00f9 autorizzato a utilizzare il Servizio.<\/p>\n\n\n\n<h2 class=\"wp-block-heading\">Contattaci<\/h2>\n\n\n\n<p>In caso di domande sui presenti Termini, contattaci.<\/p>","protected":false},"excerpt":{"rendered":"<p>Last updated: January 10, 2024 Please read these Terms and Conditions (&#8220;Terms&#8221;, &#8220;Terms and Conditions&#8221;) carefully before using the https:\/\/cammodelagency.com website (the &#8220;Service&#8221;) operated by Onyx Defiant LLC (&#8220;us&#8221;, &#8220;we&#8221;, or &#8220;our&#8221;). Your access to and use of the Service is conditioned upon your acceptance of and compliance with these Terms. These Terms apply to &#8230; <\/p>\n<p class=\"read-more-container\"><a title=\"Termini e condizioni\" class=\"read-more button\" href=\"https:\/\/cammodelagency.com\/it\/terms-and-conditions\/#more-127\" aria-label=\"Per saperne di pi\u00f9 su Terms and Conditions\">Leggi tutto<\/a><\/p>","protected":false},"author":1,"featured_media":0,"parent":0,"menu_order":0,"comment_status":"closed","ping_status":"closed","template":"","meta":{"footnotes":""},"class_list":{"0":"post-127","1":"page","2":"type-page","3":"status-publish","5":"infinite-scroll-item"},"aioseo_notices":[],"acf":[],"_links":{"self":[{"href":"https:\/\/cammodelagency.com\/it\/wp-json\/wp\/v2\/pages\/127","targetHints":{"allow":["GET"]}}],"collection":[{"href":"https:\/\/cammodelagency.com\/it\/wp-json\/wp\/v2\/pages"}],"about":[{"href":"https:\/\/cammodelagency.com\/it\/wp-json\/wp\/v2\/types\/page"}],"author":[{"embeddable":true,"href":"https:\/\/cammodelagency.com\/it\/wp-json\/wp\/v2\/users\/1"}],"replies":[{"embeddable":true,"href":"https:\/\/cammodelagency.com\/it\/wp-json\/wp\/v2\/comments?post=127"}],"version-history":[{"count":7,"href":"https:\/\/cammodelagency.com\/it\/wp-json\/wp\/v2\/pages\/127\/revisions"}],"predecessor-version":[{"id":15862,"href":"https:\/\/cammodelagency.com\/it\/wp-json\/wp\/v2\/pages\/127\/revisions\/15862"}],"wp:attachment":[{"href":"https:\/\/cammodelagency.com\/it\/wp-json\/wp\/v2\/media?parent=127"}],"curies":[{"name":"wp","href":"https:\/\/api.w.org\/{rel}","templated":true}]}}