{"id":3259,"date":"2020-07-12T20:47:10","date_gmt":"2020-07-13T02:47:10","guid":{"rendered":"https:\/\/cammodelagency.com\/?page_id=3259"},"modified":"2020-07-29T12:39:32","modified_gmt":"2020-07-29T18:39:32","slug":"filialo-atskleidimas","status":"publish","type":"page","link":"https:\/\/cammodelagency.com\/lt\/affiliate-disclosure\/","title":{"rendered":"Partneri\u0173 atskleidimas"},"content":{"rendered":"<header class=\"entry-header\">\n<h1 class=\"entry-title\">Partneri\u0173 atskleidimas<\/h1>\n<\/header>\n<div class=\"entry-content\">\n<div class=\"entry-content clearfix\">\n<p>Federalin\u0117 prekybos komisija reikalauja, kad ra\u0161ydamas apie gamin\u012f ar paslaug\u0105 atskleis\u010diau bet kokius savo ry\u0161ius su gaminio gamintoju ar paslaugos teik\u0117ju.<\/p>\n<p>\u010cia pateikiamos gair\u0117s, kuriomis vadovaujuosi \"Cam Model Agency\":<\/p>\n<ul>\n<li>Jei ap\u017evalgoje pateikiu nuorod\u0105 \u012f produkt\u0105 ar paslaug\u0105, kartais galiu gauti komisin\u012f atlyginim\u0105, jei \u012fsigysite produkt\u0105 ar paslaug\u0105. \u0160ios nuorodos \u012ftraukiamos po to, kai \u012fra\u0161ai para\u0161yti, o \u012fra\u0161ai niekada nesudaromi siekiant \u012ftraukti reklam\u0105.<\/li>\n<li>Joks reklamuotojas niekada nedarys \u012ftakos \u0161ios svetain\u0117s turiniui, temoms ar prane\u0161imams.<\/li>\n<li>cammodelagency.com dalyvauja \u012fvairiose kitose partneri\u0173 programose ir kartais gauname komisinius u\u017e pirkinius, atliktus per m\u016bs\u0173 nuorodas.<\/li>\n<li>Jei u\u017esiregistruosite bet kokioje paslaugoje ar platformoje, galiu gauti procentin\u0119 nuorod\u0105, kuri nebus i\u0161skai\u010diuota i\u0161 j\u016bs\u0173 u\u017edarbio.<\/li>\n<\/ul>\n<p>Kitaip tariant, \u0161ioje svetain\u0117je naudoju partneri\u0173 nuorodas. Jums tai nieko papildomai nekainuoja, bet jei nuspr\u0119site k\u0105 nors u\u017esiregistruoti arba k\u0105 nors nusipirkti naudodamiesi viena i\u0161 mano nuorod\u0173, gausiu nedidel\u012f atlyg\u012f, kad \u0161i svetain\u0117 veikt\u0173.<\/p>\n<p>Link\u0117jimai<\/p>\n<\/div>\n<\/div>","protected":false},"excerpt":{"rendered":"<p>Affiliate Disclosure The Federal Trade Commission requires that I disclose any relationship I have between a product manufacturer or service provider when I write about a product or service. Here are the guidelines I operate under here at the Cam Model Agency: If I create a link to a product or service in a review, &#8230; <\/p>\n<p class=\"read-more-container\"><a title=\"Partneri\u0173 atskleidimas\" class=\"read-more button\" href=\"https:\/\/cammodelagency.com\/lt\/affiliate-disclosure\/#more-3259\" aria-label=\"Read more about Affiliate Disclosure\">Skaityti daugiau<\/a><\/p>","protected":false},"author":1,"featured_media":0,"parent":0,"menu_order":0,"comment_status":"closed","ping_status":"closed","template":"","meta":{"footnotes":""},"class_list":{"0":"post-3259","1":"page","2":"type-page","3":"status-publish","5":"infinite-scroll-item"},"aioseo_notices":[],"acf":[],"_links":{"self":[{"href":"https:\/\/cammodelagency.com\/lt\/wp-json\/wp\/v2\/pages\/3259","targetHints":{"allow":["GET"]}}],"collection":[{"href":"https:\/\/cammodelagency.com\/lt\/wp-json\/wp\/v2\/pages"}],"about":[{"href":"https:\/\/cammodelagency.com\/lt\/wp-json\/wp\/v2\/types\/page"}],"author":[{"embeddable":true,"href":"https:\/\/cammodelagency.com\/lt\/wp-json\/wp\/v2\/users\/1"}],"replies":[{"embeddable":true,"href":"https:\/\/cammodelagency.com\/lt\/wp-json\/wp\/v2\/comments?post=3259"}],"version-history":[{"count":3,"href":"https:\/\/cammodelagency.com\/lt\/wp-json\/wp\/v2\/pages\/3259\/revisions"}],"predecessor-version":[{"id":5158,"href":"https:\/\/cammodelagency.com\/lt\/wp-json\/wp\/v2\/pages\/3259\/revisions\/5158"}],"wp:attachment":[{"href":"https:\/\/cammodelagency.com\/lt\/wp-json\/wp\/v2\/media?parent=3259"}],"curies":[{"name":"wp","href":"https:\/\/api.w.org\/{rel}","templated":true}]}}