{"id":3485,"date":"2020-07-23T13:45:02","date_gmt":"2020-07-23T19:45:02","guid":{"rendered":"https:\/\/cammodelagency.com\/?page_id=3485"},"modified":"2020-11-10T01:34:46","modified_gmt":"2020-11-10T06:34:46","slug":"18-usc-2257","status":"publish","type":"page","link":"https:\/\/cammodelagency.com\/lt\/18-usc-2257\/","title":{"rendered":"18 U.S.C. 2257"},"content":{"rendered":"<p>18 U.S.C. 2257 atitikties prane\u0161imas.<\/p>\n\n\n\n<p>Partnerio ar bet kurioje su partneriu susijusioje svetain\u0117je nebus jokios neteis\u0117tos ir (arba) netinkamos med\u017eiagos, \u012fskaitant, bet neapsiribojant, vaik\u0173 pornografij\u0105, i\u0161prievartavim\u0105, incest\u0105 ar zoofilij\u0105.<\/p>\n\n\n\n<p>Partneri\u0173 filialai laikosi JAV 2257 atitikties reikalavim\u0173.<\/p>\n\n\n\n<p>Visi \u0161ioje svetain\u0117je esan\u010diuose vaizdiniuose pavaizduoti asmenys toki\u0173 vaizdini\u0173 k\u016brimo metu buvo a\u0161tuoniolikos met\u0173 am\u017eiaus arba vyresni. \u012era\u0161us, kuri\u0173 reikalaujama pagal Jungtini\u0173 Valstij\u0173 kodekso 18 antra\u0161tin\u0117s dalies 2257 skirsn\u012f, susijusius su faktinio seksualinio elgesio vaizdiniais, saugo \u012fra\u0161\u0173 saugotojas.<\/p>","protected":false},"excerpt":{"rendered":"<p>18 U.S.C. 2257 compliance notice. Partner or any of the partners&#8217; affiliated sites will not contain any illegal and\/or objectionable materials, including, but not limited to, child pornography, rape, incest, or bestiality. Partner affiliates comply with US 2257 Compliance requirements. All persons who appear in any visual depiction contained in this website were eighteen years &#8230; <\/p>\n<p class=\"read-more-container\"><a title=\"18 U.S.C. 2257\" class=\"read-more button\" href=\"https:\/\/cammodelagency.com\/lt\/18-usc-2257\/#more-3485\" aria-label=\"Read more about 18 U.S.C. 2257\">Skaityti daugiau<\/a><\/p>","protected":false},"author":1,"featured_media":0,"parent":0,"menu_order":0,"comment_status":"closed","ping_status":"closed","template":"","meta":{"footnotes":""},"class_list":{"0":"post-3485","1":"page","2":"type-page","3":"status-publish","5":"infinite-scroll-item"},"aioseo_notices":[],"acf":[],"_links":{"self":[{"href":"https:\/\/cammodelagency.com\/lt\/wp-json\/wp\/v2\/pages\/3485","targetHints":{"allow":["GET"]}}],"collection":[{"href":"https:\/\/cammodelagency.com\/lt\/wp-json\/wp\/v2\/pages"}],"about":[{"href":"https:\/\/cammodelagency.com\/lt\/wp-json\/wp\/v2\/types\/page"}],"author":[{"embeddable":true,"href":"https:\/\/cammodelagency.com\/lt\/wp-json\/wp\/v2\/users\/1"}],"replies":[{"embeddable":true,"href":"https:\/\/cammodelagency.com\/lt\/wp-json\/wp\/v2\/comments?post=3485"}],"version-history":[{"count":2,"href":"https:\/\/cammodelagency.com\/lt\/wp-json\/wp\/v2\/pages\/3485\/revisions"}],"predecessor-version":[{"id":5162,"href":"https:\/\/cammodelagency.com\/lt\/wp-json\/wp\/v2\/pages\/3485\/revisions\/5162"}],"wp:attachment":[{"href":"https:\/\/cammodelagency.com\/lt\/wp-json\/wp\/v2\/media?parent=3485"}],"curies":[{"name":"wp","href":"https:\/\/api.w.org\/{rel}","templated":true}]}}