{"id":119,"date":"2020-01-07T20:00:25","date_gmt":"2020-01-08T02:00:25","guid":{"rendered":"https:\/\/cammodelagency.com\/?page_id=119"},"modified":"2023-06-11T16:09:03","modified_gmt":"2023-06-11T21:09:03","slug":"sazinaties-ar","status":"publish","type":"page","link":"https:\/\/cammodelagency.com\/lv\/contact\/","title":{"rendered":"Sazinieties ar mums"},"content":{"rendered":"<p>Neatkar\u012bgi no t\u0101, vai esi pieaugu\u0161o izpild\u012bt\u0101js, kas v\u0113las izveidot vietni, piesaist\u012bt komandu, kas p\u0101rvald\u012btu un populariz\u0113tu tavu premium soci\u0101los t\u012bklus, vai sa\u0146emt jebk\u0101du padomu. Rakstiet mums vai uzdodiet jaut\u0101jumu, un m\u0113s dr\u012bz ar jums sazin\u0101simies. L\u016bdzu, noklik\u0161\u0137iniet uz zem\u0101k redzam\u0101s pogas un noteikti nor\u0101diet<\/p>\n\n\n\n<ul class=\"wp-block-list\">\n<li>J\u016bsu v\u0101rds vai uz\u0146\u0113muma nosaukums<\/li>\n\n\n\n<li>Kontaktt\u0101lrunis<\/li>\n\n\n\n<li>J\u016bsu t\u012bmek\u013ca vietne<\/li>\n\n\n\n<li>Un zi\u0146a<\/li>\n<\/ul>\n\n\n\n<a class=\"gb-button gb-button-23bc9da1 gb-button-text\" href=\"mailto:admin@cammodelagency.com?cc=justin@cammodelagency.com&amp;body=Your%20name%20or%20business%20name%3A%0D%0AA%20contact%20number%3A%0D%0AYour%20website%2Flink%3A%0D%0A%0D%0AMessage%3A%0D%0A\" target=\"_blank\" rel=\"noopener noreferrer\">Noklik\u0161\u0137iniet \u0161eit, lai rakst\u012btu mums tagad<\/a>","protected":false},"excerpt":{"rendered":"<p>Neatkar\u012bgi no t\u0101, vai esi pieaugu\u0161o izpild\u012bt\u0101js, kas v\u0113las izveidot vietni, piesaist\u012bt komandu, kas p\u0101rvald\u012btu un populariz\u0113tu tavu premium soci\u0101los t\u012bklus, vai sa\u0146emt jebk\u0101du padomu. Rakstiet mums vai uzdodiet jaut\u0101jumu, un m\u0113s dr\u012bz ar jums sazin\u0101simies. L\u016bdzu, noklik\u0161\u0137iniet uz zem\u0101k redzam\u0101s pogas un noteikti nor\u0101diet<\/p>","protected":false},"author":1,"featured_media":0,"parent":0,"menu_order":0,"comment_status":"closed","ping_status":"closed","template":"","meta":{"footnotes":""},"class_list":{"0":"post-119","1":"page","2":"type-page","3":"status-publish","5":"infinite-scroll-item"},"aioseo_notices":[],"acf":[],"_links":{"self":[{"href":"https:\/\/cammodelagency.com\/lv\/wp-json\/wp\/v2\/pages\/119","targetHints":{"allow":["GET"]}}],"collection":[{"href":"https:\/\/cammodelagency.com\/lv\/wp-json\/wp\/v2\/pages"}],"about":[{"href":"https:\/\/cammodelagency.com\/lv\/wp-json\/wp\/v2\/types\/page"}],"author":[{"embeddable":true,"href":"https:\/\/cammodelagency.com\/lv\/wp-json\/wp\/v2\/users\/1"}],"replies":[{"embeddable":true,"href":"https:\/\/cammodelagency.com\/lv\/wp-json\/wp\/v2\/comments?post=119"}],"version-history":[{"count":24,"href":"https:\/\/cammodelagency.com\/lv\/wp-json\/wp\/v2\/pages\/119\/revisions"}],"predecessor-version":[{"id":14350,"href":"https:\/\/cammodelagency.com\/lv\/wp-json\/wp\/v2\/pages\/119\/revisions\/14350"}],"wp:attachment":[{"href":"https:\/\/cammodelagency.com\/lv\/wp-json\/wp\/v2\/media?parent=119"}],"curies":[{"name":"wp","href":"https:\/\/api.w.org\/{rel}","templated":true}]}}