{"id":14255,"date":"2023-04-24T01:41:09","date_gmt":"2023-04-24T06:41:09","guid":{"rendered":"https:\/\/cammodelagency.com\/?page_id=14255"},"modified":"2023-07-26T17:57:13","modified_gmt":"2023-07-26T22:57:13","slug":"izaicinajums","status":"publish","type":"page","link":"https:\/\/cammodelagency.com\/lv\/challenge\/","title":{"rendered":"30 dienu OnlyFans izaicin\u0101jums"},"content":{"rendered":"<h1 class=\"gb-headline gb-headline-730f3edf gb-headline-text\">P\u0101rveidojiet savu OnlyFans biznesu 30 dienu laik\u0101<\/h1>\n\n\n\n<h2 class=\"gb-headline gb-headline-9dcb4308 gb-headline-text\">Izaicin\u0101jums, lai palielin\u0101tu p\u0101rdo\u0161anas apjomu un iesaist\u012b\u0161anos<\/h2>\n\n\n\n<p>Laipni l\u016bgti m\u016bsu 30 dienu izaicin\u0101jum\u0101, lai p\u0101rveidotu savu <a class=\"thirstylink\" rel=\"nofollow\" target=\"_blank\" title=\"OnlyFans\" href=\"https:\/\/cammodelagency.com\/lv\/go\/onlyfans\/\" data-shortcode=\"true\">OnlyFans<\/a> bizness! Vai esat gatavs pacelt savu biznesu n\u0101kamaj\u0101 l\u012bmen\u012b? Neatkar\u012bgi no t\u0101, vai j\u016bs tikai s\u0101kat vai v\u0113laties uzlabot savu eso\u0161o profilu, \u0161is izaicin\u0101jums pal\u012bdz\u0113s jums palielin\u0101t p\u0101rdo\u0161anas apjomu un klientu iesaisti.<\/p>\n\n\n\n<p>\u0160is izaicin\u0101jums ir dom\u0101ts jums. <a class=\"wpil_keyword_link\" href=\"https:\/\/cammodelagency.com\/onlyfans-alternative\/\" target=\"_blank\" rel=\"noopener\" title=\"OnlyFans\" data-wpil-keyword-link=\"linked\">OnlyFans<\/a> satura rad\u012bt\u0101js (vai jebkur\u0161 cits pieaugu\u0161o satura rad\u012bt\u0101js), kur\u0161 v\u0113las savu kontu pacelt n\u0101kamaj\u0101 l\u012bmen\u012b. 30 dienu laik\u0101 m\u0113s jums sniegsim ikdienas uzdevumus un padomus, kas pal\u012bdz\u0113s palielin\u0101t j\u016bsu iesaisti, notur\u012bbu un ie\u0146\u0113mumus platform\u0101.<\/p>\n\n\n\n<div class=\"_form_1\"><\/div><script src=\"https:\/\/cammodelagency.activehosted.com\/f\/embed.php?id=1\" type=\"text\/javascript\" charset=\"utf-8\"><\/script>\n\n\n\n<p>S\u0101kum\u0101 m\u0113s pal\u012bdz\u0113sim jums pl\u0101not satura grafiku n\u0101kamajam m\u0113nesim, pied\u0101v\u0101sim \u012bpa\u0161u atlaidi jauniem abonentiem un sadarbosimies ar citiem autoriem, lai savstarp\u0113ji reklam\u0113tu j\u016bsu kontus. M\u0113s ar\u012b par\u0101d\u012bsim, k\u0101 izveidot aptaujas vai aptaujas, lai fani var\u0113tu sniegt atsauksmes par j\u016bsu saturu, un r\u012bkot tie\u0161raides vai jaut\u0101jumu un atbil\u017eu sesijas, lai tie\u0161i sazin\u0101tos ar faniem.<\/p>\n\n\n\n<p>M\u0113s aicin\u0101sim j\u016bs pied\u0101v\u0101t izsaukumus vai piemin\u0113jumus faniem, kas iesaka jaunus abonentus, un nodro\u0161in\u0101t bezmaksas izm\u0113\u0123in\u0101jumus, lai piesaist\u012btu jaunus re\u0123istr\u0113\u0161an\u0101s gad\u012bjumus. J\u016bs ar\u012b izm\u0113\u0123in\u0101siet jaunas satura t\u0113mas un veidus, izveidosiet ekskluz\u012bvas satura paketes vai komplektus un sadarbosieties ar z\u012bmoliem vai sponsoriem, lai da\u017e\u0101dotu savu saturu un ie\u0146\u0113mumu pl\u016bsmas.<\/p>\n\n\n\n<p>Izaicin\u0101juma laik\u0101 m\u0113s l\u016bgsim nov\u0113rt\u0113t savu progresu un piel\u0101got satura strat\u0113\u0123iju. J\u016bs ar\u012b eksperiment\u0113siet ar jaun\u0101m redi\u0123\u0113\u0161anas un fotograf\u0113\u0161anas tehnik\u0101m, pied\u0101v\u0101siet personaliz\u0113tus satura piepras\u012bjumus un r\u012bkosiet virtu\u0101lus pas\u0101kumus, lai sazin\u0101tos ar saviem faniem.<\/p>\n\n\n\n<p>Izaicin\u0101juma beig\u0101s j\u016bs lab\u0101k saprat\u012bsiet, kas ir nepiecie\u0161ams, lai vad\u012btu veiksm\u012bgu <a class=\"thirstylink\" rel=\"nofollow\" target=\"_blank\" title=\"OnlyFans\" href=\"https:\/\/cammodelagency.com\/lv\/go\/onlyfans\/\" data-shortcode=\"true\">OnlyFans<\/a> kont\u0101, un j\u016bs b\u016bsiet \u012bstenojis vair\u0101kas strat\u0113\u0123ijas, kas pal\u012bdz\u0113s sasniegt j\u016bsu m\u0113r\u0137us. <\/p>\n\n\n\n<p>Vai esat gatavs pie\u0146emt izaicin\u0101jumu un main\u012bt savu satura veido\u0161anas karjeru? <\/p>\n\n\n\n<p>Re\u0123istr\u0113jieties \u0161odien, un s\u0101ksim!<\/p>\n\n\n\n<div class=\"_form_1\"><\/div><script src=\"https:\/\/cammodelagency.activehosted.com\/f\/embed.php?id=1\" type=\"text\/javascript\" charset=\"utf-8\"><\/script>","protected":false},"excerpt":{"rendered":"<p>Transform Your OnlyFans Business in 30 Days A Challenge to Boost Your Sales and Engagement Welcome to our 30-day challenge to transform your OnlyFans business! Are you ready to take your business to the next level? Whether you&#8217;re just starting out or looking to improve your existing profile, this challenge will help you boost your &#8230; <\/p>\n<p class=\"read-more-container\"><a title=\"30 dienu OnlyFans izaicin\u0101jums\" class=\"read-more button\" href=\"https:\/\/cammodelagency.com\/lv\/challenge\/#more-14255\" aria-label=\"Read more about 30-Day OnlyFans Challenge\">Las\u012bt vair\u0101k<\/a><\/p>","protected":false},"author":1,"featured_media":4115,"parent":0,"menu_order":0,"comment_status":"closed","ping_status":"closed","template":"","meta":{"footnotes":""},"class_list":{"0":"post-14255","1":"page","2":"type-page","3":"status-publish","4":"has-post-thumbnail","6":"infinite-scroll-item","7":"resize-featured-image"},"aioseo_notices":[],"acf":[],"_links":{"self":[{"href":"https:\/\/cammodelagency.com\/lv\/wp-json\/wp\/v2\/pages\/14255","targetHints":{"allow":["GET"]}}],"collection":[{"href":"https:\/\/cammodelagency.com\/lv\/wp-json\/wp\/v2\/pages"}],"about":[{"href":"https:\/\/cammodelagency.com\/lv\/wp-json\/wp\/v2\/types\/page"}],"author":[{"embeddable":true,"href":"https:\/\/cammodelagency.com\/lv\/wp-json\/wp\/v2\/users\/1"}],"replies":[{"embeddable":true,"href":"https:\/\/cammodelagency.com\/lv\/wp-json\/wp\/v2\/comments?post=14255"}],"version-history":[{"count":5,"href":"https:\/\/cammodelagency.com\/lv\/wp-json\/wp\/v2\/pages\/14255\/revisions"}],"predecessor-version":[{"id":14642,"href":"https:\/\/cammodelagency.com\/lv\/wp-json\/wp\/v2\/pages\/14255\/revisions\/14642"}],"wp:featuredmedia":[{"embeddable":true,"href":"https:\/\/cammodelagency.com\/lv\/wp-json\/wp\/v2\/media\/4115"}],"wp:attachment":[{"href":"https:\/\/cammodelagency.com\/lv\/wp-json\/wp\/v2\/media?parent=14255"}],"curies":[{"name":"wp","href":"https:\/\/api.w.org\/{rel}","templated":true}]}}