{"id":3485,"date":"2020-07-23T13:45:02","date_gmt":"2020-07-23T19:45:02","guid":{"rendered":"https:\/\/cammodelagency.com\/?page_id=3485"},"modified":"2020-11-10T01:34:46","modified_gmt":"2020-11-10T06:34:46","slug":"18-usc-2257","status":"publish","type":"page","link":"https:\/\/cammodelagency.com\/lv\/18-usc-2257\/","title":{"rendered":"18 U.S.C. 2257"},"content":{"rendered":"<p>18 U.S.C. 2257 atbilst\u012bbas pazi\u0146ojums.<\/p>\n\n\n\n<p>Partnera vai jebkuras partneru saist\u012bt\u0101s vietnes nesatur nek\u0101dus nelikum\u012bgus un\/vai nev\u0113lamus materi\u0101lus, tostarp, bet ne tikai, b\u0113rnu pornogr\u0101fiju, izvaro\u0161anu, incestu vai zoofiliju.<\/p>\n\n\n\n<p>Partneru fili\u0101les atbilst ASV 2257 atbilst\u012bbas pras\u012bb\u0101m.<\/p>\n\n\n\n<p>Visas personas, kas par\u0101d\u0101s jebkur\u0101 \u0161aj\u0101 t\u012bmek\u013ca vietn\u0113 ietvertaj\u0101 vizu\u0101laj\u0101 att\u0113lojum\u0101, \u0161\u0101du att\u0113lu izveides laik\u0101 bija vismaz asto\u0146padsmit gadus vecas. Ierakstus, kas saska\u0146\u0101 ar ASV kodeksa 18. sada\u013cas 2257. pantu ir nepiecie\u0161ami attiec\u012bb\u0101 uz faktiskas seksu\u0101li atkl\u0101tas uzved\u012bbas vizu\u0101liem att\u0113lojumiem, glab\u0101 ierakstu glab\u0101t\u0101js.<\/p>","protected":false},"excerpt":{"rendered":"<p>18 U.S.C. 2257 compliance notice. Partner or any of the partners&#8217; affiliated sites will not contain any illegal and\/or objectionable materials, including, but not limited to, child pornography, rape, incest, or bestiality. Partner affiliates comply with US 2257 Compliance requirements. All persons who appear in any visual depiction contained in this website were eighteen years &#8230; <\/p>\n<p class=\"read-more-container\"><a title=\"18 U.S.C. 2257\" class=\"read-more button\" href=\"https:\/\/cammodelagency.com\/lv\/18-usc-2257\/#more-3485\" aria-label=\"Read more about 18 U.S.C. 2257\">Las\u012bt vair\u0101k<\/a><\/p>","protected":false},"author":1,"featured_media":0,"parent":0,"menu_order":0,"comment_status":"closed","ping_status":"closed","template":"","meta":{"footnotes":""},"class_list":{"0":"post-3485","1":"page","2":"type-page","3":"status-publish","5":"infinite-scroll-item"},"aioseo_notices":[],"acf":[],"_links":{"self":[{"href":"https:\/\/cammodelagency.com\/lv\/wp-json\/wp\/v2\/pages\/3485","targetHints":{"allow":["GET"]}}],"collection":[{"href":"https:\/\/cammodelagency.com\/lv\/wp-json\/wp\/v2\/pages"}],"about":[{"href":"https:\/\/cammodelagency.com\/lv\/wp-json\/wp\/v2\/types\/page"}],"author":[{"embeddable":true,"href":"https:\/\/cammodelagency.com\/lv\/wp-json\/wp\/v2\/users\/1"}],"replies":[{"embeddable":true,"href":"https:\/\/cammodelagency.com\/lv\/wp-json\/wp\/v2\/comments?post=3485"}],"version-history":[{"count":2,"href":"https:\/\/cammodelagency.com\/lv\/wp-json\/wp\/v2\/pages\/3485\/revisions"}],"predecessor-version":[{"id":5162,"href":"https:\/\/cammodelagency.com\/lv\/wp-json\/wp\/v2\/pages\/3485\/revisions\/5162"}],"wp:attachment":[{"href":"https:\/\/cammodelagency.com\/lv\/wp-json\/wp\/v2\/media?parent=3485"}],"curies":[{"name":"wp","href":"https:\/\/api.w.org\/{rel}","templated":true}]}}