{"id":5119,"date":"2024-01-24T20:47:05","date_gmt":"2024-01-25T01:47:05","guid":{"rendered":"https:\/\/cammodelagency.com\/?page_id=5119"},"modified":"2024-01-24T20:48:15","modified_gmt":"2024-01-25T01:48:15","slug":"pieteikties","status":"publish","type":"page","link":"https:\/\/cammodelagency.com\/lv\/apply\/","title":{"rendered":"Piesakies vietn\u0113 OnlyFans Management"},"content":{"rendered":"<h2 class=\"gb-headline gb-headline-5ad758aa\"><span class=\"gb-icon\"><svg aria-hidden=\"true\" role=\"img\" height=\"1em\" width=\"1em\" viewbox=\"0 0 576 512\" xmlns=\"http:\/\/www.w3.org\/2000\/svg\"><path fill=\"currentColor\" d=\"M576 240c0-23.63-12.95-44.04-32-55.12V32.01C544 23.26 537.02 0 512 0c-7.12 0-14.19 2.38-19.98 7.02l-85.03 68.03C364.28 109.19 310.66 128 256 128H64c-35.35 0-64 28.65-64 64v96c0 35.35 28.65 64 64 64h33.7c-1.39 10.48-2.18 21.14-2.18 32 0 39.77 9.26 77.35 25.56 110.94 5.19 10.69 16.52 17.06 28.4 17.06h74.28c26.05 0 41.69-29.84 25.9-50.56-16.4-21.52-26.15-48.36-26.15-77.44 0-11.11 1.62-21.79 4.41-32H256c54.66 0 108.28 18.81 150.98 52.95l85.03 68.03a32.023 32.023 0 0 0 19.98 7.02c24.92 0 32-22.78 32-32V295.13C563.05 284.04 576 263.63 576 240zm-96 141.42l-33.05-26.44C392.95 311.78 325.12 288 256 288v-96c69.12 0 136.95-23.78 190.95-66.98L480 98.58v282.84z\"><\/path><\/svg><\/span><span class=\"gb-headline-text\">Pa\u0161laik m\u0113s nepie\u0146emam jaunus autorus... tom\u0113r<\/span><\/h2>\n\n\n\n<p>Iepaz\u012bstin\u0101m ar fanu klubu &amp; <a class=\"thirstylink\" rel=\"nofollow\" target=\"_blank\" title=\"Hypefury\" href=\"https:\/\/cammodelagency.com\/lv\/go\/hypefury\/\" data-shortcode=\"true\">Soci\u0101lie pla\u0161sazi\u0146as l\u012bdzek\u013ci<\/a> Profila audits - visaptvero\u0161s pakalpojums, kas paredz\u0113ts, lai pal\u012bdz\u0113tu jums maksim\u0101li izmantot j\u016bsu tie\u0161saistes person\u0101\u017eu.<\/p>\n\n\n\n<p>Izmantojot \u0161o revolucion\u0101ro produktu, m\u016bsu eksperti auditori r\u016bp\u012bgi nov\u0113rt\u0113s j\u016bsu profilu, izmantojot vair\u0101kus <a class=\"thirstylink\" rel=\"nofollow\" target=\"_blank\" title=\"Hypefury\" href=\"https:\/\/cammodelagency.com\/lv\/go\/hypefury\/\" data-shortcode=\"true\">soci\u0101lie mediji<\/a> platformas, tostarp <a class=\"thirstylink\" rel=\"nofollow\" target=\"_blank\" title=\"OnlyFans\" href=\"https:\/\/cammodelagency.com\/lv\/go\/onlyfans\/\" data-shortcode=\"true\">OnlyFans<\/a>, <a class=\"thirstylink\" rel=\"nofollow\" target=\"_blank\" title=\"LoyalFans\" href=\"https:\/\/cammodelagency.com\/lv\/go\/loyalfans\/\" data-shortcode=\"true\">Loyalfans<\/a>, Instagram, Twitter un citi. M\u0113s padzi\u013cin\u0101ti izp\u0113t\u012bsim katru j\u016bsu tie\u0161saistes t\u0113la aspektu un sniegsim noder\u012bgus ieteikumus, kas piel\u0101goti, lai uzlabotu j\u016bsu sasniedzam\u012bbu un iesaist\u012b\u0161anos. <\/p>\n\n\n\n<p><a href=\"https:\/\/subtomy.com\/product\/profile-audit\/\"><strong>Noklik\u0161\u0137iniet \u0161eit, lai ieg\u0101d\u0101tos tagad.<\/strong><\/a><\/p>\n\n\n\n<p>L\u016bk, ko j\u016bs varat sagaid\u012bt no \u0161\u012bs nenov\u0113rt\u0113jam\u0101s rev\u012bzijas:<\/p>\n\n\n\n<h3 class=\"gb-headline gb-headline-5162fe17 gb-headline-text\">Detaliz\u0113ta profila anal\u012bze<\/h3>\n\n\n\n<ul class=\"wp-block-list\">\n<li>M\u016bsu auditori r\u016bp\u012bgi p\u0101rbaud\u012bs katru j\u016bsu profilu elementu - no bio apraksta l\u012bdz profila bild\u0113m - un p\u0101rliecin\u0101sies, ka tie prec\u012bzi atspogu\u013co j\u016bsu k\u0101 personas vai z\u012bmola b\u016bt\u012bbu.<\/li>\n\n\n\n<li>M\u0113s nov\u0113rt\u0113sim konsekvenci vis\u0101s platform\u0101s, nodro\u0161inot, ka j\u016bsu prezent\u0101cija ir saska\u0146ota.<\/li>\n<\/ul>\n\n\n\n<h3 class=\"gb-headline gb-headline-9ffb1f98 gb-headline-text\">Satura p\u0101rskats<\/h3>\n\n\n\n<ul class=\"wp-block-list\">\n<li>M\u016bsu komanda r\u016bp\u012bgi p\u0101rbaud\u012bs katr\u0101 platform\u0101 kop\u012bgot\u0101 satura veidu un kvalit\u0101ti.<\/li>\n\n\n\n<li>M\u0113s sniegsim ieskatu par to, k\u0101 optimiz\u0113t j\u016bsu zi\u0146ojumus, lai piesaist\u012btu auditoriju, vienlaikus saglab\u0101jot j\u016bsu unik\u0101lo stilu vai ni\u0161u.<\/li>\n<\/ul>\n\n\n\n<h3 class=\"wp-block-heading\">Iesaist\u012b\u0161anas strat\u0113\u0123ija<\/h3>\n\n\n\n<ul class=\"wp-block-list\">\n<li>Analiz\u0113jot mijiedarb\u012bbu ar sekot\u0101jiem, piem\u0113ram, koment\u0101rus un <a class=\"thirstylink\" rel=\"nofollow\" target=\"_blank\" title=\"Zi\u0146ojumi\" href=\"https:\/\/cammodelagency.com\/lv\/go\/messages\/\" data-shortcode=\"true\">tie\u0161ie zi\u0146ojumi<\/a> (<a class=\"thirstylink\" rel=\"nofollow\" target=\"_blank\" title=\"Zi\u0146ojumi\" href=\"https:\/\/cammodelagency.com\/lv\/go\/messages\/\" data-shortcode=\"true\">DMs<\/a>), m\u0113s apzin\u0101sim iesp\u0113jas, k\u0101 veicin\u0101t dzi\u013c\u0101kus sakarus.<\/li>\n\n\n\n<li>J\u016bs varat sagaid\u012bt personaliz\u0113tus ieteikumus par cie\u0161\u0101ku attiec\u012bbu veido\u0161anu ar faniem, izmantojot saisto\u0161as sarunas un savlaic\u012bgas atbildes.<\/li>\n<\/ul>\n\n\n\n<h3 class=\"gb-headline gb-headline-52025c79 gb-headline-text\">Monetiz\u0101cijas padomi<\/h3>\n\n\n\n<ul class=\"wp-block-list\">\n<li>M\u016bsu rev\u012bzija pied\u0101v\u0101 galven\u0101s strat\u0113\u0123ijas, k\u0101 maksim\u0101li palielin\u0101t pe\u013c\u0146u tiem, kas izmanto <a class=\"wpil_keyword_link\" href=\"https:\/\/cammodelagency.com\/onlyfans-alternative\/\" target=\"_blank\" rel=\"noopener\" title=\"OnlyFans\" data-wpil-keyword-link=\"linked\">OnlyFans<\/a>, <a class=\"thirstylink\" rel=\"nofollow\" target=\"_blank\" title=\"LoyalFans\" href=\"https:\/\/cammodelagency.com\/lv\/go\/loyalfans\/\" data-shortcode=\"true\">Loyalfans<\/a>vai citu fanu kluba pakalpojumu k\u0101 ie\u0146\u0113mumu avotu.<\/li>\n\n\n\n<li>M\u0113s pal\u012bdz\u0113sim jums piln\u012bb\u0101 atrais\u012bt konta potenci\u0101lu, s\u0101kot no cenu noteik\u0161anas nor\u0101d\u012bjumiem, kas balst\u012bti uz tirgus tendenc\u0113m, l\u012bdz pat padomiem par ekskluz\u012bva satura veido\u0161anu.<\/li>\n<\/ul>\n\n\n\n<h3 class=\"gb-headline gb-headline-bbb1f56c gb-headline-text\">Z\u012bmolved\u012bba un est\u0113tika<\/h3>\n\n\n\n<ul class=\"wp-block-list\">\n<li>M\u0113s saprotam, cik svar\u012bga ir vienota z\u012bmola identit\u0101te. M\u016bsu auditori sniegs atsauksmes par j\u016bsu kop\u0113jo z\u012bmolved\u012bbu, nodro\u0161inot, ka t\u0101 atbilst j\u016bsu m\u0113r\u0137auditorijai un m\u0113r\u0137iem.<\/li>\n\n\n\n<li>M\u0113s pal\u012bdz\u0113sim jums izveidot vizu\u0101li pievilc\u012bgu un konsekventu tie\u0161saistes kl\u0101tb\u016btni neatkar\u012bgi no t\u0101, vai tie ir ieteikumi par vizu\u0101liem uzlabojumiem vai efekt\u012bviem hashtagiem.<\/li>\n<\/ul>\n\n\n\n<figure class=\"wp-block-embed aligncenter is-type-wp-embed is-provider-sub-to-my wp-block-embed-sub-to-my\"><div class=\"wp-block-embed__wrapper\">\n<blockquote class=\"wp-embedded-content\" data-secret=\"OGknZOcMkx\"><a href=\"https:\/\/subtomy.com\/product\/profile-audit\/\">Profila audits<\/a><\/blockquote><iframe class=\"wp-embedded-content\" sandbox=\"allow-scripts\" security=\"restricted\" style=\"position: absolute; clip: rect(1px, 1px, 1px, 1px);\" title=\"&quot;Profilu audits&quot; - Sub To My...\" src=\"https:\/\/subtomy.com\/product\/profile-audit\/embed\/#?secret=V4iG9uBB4C#?secret=OGknZOcMkx\" data-secret=\"OGknZOcMkx\" width=\"600\" height=\"338\" frameborder=\"0\" marginwidth=\"0\" marginheight=\"0\" scrolling=\"no\"><\/iframe>\n<\/div><\/figure>","protected":false},"excerpt":{"rendered":"<p>We&#8217;re not currently accepting new creators &#8230; however Introducing the Fan Club &amp; Social Media Profile Audit \u2013 a comprehensive service designed to help you make the most out of your online persona. With this revolutionary product, our expert auditors will thoroughly evaluate your profile across multiple social media platforms, including OnlyFans, Loyalfans, Instagram, Twitter, &#8230; <\/p>\n<p class=\"read-more-container\"><a title=\"Piesakies vietn\u0113 OnlyFans Management\" class=\"read-more button\" href=\"https:\/\/cammodelagency.com\/lv\/apply\/#more-5119\" aria-label=\"Read more about Apply for OnlyFans Management\">Las\u012bt vair\u0101k<\/a><\/p>","protected":false},"author":1,"featured_media":0,"parent":0,"menu_order":0,"comment_status":"closed","ping_status":"closed","template":"","meta":{"footnotes":""},"class_list":{"0":"post-5119","1":"page","2":"type-page","3":"status-publish","5":"infinite-scroll-item"},"aioseo_notices":[],"acf":[],"_links":{"self":[{"href":"https:\/\/cammodelagency.com\/lv\/wp-json\/wp\/v2\/pages\/5119","targetHints":{"allow":["GET"]}}],"collection":[{"href":"https:\/\/cammodelagency.com\/lv\/wp-json\/wp\/v2\/pages"}],"about":[{"href":"https:\/\/cammodelagency.com\/lv\/wp-json\/wp\/v2\/types\/page"}],"author":[{"embeddable":true,"href":"https:\/\/cammodelagency.com\/lv\/wp-json\/wp\/v2\/users\/1"}],"replies":[{"embeddable":true,"href":"https:\/\/cammodelagency.com\/lv\/wp-json\/wp\/v2\/comments?post=5119"}],"version-history":[{"count":35,"href":"https:\/\/cammodelagency.com\/lv\/wp-json\/wp\/v2\/pages\/5119\/revisions"}],"predecessor-version":[{"id":15961,"href":"https:\/\/cammodelagency.com\/lv\/wp-json\/wp\/v2\/pages\/5119\/revisions\/15961"}],"wp:attachment":[{"href":"https:\/\/cammodelagency.com\/lv\/wp-json\/wp\/v2\/media?parent=5119"}],"curies":[{"name":"wp","href":"https:\/\/api.w.org\/{rel}","templated":true}]}}