{"id":14340,"date":"2023-06-11T16:21:58","date_gmt":"2023-06-11T21:21:58","guid":{"rendered":"https:\/\/cammodelagency.com\/?page_id=14340"},"modified":"2023-07-26T17:57:21","modified_gmt":"2023-07-26T22:57:21","slug":"white-label-onlyfans-agency","status":"publish","type":"page","link":"https:\/\/cammodelagency.com\/pl\/white-label-onlyfans-agency\/","title":{"rendered":"Agencja White Label OnlyFans"},"content":{"rendered":"<div class=\"gb-container gb-container-097d555a\"><div class=\"gb-inside-container\">\n<div class=\"gb-grid-wrapper gb-grid-wrapper-a83ea675\">\n<div class=\"gb-grid-column gb-grid-column-9264c116\"><div class=\"gb-container gb-container-9264c116\"><div class=\"gb-inside-container\">\n\n<h1 class=\"gb-headline gb-headline-ec95b616 gb-headline-text\">Pozw\u00f3l naszemu zespo\u0142owi zarz\u0105dzaj\u0105cemu zaj\u0105\u0107 si\u0119 zapleczem, podczas gdy Ty skupisz si\u0119 na rozwijaniu swojej klienteli<\/h1>\n\n\n\n<h3 class=\"gb-headline gb-headline-57eee70e gb-headline-text\">Poznaj moc naszej agencji White Label OnlyFans<\/h3>\n\n\n\n<a class=\"gb-button gb-button-4f8151d1 gb-button-text\" href=\"mailto:justin@cammodelagency.com?cc=admin@cammodelagency.com&amp;?subject=Hey%2C%20we're%20interested%20in%20white%20labeling&amp;body=Please%20answer%20the%20following%20questions.%0D%0AHow%20many%20models%20you're%20working%20with%3A%0D%0AWhen%20are%20you%20looking%20to%20get%20started%3A%0D%0AWebsite%20URL%2Fsocial%20links%3A%0D%0APhone%20number%3A\" target=\"_blank\" rel=\"noopener noreferrer\"><strong>Rozpocznij teraz<\/strong><\/a>\n\n<\/div><\/div><\/div>\n<\/div>\n<\/div><\/div>\n\n<div class=\"gb-container gb-container-631278a9\"><div class=\"gb-inside-container\">\n<div class=\"gb-grid-wrapper gb-grid-wrapper-2cca5eab\">\n<div class=\"gb-grid-column gb-grid-column-81787d74\"><div class=\"gb-container gb-container-81787d74\"><div class=\"gb-inside-container\">\n\n<h6 class=\"gb-headline gb-headline-4eb4d939\"><span class=\"gb-icon\"><svg aria-hidden=\"true\" role=\"img\" height=\"1em\" width=\"1em\" viewbox=\"0 0 640 512\" xmlns=\"http:\/\/www.w3.org\/2000\/svg\"><path fill=\"currentColor\" d=\"M497.941 225.941L286.059 14.059A48 48 0 0 0 252.118 0H48C21.49 0 0 21.49 0 48v204.118a48 48 0 0 0 14.059 33.941l211.882 211.882c18.744 18.745 49.136 18.746 67.882 0l204.118-204.118c18.745-18.745 18.745-49.137 0-67.882zM112 160c-26.51 0-48-21.49-48-48s21.49-48 48-48 48 21.49 48 48-21.49 48-48 48zm513.941 133.823L421.823 497.941c-18.745 18.745-49.137 18.745-67.882 0l-.36-.36L527.64 323.522c16.999-16.999 26.36-39.6 26.36-63.64s-9.362-46.641-26.36-63.64L331.397 0h48.721a48 48 0 0 1 33.941 14.059l211.882 211.882c18.745 18.745 18.745 49.137 0 67.882z\"><\/path><\/svg><\/span><span class=\"gb-headline-text\">Skoncentruj si\u0119 na biznesie<\/span><\/h6>\n\n\n\n<h2 class=\"gb-headline gb-headline-9609ddf2 gb-headline-text\">Jedyna na \u015bwiecie agencja White Label OnlyFans<\/h2>\n\n\n\n<p>Czy jeste\u015b gotowy, aby wzi\u0105\u0107 <a class=\"thirstylink\" rel=\"nofollow\" target=\"_blank\" title=\"OnlyFans\" href=\"https:\/\/cammodelagency.com\/pl\/go\/onlyfans\/\" data-shortcode=\"true\">OnlyFans<\/a> biznes na nowy poziom? Jeste\u015bmy wiod\u0105c\u0105 w bran\u017cy bia\u0142\u0105 mark\u0105 <a class=\"thirstylink\" rel=\"nofollow\" target=\"_blank\" title=\"OnlyFans\" href=\"https:\/\/cammodelagency.com\/pl\/go\/onlyfans\/\" data-shortcode=\"true\">OnlyFans<\/a> agencja. Jeste\u015bmy tutaj, aby zapewni\u0107 Ci kompleksowy pakiet us\u0142ug i spersonalizowane wsparcie, aby pom\u00f3c Ci osi\u0105gn\u0105\u0107 niezr\u00f3wnany sukces w stale ewoluuj\u0105cym \u015bwiecie tworzenia tre\u015bci dla doros\u0142ych.<\/p>\n\n\n\n<p>Dzi\u0119ki naszemu rozwi\u0105zaniu white-label mo\u017cesz zbudowa\u0107 swoj\u0105 mark\u0119 i zapewni\u0107 sobie siln\u0105 obecno\u015b\u0107 w Internecie, wykorzystuj\u0105c nasz\u0105 wiedz\u0119 i zasoby.<\/p>\n\n\n\n<h3 class=\"gb-headline gb-headline-0ad39036 gb-headline-text\">Jeste\u015b \u015bwietny w wyszukiwaniu modeli, ale nie chcesz zarz\u0105dza\u0107 zespo\u0142em, kt\u00f3ry ma je dostarczy\u0107?<\/h3>\n\n\n\n<p>Wyobra\u017a sobie solidne rozwi\u0105zanie back-office, kt\u00f3re p\u0142ynnie obs\u0142uguje Twoje preferencje biznesowe i maksymalizuje wydajno\u015b\u0107. Brzmi niewiarygodnie, prawda? Z naszym <a class=\"wpil_keyword_link\" href=\"https:\/\/cammodelagency.com\/onlyfans-alternative\/\" target=\"_blank\" rel=\"noopener\" title=\"OnlyFans\" data-wpil-keyword-link=\"linked\">OnlyFans<\/a> White Label Agency, mo\u017cesz cieszy\u0107 si\u0119 ostatecznym scenariuszem WIN-WIN: zadowoleni klienci i solidna reputacja Twojej firmy. Nadszed\u0142 czas, aby wykorzysta\u0107 podstawowe aspekty biznesowe i zwi\u0119kszy\u0107 skalowalno\u015b\u0107, produktywno\u015b\u0107 i przychody dzi\u0119ki naszemu najnowocze\u015bniejszemu rozwi\u0105zaniu White Label.<\/p>\n\n<\/div><\/div><\/div>\n<\/div>\n<\/div><\/div>\n\n<div class=\"gb-container gb-container-565fbc79\"><div class=\"gb-inside-container\">\n<div class=\"gb-grid-wrapper gb-grid-wrapper-81999aa8\">\n<div class=\"gb-grid-column gb-grid-column-baba8fa9\"><div class=\"gb-container gb-container-baba8fa9\"><div class=\"gb-inside-container\">\n\n<h6 class=\"gb-headline gb-headline-f0366dbe\"><span class=\"gb-icon\"><svg aria-hidden=\"true\" role=\"img\" height=\"1em\" width=\"1em\" viewbox=\"0 0 640 512\" xmlns=\"http:\/\/www.w3.org\/2000\/svg\"><path fill=\"currentColor\" d=\"M425.7 256c-16.9 0-32.8-9-41.4-23.4L320 126l-64.2 106.6c-8.7 14.5-24.6 23.5-41.5 23.5-4.5 0-9-.6-13.3-1.9L64 215v178c0 14.7 10 27.5 24.2 31l216.2 54.1c10.2 2.5 20.9 2.5 31 0L551.8 424c14.2-3.6 24.2-16.4 24.2-31V215l-137 39.1c-4.3 1.3-8.8 1.9-13.3 1.9zm212.6-112.2L586.8 41c-3.1-6.2-9.8-9.8-16.7-8.9L320 64l91.7 152.1c3.8 6.3 11.4 9.3 18.5 7.3l197.9-56.5c9.9-2.9 14.7-13.9 10.2-23.1zM53.2 41L1.7 143.8c-4.6 9.2.3 20.2 10.1 23l197.9 56.5c7.1 2 14.7-1 18.5-7.3L320 64 69.8 32.1c-6.9-.8-13.5 2.7-16.6 8.9z\"><\/path><\/svg><\/span><span class=\"gb-headline-text\">nasze us\u0142ugi<\/span><\/h6>\n\n\n\n<h2 class=\"gb-headline gb-headline-a5914d18 gb-headline-text\">Jak mo\u017cemy pom\u00f3c Twojej agencji<\/h2>\n\n\n<div class=\"gb-grid-wrapper gb-grid-wrapper-40ade07d\">\n<div class=\"gb-grid-column gb-grid-column-c1b7137e\"><div class=\"gb-container gb-container-c1b7137e\">\n\n<h4 class=\"gb-headline gb-headline-4145c454 gb-headline-text\">Skupiasz si\u0119 na podstawowych aspektach biznesowych<\/h4>\n\n\n\n<p>Pozostaw nam obci\u0105\u017cenia operacyjne, podczas gdy Ty skoncentrujesz si\u0119 na kluczowych aspektach swojej dzia\u0142alno\u015bci. Nasze kompleksowe us\u0142ugi white-label zapewniaj\u0105 w pe\u0142ni zintegrowane rozwi\u0105zanie back-office, obs\u0142uguj\u0105ce takie zadania jak zarz\u0105dzanie kontem, obs\u0142uga klienta i infrastruktura techniczna. <\/p>\n\n\n\n<p>Dzi\u0119ki temu mo\u017cesz zmaksymalizowa\u0107 skalowalno\u015b\u0107, produktywno\u015b\u0107 i przychody bez rozpraszania si\u0119 z\u0142o\u017cono\u015bci\u0105 operacyjn\u0105.<\/p>\n\n<\/div><\/div>\n\n<div class=\"gb-grid-column gb-grid-column-984fa77c\"><div class=\"gb-container gb-container-984fa77c\">\n\n<h4 class=\"gb-headline gb-headline-eb2ca6f2 gb-headline-text\">Dostawa Zadowolenie klienta<\/h4>\n\n\n\n<p>Dzi\u0119ki naszej agencji white-label zajmuj\u0105cej si\u0119 codziennymi operacjami mo\u017cesz zapewni\u0107 swoim klientom obs\u0142ug\u0119 i wsparcie na najwy\u017cszym poziomie. Powierzaj\u0105c nam zarz\u0105dzanie swoimi klientami, zwi\u0119kszysz ich zadowolenie, zbudujesz silne relacje i zyskasz wiarygodno\u015b\u0107 w bran\u017cy.<\/p>\n\n\n\n<p>Twoi klienci b\u0119d\u0105 cieszy\u0107 si\u0119 bezproblemow\u0105 obs\u0142ug\u0105, co pozwoli Ci utrzyma\u0107 <a class=\"thirstylink\" rel=\"nofollow\" target=\"_blank\" title=\"LoyalFans\" href=\"https:\/\/cammodelagency.com\/pl\/go\/loyalfans\/\" data-shortcode=\"true\">wierny<\/a> i bez wysi\u0142ku przyci\u0105gaj nowych klient\u00f3w.<\/p>\n\n<\/div><\/div>\n\n<div class=\"gb-grid-column gb-grid-column-57a43d13\"><div class=\"gb-container gb-container-57a43d13\">\n\n<h4 class=\"gb-headline gb-headline-e8d6b8bf gb-headline-text\">Usprawniona wydajno\u015b\u0107<\/h4>\n\n\n\n<p>Nasza agencja white-label jest wyposa\u017cona w zaawansowane technologie i usprawnione procesy, kt\u00f3re optymalizuj\u0105 wydajno\u015b\u0107 i produktywno\u015b\u0107. Od narz\u0119dzi do zarz\u0105dzania kontami po systemy raportowania, zapewniamy zasoby potrzebne do usprawnienia operacji i uzyskania cennego wgl\u0105du w wyniki Twojej firmy. <\/p>\n\n\n\n<p>To podej\u015bcie oparte na danych pozwala Ci podejmowa\u0107 \u015bwiadome decyzje, identyfikowa\u0107 mo\u017cliwo\u015bci rozwoju i osi\u0105ga\u0107 d\u0142ugoterminowe sukcesy.<\/p>\n\n<\/div><\/div>\n<\/div>\n<\/div><\/div><\/div>\n<\/div>\n<\/div><\/div>\n\n<div class=\"gb-container gb-container-e227f5e8\">\n\n<p>Wybierz nasz <a class=\"thirstylink\" rel=\"nofollow\" target=\"_blank\" title=\"OnlyFans\" href=\"https:\/\/cammodelagency.com\/pl\/go\/onlyfans\/\" data-shortcode=\"true\">OnlyFans<\/a> White Label Agency i do\u015bwiadcz swobody skupienia si\u0119 na tym, co robisz najlepiej, podczas gdy my zajmiemy si\u0119 reszt\u0105. Pozw\u00f3l nam by\u0107 Twoim zaufanym partnerem w przeniesieniu Twojej firmy na nowy poziom skalowalno\u015bci, produktywno\u015bci i generowania przychod\u00f3w.<\/p>\n\n\n\n<p><strong>Chcesz wykorzysta\u0107 nieograniczony potencja\u0142 naszych rozwi\u0105za\u0144 white-label? Zarejestruj si\u0119 ju\u017c dzi\u015b i uwolnij \u015bwiat mo\u017cliwo\u015bci.<\/strong><\/p>\n\n\n\n<a class=\"gb-button gb-button-66093974 gb-button-text\" href=\"mailto:justin@cammodelagency.com?cc=admin@cammodelagency.com&amp;?subject=Hey%2C%20we're%20interested%20in%20white%20labeling&amp;body=Please%20answer%20the%20following%20questions.%0D%0AHow%20many%20models%20you're%20working%20with%3A%0D%0AWhen%20are%20you%20looking%20to%20get%20started%3A%0D%0AWebsite%20URL%2Fsocial%20links%3A%0D%0APhone%20number%3A\" target=\"_blank\" rel=\"noopener noreferrer\"><strong>Rozpocznij teraz<\/strong><\/a>\n\n<\/div>\n\n<div class=\"gb-container gb-container-2237a436\"><div class=\"gb-inside-container\">\n<div class=\"gb-grid-wrapper gb-grid-wrapper-47eae345\">\n<div class=\"gb-grid-column gb-grid-column-d9ef3972\"><div class=\"gb-container gb-container-d9ef3972\"><div class=\"gb-inside-container\">\n\n<h6 class=\"gb-headline gb-headline-73db6872\"><span class=\"gb-icon\"><svg aria-hidden=\"true\" role=\"img\" height=\"1em\" width=\"1em\" viewbox=\"0 0 448 512\" xmlns=\"http:\/\/www.w3.org\/2000\/svg\"><path fill=\"currentColor\" d=\"M448 360V24c0-13.3-10.7-24-24-24H96C43 0 0 43 0 96v320c0 53 43 96 96 96h328c13.3 0 24-10.7 24-24v-16c0-7.5-3.5-14.3-8.9-18.7-4.2-15.4-4.2-59.3 0-74.7 5.4-4.3 8.9-11.1 8.9-18.6zM128 134c0-3.3 2.7-6 6-6h212c3.3 0 6 2.7 6 6v20c0 3.3-2.7 6-6 6H134c-3.3 0-6-2.7-6-6v-20zm0 64c0-3.3 2.7-6 6-6h212c3.3 0 6 2.7 6 6v20c0 3.3-2.7 6-6 6H134c-3.3 0-6-2.7-6-6v-20zm253.4 250H96c-17.7 0-32-14.3-32-32 0-17.6 14.4-32 32-32h285.4c-1.9 17.1-1.9 46.9 0 64z\"><\/path><\/svg><\/span><span class=\"gb-headline-text\">Oto twoja odpowied\u017a<\/span><\/h6>\n\n\n\n<h2 class=\"gb-headline gb-headline-63348779 gb-headline-text\">Najcz\u0119\u015bciej zadawane pytania<\/h2>\n\n\n\n<h3 class=\"gb-headline gb-headline-1e5196ad gb-headline-text\">Czym jest agencja White Label?<\/h3>\n\n\n\n<p>Agencja White Label to agencja, kt\u00f3ra dzia\u0142a w imieniu innej agencji, aby \u015bwiadczy\u0107 swoje us\u0142ugi, kt\u00f3re s\u0105 rebrandowane. Przypomina to outsourcing do innego zespo\u0142u, a nie do pojedynczej osoby, jak w przypadku freelancera. Klient nie b\u0119dzie wiedzia\u0142 o naszym istnieniu. <\/p>\n\n\n\n<h3 class=\"gb-headline gb-headline-70c94199 gb-headline-text\">W jaki spos\u00f3b white labeling Twojej agencji OnlyFans mo\u017ce pom\u00f3c Twojej firmie?<\/h3>\n\n\n\n<p>Skoncentrujemy si\u0119 na realizacji i dostarczaniu us\u0142ug, podczas gdy Ty mo\u017cesz skupi\u0107 si\u0119 na pozyskiwaniu wi\u0119kszej liczby klient\u00f3w. <\/p>\n\n\n\n<h3 class=\"gb-headline gb-headline-ef7d46af gb-headline-text\">Dlaczego kto\u015b mia\u0142by chcie\u0107 skorzysta\u0107 z us\u0142ug agencji white-label?<\/h3>\n\n\n\n<p>Poniewa\u017c pracujemy w oparciu o zrycza\u0142towan\u0105 stawk\u0119 za tw\u00f3rc\u0119, mo\u017cesz zatrzyma\u0107 r\u00f3\u017cnic\u0119 mi\u0119dzy swoj\u0105 prowizj\u0105 a nasz\u0105 op\u0142at\u0105 dla tw\u00f3rcy. <a href=\"https:\/\/cammodelagency.com\/pricing\" target=\"_blank\" rel=\"noopener\" title=\"Agencja White Label OnlyFans\">Ceny s\u0105 podane tutaj<\/a>z rabatem dla wi\u0119kszych zespo\u0142\u00f3w. Na przyk\u0142ad, je\u015bli pobierasz op\u0142at\u0119 50% za us\u0142ugi, a tw\u00f3j klient zarabia $15,000 miesi\u0119cznie, otrzymasz netto $7,500. Z nasz\u0105 us\u0142ug\u0105 najni\u017cszego poziomu ($2,500 miesi\u0119cznie), otrzymasz netto <strong>$5,000 bez wykonywania pracy<\/strong>. Wszystko, co musisz zrobi\u0107, to kontynuowa\u0107 wyszukiwanie i podpisywanie tw\u00f3rc\u00f3w.<\/p>\n\n\n\n<h3 class=\"gb-headline gb-headline-edc74afa gb-headline-text\">Jakie rodzaje us\u0142ug White Label oferujecie?<\/h3>\n\n\n\n<p>Wszystko, co by\u0142oby spe\u0142nione dla tw\u00f3rcy, mo\u017cemy zarz\u0105dza\u0107. Czatowanie, publikowanie i promowanie, <a class=\"thirstylink\" rel=\"nofollow\" target=\"_blank\" title=\"Hypefury\" href=\"https:\/\/cammodelagency.com\/pl\/go\/hypefury\/\" data-shortcode=\"true\">media spo\u0142eczno\u015bciowe<\/a>itd. Jedyn\u0105 rzecz\u0105, kt\u00f3rej nie mo\u017cemy zrobi\u0107, jest tworzenie tre\u015bci \ud83d\ude09<\/p>\n\n\n\n<h3 class=\"wp-block-heading\">Czy podpisujesz umowy o zachowaniu poufno\u015bci?<\/h3>\n\n\n\n<p>Tak, podpisujemy umowy o zachowaniu poufno\u015bci.<\/p>\n\n\n\n<p><\/p>\n\n<\/div><\/div><\/div>\n<\/div>\n<\/div><\/div>","protected":false},"excerpt":{"rendered":"<p>Wybierz nasz\u0105 agencj\u0119 White Label OnlyFans i poczuj swobod\u0119 skupienia si\u0119 na tym, co robisz najlepiej, podczas gdy my zajmiemy si\u0119 reszt\u0105. Pozw\u00f3l nam by\u0107 Twoim zaufanym partnerem w przeniesieniu Twojej firmy na nowy poziom skalowalno\u015bci, produktywno\u015bci i generowania przychod\u00f3w. Chcesz wykorzysta\u0107 nieograniczony potencja\u0142 naszych rozwi\u0105za\u0144 white label? Zarejestruj si\u0119 ju\u017c dzi\u015b ... <\/p>\n<p class=\"read-more-container\"><a title=\"Agencja White Label OnlyFans\" class=\"read-more button\" href=\"https:\/\/cammodelagency.com\/pl\/white-label-onlyfans-agency\/#more-14340\" aria-label=\"Dowiedz si\u0119 wi\u0119cej o White Label OnlyFans Agency\">Czytaj dalej<\/a><\/p>","protected":false},"author":1,"featured_media":0,"parent":0,"menu_order":0,"comment_status":"closed","ping_status":"closed","template":"","meta":{"footnotes":""},"class_list":{"0":"post-14340","1":"page","2":"type-page","3":"status-publish","5":"infinite-scroll-item"},"aioseo_notices":[],"acf":[],"_links":{"self":[{"href":"https:\/\/cammodelagency.com\/pl\/wp-json\/wp\/v2\/pages\/14340","targetHints":{"allow":["GET"]}}],"collection":[{"href":"https:\/\/cammodelagency.com\/pl\/wp-json\/wp\/v2\/pages"}],"about":[{"href":"https:\/\/cammodelagency.com\/pl\/wp-json\/wp\/v2\/types\/page"}],"author":[{"embeddable":true,"href":"https:\/\/cammodelagency.com\/pl\/wp-json\/wp\/v2\/users\/1"}],"replies":[{"embeddable":true,"href":"https:\/\/cammodelagency.com\/pl\/wp-json\/wp\/v2\/comments?post=14340"}],"version-history":[{"count":12,"href":"https:\/\/cammodelagency.com\/pl\/wp-json\/wp\/v2\/pages\/14340\/revisions"}],"predecessor-version":[{"id":14644,"href":"https:\/\/cammodelagency.com\/pl\/wp-json\/wp\/v2\/pages\/14340\/revisions\/14644"}],"wp:attachment":[{"href":"https:\/\/cammodelagency.com\/pl\/wp-json\/wp\/v2\/media?parent=14340"}],"curies":[{"name":"wp","href":"https:\/\/api.w.org\/{rel}","templated":true}]}}