{"id":3485,"date":"2020-07-23T13:45:02","date_gmt":"2020-07-23T19:45:02","guid":{"rendered":"https:\/\/cammodelagency.com\/?page_id=3485"},"modified":"2020-11-10T01:34:46","modified_gmt":"2020-11-10T06:34:46","slug":"18-usc-2257","status":"publish","type":"page","link":"https:\/\/cammodelagency.com\/pl\/18-usc-2257\/","title":{"rendered":"18 U.S.C. 2257"},"content":{"rendered":"<p>18 U.S.C. 2257 zawiadomienie o zgodno\u015bci.<\/p>\n\n\n\n<p>Strony partnera lub strony stowarzyszone z partnerami nie b\u0119d\u0105 zawiera\u0107 \u017cadnych nielegalnych i\/lub budz\u0105cych zastrze\u017cenia materia\u0142\u00f3w, w tym mi\u0119dzy innymi pornografii dzieci\u0119cej, gwa\u0142t\u00f3w, kazirodztwa czy bestialstwa.<\/p>\n\n\n\n<p>Oddzia\u0142y partnerskie spe\u0142niaj\u0105 wymagania US 2257 Compliance.<\/p>\n\n\n\n<p>Wszystkie osoby wyst\u0119puj\u0105ce w jakimkolwiek obrazie wizualnym zawartym na tej stronie mia\u0142y uko\u0144czone osiemna\u015bcie lat w momencie tworzenia takiego obrazu. Rejestry wymagane przez sekcj\u0119 2257 tytu\u0142u 18 Kodeksu Stan\u00f3w Zjednoczonych w odniesieniu do wizualnych przedstawie\u0144 rzeczywistych zachowa\u0144 o charakterze seksualnym s\u0105 przechowywane przez opiekuna rejestr\u00f3w.<\/p>","protected":false},"excerpt":{"rendered":"<p>Powiadomienie o zgodno\u015bci z 18 U.S.C. 2257. Partner ani \u017cadna z witryn stowarzyszonych partner\u00f3w nie b\u0119dzie zawiera\u0107 \u017cadnych nielegalnych i\/lub budz\u0105cych zastrze\u017cenia materia\u0142\u00f3w, w tym mi\u0119dzy innymi pornografii dzieci\u0119cej, gwa\u0142t\u00f3w, kazirodztwa lub bestialstwa. Podmioty stowarzyszone Partnera przestrzegaj\u0105 wymog\u00f3w US 2257 Compliance. Wszystkie osoby, kt\u00f3re pojawiaj\u0105 si\u0119 w jakimkolwiek wizualnym przedstawieniu zawartym na tej stronie, mia\u0142y osiemna\u015bcie lat ... <\/p>\n<p class=\"read-more-container\"><a title=\"18 U.S.C. 2257\" class=\"read-more button\" href=\"https:\/\/cammodelagency.com\/pl\/18-usc-2257\/#more-3485\" aria-label=\"Dowiedz si\u0119 wi\u0119cej o 18 U.S.C. 2257\">Czytaj dalej<\/a><\/p>","protected":false},"author":1,"featured_media":0,"parent":0,"menu_order":0,"comment_status":"closed","ping_status":"closed","template":"","meta":{"footnotes":""},"class_list":{"0":"post-3485","1":"page","2":"type-page","3":"status-publish","5":"infinite-scroll-item"},"aioseo_notices":[],"acf":[],"_links":{"self":[{"href":"https:\/\/cammodelagency.com\/pl\/wp-json\/wp\/v2\/pages\/3485","targetHints":{"allow":["GET"]}}],"collection":[{"href":"https:\/\/cammodelagency.com\/pl\/wp-json\/wp\/v2\/pages"}],"about":[{"href":"https:\/\/cammodelagency.com\/pl\/wp-json\/wp\/v2\/types\/page"}],"author":[{"embeddable":true,"href":"https:\/\/cammodelagency.com\/pl\/wp-json\/wp\/v2\/users\/1"}],"replies":[{"embeddable":true,"href":"https:\/\/cammodelagency.com\/pl\/wp-json\/wp\/v2\/comments?post=3485"}],"version-history":[{"count":2,"href":"https:\/\/cammodelagency.com\/pl\/wp-json\/wp\/v2\/pages\/3485\/revisions"}],"predecessor-version":[{"id":5162,"href":"https:\/\/cammodelagency.com\/pl\/wp-json\/wp\/v2\/pages\/3485\/revisions\/5162"}],"wp:attachment":[{"href":"https:\/\/cammodelagency.com\/pl\/wp-json\/wp\/v2\/media?parent=3485"}],"curies":[{"name":"wp","href":"https:\/\/api.w.org\/{rel}","templated":true}]}}