{"id":14255,"date":"2023-04-24T01:41:09","date_gmt":"2023-04-24T06:41:09","guid":{"rendered":"https:\/\/cammodelagency.com\/?page_id=14255"},"modified":"2023-07-26T17:57:13","modified_gmt":"2023-07-26T22:57:13","slug":"desafio","status":"publish","type":"page","link":"https:\/\/cammodelagency.com\/pt\/challenge\/","title":{"rendered":"Desafio OnlyFans de 30 dias"},"content":{"rendered":"<h1 class=\"gb-headline gb-headline-730f3edf gb-headline-text\">Transforme seu neg\u00f3cio OnlyFans em 30 dias<\/h1>\n\n\n\n<h2 class=\"gb-headline gb-headline-9dcb4308 gb-headline-text\">Um desafio para impulsionar suas vendas e seu envolvimento<\/h2>\n\n\n\n<p>Bem-vindo ao nosso desafio de 30 dias para transformar voc\u00ea <a class=\"thirstylink\" rel=\"nofollow\" target=\"_blank\" title=\"OnlyFans\" href=\"https:\/\/cammodelagency.com\/pt\/go\/onlyfans\/\" data-shortcode=\"true\">OnlyFans<\/a> neg\u00f3cios! Voc\u00ea est\u00e1 pronto para levar seu neg\u00f3cio para o pr\u00f3ximo n\u00edvel? Quer voc\u00ea esteja apenas come\u00e7ando ou procurando melhorar seu perfil atual, este desafio o ajudar\u00e1 a aumentar suas vendas e o envolvimento do cliente.<\/p>\n\n\n\n<p>Esse desafio foi criado para voc\u00ea, o <a class=\"wpil_keyword_link\" href=\"https:\/\/cammodelagency.com\/onlyfans-alternative\/\" target=\"_blank\" rel=\"noopener\" title=\"OnlyFans\" data-wpil-keyword-link=\"linked\">OnlyFans<\/a> Voc\u00ea \u00e9 um criador de conte\u00fado adulto (ou qualquer outro criador de conte\u00fado adulto) que deseja levar sua conta para o pr\u00f3ximo n\u00edvel. Ao longo de 30 dias, forneceremos a voc\u00ea tarefas e dicas di\u00e1rias para ajud\u00e1-lo a aumentar seu envolvimento, reten\u00e7\u00e3o e receita na plataforma.<\/p>\n\n\n\n<div class=\"_form_1\"><\/div><script src=\"https:\/\/cammodelagency.activehosted.com\/f\/embed.php?id=1\" type=\"text\/javascript\" charset=\"utf-8\"><\/script>\n\n\n\n<p>Para come\u00e7ar, ajudaremos voc\u00ea a planejar sua programa\u00e7\u00e3o de conte\u00fado para o pr\u00f3ximo m\u00eas, oferecer um desconto especial para novos assinantes e colaborar com outros criadores para promover suas contas. Tamb\u00e9m mostraremos a voc\u00ea como criar enquetes ou pesquisas para que seus f\u00e3s forne\u00e7am feedback sobre o seu conte\u00fado e hospedar transmiss\u00f5es ao vivo ou sess\u00f5es de perguntas e respostas para interagir diretamente com eles.<\/p>\n\n\n\n<p>Incentivaremos voc\u00ea a oferecer men\u00e7\u00f5es aos f\u00e3s que indicarem novos assinantes e a oferecer testes gratuitos para atrair novas inscri\u00e7\u00f5es. Voc\u00ea tamb\u00e9m experimentar\u00e1 novos temas e tipos de conte\u00fado, criar\u00e1 pacotes ou conjuntos de conte\u00fado exclusivo e colaborar\u00e1 com marcas ou patrocinadores para diversificar seu conte\u00fado e fluxos de receita.<\/p>\n\n\n\n<p>Ao longo do desafio, pediremos que voc\u00ea avalie seu progresso e ajuste sua estrat\u00e9gia de conte\u00fado. Voc\u00ea tamb\u00e9m experimentar\u00e1 novas t\u00e9cnicas de edi\u00e7\u00e3o e fotografia, oferecer\u00e1 solicita\u00e7\u00f5es de conte\u00fado personalizado e realizar\u00e1 eventos virtuais ao vivo para se conectar com seus f\u00e3s.<\/p>\n\n\n\n<p>Ao final do desafio, voc\u00ea ter\u00e1 uma melhor compreens\u00e3o do que \u00e9 necess\u00e1rio para administrar uma empresa de sucesso. <a class=\"thirstylink\" rel=\"nofollow\" target=\"_blank\" title=\"OnlyFans\" href=\"https:\/\/cammodelagency.com\/pt\/go\/onlyfans\/\" data-shortcode=\"true\">OnlyFans<\/a> e voc\u00ea ter\u00e1 implementado uma s\u00e9rie de estrat\u00e9gias para ajud\u00e1-lo a atingir suas metas. <\/p>\n\n\n\n<p>Voc\u00ea est\u00e1 pronto para aceitar o desafio e transformar sua carreira de criador de conte\u00fado? <\/p>\n\n\n\n<p>Inscreva-se hoje e vamos come\u00e7ar!<\/p>\n\n\n\n<div class=\"_form_1\"><\/div><script src=\"https:\/\/cammodelagency.activehosted.com\/f\/embed.php?id=1\" type=\"text\/javascript\" charset=\"utf-8\"><\/script>","protected":false},"excerpt":{"rendered":"<p>Transform Your OnlyFans Business in 30 Days A Challenge to Boost Your Sales and Engagement Welcome to our 30-day challenge to transform your OnlyFans business! Are you ready to take your business to the next level? Whether you&#8217;re just starting out or looking to improve your existing profile, this challenge will help you boost your &#8230; <\/p>\n<p class=\"read-more-container\"><a title=\"Desafio OnlyFans de 30 dias\" class=\"read-more button\" href=\"https:\/\/cammodelagency.com\/pt\/challenge\/#more-14255\" aria-label=\"Read more about 30-Day OnlyFans Challenge\">Leia mais<\/a><\/p>","protected":false},"author":1,"featured_media":4115,"parent":0,"menu_order":0,"comment_status":"closed","ping_status":"closed","template":"","meta":{"footnotes":""},"class_list":{"0":"post-14255","1":"page","2":"type-page","3":"status-publish","4":"has-post-thumbnail","6":"infinite-scroll-item","7":"resize-featured-image"},"aioseo_notices":[],"acf":[],"_links":{"self":[{"href":"https:\/\/cammodelagency.com\/pt\/wp-json\/wp\/v2\/pages\/14255","targetHints":{"allow":["GET"]}}],"collection":[{"href":"https:\/\/cammodelagency.com\/pt\/wp-json\/wp\/v2\/pages"}],"about":[{"href":"https:\/\/cammodelagency.com\/pt\/wp-json\/wp\/v2\/types\/page"}],"author":[{"embeddable":true,"href":"https:\/\/cammodelagency.com\/pt\/wp-json\/wp\/v2\/users\/1"}],"replies":[{"embeddable":true,"href":"https:\/\/cammodelagency.com\/pt\/wp-json\/wp\/v2\/comments?post=14255"}],"version-history":[{"count":5,"href":"https:\/\/cammodelagency.com\/pt\/wp-json\/wp\/v2\/pages\/14255\/revisions"}],"predecessor-version":[{"id":14642,"href":"https:\/\/cammodelagency.com\/pt\/wp-json\/wp\/v2\/pages\/14255\/revisions\/14642"}],"wp:featuredmedia":[{"embeddable":true,"href":"https:\/\/cammodelagency.com\/pt\/wp-json\/wp\/v2\/media\/4115"}],"wp:attachment":[{"href":"https:\/\/cammodelagency.com\/pt\/wp-json\/wp\/v2\/media?parent=14255"}],"curies":[{"name":"wp","href":"https:\/\/api.w.org\/{rel}","templated":true}]}}