{"id":14294,"date":"2023-06-11T14:58:23","date_gmt":"2023-06-11T19:58:23","guid":{"rendered":"https:\/\/cammodelagency.com\/?page_id=14294"},"modified":"2023-07-26T17:57:19","modified_gmt":"2023-07-26T22:57:19","slug":"precificacao","status":"publish","type":"page","link":"https:\/\/cammodelagency.com\/pt\/pricing\/","title":{"rendered":"Pre\u00e7os do OnlyFans Management sem comiss\u00e3o"},"content":{"rendered":"<p>Com nosso abrangente conjunto de servi\u00e7os, voc\u00ea pode se concentrar no que faz de melhor - criar conte\u00fado cativante - enquanto n\u00f3s cuidamos do resto. Deixe-nos cuidar dos aspectos de gerenciamento, crescimento, promo\u00e7\u00e3o e envolvimento do seu <a class=\"thirstylink\" rel=\"nofollow\" target=\"_blank\" title=\"OnlyFans\" href=\"https:\/\/cammodelagency.com\/pt\/go\/onlyfans\/\" data-shortcode=\"true\">OnlyFans<\/a> jornada, capacitando voc\u00ea a alcan\u00e7ar novos patamares de sucesso.<\/p>\n\n\n\n<p>Cada n\u00edvel tem um pre\u00e7o baseado em <strong>quanto tempo<\/strong> <strong>que gastamos em sua conta<\/strong> mensal em vez de quanto voc\u00ea ganha. Isso facilita o trabalho apenas com criadores s\u00e9rios, d\u00e1 a cada criador a aten\u00e7\u00e3o que ele merece e proporciona estabilidade financeira para voc\u00ea. <\/p>\n\n\n\n<p>Todos os n\u00edveis recebem um plano personalizado para o sucesso da sua conta, com tempo alocado para<\/p>\n\n\n\n<ul class=\"has-accent-color has-base-background-color has-text-color has-background wp-block-list\">\n<li>Crescimento da conta por meio de promo\u00e7\u00e3o e marketing<\/li>\n\n\n\n<li><a class=\"thirstylink\" rel=\"nofollow\" target=\"_blank\" title=\"Hypefury\" href=\"https:\/\/cammodelagency.com\/pt\/go\/hypefury\/\" data-shortcode=\"true\">M\u00eddia social<\/a> gerenciamento<\/li>\n\n\n\n<li>Conversar com seguidores e assinantes atuais<\/li>\n\n\n\n<li><strong>Mais<\/strong>Voc\u00ea recebe um relat\u00f3rio mensal que mostra a atividade, o crescimento e as novas iniciativas<\/li>\n\n\n\n<li><strong>Mais<\/strong>Voc\u00ea ter\u00e1 acesso vital\u00edcio a todos os novos produtos criados em <a href=\"http:\/\/SubToMy.com\" target=\"_blank\" rel=\"noopener\" title=\"\">SubToMy.com<\/a><\/li>\n<\/ul>\n\n\n<div class=\"gb-container gb-container-5f21bd73\">\n<div class=\"gb-grid-wrapper gb-grid-wrapper-e34ebfcc\">\n<div class=\"gb-grid-column gb-grid-column-b28a2877\"><div class=\"gb-container gb-container-b28a2877\">\n<div class=\"gb-container gb-container-c17a1f13\">\n\n<h2 class=\"gb-headline gb-headline-610bc41a gb-headline-text\">N\u00edvel 1<\/h2>\n\n\n\n<h2 class=\"gb-headline gb-headline-25c22229 gb-headline-text\">$5.000 d\u00f3lares por m\u00eas<\/h2>\n\n\n\n<ul class=\"wp-block-list\">\n<li>Aproximadamente 600 horas por m\u00eas<\/li>\n\n\n\n<li>16 a 24 horas por dia, 7 dias por semana<\/li>\n<\/ul>\n\n<\/div>\n<\/div><\/div>\n\n<div class=\"gb-grid-column gb-grid-column-82938111\"><div class=\"gb-container gb-container-82938111\">\n\n<h2 class=\"gb-headline gb-headline-481c1470 gb-headline-text\">N\u00edvel 2<\/h2>\n\n\n\n<h2 class=\"gb-headline gb-headline-a0625657 gb-headline-text\">US$ $4.000 por m\u00eas<\/h2>\n\n\n\n<ul class=\"wp-block-list\">\n<li>Aproximadamente 400 horas por m\u00eas<\/li>\n\n\n\n<li>8 a 16 horas por dia, 7 dias por semana<\/li>\n<\/ul>\n\n<\/div><\/div>\n\n<div class=\"gb-grid-column gb-grid-column-9837250d\"><div class=\"gb-container gb-container-9837250d\">\n\n<h2 class=\"gb-headline gb-headline-6c7af739 gb-headline-text\">N\u00edvel 3<\/h2>\n\n\n\n<h2 class=\"gb-headline gb-headline-47398fd5 gb-headline-text\">$2.500 d\u00f3lares por m\u00eas<\/h2>\n\n\n\n<ul class=\"wp-block-list\">\n<li>Aproximadamente 200 horas por m\u00eas<\/li>\n\n\n\n<li>4 a 8 horas por dia, 7 dias por semana<\/li>\n<\/ul>\n\n<\/div><\/div>\n<\/div>\n<\/div>\n\n\n<p class=\"has-text-align-center has-medium-font-size\">Voc\u00ea est\u00e1 pronto para levar seu <a class=\"wpil_keyword_link\" href=\"https:\/\/cammodelagency.com\/onlyfans-alternative\/\" target=\"_blank\" rel=\"noopener\" title=\"OnlyFans\" data-wpil-keyword-link=\"linked\">OnlyFans<\/a> Voc\u00ea quer levar sua carreira para o pr\u00f3ximo n\u00edvel? Inscreva-se hoje mesmo e libere todo o potencial de sua conta. <a href=\"https:\/\/cammodelagency.com\/apply\/\" target=\"_blank\" rel=\"noopener\" title=\"\"><strong>Inscreva-se aqui<\/strong><\/a>.<\/p>","protected":false},"excerpt":{"rendered":"<p>Com nosso abrangente conjunto de servi\u00e7os, voc\u00ea pode se concentrar no que faz de melhor - criar conte\u00fado cativante - enquanto n\u00f3s cuidamos do resto. Deixe-nos cuidar dos aspectos de gerenciamento, crescimento, promo\u00e7\u00e3o e envolvimento da sua jornada OnlyFans, capacitando voc\u00ea a alcan\u00e7ar novos patamares de sucesso. Cada n\u00edvel tem um pre\u00e7o baseado em como ... <\/p>\n<p class=\"read-more-container\"><a title=\"Pre\u00e7os do OnlyFans Management sem comiss\u00e3o\" class=\"read-more button\" href=\"https:\/\/cammodelagency.com\/pt\/pricing\/#more-14294\" aria-label=\"Leia mais sobre Pre\u00e7os para gerenciamento de f\u00e3s sem comiss\u00e3o\">Leia mais<\/a><\/p>","protected":false},"author":1,"featured_media":13925,"parent":0,"menu_order":0,"comment_status":"closed","ping_status":"closed","template":"","meta":{"footnotes":""},"class_list":{"0":"post-14294","1":"page","2":"type-page","3":"status-publish","4":"has-post-thumbnail","6":"infinite-scroll-item","7":"resize-featured-image"},"aioseo_notices":[],"acf":[],"_links":{"self":[{"href":"https:\/\/cammodelagency.com\/pt\/wp-json\/wp\/v2\/pages\/14294","targetHints":{"allow":["GET"]}}],"collection":[{"href":"https:\/\/cammodelagency.com\/pt\/wp-json\/wp\/v2\/pages"}],"about":[{"href":"https:\/\/cammodelagency.com\/pt\/wp-json\/wp\/v2\/types\/page"}],"author":[{"embeddable":true,"href":"https:\/\/cammodelagency.com\/pt\/wp-json\/wp\/v2\/users\/1"}],"replies":[{"embeddable":true,"href":"https:\/\/cammodelagency.com\/pt\/wp-json\/wp\/v2\/comments?post=14294"}],"version-history":[{"count":13,"href":"https:\/\/cammodelagency.com\/pt\/wp-json\/wp\/v2\/pages\/14294\/revisions"}],"predecessor-version":[{"id":14643,"href":"https:\/\/cammodelagency.com\/pt\/wp-json\/wp\/v2\/pages\/14294\/revisions\/14643"}],"wp:featuredmedia":[{"embeddable":true,"href":"https:\/\/cammodelagency.com\/pt\/wp-json\/wp\/v2\/media\/13925"}],"wp:attachment":[{"href":"https:\/\/cammodelagency.com\/pt\/wp-json\/wp\/v2\/media?parent=14294"}],"curies":[{"name":"wp","href":"https:\/\/api.w.org\/{rel}","templated":true}]}}