{"id":3485,"date":"2020-07-23T13:45:02","date_gmt":"2020-07-23T19:45:02","guid":{"rendered":"https:\/\/cammodelagency.com\/?page_id=3485"},"modified":"2020-11-10T01:34:46","modified_gmt":"2020-11-10T06:34:46","slug":"18-usc-2257","status":"publish","type":"page","link":"https:\/\/cammodelagency.com\/pt\/18-usc-2257\/","title":{"rendered":"18 U.S.C. 2257"},"content":{"rendered":"<p>18 U.S.C. 2257 aviso de conformidade.<\/p>\n\n\n\n<p>Os sites parceiros ou qualquer um dos sites afiliados dos parceiros n\u00e3o conter\u00e3o nenhum material ilegal e\/ou question\u00e1vel, incluindo, mas n\u00e3o limitado a, pornografia infantil, estupro, incesto, ou bestialidade.<\/p>\n\n\n\n<p>Afiliados parceiros cumprem com os requisitos de conformidade US 2257.<\/p>\n\n\n\n<p>Todas as pessoas que aparecem em qualquer representa\u00e7\u00e3o visual contida neste website tinham 18 anos de idade ou mais no momento da cria\u00e7\u00e3o de tais representa\u00e7\u00f5es. Os registros exigidos pela Se\u00e7\u00e3o 2257 do T\u00edtulo 18 do C\u00f3digo dos Estados Unidos com rela\u00e7\u00e3o a representa\u00e7\u00f5es visuais de conduta sexualmente expl\u00edcita real s\u00e3o mantidos pelo custodiante dos registros.<\/p>","protected":false},"excerpt":{"rendered":"<p>18 U.S.C. 2257 aviso de conformidade. O parceiro ou qualquer um dos sites afiliados dos parceiros n\u00e3o conter\u00e1 materiais ilegais e\/ou question\u00e1veis, inclusive, entre outros, pornografia infantil, estupro, incesto ou bestialidade. As afiliadas dos parceiros cumprem os requisitos de conformidade do US 2257. Todas as pessoas que aparecem em qualquer representa\u00e7\u00e3o visual contida neste site tinham dezoito anos ... <\/p>\n<p class=\"read-more-container\"><a title=\"18 U.S.C. 2257\" class=\"read-more button\" href=\"https:\/\/cammodelagency.com\/pt\/18-usc-2257\/#more-3485\" aria-label=\"Leia mais sobre 18 U.S.C. 2257\">Leia mais<\/a><\/p>","protected":false},"author":1,"featured_media":0,"parent":0,"menu_order":0,"comment_status":"closed","ping_status":"closed","template":"","meta":{"footnotes":""},"class_list":{"0":"post-3485","1":"page","2":"type-page","3":"status-publish","5":"infinite-scroll-item"},"aioseo_notices":[],"acf":[],"_links":{"self":[{"href":"https:\/\/cammodelagency.com\/pt\/wp-json\/wp\/v2\/pages\/3485","targetHints":{"allow":["GET"]}}],"collection":[{"href":"https:\/\/cammodelagency.com\/pt\/wp-json\/wp\/v2\/pages"}],"about":[{"href":"https:\/\/cammodelagency.com\/pt\/wp-json\/wp\/v2\/types\/page"}],"author":[{"embeddable":true,"href":"https:\/\/cammodelagency.com\/pt\/wp-json\/wp\/v2\/users\/1"}],"replies":[{"embeddable":true,"href":"https:\/\/cammodelagency.com\/pt\/wp-json\/wp\/v2\/comments?post=3485"}],"version-history":[{"count":2,"href":"https:\/\/cammodelagency.com\/pt\/wp-json\/wp\/v2\/pages\/3485\/revisions"}],"predecessor-version":[{"id":5162,"href":"https:\/\/cammodelagency.com\/pt\/wp-json\/wp\/v2\/pages\/3485\/revisions\/5162"}],"wp:attachment":[{"href":"https:\/\/cammodelagency.com\/pt\/wp-json\/wp\/v2\/media?parent=3485"}],"curies":[{"name":"wp","href":"https:\/\/api.w.org\/{rel}","templated":true}]}}