{"id":119,"date":"2020-01-07T20:00:25","date_gmt":"2020-01-08T02:00:25","guid":{"rendered":"https:\/\/cammodelagency.com\/?page_id=119"},"modified":"2023-06-11T16:09:03","modified_gmt":"2023-06-11T21:09:03","slug":"contactati","status":"publish","type":"page","link":"https:\/\/cammodelagency.com\/ro\/contact\/","title":{"rendered":"Contacta\u021bi-ne"},"content":{"rendered":"<p>Fie c\u0103 e\u0219ti un artist pentru adul\u021bi care caut\u0103 un site web f\u0103cut, o echip\u0103 care s\u0103 gestioneze \u0219i s\u0103 promoveze social premium, sau orice alt sfat. Scrie-ne un r\u00e2nd sau pune-ne o \u00eentrebare \u0219i te vom contacta \u00een cur\u00e2nd. V\u0103 rug\u0103m s\u0103 face\u021bi clic pe butonul de mai jos \u0219i asigura\u021bi-v\u0103 c\u0103 include\u021bi<\/p>\n\n\n\n<ul class=\"wp-block-list\">\n<li>Numele dumneavoastr\u0103 sau denumirea firmei<\/li>\n\n\n\n<li>Un num\u0103r de contact<\/li>\n\n\n\n<li>Site-ul dvs.<\/li>\n\n\n\n<li>\u0218i un mesaj<\/li>\n<\/ul>\n\n\n\n<a class=\"gb-button gb-button-23bc9da1 gb-button-text\" href=\"mailto:admin@cammodelagency.com?cc=justin@cammodelagency.com&amp;body=Your%20name%20or%20business%20name%3A%0D%0AA%20contact%20number%3A%0D%0AYour%20website%2Flink%3A%0D%0A%0D%0AMessage%3A%0D%0A\" target=\"_blank\" rel=\"noopener noreferrer\">Face\u021bi clic aici pentru a ne trimite un e-mail acum<\/a>","protected":false},"excerpt":{"rendered":"<p>Fie c\u0103 e\u0219ti un artist pentru adul\u021bi care caut\u0103 un site web f\u0103cut, o echip\u0103 care s\u0103 gestioneze \u0219i s\u0103 promoveze social premium, sau orice alt sfat. Scrie-ne un r\u00e2nd sau pune-ne o \u00eentrebare \u0219i te vom contacta \u00een cur\u00e2nd. V\u0103 rug\u0103m s\u0103 face\u021bi clic pe butonul de mai jos \u0219i asigura\u021bi-v\u0103 c\u0103 include\u021bi<\/p>","protected":false},"author":1,"featured_media":0,"parent":0,"menu_order":0,"comment_status":"closed","ping_status":"closed","template":"","meta":{"footnotes":""},"class_list":{"0":"post-119","1":"page","2":"type-page","3":"status-publish","5":"infinite-scroll-item"},"aioseo_notices":[],"acf":[],"_links":{"self":[{"href":"https:\/\/cammodelagency.com\/ro\/wp-json\/wp\/v2\/pages\/119","targetHints":{"allow":["GET"]}}],"collection":[{"href":"https:\/\/cammodelagency.com\/ro\/wp-json\/wp\/v2\/pages"}],"about":[{"href":"https:\/\/cammodelagency.com\/ro\/wp-json\/wp\/v2\/types\/page"}],"author":[{"embeddable":true,"href":"https:\/\/cammodelagency.com\/ro\/wp-json\/wp\/v2\/users\/1"}],"replies":[{"embeddable":true,"href":"https:\/\/cammodelagency.com\/ro\/wp-json\/wp\/v2\/comments?post=119"}],"version-history":[{"count":24,"href":"https:\/\/cammodelagency.com\/ro\/wp-json\/wp\/v2\/pages\/119\/revisions"}],"predecessor-version":[{"id":14350,"href":"https:\/\/cammodelagency.com\/ro\/wp-json\/wp\/v2\/pages\/119\/revisions\/14350"}],"wp:attachment":[{"href":"https:\/\/cammodelagency.com\/ro\/wp-json\/wp\/v2\/media?parent=119"}],"curies":[{"name":"wp","href":"https:\/\/api.w.org\/{rel}","templated":true}]}}