{"id":14255,"date":"2023-04-24T01:41:09","date_gmt":"2023-04-24T06:41:09","guid":{"rendered":"https:\/\/cammodelagency.com\/?page_id=14255"},"modified":"2023-07-26T17:57:13","modified_gmt":"2023-07-26T22:57:13","slug":"provocare","status":"publish","type":"page","link":"https:\/\/cammodelagency.com\/ro\/challenge\/","title":{"rendered":"Provocarea OnlyFans de 30 de zile"},"content":{"rendered":"<h1 class=\"gb-headline gb-headline-730f3edf gb-headline-text\">Transform\u0103-\u021bi afacerea OnlyFans \u00een 30 de zile<\/h1>\n\n\n\n<h2 class=\"gb-headline gb-headline-9dcb4308 gb-headline-text\">O provocare pentru a v\u0103 stimula v\u00e2nz\u0103rile \u0219i implicarea<\/h2>\n\n\n\n<p>Bine a\u021bi venit la provocarea noastr\u0103 de 30 de zile pentru a v\u0103 transforma <a class=\"thirstylink\" rel=\"nofollow\" target=\"_blank\" title=\"OnlyFans\" href=\"https:\/\/cammodelagency.com\/ro\/go\/onlyfans\/\" data-shortcode=\"true\">OnlyFans<\/a> afaceri! Sunte\u021bi gata s\u0103 v\u0103 duce\u021bi afacerea la nivelul urm\u0103tor? Fie c\u0103 sunte\u021bi la \u00eenceput de drum sau dori\u021bi s\u0103 v\u0103 \u00eembun\u0103t\u0103\u021bi\u021bi profilul existent, aceast\u0103 provocare v\u0103 va ajuta s\u0103 v\u0103 cre\u0219te\u021bi v\u00e2nz\u0103rile \u0219i implicarea clien\u021bilor.<\/p>\n\n\n\n<p>Aceast\u0103 provocare este conceput\u0103 pentru tine, cel care <a class=\"wpil_keyword_link\" href=\"https:\/\/cammodelagency.com\/onlyfans-alternative\/\" target=\"_blank\" rel=\"noopener\" title=\"OnlyFans\" data-wpil-keyword-link=\"linked\">OnlyFans<\/a> creatorul de con\u021binut (sau orice alt creator de con\u021binut pentru adul\u021bi) care dore\u0219te s\u0103 \u00ee\u0219i duc\u0103 contul la nivelul urm\u0103tor. Pe parcursul a 30 de zile, v\u0103 vom oferi sarcini \u0219i sfaturi zilnice pentru a v\u0103 ajuta s\u0103 v\u0103 cre\u0219te\u021bi implicarea, reten\u021bia \u0219i veniturile pe platform\u0103.<\/p>\n\n\n\n<div class=\"_form_1\"><\/div><script src=\"https:\/\/cammodelagency.activehosted.com\/f\/embed.php?id=1\" type=\"text\/javascript\" charset=\"utf-8\"><\/script>\n\n\n\n<p>Pentru \u00eenceput, v\u0103 vom ajuta s\u0103 v\u0103 planifica\u021bi programul de con\u021binut pentru luna urm\u0103toare, s\u0103 oferi\u021bi o reducere special\u0103 noilor abona\u021bi \u0219i s\u0103 colabora\u021bi cu al\u021bi creatori pentru a v\u0103 promova conturile. De asemenea, v\u0103 vom ar\u0103ta cum s\u0103 crea\u021bi sondaje sau anchete pentru ca fanii dvs. s\u0103 v\u0103 ofere feedback cu privire la con\u021binutul dvs. \u0219i cum s\u0103 g\u0103zdui\u021bi transmisiuni live sau sesiuni de \u00eentreb\u0103ri \u0219i r\u0103spunsuri pentru a interac\u021biona direct cu ei.<\/p>\n\n\n\n<p>V\u0103 vom \u00eencuraja s\u0103 oferi\u021bi recomand\u0103ri sau men\u021biuni fanilor care recomand\u0103 noi abona\u021bi \u0219i s\u0103 oferi\u021bi teste gratuite pentru a atrage noi \u00eenscrieri. De asemenea, ve\u021bi \u00eencerca noi teme \u0219i tipuri de con\u021binut, ve\u021bi crea pachete sau pachete de con\u021binut exclusiv \u0219i ve\u021bi colabora cu m\u0103rci sau sponsori pentru a v\u0103 diversifica con\u021binutul \u0219i sursele de venit.<\/p>\n\n\n\n<p>Pe parcursul provoc\u0103rii, v\u0103 vom cere s\u0103 v\u0103 evalua\u021bi progresul \u0219i s\u0103 v\u0103 ajusta\u021bi strategia de con\u021binut. De asemenea, ve\u021bi experimenta noi tehnici de editare \u0219i fotografiere, ve\u021bi oferi cereri de con\u021binut personalizat \u0219i ve\u021bi g\u0103zdui evenimente virtuale live pentru a v\u0103 conecta cu fanii dvs.<\/p>\n\n\n\n<p>P\u00e2n\u0103 la finalul provoc\u0103rii, vei \u00een\u021belege mai bine de ce este nevoie pentru a conduce cu succes o afacere de succes. <a class=\"thirstylink\" rel=\"nofollow\" target=\"_blank\" title=\"OnlyFans\" href=\"https:\/\/cammodelagency.com\/ro\/go\/onlyfans\/\" data-shortcode=\"true\">OnlyFans<\/a> \u0219i ve\u021bi fi implementat o serie de strategii care s\u0103 v\u0103 ajute s\u0103 v\u0103 atinge\u021bi obiectivele. <\/p>\n\n\n\n<p>E\u0219ti preg\u0103tit s\u0103 accep\u021bi provocarea \u0219i s\u0103 \u00ee\u021bi transformi cariera de creator de con\u021binut? <\/p>\n\n\n\n<p>\u00censcrie\u021bi-v\u0103 ast\u0103zi \u0219i haide\u021bi s\u0103 \u00eencepem!<\/p>\n\n\n\n<div class=\"_form_1\"><\/div><script src=\"https:\/\/cammodelagency.activehosted.com\/f\/embed.php?id=1\" type=\"text\/javascript\" charset=\"utf-8\"><\/script>","protected":false},"excerpt":{"rendered":"<p>Transform\u0103-\u021bi afacerea OnlyFans \u00een 30 de zile O provocare pentru a-\u021bi stimula v\u00e2nz\u0103rile \u0219i implicarea Bine ai venit la provocarea noastr\u0103 de 30 de zile pentru a-\u021bi transforma afacerea OnlyFans! E\u0219ti preg\u0103tit s\u0103 \u00ee\u021bi duci afacerea la nivelul urm\u0103tor? Fie c\u0103 e\u0219ti la \u00eenceput sau cau\u021bi s\u0103-\u021bi \u00eembun\u0103t\u0103\u021be\u0219ti profilul existent, aceast\u0103 provocare te va ajuta s\u0103-\u021bi cre\u0219ti ... <\/p>\n<p class=\"read-more-container\"><a title=\"Provocarea OnlyFans de 30 de zile\" class=\"read-more button\" href=\"https:\/\/cammodelagency.com\/ro\/challenge\/#more-14255\" aria-label=\"Cite\u0219te mai multe despre 30-Day OnlyFans Challenge\">Cite\u0219te mai mult<\/a><\/p>","protected":false},"author":1,"featured_media":4115,"parent":0,"menu_order":0,"comment_status":"closed","ping_status":"closed","template":"","meta":{"footnotes":""},"class_list":{"0":"post-14255","1":"page","2":"type-page","3":"status-publish","4":"has-post-thumbnail","6":"infinite-scroll-item","7":"resize-featured-image"},"aioseo_notices":[],"acf":[],"_links":{"self":[{"href":"https:\/\/cammodelagency.com\/ro\/wp-json\/wp\/v2\/pages\/14255","targetHints":{"allow":["GET"]}}],"collection":[{"href":"https:\/\/cammodelagency.com\/ro\/wp-json\/wp\/v2\/pages"}],"about":[{"href":"https:\/\/cammodelagency.com\/ro\/wp-json\/wp\/v2\/types\/page"}],"author":[{"embeddable":true,"href":"https:\/\/cammodelagency.com\/ro\/wp-json\/wp\/v2\/users\/1"}],"replies":[{"embeddable":true,"href":"https:\/\/cammodelagency.com\/ro\/wp-json\/wp\/v2\/comments?post=14255"}],"version-history":[{"count":5,"href":"https:\/\/cammodelagency.com\/ro\/wp-json\/wp\/v2\/pages\/14255\/revisions"}],"predecessor-version":[{"id":14642,"href":"https:\/\/cammodelagency.com\/ro\/wp-json\/wp\/v2\/pages\/14255\/revisions\/14642"}],"wp:featuredmedia":[{"embeddable":true,"href":"https:\/\/cammodelagency.com\/ro\/wp-json\/wp\/v2\/media\/4115"}],"wp:attachment":[{"href":"https:\/\/cammodelagency.com\/ro\/wp-json\/wp\/v2\/media?parent=14255"}],"curies":[{"name":"wp","href":"https:\/\/api.w.org\/{rel}","templated":true}]}}