{"id":3485,"date":"2020-07-23T13:45:02","date_gmt":"2020-07-23T19:45:02","guid":{"rendered":"https:\/\/cammodelagency.com\/?page_id=3485"},"modified":"2020-11-10T01:34:46","modified_gmt":"2020-11-10T06:34:46","slug":"18-usc-2257","status":"publish","type":"page","link":"https:\/\/cammodelagency.com\/ro\/18-usc-2257\/","title":{"rendered":"18 U.S.C. 2257"},"content":{"rendered":"<p>18 U.S.C. 2257 notificare de conformitate.<\/p>\n\n\n\n<p>Partenerul sau oricare dintre site-urile afiliate ale partenerilor nu vor con\u021bine materiale ilegale \u0219i\/sau reprobabile, inclusiv, dar f\u0103r\u0103 a se limita la, pornografie infantil\u0103, viol, incest sau bestialitate.<\/p>\n\n\n\n<p>Afilia\u021bii parteneri respect\u0103 cerin\u021bele de conformitate cu legea american\u0103 2257.<\/p>\n\n\n\n<p>Toate persoanele care apar \u00een orice reprezentare vizual\u0103 con\u021binut\u0103 \u00een acest site web au \u00eemplinit v\u00e2rsta de optsprezece ani sau mai mult la momentul cre\u0103rii acestor reprezent\u0103ri. \u00cenregistr\u0103rile cerute de sec\u021biunea 2257 din titlul 18 din Codul Statelor Unite \u00een ceea ce prive\u0219te reprezent\u0103rile vizuale ale unui comportament sexual explicit real sunt p\u0103strate de c\u0103tre custodele \u00eenregistr\u0103rilor.<\/p>","protected":false},"excerpt":{"rendered":"<p>18 U.S.C. 2257 compliance notice. Partner or any of the partners&#8217; affiliated sites will not contain any illegal and\/or objectionable materials, including, but not limited to, child pornography, rape, incest, or bestiality. Partner affiliates comply with US 2257 Compliance requirements. All persons who appear in any visual depiction contained in this website were eighteen years &#8230; <\/p>\n<p class=\"read-more-container\"><a title=\"18 U.S.C. 2257\" class=\"read-more button\" href=\"https:\/\/cammodelagency.com\/ro\/18-usc-2257\/#more-3485\" aria-label=\"Cite\u0219te mai multe despre 18 U.S.C. 2257\">Cite\u0219te mai mult<\/a><\/p>","protected":false},"author":1,"featured_media":0,"parent":0,"menu_order":0,"comment_status":"closed","ping_status":"closed","template":"","meta":{"footnotes":""},"class_list":{"0":"post-3485","1":"page","2":"type-page","3":"status-publish","5":"infinite-scroll-item"},"aioseo_notices":[],"acf":[],"_links":{"self":[{"href":"https:\/\/cammodelagency.com\/ro\/wp-json\/wp\/v2\/pages\/3485","targetHints":{"allow":["GET"]}}],"collection":[{"href":"https:\/\/cammodelagency.com\/ro\/wp-json\/wp\/v2\/pages"}],"about":[{"href":"https:\/\/cammodelagency.com\/ro\/wp-json\/wp\/v2\/types\/page"}],"author":[{"embeddable":true,"href":"https:\/\/cammodelagency.com\/ro\/wp-json\/wp\/v2\/users\/1"}],"replies":[{"embeddable":true,"href":"https:\/\/cammodelagency.com\/ro\/wp-json\/wp\/v2\/comments?post=3485"}],"version-history":[{"count":2,"href":"https:\/\/cammodelagency.com\/ro\/wp-json\/wp\/v2\/pages\/3485\/revisions"}],"predecessor-version":[{"id":5162,"href":"https:\/\/cammodelagency.com\/ro\/wp-json\/wp\/v2\/pages\/3485\/revisions\/5162"}],"wp:attachment":[{"href":"https:\/\/cammodelagency.com\/ro\/wp-json\/wp\/v2\/media?parent=3485"}],"curies":[{"name":"wp","href":"https:\/\/api.w.org\/{rel}","templated":true}]}}