{"id":5119,"date":"2024-01-24T20:47:05","date_gmt":"2024-01-25T01:47:05","guid":{"rendered":"https:\/\/cammodelagency.com\/?page_id=5119"},"modified":"2024-01-24T20:48:15","modified_gmt":"2024-01-25T01:48:15","slug":"aplica","status":"publish","type":"page","link":"https:\/\/cammodelagency.com\/ro\/apply\/","title":{"rendered":"Aplica\u021bi pentru OnlyFans Management"},"content":{"rendered":"<h2 class=\"gb-headline gb-headline-5ad758aa\"><span class=\"gb-icon\"><svg aria-hidden=\"true\" role=\"img\" height=\"1em\" width=\"1em\" viewbox=\"0 0 576 512\" xmlns=\"http:\/\/www.w3.org\/2000\/svg\"><path fill=\"currentColor\" d=\"M576 240c0-23.63-12.95-44.04-32-55.12V32.01C544 23.26 537.02 0 512 0c-7.12 0-14.19 2.38-19.98 7.02l-85.03 68.03C364.28 109.19 310.66 128 256 128H64c-35.35 0-64 28.65-64 64v96c0 35.35 28.65 64 64 64h33.7c-1.39 10.48-2.18 21.14-2.18 32 0 39.77 9.26 77.35 25.56 110.94 5.19 10.69 16.52 17.06 28.4 17.06h74.28c26.05 0 41.69-29.84 25.9-50.56-16.4-21.52-26.15-48.36-26.15-77.44 0-11.11 1.62-21.79 4.41-32H256c54.66 0 108.28 18.81 150.98 52.95l85.03 68.03a32.023 32.023 0 0 0 19.98 7.02c24.92 0 32-22.78 32-32V295.13C563.05 284.04 576 263.63 576 240zm-96 141.42l-33.05-26.44C392.95 311.78 325.12 288 256 288v-96c69.12 0 136.95-23.78 190.95-66.98L480 98.58v282.84z\"><\/path><\/svg><\/span><span class=\"gb-headline-text\">\u00cen prezent nu accept\u0103m noi creatori... \u00eens\u0103...<\/span><\/h2>\n\n\n\n<p>Prezentarea Fan Clubului &amp; <a class=\"thirstylink\" rel=\"nofollow\" target=\"_blank\" title=\"Hypefury\" href=\"https:\/\/cammodelagency.com\/ro\/go\/hypefury\/\" data-shortcode=\"true\">Social Media<\/a> Audit de profil - un serviciu cuprinz\u0103tor conceput pentru a v\u0103 ajuta s\u0103 profita\u021bi la maximum de persoana dumneavoastr\u0103 online.<\/p>\n\n\n\n<p>Cu acest produs revolu\u021bionar, auditorii no\u0219tri exper\u021bi vor evalua \u00een detaliu profilul dvs. pe mai multe <a class=\"thirstylink\" rel=\"nofollow\" target=\"_blank\" title=\"Hypefury\" href=\"https:\/\/cammodelagency.com\/ro\/go\/hypefury\/\" data-shortcode=\"true\">social media<\/a> platforme, inclusiv <a class=\"thirstylink\" rel=\"nofollow\" target=\"_blank\" title=\"OnlyFans\" href=\"https:\/\/cammodelagency.com\/ro\/go\/onlyfans\/\" data-shortcode=\"true\">OnlyFans<\/a>, <a class=\"thirstylink\" rel=\"nofollow\" target=\"_blank\" title=\"LoyalFans\" href=\"https:\/\/cammodelagency.com\/ro\/go\/loyalfans\/\" data-shortcode=\"true\">Loyalfans<\/a>, Instagram, Twitter \u0219i multe altele. Vom cerceta \u00een profunzime fiecare aspect al imaginii dvs. online \u0219i v\u0103 vom oferi recomand\u0103ri practice, adaptate pentru a v\u0103 spori gradul de acoperire \u0219i de implicare. <\/p>\n\n\n\n<p><a href=\"https:\/\/subtomy.com\/product\/profile-audit\/\"><strong>Face\u021bi clic aici pentru a cump\u0103ra acum.<\/strong><\/a><\/p>\n\n\n\n<p>Iat\u0103 la ce v\u0103 pute\u021bi a\u0219tepta de la acest audit nepre\u021buit:<\/p>\n\n\n\n<h3 class=\"gb-headline gb-headline-5162fe17 gb-headline-text\">Analiza detaliat\u0103 a profilului<\/h3>\n\n\n\n<ul class=\"wp-block-list\">\n<li>Auditorii no\u0219tri vor examina cu meticulozitate fiecare element al profilurilor dvs. - de la descrierile biografice p\u00e2n\u0103 la fotografiile de profil - asigur\u00e2ndu-se c\u0103 acestea reprezint\u0103 cu exactitate cine sunte\u021bi ca persoan\u0103 sau ca marc\u0103.<\/li>\n\n\n\n<li>Vom evalua consecven\u021ba pe toate platformele, asigur\u00e2nd coeren\u021ba \u00een modul \u00een care v\u0103 prezenta\u021bi.<\/li>\n<\/ul>\n\n\n\n<h3 class=\"gb-headline gb-headline-9ffb1f98 gb-headline-text\">Revizuirea con\u021binutului<\/h3>\n\n\n\n<ul class=\"wp-block-list\">\n<li>Echipa noastr\u0103 va examina tipul \u0219i calitatea con\u021binutului partajat pe fiecare platform\u0103.<\/li>\n\n\n\n<li>V\u0103 vom oferi informa\u021bii despre optimizarea post\u0103rilor dvs. pentru a captiva publicul, r\u0103m\u00e2n\u00e2nd \u00een acela\u0219i timp fidel stilului sau ni\u0219ei dvs. unice.<\/li>\n<\/ul>\n\n\n\n<h3 class=\"wp-block-heading\">Strategia de implicare<\/h3>\n\n\n\n<ul class=\"wp-block-list\">\n<li>Analiz\u00e2nd interac\u021biunile cu adep\u021bii, cum ar fi comentariile \u0219i <a class=\"thirstylink\" rel=\"nofollow\" target=\"_blank\" title=\"Mesaje\" href=\"https:\/\/cammodelagency.com\/ro\/go\/messages\/\" data-shortcode=\"true\">mesaje directe<\/a> (<a class=\"thirstylink\" rel=\"nofollow\" target=\"_blank\" title=\"Mesaje\" href=\"https:\/\/cammodelagency.com\/ro\/go\/messages\/\" data-shortcode=\"true\">DMs<\/a>), vom identifica oportunit\u0103\u021bi pentru a promova conexiuni mai profunde.<\/li>\n\n\n\n<li>V\u0103 pute\u021bi a\u0219tepta la sugestii personalizate pentru a construi rela\u021bii mai puternice cu fanii prin conversa\u021bii atractive \u0219i r\u0103spunsuri la timp.<\/li>\n<\/ul>\n\n\n\n<h3 class=\"gb-headline gb-headline-52025c79 gb-headline-text\">Sfaturi de monetizare<\/h3>\n\n\n\n<ul class=\"wp-block-list\">\n<li>Auditul nostru ofer\u0103 strategii cheie pentru maximizarea c\u00e2\u0219tigurilor pentru cei care utilizeaz\u0103 <a class=\"wpil_keyword_link\" href=\"https:\/\/cammodelagency.com\/onlyfans-alternative\/\" target=\"_blank\" rel=\"noopener\" title=\"OnlyFans\" data-wpil-keyword-link=\"linked\">OnlyFans<\/a>, <a class=\"thirstylink\" rel=\"nofollow\" target=\"_blank\" title=\"LoyalFans\" href=\"https:\/\/cammodelagency.com\/ro\/go\/loyalfans\/\" data-shortcode=\"true\">Loyalfans<\/a>, sau orice alt serviciu de fan club ca surs\u0103 de venit.<\/li>\n\n\n\n<li>De la \u00eendrum\u0103ri privind pre\u021burile bazate pe tendin\u021bele pie\u021bei p\u00e2n\u0103 la sfaturi pentru crearea de con\u021binut exclusiv, v\u0103 vom ajuta s\u0103 debloca\u021bi \u00eentregul poten\u021bial al contului dvs.<\/li>\n<\/ul>\n\n\n\n<h3 class=\"gb-headline gb-headline-bbb1f56c gb-headline-text\">Branding \u0219i estetic\u0103<\/h3>\n\n\n\n<ul class=\"wp-block-list\">\n<li>\u00cen\u021belegem importan\u021ba unei identit\u0103\u021bi de marc\u0103 coezive. Auditorii no\u0219tri v\u0103 vor oferi feedback cu privire la brandingul dvs. general, asigur\u00e2ndu-se c\u0103 acesta se aliniaz\u0103 cu publicul \u021bint\u0103 \u0219i obiectivele dvs.<\/li>\n\n\n\n<li>Fie c\u0103 este vorba de recomandarea de \u00eembun\u0103t\u0103\u021biri vizuale sau de sugestii de hashtag-uri eficiente, v\u0103 vom ajuta s\u0103 crea\u021bi o prezen\u021b\u0103 online atractiv\u0103 \u0219i coerent\u0103 din punct de vedere vizual.<\/li>\n<\/ul>\n\n\n\n<figure class=\"wp-block-embed aligncenter is-type-wp-embed is-provider-sub-to-my wp-block-embed-sub-to-my\"><div class=\"wp-block-embed__wrapper\">\n<blockquote class=\"wp-embedded-content\" data-secret=\"OGknZOcMkx\"><a href=\"https:\/\/subtomy.com\/product\/profile-audit\/\">Audit de profil<\/a><\/blockquote><iframe class=\"wp-embedded-content\" sandbox=\"allow-scripts\" security=\"restricted\" style=\"position: absolute; clip: rect(1px, 1px, 1px, 1px);\" title=\"&quot;Audit de profil&quot; - Sub to My...\" src=\"https:\/\/subtomy.com\/product\/profile-audit\/embed\/#?secret=V4iG9uBB4C#?secret=OGknZOcMkx\" data-secret=\"OGknZOcMkx\" width=\"600\" height=\"338\" frameborder=\"0\" marginwidth=\"0\" marginheight=\"0\" scrolling=\"no\"><\/iframe>\n<\/div><\/figure>","protected":false},"excerpt":{"rendered":"<p>We&#8217;re not currently accepting new creators &#8230; however Introducing the Fan Club &amp; Social Media Profile Audit \u2013 a comprehensive service designed to help you make the most out of your online persona. With this revolutionary product, our expert auditors will thoroughly evaluate your profile across multiple social media platforms, including OnlyFans, Loyalfans, Instagram, Twitter, &#8230; <\/p>\n<p class=\"read-more-container\"><a title=\"Aplica\u021bi pentru OnlyFans Management\" class=\"read-more button\" href=\"https:\/\/cammodelagency.com\/ro\/apply\/#more-5119\" aria-label=\"Cite\u0219te mai multe despre Apply for OnlyFans Management\">Cite\u0219te mai mult<\/a><\/p>","protected":false},"author":1,"featured_media":0,"parent":0,"menu_order":0,"comment_status":"closed","ping_status":"closed","template":"","meta":{"footnotes":""},"class_list":{"0":"post-5119","1":"page","2":"type-page","3":"status-publish","5":"infinite-scroll-item"},"aioseo_notices":[],"acf":[],"_links":{"self":[{"href":"https:\/\/cammodelagency.com\/ro\/wp-json\/wp\/v2\/pages\/5119","targetHints":{"allow":["GET"]}}],"collection":[{"href":"https:\/\/cammodelagency.com\/ro\/wp-json\/wp\/v2\/pages"}],"about":[{"href":"https:\/\/cammodelagency.com\/ro\/wp-json\/wp\/v2\/types\/page"}],"author":[{"embeddable":true,"href":"https:\/\/cammodelagency.com\/ro\/wp-json\/wp\/v2\/users\/1"}],"replies":[{"embeddable":true,"href":"https:\/\/cammodelagency.com\/ro\/wp-json\/wp\/v2\/comments?post=5119"}],"version-history":[{"count":35,"href":"https:\/\/cammodelagency.com\/ro\/wp-json\/wp\/v2\/pages\/5119\/revisions"}],"predecessor-version":[{"id":15961,"href":"https:\/\/cammodelagency.com\/ro\/wp-json\/wp\/v2\/pages\/5119\/revisions\/15961"}],"wp:attachment":[{"href":"https:\/\/cammodelagency.com\/ro\/wp-json\/wp\/v2\/media?parent=5119"}],"curies":[{"name":"wp","href":"https:\/\/api.w.org\/{rel}","templated":true}]}}