{"id":14255,"date":"2023-04-24T01:41:09","date_gmt":"2023-04-24T06:41:09","guid":{"rendered":"https:\/\/cammodelagency.com\/?page_id=14255"},"modified":"2023-07-26T17:57:13","modified_gmt":"2023-07-26T22:57:13","slug":"vyzva","status":"publish","type":"page","link":"https:\/\/cammodelagency.com\/sk\/challenge\/","title":{"rendered":"30-d\u0148ov\u00e1 v\u00fdzva OnlyFans"},"content":{"rendered":"<h1 class=\"gb-headline gb-headline-730f3edf gb-headline-text\">Transform\u00e1cia v\u00e1\u0161ho OnlyFans biznisu za 30 dn\u00ed<\/h1>\n\n\n\n<h2 class=\"gb-headline gb-headline-9dcb4308 gb-headline-text\">V\u00fdzva na zv\u00fd\u0161enie predaja a anga\u017eovanosti<\/h2>\n\n\n\n<p>Vitajte v na\u0161ej 30-d\u0148ovej v\u00fdzve na premenu v\u00e1\u0161ho <a class=\"thirstylink\" rel=\"nofollow\" target=\"_blank\" title=\"OnlyFans\" href=\"https:\/\/cammodelagency.com\/sk\/go\/onlyfans\/\" data-shortcode=\"true\">OnlyFans<\/a> podnikanie! Ste pripraven\u00ed posun\u00fa\u0165 svoje podnikanie na vy\u0161\u0161iu \u00farove\u0148? \u010ci u\u017e pr\u00e1ve za\u010d\u00ednate, alebo chcete zlep\u0161i\u0165 svoj existuj\u00faci profil, t\u00e1to v\u00fdzva v\u00e1m pom\u00f4\u017ee zv\u00fd\u0161i\u0165 predaj a anga\u017eovanos\u0165 z\u00e1kazn\u00edkov.<\/p>\n\n\n\n<p>T\u00e1to v\u00fdzva je ur\u010den\u00e1 pre v\u00e1s. <a class=\"wpil_keyword_link\" href=\"https:\/\/cammodelagency.com\/onlyfans-alternative\/\" target=\"_blank\" rel=\"noopener\" title=\"OnlyFans\" data-wpil-keyword-link=\"linked\">OnlyFans<\/a> tvorca obsahu (alebo ak\u00fdko\u013evek in\u00fd tvorca obsahu pre dospel\u00fdch), ktor\u00fd chce posun\u00fa\u0165 svoj \u00fa\u010det na vy\u0161\u0161iu \u00farove\u0148. Po\u010das 30 dn\u00ed v\u00e1m budeme denne poskytova\u0165 \u00falohy a tipy, ktor\u00e9 v\u00e1m pom\u00f4\u017eu zv\u00fd\u0161i\u0165 anga\u017eovanos\u0165, udr\u017ea\u0165 si pou\u017e\u00edvate\u013ea a zv\u00fd\u0161i\u0165 pr\u00edjmy na platforme.<\/p>\n\n\n\n<div class=\"_form_1\"><\/div><script src=\"https:\/\/cammodelagency.activehosted.com\/f\/embed.php?id=1\" type=\"text\/javascript\" charset=\"utf-8\"><\/script>\n\n\n\n<p>Na za\u010diatok v\u00e1m pom\u00f4\u017eeme napl\u00e1nova\u0165 rozvrh obsahu na nasleduj\u00faci mesiac, pon\u00fakneme \u0161peci\u00e1lnu z\u013eavu pre nov\u00fdch odberate\u013eov a budeme spolupracova\u0165 s ostatn\u00fdmi tvorcami na vz\u00e1jomnej propag\u00e1cii va\u0161ich \u00fa\u010dtov. Uk\u00e1\u017eeme v\u00e1m tie\u017e, ako vytvori\u0165 ankety alebo prieskumy pre va\u0161ich fan\u00fa\u0161ikov, aby v\u00e1m poskytli sp\u00e4tn\u00fa v\u00e4zbu na v\u00e1\u0161 obsah, a ako organizova\u0165 \u017eiv\u00e9 prenosy alebo rel\u00e1cie ot\u00e1zok a odpoved\u00ed, aby ste sa s nimi mohli priamo zapoji\u0165.<\/p>\n\n\n\n<p>Povzbud\u00edme v\u00e1s, aby ste fan\u00fa\u0161ikom, ktor\u00ed odporu\u010dia nov\u00fdch predplatite\u013eov, pon\u00fakli v\u00fdkriky alebo zmienky a poskytli bezplatn\u00e9 sk\u00fa\u0161ky na pril\u00e1kanie nov\u00fdch registr\u00e1ci\u00ed. Vysk\u00fa\u0161ate tie\u017e nov\u00e9 t\u00e9my a typy obsahu, vytvor\u00edte exkluz\u00edvne obsahov\u00e9 bal\u00edky alebo bal\u00ed\u010dky a budete spolupracova\u0165 so zna\u010dkami alebo sponzormi, aby ste diverzifikovali svoj obsah a zdroje pr\u00edjmov.<\/p>\n\n\n\n<p>V priebehu v\u00fdzvy v\u00e1s po\u017eiadame, aby ste vyhodnotili svoj pokrok a upravili svoju strat\u00e9giu obsahu. Budete tie\u017e experimentova\u0165 s nov\u00fdmi technikami \u00faprav a fotografovania, pon\u00faka\u0165 personalizovan\u00e9 po\u017eiadavky na obsah a organizova\u0165 \u017eiv\u00e9 virtu\u00e1lne podujatia, aby ste sa spojili so svojimi fan\u00fa\u0161ikmi.<\/p>\n\n\n\n<p>Na konci tejto v\u00fdzvy budete lep\u0161ie rozumie\u0165 tomu, \u010do je potrebn\u00e9 na \u00faspe\u0161n\u00e9 vedenie <a class=\"thirstylink\" rel=\"nofollow\" target=\"_blank\" title=\"OnlyFans\" href=\"https:\/\/cammodelagency.com\/sk\/go\/onlyfans\/\" data-shortcode=\"true\">OnlyFans<\/a> a zavediete cel\u00fd rad strat\u00e9gi\u00ed, ktor\u00e9 v\u00e1m pom\u00f4\u017eu dosiahnu\u0165 va\u0161e ciele. <\/p>\n\n\n\n<p>Ste pripraven\u00ed prija\u0165 t\u00fato v\u00fdzvu a zmeni\u0165 svoju kari\u00e9ru v oblasti tvorby obsahu? <\/p>\n\n\n\n<p>Zaregistrujte sa e\u0161te dnes a za\u010dnime!<\/p>\n\n\n\n<div class=\"_form_1\"><\/div><script src=\"https:\/\/cammodelagency.activehosted.com\/f\/embed.php?id=1\" type=\"text\/javascript\" charset=\"utf-8\"><\/script>","protected":false},"excerpt":{"rendered":"<p>Transform Your OnlyFans Business in 30 Days A Challenge to Boost Your Sales and Engagement Welcome to our 30-day challenge to transform your OnlyFans business! Are you ready to take your business to the next level? Whether you&#8217;re just starting out or looking to improve your existing profile, this challenge will help you boost your &#8230; <\/p>\n<p class=\"read-more-container\"><a title=\"30-d\u0148ov\u00e1 v\u00fdzva OnlyFans\" class=\"read-more button\" href=\"https:\/\/cammodelagency.com\/sk\/challenge\/#more-14255\" aria-label=\"Pre\u010d\u00edtajte si viac o 30-Day OnlyFans Challenge\">Pre\u010d\u00edtajte si viac<\/a><\/p>","protected":false},"author":1,"featured_media":4115,"parent":0,"menu_order":0,"comment_status":"closed","ping_status":"closed","template":"","meta":{"footnotes":""},"class_list":{"0":"post-14255","1":"page","2":"type-page","3":"status-publish","4":"has-post-thumbnail","6":"infinite-scroll-item","7":"resize-featured-image"},"aioseo_notices":[],"acf":[],"_links":{"self":[{"href":"https:\/\/cammodelagency.com\/sk\/wp-json\/wp\/v2\/pages\/14255","targetHints":{"allow":["GET"]}}],"collection":[{"href":"https:\/\/cammodelagency.com\/sk\/wp-json\/wp\/v2\/pages"}],"about":[{"href":"https:\/\/cammodelagency.com\/sk\/wp-json\/wp\/v2\/types\/page"}],"author":[{"embeddable":true,"href":"https:\/\/cammodelagency.com\/sk\/wp-json\/wp\/v2\/users\/1"}],"replies":[{"embeddable":true,"href":"https:\/\/cammodelagency.com\/sk\/wp-json\/wp\/v2\/comments?post=14255"}],"version-history":[{"count":5,"href":"https:\/\/cammodelagency.com\/sk\/wp-json\/wp\/v2\/pages\/14255\/revisions"}],"predecessor-version":[{"id":14642,"href":"https:\/\/cammodelagency.com\/sk\/wp-json\/wp\/v2\/pages\/14255\/revisions\/14642"}],"wp:featuredmedia":[{"embeddable":true,"href":"https:\/\/cammodelagency.com\/sk\/wp-json\/wp\/v2\/media\/4115"}],"wp:attachment":[{"href":"https:\/\/cammodelagency.com\/sk\/wp-json\/wp\/v2\/media?parent=14255"}],"curies":[{"name":"wp","href":"https:\/\/api.w.org\/{rel}","templated":true}]}}