{"id":3485,"date":"2020-07-23T13:45:02","date_gmt":"2020-07-23T19:45:02","guid":{"rendered":"https:\/\/cammodelagency.com\/?page_id=3485"},"modified":"2020-11-10T01:34:46","modified_gmt":"2020-11-10T06:34:46","slug":"18-usc-2257","status":"publish","type":"page","link":"https:\/\/cammodelagency.com\/sk\/18-usc-2257\/","title":{"rendered":"18 U.S.C. 2257"},"content":{"rendered":"<p>Ozn\u00e1menie o s\u00falade s 18 U.S.C. 2257.<\/p>\n\n\n\n<p>Partner alebo ak\u00e9ko\u013evek partnersk\u00e9 str\u00e1nky nebud\u00fa obsahova\u0165 \u017eiadne nez\u00e1konn\u00e9 a\/alebo nevhodn\u00e9 materi\u00e1ly vr\u00e1tane, ale nie v\u00fdlu\u010dne, detskej pornografie, zn\u00e1silnenia, incestu alebo bestiality.<\/p>\n\n\n\n<p>Partnersk\u00e9 pobo\u010dky sp\u013a\u0148aj\u00fa po\u017eiadavky USA 2257.<\/p>\n\n\n\n<p>V\u0161etky osoby, ktor\u00e9 sa objavuj\u00fa na ak\u00fdchko\u013evek vizu\u00e1lnych zobrazeniach obsiahnut\u00fdch na tejto webovej lokalite, mali v \u010dase vytvorenia tak\u00fdchto zobrazen\u00ed osemn\u00e1s\u0165 rokov alebo viac. Z\u00e1znamy vy\u017eadovan\u00e9 pod\u013ea oddielu 2257 hlavy 18 z\u00e1konn\u00edka Spojen\u00fdch \u0161t\u00e1tov americk\u00fdch v s\u00favislosti s vizu\u00e1lnymi zobrazeniami skuto\u010dn\u00e9ho sexu\u00e1lne explicitn\u00e9ho spr\u00e1vania vedie spr\u00e1vca z\u00e1znamov.<\/p>","protected":false},"excerpt":{"rendered":"<p>18 U.S.C. 2257 compliance notice. Partner or any of the partners&#8217; affiliated sites will not contain any illegal and\/or objectionable materials, including, but not limited to, child pornography, rape, incest, or bestiality. Partner affiliates comply with US 2257 Compliance requirements. All persons who appear in any visual depiction contained in this website were eighteen years &#8230; <\/p>\n<p class=\"read-more-container\"><a title=\"18 U.S.C. 2257\" class=\"read-more button\" href=\"https:\/\/cammodelagency.com\/sk\/18-usc-2257\/#more-3485\" aria-label=\"Pre\u010d\u00edtajte si viac o 18 U.S.C. 2257\">Pre\u010d\u00edtajte si viac<\/a><\/p>","protected":false},"author":1,"featured_media":0,"parent":0,"menu_order":0,"comment_status":"closed","ping_status":"closed","template":"","meta":{"footnotes":""},"class_list":{"0":"post-3485","1":"page","2":"type-page","3":"status-publish","5":"infinite-scroll-item"},"aioseo_notices":[],"acf":[],"_links":{"self":[{"href":"https:\/\/cammodelagency.com\/sk\/wp-json\/wp\/v2\/pages\/3485","targetHints":{"allow":["GET"]}}],"collection":[{"href":"https:\/\/cammodelagency.com\/sk\/wp-json\/wp\/v2\/pages"}],"about":[{"href":"https:\/\/cammodelagency.com\/sk\/wp-json\/wp\/v2\/types\/page"}],"author":[{"embeddable":true,"href":"https:\/\/cammodelagency.com\/sk\/wp-json\/wp\/v2\/users\/1"}],"replies":[{"embeddable":true,"href":"https:\/\/cammodelagency.com\/sk\/wp-json\/wp\/v2\/comments?post=3485"}],"version-history":[{"count":2,"href":"https:\/\/cammodelagency.com\/sk\/wp-json\/wp\/v2\/pages\/3485\/revisions"}],"predecessor-version":[{"id":5162,"href":"https:\/\/cammodelagency.com\/sk\/wp-json\/wp\/v2\/pages\/3485\/revisions\/5162"}],"wp:attachment":[{"href":"https:\/\/cammodelagency.com\/sk\/wp-json\/wp\/v2\/media?parent=3485"}],"curies":[{"name":"wp","href":"https:\/\/api.w.org\/{rel}","templated":true}]}}