{"id":5119,"date":"2024-01-24T20:47:05","date_gmt":"2024-01-25T01:47:05","guid":{"rendered":"https:\/\/cammodelagency.com\/?page_id=5119"},"modified":"2024-01-24T20:48:15","modified_gmt":"2024-01-25T01:48:15","slug":"pouzit","status":"publish","type":"page","link":"https:\/\/cammodelagency.com\/sk\/apply\/","title":{"rendered":"Poda\u0165 si prihl\u00e1\u0161ku pre OnlyFans Management"},"content":{"rendered":"<h2 class=\"gb-headline gb-headline-5ad758aa\"><span class=\"gb-icon\"><svg aria-hidden=\"true\" role=\"img\" height=\"1em\" width=\"1em\" viewbox=\"0 0 576 512\" xmlns=\"http:\/\/www.w3.org\/2000\/svg\"><path fill=\"currentColor\" d=\"M576 240c0-23.63-12.95-44.04-32-55.12V32.01C544 23.26 537.02 0 512 0c-7.12 0-14.19 2.38-19.98 7.02l-85.03 68.03C364.28 109.19 310.66 128 256 128H64c-35.35 0-64 28.65-64 64v96c0 35.35 28.65 64 64 64h33.7c-1.39 10.48-2.18 21.14-2.18 32 0 39.77 9.26 77.35 25.56 110.94 5.19 10.69 16.52 17.06 28.4 17.06h74.28c26.05 0 41.69-29.84 25.9-50.56-16.4-21.52-26.15-48.36-26.15-77.44 0-11.11 1.62-21.79 4.41-32H256c54.66 0 108.28 18.81 150.98 52.95l85.03 68.03a32.023 32.023 0 0 0 19.98 7.02c24.92 0 32-22.78 32-32V295.13C563.05 284.04 576 263.63 576 240zm-96 141.42l-33.05-26.44C392.95 311.78 325.12 288 256 288v-96c69.12 0 136.95-23.78 190.95-66.98L480 98.58v282.84z\"><\/path><\/svg><\/span><span class=\"gb-headline-text\">V s\u00fa\u010dasnosti neprij\u00edmame nov\u00fdch tvorcov...<\/span><\/h2>\n\n\n\n<p>Predstavujeme fanklub &amp; <a class=\"thirstylink\" rel=\"nofollow\" target=\"_blank\" title=\"Hypefury\" href=\"https:\/\/cammodelagency.com\/sk\/go\/hypefury\/\" data-shortcode=\"true\">Soci\u00e1lne m\u00e9di\u00e1<\/a> Audit profilu - komplexn\u00e1 slu\u017eba, ktorej cie\u013eom je pom\u00f4c\u0165 v\u00e1m \u010do najlep\u0161ie vyu\u017ei\u0165 va\u0161u online osobnos\u0165.<\/p>\n\n\n\n<p>V\u010faka tomuto revolu\u010dn\u00e9mu produktu na\u0161i odborn\u00ed aud\u00edtori d\u00f4kladne vyhodnotia v\u00e1\u0161 profil vo viacer\u00fdch <a class=\"thirstylink\" rel=\"nofollow\" target=\"_blank\" title=\"Hypefury\" href=\"https:\/\/cammodelagency.com\/sk\/go\/hypefury\/\" data-shortcode=\"true\">soci\u00e1lne m\u00e9di\u00e1<\/a> platformy vr\u00e1tane <a class=\"thirstylink\" rel=\"nofollow\" target=\"_blank\" title=\"OnlyFans\" href=\"https:\/\/cammodelagency.com\/sk\/go\/onlyfans\/\" data-shortcode=\"true\">OnlyFans<\/a>, <a class=\"thirstylink\" rel=\"nofollow\" target=\"_blank\" title=\"LoyalFans\" href=\"https:\/\/cammodelagency.com\/sk\/go\/loyalfans\/\" data-shortcode=\"true\">Loyalfans<\/a>, Instagram, Twitter a \u010fal\u0161ie. Hlboko sa ponor\u00edme do ka\u017ed\u00e9ho aspektu v\u00e1\u0161ho online imid\u017eu a poskytneme realizovate\u013en\u00e9 odpor\u00fa\u010dania prisp\u00f4soben\u00e9 na zv\u00fd\u0161enie v\u00e1\u0161ho dosahu a anga\u017eovanosti. <\/p>\n\n\n\n<p><a href=\"https:\/\/subtomy.com\/product\/profile-audit\/\"><strong>Kliknut\u00edm sem si ho m\u00f4\u017eete zak\u00fapi\u0165.<\/strong><\/a><\/p>\n\n\n\n<p>Tu sa dozviete, \u010do m\u00f4\u017eete od tohto neocenite\u013en\u00e9ho auditu o\u010dak\u00e1va\u0165:<\/p>\n\n\n\n<h3 class=\"gb-headline gb-headline-5162fe17 gb-headline-text\">Podrobn\u00e1 anal\u00fdza profilu<\/h3>\n\n\n\n<ul class=\"wp-block-list\">\n<li>Na\u0161i aud\u00edtori d\u00f4kladne presk\u00famaj\u00fa ka\u017ed\u00fd prvok va\u0161ich profilov - od popisov \u017eivotopisov a\u017e po profilov\u00e9 obr\u00e1zky - a zabezpe\u010dia, aby presne reprezentovali, kto ste ako jednotlivec alebo zna\u010dka.<\/li>\n\n\n\n<li>Pos\u00fadime konzistentnos\u0165 na v\u0161etk\u00fdch platform\u00e1ch a zabezpe\u010d\u00edme s\u00falad v tom, ako sa prezentujete.<\/li>\n<\/ul>\n\n\n\n<h3 class=\"gb-headline gb-headline-9ffb1f98 gb-headline-text\">Preh\u013ead obsahu<\/h3>\n\n\n\n<ul class=\"wp-block-list\">\n<li>N\u00e1\u0161 t\u00edm skontroluje typ a kvalitu obsahu zdie\u013ean\u00e9ho na ka\u017edej platforme.<\/li>\n\n\n\n<li>Poskytneme v\u00e1m poznatky o optimaliz\u00e1cii va\u0161ich pr\u00edspevkov, aby zaujali publikum a z\u00e1rove\u0148 zostali vern\u00e9 v\u00e1\u0161mu jedine\u010dn\u00e9mu \u0161t\u00fdlu alebo v\u00fdklenku.<\/li>\n<\/ul>\n\n\n\n<h3 class=\"wp-block-heading\">Strat\u00e9gia zapojenia<\/h3>\n\n\n\n<ul class=\"wp-block-list\">\n<li>Anal\u00fdzou interakci\u00ed so sledovate\u013emi, ako s\u00fa koment\u00e1re a <a class=\"thirstylink\" rel=\"nofollow\" target=\"_blank\" title=\"Spr\u00e1vy\" href=\"https:\/\/cammodelagency.com\/sk\/go\/messages\/\" data-shortcode=\"true\">priame spr\u00e1vy<\/a> (<a class=\"thirstylink\" rel=\"nofollow\" target=\"_blank\" title=\"Spr\u00e1vy\" href=\"https:\/\/cammodelagency.com\/sk\/go\/messages\/\" data-shortcode=\"true\">DMs<\/a>), identifikujeme pr\u00edle\u017eitosti na podporu hlb\u0161\u00edch prepojen\u00ed.<\/li>\n\n\n\n<li>M\u00f4\u017eete o\u010dak\u00e1va\u0165 personalizovan\u00e9 n\u00e1vrhy na budovanie silnej\u0161\u00edch vz\u0165ahov s fan\u00fa\u0161ikmi prostredn\u00edctvom p\u00fatav\u00fdch konverz\u00e1ci\u00ed a v\u010dasn\u00fdch reakci\u00ed.<\/li>\n<\/ul>\n\n\n\n<h3 class=\"gb-headline gb-headline-52025c79 gb-headline-text\">Tipy na spe\u0148a\u017eenie<\/h3>\n\n\n\n<ul class=\"wp-block-list\">\n<li>N\u00e1\u0161 audit pon\u00faka k\u013e\u00fa\u010dov\u00e9 strat\u00e9gie na maximaliz\u00e1ciu pr\u00edjmov pre t\u00fdch, ktor\u00ed vyu\u017e\u00edvaj\u00fa <a class=\"wpil_keyword_link\" href=\"https:\/\/cammodelagency.com\/onlyfans-alternative\/\" target=\"_blank\" rel=\"noopener\" title=\"OnlyFans\" data-wpil-keyword-link=\"linked\">OnlyFans<\/a>, <a class=\"thirstylink\" rel=\"nofollow\" target=\"_blank\" title=\"LoyalFans\" href=\"https:\/\/cammodelagency.com\/sk\/go\/loyalfans\/\" data-shortcode=\"true\">Loyalfans<\/a>alebo ak\u00fako\u013evek in\u00fa slu\u017ebu fanklubu ako zdroj pr\u00edjmov.<\/li>\n\n\n\n<li>Pom\u00f4\u017eeme v\u00e1m odhali\u0165 pln\u00fd potenci\u00e1l v\u00e1\u0161ho \u00fa\u010dtu - od cenov\u00e9ho poradenstva zalo\u017een\u00e9ho na trendoch na trhu a\u017e po tipy na tvorbu exkluz\u00edvneho obsahu.<\/li>\n<\/ul>\n\n\n\n<h3 class=\"gb-headline gb-headline-bbb1f56c gb-headline-text\">Zna\u010dka a estetika<\/h3>\n\n\n\n<ul class=\"wp-block-list\">\n<li>Ch\u00e1peme d\u00f4le\u017eitos\u0165 ucelenej identity zna\u010dky. Na\u0161i aud\u00edtori v\u00e1m poskytn\u00fa sp\u00e4tn\u00fa v\u00e4zbu k celkovej zna\u010dke a zabezpe\u010dia, aby bola v s\u00falade s va\u0161ou cie\u013eovou skupinou a cie\u013emi.<\/li>\n\n\n\n<li>Pom\u00f4\u017eeme v\u00e1m vytvori\u0165 vizu\u00e1lne atrakt\u00edvnu a konzistentn\u00fa online prezent\u00e1ciu, \u010di u\u017e ide o odpor\u00fa\u010danie vizu\u00e1lnych vylep\u0161en\u00ed alebo n\u00e1vrh \u00fa\u010dinn\u00fdch hashtagov.<\/li>\n<\/ul>\n\n\n\n<figure class=\"wp-block-embed aligncenter is-type-wp-embed is-provider-sub-to-my wp-block-embed-sub-to-my\"><div class=\"wp-block-embed__wrapper\">\n<blockquote class=\"wp-embedded-content\" data-secret=\"OGknZOcMkx\"><a href=\"https:\/\/subtomy.com\/product\/profile-audit\/\">Audit profilu<\/a><\/blockquote><iframe class=\"wp-embedded-content\" sandbox=\"allow-scripts\" security=\"restricted\" style=\"position: absolute; clip: rect(1px, 1px, 1px, 1px);\" title=\"&quot;Audit profilu&quot; - Sub To My...\" src=\"https:\/\/subtomy.com\/product\/profile-audit\/embed\/#?secret=V4iG9uBB4C#?secret=OGknZOcMkx\" data-secret=\"OGknZOcMkx\" width=\"600\" height=\"338\" frameborder=\"0\" marginwidth=\"0\" marginheight=\"0\" scrolling=\"no\"><\/iframe>\n<\/div><\/figure>","protected":false},"excerpt":{"rendered":"<p>We&#8217;re not currently accepting new creators &#8230; however Introducing the Fan Club &amp; Social Media Profile Audit \u2013 a comprehensive service designed to help you make the most out of your online persona. With this revolutionary product, our expert auditors will thoroughly evaluate your profile across multiple social media platforms, including OnlyFans, Loyalfans, Instagram, Twitter, &#8230; <\/p>\n<p class=\"read-more-container\"><a title=\"Poda\u0165 si prihl\u00e1\u0161ku pre OnlyFans Management\" class=\"read-more button\" href=\"https:\/\/cammodelagency.com\/sk\/apply\/#more-5119\" aria-label=\"Pre\u010d\u00edtajte si viac o Apply for OnlyFans Management\">Pre\u010d\u00edtajte si viac<\/a><\/p>","protected":false},"author":1,"featured_media":0,"parent":0,"menu_order":0,"comment_status":"closed","ping_status":"closed","template":"","meta":{"footnotes":""},"class_list":{"0":"post-5119","1":"page","2":"type-page","3":"status-publish","5":"infinite-scroll-item"},"aioseo_notices":[],"acf":[],"_links":{"self":[{"href":"https:\/\/cammodelagency.com\/sk\/wp-json\/wp\/v2\/pages\/5119","targetHints":{"allow":["GET"]}}],"collection":[{"href":"https:\/\/cammodelagency.com\/sk\/wp-json\/wp\/v2\/pages"}],"about":[{"href":"https:\/\/cammodelagency.com\/sk\/wp-json\/wp\/v2\/types\/page"}],"author":[{"embeddable":true,"href":"https:\/\/cammodelagency.com\/sk\/wp-json\/wp\/v2\/users\/1"}],"replies":[{"embeddable":true,"href":"https:\/\/cammodelagency.com\/sk\/wp-json\/wp\/v2\/comments?post=5119"}],"version-history":[{"count":35,"href":"https:\/\/cammodelagency.com\/sk\/wp-json\/wp\/v2\/pages\/5119\/revisions"}],"predecessor-version":[{"id":15961,"href":"https:\/\/cammodelagency.com\/sk\/wp-json\/wp\/v2\/pages\/5119\/revisions\/15961"}],"wp:attachment":[{"href":"https:\/\/cammodelagency.com\/sk\/wp-json\/wp\/v2\/media?parent=5119"}],"curies":[{"name":"wp","href":"https:\/\/api.w.org\/{rel}","templated":true}]}}