{"id":14255,"date":"2023-04-24T01:41:09","date_gmt":"2023-04-24T06:41:09","guid":{"rendered":"https:\/\/cammodelagency.com\/?page_id=14255"},"modified":"2023-07-26T17:57:13","modified_gmt":"2023-07-26T22:57:13","slug":"izziv","status":"publish","type":"page","link":"https:\/\/cammodelagency.com\/sl\/challenge\/","title":{"rendered":"30-dnevni izziv OnlyFans"},"content":{"rendered":"<h1 class=\"gb-headline gb-headline-730f3edf gb-headline-text\">Spremenite svoj posel OnlyFans v 30 dneh<\/h1>\n\n\n\n<h2 class=\"gb-headline gb-headline-9dcb4308 gb-headline-text\">Izziv za pove\u010danje prodaje in vklju\u010denosti<\/h2>\n\n\n\n<p>Dobrodo\u0161li na na\u0161em 30-dnevnem izzivu za preoblikovanje <a class=\"thirstylink\" rel=\"nofollow\" target=\"_blank\" title=\"OnlyFans\" href=\"https:\/\/cammodelagency.com\/sl\/go\/onlyfans\/\" data-shortcode=\"true\">OnlyFans<\/a> poslovanje! Ste pripravljeni, da svoje poslovanje dvignete na naslednjo raven? Ne glede na to, ali \u0161ele za\u010denjate ali \u017eelite izbolj\u0161ati obstoje\u010di profil, vam bo ta izziv pomagal pove\u010dati prodajo in sodelovanje s strankami.<\/p>\n\n\n\n<p>Ta izziv je namenjen vam. <a class=\"wpil_keyword_link\" href=\"https:\/\/cammodelagency.com\/onlyfans-alternative\/\" target=\"_blank\" rel=\"noopener\" title=\"OnlyFans\" data-wpil-keyword-link=\"linked\">OnlyFans<\/a> ustvarjalec vsebin (ali kateri koli drug ustvarjalec vsebin za odrasle), ki \u017eeli svoj ra\u010dun dvigniti na vi\u0161jo raven. V 30 dneh vam bomo ponudili vsakodnevne naloge in nasvete, ki vam bodo pomagali pove\u010dati vklju\u010denost, zadr\u017eanje in prihodke na platformi.<\/p>\n\n\n\n<div class=\"_form_1\"><\/div><script src=\"https:\/\/cammodelagency.activehosted.com\/f\/embed.php?id=1\" type=\"text\/javascript\" charset=\"utf-8\"><\/script>\n\n\n\n<p>Za za\u010detek vam bomo pomagali na\u010drtovati urnik vsebine za naslednji mesec, novim naro\u010dnikom ponudili poseben popust in sodelovali z drugimi ustvarjalci pri navzkri\u017eni promociji va\u0161ih ra\u010dunov. Pokazali vam bomo tudi, kako lahko ustvarite ankete ali vpra\u0161alnike, s katerimi bodo va\u0161i obo\u017eevalci posredovali povratne informacije o va\u0161i vsebini, in gostite prenose v \u017eivo ali seje z vpra\u0161anji in odgovori, da z njimi neposredno sodelujete.<\/p>\n\n\n\n<p>Spodbujamo vas, da obo\u017eevalcem, ki napotijo nove naro\u010dnike, ponujate izto\u010dnice ali omembe in omogo\u010date brezpla\u010dne preizkuse, da bi pritegnili nove naro\u010dnike. Preizkusili boste tudi nove teme in vrste vsebin, ustvarili ekskluzivne vsebinske pakete ali sve\u017enje ter sodelovali z blagovnimi znamkami ali sponzorji, da bi raz\u0161irili svoje vsebine in tokove prihodkov.<\/p>\n\n\n\n<p>Med izzivom vas bomo prosili, da ocenite svoj napredek in prilagodite strategijo vsebine. Eksperimentirali boste tudi z novimi tehnikami urejanja in fotografiranja, ponujali prilagojene zahteve po vsebini in gostili virtualne dogodke v \u017eivo, na katerih se boste povezali s svojimi obo\u017eevalci.<\/p>\n\n\n\n<p>Do konca izziva boste bolje razumeli, kaj je potrebno za uspe\u0161no vodenje <a class=\"thirstylink\" rel=\"nofollow\" target=\"_blank\" title=\"OnlyFans\" href=\"https:\/\/cammodelagency.com\/sl\/go\/onlyfans\/\" data-shortcode=\"true\">OnlyFans<\/a> ra\u010dunu in izvajali boste vrsto strategij, ki vam bodo pomagale pri doseganju ciljev. <\/p>\n\n\n\n<p>Ste pripravljeni sprejeti izziv in spremeniti svojo kariero na podro\u010dju ustvarjanja vsebin? <\/p>\n\n\n\n<p>Prijavite se \u0161e danes in za\u010dnimo!<\/p>\n\n\n\n<div class=\"_form_1\"><\/div><script src=\"https:\/\/cammodelagency.activehosted.com\/f\/embed.php?id=1\" type=\"text\/javascript\" charset=\"utf-8\"><\/script>","protected":false},"excerpt":{"rendered":"<p>Transform Your OnlyFans Business in 30 Days A Challenge to Boost Your Sales and Engagement Welcome to our 30-day challenge to transform your OnlyFans business! Are you ready to take your business to the next level? Whether you&#8217;re just starting out or looking to improve your existing profile, this challenge will help you boost your &#8230; <\/p>\n<p class=\"read-more-container\"><a title=\"30-dnevni izziv OnlyFans\" class=\"read-more button\" href=\"https:\/\/cammodelagency.com\/sl\/challenge\/#more-14255\" aria-label=\"Read more about 30-Day OnlyFans Challenge\">Preberi ve\u010d<\/a><\/p>","protected":false},"author":1,"featured_media":4115,"parent":0,"menu_order":0,"comment_status":"closed","ping_status":"closed","template":"","meta":{"footnotes":""},"class_list":{"0":"post-14255","1":"page","2":"type-page","3":"status-publish","4":"has-post-thumbnail","6":"infinite-scroll-item","7":"resize-featured-image"},"aioseo_notices":[],"acf":[],"_links":{"self":[{"href":"https:\/\/cammodelagency.com\/sl\/wp-json\/wp\/v2\/pages\/14255","targetHints":{"allow":["GET"]}}],"collection":[{"href":"https:\/\/cammodelagency.com\/sl\/wp-json\/wp\/v2\/pages"}],"about":[{"href":"https:\/\/cammodelagency.com\/sl\/wp-json\/wp\/v2\/types\/page"}],"author":[{"embeddable":true,"href":"https:\/\/cammodelagency.com\/sl\/wp-json\/wp\/v2\/users\/1"}],"replies":[{"embeddable":true,"href":"https:\/\/cammodelagency.com\/sl\/wp-json\/wp\/v2\/comments?post=14255"}],"version-history":[{"count":5,"href":"https:\/\/cammodelagency.com\/sl\/wp-json\/wp\/v2\/pages\/14255\/revisions"}],"predecessor-version":[{"id":14642,"href":"https:\/\/cammodelagency.com\/sl\/wp-json\/wp\/v2\/pages\/14255\/revisions\/14642"}],"wp:featuredmedia":[{"embeddable":true,"href":"https:\/\/cammodelagency.com\/sl\/wp-json\/wp\/v2\/media\/4115"}],"wp:attachment":[{"href":"https:\/\/cammodelagency.com\/sl\/wp-json\/wp\/v2\/media?parent=14255"}],"curies":[{"name":"wp","href":"https:\/\/api.w.org\/{rel}","templated":true}]}}