{"id":14294,"date":"2023-06-11T14:58:23","date_gmt":"2023-06-11T19:58:23","guid":{"rendered":"https:\/\/cammodelagency.com\/?page_id=14294"},"modified":"2023-07-26T17:57:19","modified_gmt":"2023-07-26T22:57:19","slug":"oblikovanje-cen","status":"publish","type":"page","link":"https:\/\/cammodelagency.com\/sl\/pricing\/","title":{"rendered":"Cene za upravljanje OnlyFans z ni\u010delno provizijo"},"content":{"rendered":"<p>Z na\u0161im obse\u017enim naborom storitev se lahko osredoto\u010dite na to, kar znate najbolje - ustvarjanje privla\u010dne vsebine -, mi pa poskrbimo za vse ostalo. Naj poskrbimo za upravljanje, rast, promocijo in vklju\u010devanje va\u0161ih <a class=\"thirstylink\" rel=\"nofollow\" target=\"_blank\" title=\"OnlyFans\" href=\"https:\/\/cammodelagency.com\/sl\/go\/onlyfans\/\" data-shortcode=\"true\">OnlyFans<\/a> in vam omogo\u010da, da dose\u017eete nove uspehe.<\/p>\n\n\n\n<p>Cene za vsako stopnjo so odvisne od <strong>koliko \u010dasa<\/strong> <strong>ki jih porabimo za va\u0161 ra\u010dun.<\/strong> mese\u010dno, ne pa koliko zaslu\u017eite. Tako lahko delate le z resnimi ustvarjalci, vsakemu ustvarjalcu namenite pozornost, ki si jo zaslu\u017ei, in si zagotovite finan\u010dno stabilnost. <\/p>\n\n\n\n<p>Vsi nivoji dobijo na\u010drt po meri za uspeh va\u0161ega ra\u010duna s \u010dasom, namenjenim<\/p>\n\n\n\n<ul class=\"has-accent-color has-base-background-color has-text-color has-background wp-block-list\">\n<li>Rast ra\u010duna s promocijo in tr\u017eenjem<\/li>\n\n\n\n<li><a class=\"thirstylink\" rel=\"nofollow\" target=\"_blank\" title=\"Hypefury\" href=\"https:\/\/cammodelagency.com\/sl\/go\/hypefury\/\" data-shortcode=\"true\">Dru\u017ebeni mediji<\/a> upravljanje<\/li>\n\n\n\n<li>Klepetanje s trenutnimi sledilci in naro\u010dniki<\/li>\n\n\n\n<li><strong>Plus<\/strong>, dobite mese\u010dno poro\u010dilo o dejavnostih, rasti in novih pobudah.<\/li>\n\n\n\n<li><strong>Plus<\/strong>, pridobite do\u017eivljenjski dostop do vsakega novega izdelka, ustvarjenega v <a href=\"http:\/\/SubToMy.com\" target=\"_blank\" rel=\"noopener\" title=\"\">SubToMy.com<\/a><\/li>\n<\/ul>\n\n\n<div class=\"gb-container gb-container-5f21bd73\">\n<div class=\"gb-grid-wrapper gb-grid-wrapper-e34ebfcc\">\n<div class=\"gb-grid-column gb-grid-column-b28a2877\"><div class=\"gb-container gb-container-b28a2877\">\n<div class=\"gb-container gb-container-c17a1f13\">\n\n<h2 class=\"gb-headline gb-headline-610bc41a gb-headline-text\">Stopnja 1<\/h2>\n\n\n\n<h2 class=\"gb-headline gb-headline-25c22229 gb-headline-text\">$5,000 USD na mesec<\/h2>\n\n\n\n<ul class=\"wp-block-list\">\n<li>Pribli\u017eno 600 ur na mesec<\/li>\n\n\n\n<li>16-24 ur na dan, 7 dni na teden<\/li>\n<\/ul>\n\n<\/div>\n<\/div><\/div>\n\n<div class=\"gb-grid-column gb-grid-column-82938111\"><div class=\"gb-container gb-container-82938111\">\n\n<h2 class=\"gb-headline gb-headline-481c1470 gb-headline-text\">Stopnja 2<\/h2>\n\n\n\n<h2 class=\"gb-headline gb-headline-a0625657 gb-headline-text\">$4,000 USD na mesec<\/h2>\n\n\n\n<ul class=\"wp-block-list\">\n<li>Pribli\u017eno 400 ur na mesec<\/li>\n\n\n\n<li>8-16 ur na dan, 7 dni na teden<\/li>\n<\/ul>\n\n<\/div><\/div>\n\n<div class=\"gb-grid-column gb-grid-column-9837250d\"><div class=\"gb-container gb-container-9837250d\">\n\n<h2 class=\"gb-headline gb-headline-6c7af739 gb-headline-text\">Stopnja 3<\/h2>\n\n\n\n<h2 class=\"gb-headline gb-headline-47398fd5 gb-headline-text\">$2,500 USD na mesec<\/h2>\n\n\n\n<ul class=\"wp-block-list\">\n<li>Pribli\u017eno 200 ur na mesec<\/li>\n\n\n\n<li>4-8 ur na dan, 7 dni na teden<\/li>\n<\/ul>\n\n<\/div><\/div>\n<\/div>\n<\/div>\n\n\n<p class=\"has-text-align-center has-medium-font-size\">Pripravljen prevzeti <a class=\"wpil_keyword_link\" href=\"https:\/\/cammodelagency.com\/onlyfans-alternative\/\" target=\"_blank\" rel=\"noopener\" title=\"OnlyFans\" data-wpil-keyword-link=\"linked\">OnlyFans<\/a> kariero na vi\u0161jo raven? Prijavite se \u0161e danes in sprostite vse mo\u017enosti svojega ra\u010duna. <a href=\"https:\/\/cammodelagency.com\/apply\/\" target=\"_blank\" rel=\"noopener\" title=\"\"><strong>Prijavite se tukaj<\/strong><\/a>.<\/p>","protected":false},"excerpt":{"rendered":"<p>With our comprehensive suite of services, you can focus on what you do best \u2013 creating captivating content \u2013 while we take care of the rest. Let us handle the management, growth, promotion, and engagement aspects of your OnlyFans journey, empowering you to reach new heights of success. Every tier is priced based on how &#8230; <\/p>\n<p class=\"read-more-container\"><a title=\"Cene za upravljanje OnlyFans z ni\u010delno provizijo\" class=\"read-more button\" href=\"https:\/\/cammodelagency.com\/sl\/pricing\/#more-14294\" aria-label=\"Read more about Pricing for Zero-Commission OnlyFans Management\">Preberi ve\u010d<\/a><\/p>","protected":false},"author":1,"featured_media":13925,"parent":0,"menu_order":0,"comment_status":"closed","ping_status":"closed","template":"","meta":{"footnotes":""},"class_list":{"0":"post-14294","1":"page","2":"type-page","3":"status-publish","4":"has-post-thumbnail","6":"infinite-scroll-item","7":"resize-featured-image"},"aioseo_notices":[],"acf":[],"_links":{"self":[{"href":"https:\/\/cammodelagency.com\/sl\/wp-json\/wp\/v2\/pages\/14294","targetHints":{"allow":["GET"]}}],"collection":[{"href":"https:\/\/cammodelagency.com\/sl\/wp-json\/wp\/v2\/pages"}],"about":[{"href":"https:\/\/cammodelagency.com\/sl\/wp-json\/wp\/v2\/types\/page"}],"author":[{"embeddable":true,"href":"https:\/\/cammodelagency.com\/sl\/wp-json\/wp\/v2\/users\/1"}],"replies":[{"embeddable":true,"href":"https:\/\/cammodelagency.com\/sl\/wp-json\/wp\/v2\/comments?post=14294"}],"version-history":[{"count":13,"href":"https:\/\/cammodelagency.com\/sl\/wp-json\/wp\/v2\/pages\/14294\/revisions"}],"predecessor-version":[{"id":14643,"href":"https:\/\/cammodelagency.com\/sl\/wp-json\/wp\/v2\/pages\/14294\/revisions\/14643"}],"wp:featuredmedia":[{"embeddable":true,"href":"https:\/\/cammodelagency.com\/sl\/wp-json\/wp\/v2\/media\/13925"}],"wp:attachment":[{"href":"https:\/\/cammodelagency.com\/sl\/wp-json\/wp\/v2\/media?parent=14294"}],"curies":[{"name":"wp","href":"https:\/\/api.w.org\/{rel}","templated":true}]}}