{"id":127,"date":"2020-01-07T23:45:55","date_gmt":"2020-01-08T05:45:55","guid":{"rendered":"https:\/\/cammodelagency.com\/?page_id=127"},"modified":"2024-01-10T21:21:23","modified_gmt":"2024-01-11T02:21:23","slug":"villkor-och-bestammelser","status":"publish","type":"page","link":"https:\/\/cammodelagency.com\/sv\/terms-and-conditions\/","title":{"rendered":"Villkor och best\u00e4mmelser"},"content":{"rendered":"<p>Senast uppdaterad: 10 januari 2024<\/p>\n\n\n\n<p>V\u00e4nligen l\u00e4s dessa villkor (\"Villkor\", \"Villkor\") noggrant innan du anv\u00e4nder webbplatsen https:\/\/cammodelagency.com (\"Tj\u00e4nsten\") som drivs av Onyx Defiant LLC (\"oss\", \"vi\" eller \"v\u00e5r\").<\/p>\n\n\n\n<p>Din tillg\u00e5ng till och anv\u00e4ndning av Tj\u00e4nsten \u00e4r villkorad av att du accepterar och f\u00f6ljer dessa Villkor. Dessa villkor g\u00e4ller f\u00f6r alla bes\u00f6kare, anv\u00e4ndare och andra som vill f\u00e5 tillg\u00e5ng till eller anv\u00e4nda tj\u00e4nsten.<\/p>\n\n\n\n<p>Genom att f\u00e5 tillg\u00e5ng till eller anv\u00e4nda Tj\u00e4nsten samtycker du till att vara bunden av dessa Villkor. Om du inte h\u00e5ller med om n\u00e5gon del av villkoren har du inte tillst\u00e5nd att komma \u00e5t tj\u00e4nsten.<\/p>\n\n\n\n<h2 class=\"wp-block-heading\">Kommunikation<\/h2>\n\n\n\n<p>Genom att skapa ett konto p\u00e5 v\u00e5r tj\u00e4nst samtycker du till att prenumerera p\u00e5 nyhetsbrev, marknadsf\u00f6rings- eller reklammaterial och annan information som vi kan skicka. Du kan dock v\u00e4lja bort att ta emot n\u00e5gon eller alla av dessa meddelanden fr\u00e5n oss genom att f\u00f6lja avregistreringsl\u00e4nken eller instruktionerna i n\u00e5got e-postmeddelande som vi skickar.<\/p>\n\n\n\n<h2 class=\"wp-block-heading\">Ink\u00f6p<\/h2>\n\n\n\n<p>Om du vill k\u00f6pa en produkt eller tj\u00e4nst som g\u00f6rs tillg\u00e4nglig via tj\u00e4nsten (\"k\u00f6p\") kan du bli ombedd att l\u00e4mna viss information som \u00e4r relevant f\u00f6r ditt k\u00f6p, inklusive, utan begr\u00e4nsning, ditt kreditkortsnummer, utg\u00e5ngsdatum f\u00f6r ditt kreditkort, din faktureringsadress och din leveransinformation.<\/p>\n\n\n\n<p>Du f\u00f6rs\u00e4krar och garanterar att: (i) du har laglig r\u00e4tt att anv\u00e4nda kreditkort eller andra betalningsmetoder i samband med k\u00f6p, och att (ii) den information du l\u00e4mnar till oss \u00e4r sann, korrekt och fullst\u00e4ndig.<\/p>\n\n\n\n<p>Tj\u00e4nsten kan anv\u00e4nda sig av tj\u00e4nster fr\u00e5n tredje part i syfte att underl\u00e4tta betalning och genomf\u00f6rande av K\u00f6p. Genom att skicka in din information ger du oss r\u00e4tt att tillhandah\u00e5lla informationen till dessa tredje parter i enlighet med v\u00e5r sekretesspolicy.<\/p>\n\n\n\n<p>Vi f\u00f6rbeh\u00e5ller oss r\u00e4tten att n\u00e4r som helst neka eller annullera din best\u00e4llning av sk\u00e4l som inkluderar men inte begr\u00e4nsas till: produktens eller tj\u00e4nstens tillg\u00e4nglighet, fel i beskrivningen eller priset p\u00e5 produkten eller tj\u00e4nsten, fel i din best\u00e4llning eller andra sk\u00e4l.<\/p>\n\n\n\n<p>Vi f\u00f6rbeh\u00e5ller oss r\u00e4tten att neka eller annullera din best\u00e4llning vid misstanke om bedr\u00e4geri eller obeh\u00f6rig eller olaglig transaktion.<\/p>\n\n\n\n<h2 class=\"wp-block-heading\">Tillg\u00e4nglighet, felaktigheter och brister<\/h2>\n\n\n\n<p>Vi uppdaterar st\u00e4ndigt produkt- och tj\u00e4nsteutbudet p\u00e5 Tj\u00e4nsten. Vi kan uppleva f\u00f6rseningar i uppdateringen av information p\u00e5 Tj\u00e4nsten och i v\u00e5r annonsering p\u00e5 andra webbplatser. Informationen i Tj\u00e4nsten kan inneh\u00e5lla felaktigheter och \u00e4r kanske inte fullst\u00e4ndig eller aktuell. Produkter eller tj\u00e4nster kan vara felaktigt prissatta, felaktigt beskrivna eller otillg\u00e4ngliga i tj\u00e4nsten och vi kan inte garantera att informationen i tj\u00e4nsten \u00e4r korrekt eller fullst\u00e4ndig.<\/p>\n\n\n\n<p>Vi f\u00f6rbeh\u00e5ller oss d\u00e4rf\u00f6r r\u00e4tten att \u00e4ndra eller uppdatera information och att korrigera fel, felaktigheter eller utel\u00e4mnanden n\u00e4r som helst utan f\u00f6reg\u00e5ende meddelande.<\/p>\n\n\n\n<h2 class=\"wp-block-heading\">Inneh\u00e5ll<\/h2>\n\n\n\n<p>V\u00e5r Tj\u00e4nst till\u00e5ter dig att publicera, l\u00e4nka, lagra, dela och p\u00e5 annat s\u00e4tt tillg\u00e4ngligg\u00f6ra viss information, text, grafik, videor eller annat material (\"Inneh\u00e5ll\"). Du \u00e4r ansvarig f\u00f6r det inneh\u00e5ll som du publicerar p\u00e5 eller via tj\u00e4nsten, inklusive dess laglighet, tillf\u00f6rlitlighet och l\u00e4mplighet.<\/p>\n\n\n\n<p>Genom att publicera Inneh\u00e5ll p\u00e5 eller genom Tj\u00e4nsten intygar och garanterar du att: (i) Inneh\u00e5llet \u00e4r ditt (du \u00e4ger det) och\/eller du har r\u00e4tt att anv\u00e4nda det och r\u00e4tt att bevilja oss de r\u00e4ttigheter och licenser som anges i dessa Villkor, och (ii) att publiceringen av ditt Inneh\u00e5ll p\u00e5 eller via Tj\u00e4nsten inte bryter mot n\u00e5gon persons eller enhets integritetsr\u00e4ttigheter, publicitetsr\u00e4ttigheter, upphovsr\u00e4tt, avtalsr\u00e4tt eller n\u00e5gon annan r\u00e4ttighet. Vi f\u00f6rbeh\u00e5ller oss r\u00e4tten att avsluta kontot f\u00f6r alla som g\u00f6r intr\u00e5ng i en upphovsr\u00e4tt.<\/p>\n\n\n\n<p>Du beh\u00e5ller alla dina r\u00e4ttigheter till allt inneh\u00e5ll som du skickar in, publicerar eller visar p\u00e5 eller via tj\u00e4nsten och du \u00e4r ansvarig f\u00f6r att skydda dessa r\u00e4ttigheter. Vi tar inget ansvar och \u00e5tar oss inget ansvar f\u00f6r inneh\u00e5ll som du eller n\u00e5gon tredje part publicerar p\u00e5 eller via tj\u00e4nsten. Genom att publicera inneh\u00e5ll med hj\u00e4lp av tj\u00e4nsten ger du oss dock r\u00e4tt och licens att anv\u00e4nda, modifiera, offentligt utf\u00f6ra, offentligt visa, reproducera och distribuera s\u00e5dant inneh\u00e5ll p\u00e5 och genom tj\u00e4nsten. Du samtycker till att denna licens inkluderar r\u00e4tten f\u00f6r oss att g\u00f6ra ditt inneh\u00e5ll tillg\u00e4ngligt f\u00f6r andra anv\u00e4ndare av tj\u00e4nsten, som ocks\u00e5 kan anv\u00e4nda ditt inneh\u00e5ll i enlighet med dessa villkor.<\/p>\n\n\n\n<p>Onyx Defiant LLC har r\u00e4tt, men inte skyldighet, att \u00f6vervaka och redigera allt inneh\u00e5ll som tillhandah\u00e5lls av anv\u00e4ndare.<\/p>\n\n\n\n<p>Dessutom tillh\u00f6r inneh\u00e5ll som finns p\u00e5 eller via denna tj\u00e4nst Onyx Defiant LLC eller anv\u00e4nds med tillst\u00e5nd. Du f\u00e5r inte distribuera, modifiera, \u00f6verf\u00f6ra, \u00e5teranv\u00e4nda, ladda ner, omposta, kopiera eller anv\u00e4nda n\u00e4mnda inneh\u00e5ll, vare sig helt eller delvis, f\u00f6r kommersiella \u00e4ndam\u00e5l eller f\u00f6r personlig vinning utan uttryckligt skriftligt tillst\u00e5nd fr\u00e5n oss i f\u00f6rv\u00e4g.<\/p>\n\n\n\n<h2 class=\"wp-block-heading\">Konton<\/h2>\n\n\n\n<p>N\u00e4r du skapar ett konto hos oss garanterar du att du \u00e4r \u00f6ver 18 \u00e5r och att den information du ger oss \u00e4r korrekt, fullst\u00e4ndig och aktuell vid alla tidpunkter. Felaktig, ofullst\u00e4ndig eller f\u00f6r\u00e5ldrad information kan leda till att ditt konto p\u00e5 tj\u00e4nsten omedelbart avslutas.<\/p>\n\n\n\n<p>Du \u00e4r ansvarig f\u00f6r att uppr\u00e4tth\u00e5lla sekretessen f\u00f6r ditt konto och l\u00f6senord, inklusive men inte begr\u00e4nsat till begr\u00e4nsningen av \u00e5tkomst till din dator och\/eller konto. Du samtycker till att ta ansvar f\u00f6r alla aktiviteter eller \u00e5tg\u00e4rder som sker under ditt konto och\/eller l\u00f6senord, oavsett om ditt l\u00f6senord \u00e4r med v\u00e5r tj\u00e4nst eller en tredje parts tj\u00e4nst. Du m\u00e5ste meddela oss omedelbart n\u00e4r du blir medveten om n\u00e5got brott mot s\u00e4kerheten eller obeh\u00f6rig anv\u00e4ndning av ditt konto.<\/p>\n\n\n\n<p>Du f\u00e5r inte som anv\u00e4ndarnamn anv\u00e4nda namnet p\u00e5 en annan person eller enhet eller som inte \u00e4r lagligt tillg\u00e4ngligt f\u00f6r anv\u00e4ndning, ett namn eller varum\u00e4rke som \u00e4r f\u00f6rem\u00e5l f\u00f6r r\u00e4ttigheter f\u00f6r en annan person eller enhet \u00e4n du, utan l\u00e4mpligt tillst\u00e5nd. Du f\u00e5r inte anv\u00e4nda ett namn som \u00e4r st\u00f6tande, vulg\u00e4rt eller obscent som anv\u00e4ndarnamn.<\/p>\n\n\n\n<p>Vi f\u00f6rbeh\u00e5ller oss r\u00e4tten att v\u00e4gra tillhandah\u00e5lla tj\u00e4nster, avsluta konton, ta bort eller redigera inneh\u00e5ll eller annullera best\u00e4llningar efter eget gottfinnande.<\/p>\n\n\n\n<h2 class=\"wp-block-heading\">Immateriella r\u00e4ttigheter<\/h2>\n\n\n\n<p>Tj\u00e4nsten och dess ursprungliga inneh\u00e5ll (exklusive inneh\u00e5ll som tillhandah\u00e5lls av anv\u00e4ndare), funktioner och funktionalitet \u00e4r och kommer att f\u00f6rbli exklusiv egendom f\u00f6r Onyx Defiant LLC och dess licensgivare. Tj\u00e4nsten skyddas av upphovsr\u00e4tt, varum\u00e4rken och andra lagar i b\u00e5de USA och andra l\u00e4nder. V\u00e5ra varum\u00e4rken och handelsdr\u00e4kter f\u00e5r inte anv\u00e4ndas i samband med n\u00e5gon produkt eller tj\u00e4nst utan f\u00f6reg\u00e5ende skriftligt medgivande fr\u00e5n Onyx Defiant LLC.<\/p>\n\n\n\n<h2 class=\"wp-block-heading\">L\u00e4nkar till andra webbplatser<\/h2>\n\n\n\n<p>V\u00e5r tj\u00e4nst kan inneh\u00e5lla l\u00e4nkar till tredje parts webbplatser eller tj\u00e4nster som inte \u00e4gs eller kontrolleras av Onyx Defiant LLC<\/p>\n\n\n\n<p>Onyx Defiant LLC har ingen kontroll \u00f6ver och tar inget ansvar f\u00f6r inneh\u00e5ll, sekretesspolicyer eller praxis p\u00e5 tredje parts webbplatser eller tj\u00e4nster. Vi garanterar inte erbjudandena fr\u00e5n n\u00e5gon av dessa enheter\/individer eller deras webbplatser.<\/p>\n\n\n\n<p>Du bekr\u00e4ftar och godk\u00e4nner att Onyx Defiant LLC inte ska vara ansvarig, direkt eller indirekt, f\u00f6r n\u00e5gon skada eller f\u00f6rlust som orsakats eller p\u00e5st\u00e5s orsakas av eller i samband med anv\u00e4ndning av eller beroende av s\u00e5dant inneh\u00e5ll, varor eller tj\u00e4nster som finns tillg\u00e4ngliga p\u00e5 eller via s\u00e5dana tredjepartswebbplatser eller tj\u00e4nster.<\/p>\n\n\n\n<p>Vi rekommenderar starkt att du l\u00e4ser villkoren och sekretesspolicyn f\u00f6r alla webbplatser eller tj\u00e4nster fr\u00e5n tredje part som du bes\u00f6ker.<\/p>\n\n\n\n<h2 class=\"wp-block-heading\">Upps\u00e4gning<\/h2>\n\n\n\n<p>Vi kan s\u00e4ga upp eller st\u00e4nga av ditt konto och sp\u00e4rra \u00e5tkomst till tj\u00e4nsten omedelbart, utan f\u00f6reg\u00e5ende meddelande eller ansvar, efter eget gottfinnande, av vilken anledning som helst och utan begr\u00e4nsning, inklusive men inte begr\u00e4nsat till brott mot villkoren.<\/p>\n\n\n\n<p>Om du vill avsluta ditt konto kan du helt enkelt sluta anv\u00e4nda tj\u00e4nsten.<\/p>\n\n\n\n<p>Alla best\u00e4mmelser i Villkoren som enligt sin natur ska \u00f6verleva upps\u00e4gningen ska \u00f6verleva upps\u00e4gningen, inklusive, utan begr\u00e4nsning, best\u00e4mmelser om \u00e4gander\u00e4tt, garantif\u00f6rklaringar, skadest\u00e5nd och ansvarsbegr\u00e4nsningar.<\/p>\n\n\n\n<h2 class=\"wp-block-heading\">Skadest\u00e5nd<\/h2>\n\n\n\n<p>Du samtycker till att f\u00f6rsvara, ers\u00e4tta och h\u00e5lla Onyx Defiant LLC och dess licenstagare och licensgivare, och deras anst\u00e4llda, entrepren\u00f6rer, agenter, tj\u00e4nstem\u00e4n och direkt\u00f6rer, fr\u00e5n och mot alla krav, skador, skyldigheter, f\u00f6rluster, skulder, kostnader eller skulder och utgifter (inklusive men inte begr\u00e4nsat till advokatarvoden), till f\u00f6ljd av eller som uppst\u00e5r ur a) din anv\u00e4ndning och \u00e5tkomst till tj\u00e4nsten, av dig eller n\u00e5gon person som anv\u00e4nder ditt konto och l\u00f6senord; b) ett brott mot dessa villkor, eller c) Inneh\u00e5ll som publiceras p\u00e5 tj\u00e4nsten.<\/p>\n\n\n\n<h2 class=\"wp-block-heading\">Begr\u00e4nsning av ansvar<\/h2>\n\n\n\n<p>Under inga omst\u00e4ndigheter ska Onyx Defiant LLC, eller dess direkt\u00f6rer, anst\u00e4llda, partners, agenter, leverant\u00f6rer eller dotterbolag, vara ansvariga f\u00f6r indirekta, tillf\u00e4lliga, speciella, f\u00f6ljdskador eller straffskador, inklusive utan begr\u00e4nsning, f\u00f6rlust av vinst, data, anv\u00e4ndning, goodwill eller andra immateriella f\u00f6rluster, till f\u00f6ljd av (i) din tillg\u00e5ng till eller anv\u00e4ndning av eller of\u00f6rm\u00e5ga att komma \u00e5t eller anv\u00e4nda tj\u00e4nsten; (ii) n\u00e5got beteende eller inneh\u00e5ll hos n\u00e5gon tredje part p\u00e5 tj\u00e4nsten; (iii) n\u00e5got inneh\u00e5ll som erh\u00e5llits fr\u00e5n Tj\u00e4nsten; och (iv) obeh\u00f6rig \u00e5tkomst, anv\u00e4ndning eller \u00e4ndring av dina \u00f6verf\u00f6ringar eller inneh\u00e5ll, oavsett om det baseras p\u00e5 garanti, kontrakt, skadest\u00e5nd (inklusive f\u00f6rsumlighet) eller n\u00e5gon annan juridisk teori, oavsett om vi har informerats om m\u00f6jligheten till s\u00e5dan skada, och \u00e4ven om en \u00e5tg\u00e4rd som anges h\u00e4ri visar sig ha misslyckats med sitt v\u00e4sentliga syfte.<\/p>\n\n\n\n<h2 class=\"wp-block-heading\">Friskrivningsklausul<\/h2>\n\n\n\n<p>Din anv\u00e4ndning av Tj\u00e4nsten sker p\u00e5 egen risk. Tj\u00e4nsten tillhandah\u00e5lls p\u00e5 en \"AS IS\" och \"AS AVAILABLE\" basis. Tj\u00e4nsten tillhandah\u00e5lls utan garantier av n\u00e5got slag, vare sig uttryckliga eller underf\u00f6rst\u00e5dda, inklusive, men inte begr\u00e4nsat till, underf\u00f6rst\u00e5dda garantier om s\u00e4ljbarhet, l\u00e4mplighet f\u00f6r ett visst \u00e4ndam\u00e5l, icke-intr\u00e5ng eller prestandakurs.<\/p>\n\n\n\n<p>Onyx Defiant LLC, dess dotterbolag och licensgivare garanterar inte att a) tj\u00e4nsten kommer att fungera oavbrutet, s\u00e4kert eller tillg\u00e4ngligt vid en viss tidpunkt eller plats; b) eventuella fel eller defekter kommer att korrigeras; c) tj\u00e4nsten \u00e4r fri fr\u00e5n virus eller andra skadliga komponenter; eller d) resultaten av anv\u00e4ndningen av tj\u00e4nsten kommer att uppfylla dina krav.<\/p>\n\n\n\n<h2 class=\"wp-block-heading\">Undantag<\/h2>\n\n\n\n<p>Vissa jurisdiktioner till\u00e5ter inte uteslutning av vissa garantier eller uteslutning eller begr\u00e4nsning av ansvar f\u00f6r f\u00f6ljdskador eller of\u00f6rutsedda skador, s\u00e5 begr\u00e4nsningarna ovan kanske inte g\u00e4ller f\u00f6r dig.<\/p>\n\n\n\n<h2 class=\"wp-block-heading\">Till\u00e4mplig lag<\/h2>\n\n\n\n<p>Dessa villkor ska styras och tolkas i enlighet med lagarna i South Dakota, USA, utan h\u00e4nsyn till dess lagvalsregler.<\/p>\n\n\n\n<p>V\u00e5r underl\u00e5tenhet att genomdriva n\u00e5gon r\u00e4ttighet eller best\u00e4mmelse i dessa Villkor ska inte betraktas som ett avst\u00e5ende fr\u00e5n dessa r\u00e4ttigheter. Om n\u00e5gon best\u00e4mmelse i dessa Villkor anses vara ogiltig eller icke verkst\u00e4llbar av en domstol, kommer de \u00e5terst\u00e5ende best\u00e4mmelserna i dessa Villkor att f\u00f6rbli i kraft. Dessa Villkor utg\u00f6r hela avtalet mellan oss avseende v\u00e5r Tj\u00e4nst, och ers\u00e4tter alla tidigare avtal som vi kan ha haft mellan oss avseende Tj\u00e4nsten.<\/p>\n\n\n\n<h2 class=\"wp-block-heading\">F\u00f6r\u00e4ndringar<\/h2>\n\n\n\n<p>Vi f\u00f6rbeh\u00e5ller oss r\u00e4tten att, efter eget gottfinnande, \u00e4ndra eller ers\u00e4tta dessa villkor n\u00e4r som helst. Om en \u00e4ndring \u00e4r v\u00e4sentlig kommer vi att meddela detta minst 30 dagar innan de nya villkoren tr\u00e4der i kraft. Vad som utg\u00f6r en v\u00e4sentlig \u00e4ndring avg\u00f6rs av oss efter eget gottfinnande.<\/p>\n\n\n\n<p>Genom att forts\u00e4tta att komma \u00e5t eller anv\u00e4nda v\u00e5r tj\u00e4nst efter att eventuella \u00e4ndringar tr\u00e4der i kraft samtycker du till att vara bunden av de reviderade villkoren. Om du inte godk\u00e4nner de nya villkoren \u00e4r du inte l\u00e4ngre beh\u00f6rig att anv\u00e4nda tj\u00e4nsten.<\/p>\n\n\n\n<h2 class=\"wp-block-heading\">Kontakta oss<\/h2>\n\n\n\n<p>Om du har n\u00e5gra fr\u00e5gor om dessa villkor \u00e4r du v\u00e4lkommen att kontakta oss.<\/p>","protected":false},"excerpt":{"rendered":"<p>Last updated: January 10, 2024 Please read these Terms and Conditions (&#8220;Terms&#8221;, &#8220;Terms and Conditions&#8221;) carefully before using the https:\/\/cammodelagency.com website (the &#8220;Service&#8221;) operated by Onyx Defiant LLC (&#8220;us&#8221;, &#8220;we&#8221;, or &#8220;our&#8221;). Your access to and use of the Service is conditioned upon your acceptance of and compliance with these Terms. These Terms apply to &#8230; <\/p>\n<p class=\"read-more-container\"><a title=\"Villkor och best\u00e4mmelser\" class=\"read-more button\" href=\"https:\/\/cammodelagency.com\/sv\/terms-and-conditions\/#more-127\" aria-label=\"L\u00e4s mer om Terms and Conditions\">L\u00e4s mer<\/a><\/p>","protected":false},"author":1,"featured_media":0,"parent":0,"menu_order":0,"comment_status":"closed","ping_status":"closed","template":"","meta":{"footnotes":""},"class_list":{"0":"post-127","1":"page","2":"type-page","3":"status-publish","5":"infinite-scroll-item"},"aioseo_notices":[],"acf":[],"_links":{"self":[{"href":"https:\/\/cammodelagency.com\/sv\/wp-json\/wp\/v2\/pages\/127","targetHints":{"allow":["GET"]}}],"collection":[{"href":"https:\/\/cammodelagency.com\/sv\/wp-json\/wp\/v2\/pages"}],"about":[{"href":"https:\/\/cammodelagency.com\/sv\/wp-json\/wp\/v2\/types\/page"}],"author":[{"embeddable":true,"href":"https:\/\/cammodelagency.com\/sv\/wp-json\/wp\/v2\/users\/1"}],"replies":[{"embeddable":true,"href":"https:\/\/cammodelagency.com\/sv\/wp-json\/wp\/v2\/comments?post=127"}],"version-history":[{"count":7,"href":"https:\/\/cammodelagency.com\/sv\/wp-json\/wp\/v2\/pages\/127\/revisions"}],"predecessor-version":[{"id":15862,"href":"https:\/\/cammodelagency.com\/sv\/wp-json\/wp\/v2\/pages\/127\/revisions\/15862"}],"wp:attachment":[{"href":"https:\/\/cammodelagency.com\/sv\/wp-json\/wp\/v2\/media?parent=127"}],"curies":[{"name":"wp","href":"https:\/\/api.w.org\/{rel}","templated":true}]}}