{"id":14255,"date":"2023-04-24T01:41:09","date_gmt":"2023-04-24T06:41:09","guid":{"rendered":"https:\/\/cammodelagency.com\/?page_id=14255"},"modified":"2023-07-26T17:57:13","modified_gmt":"2023-07-26T22:57:13","slug":"utmaning","status":"publish","type":"page","link":"https:\/\/cammodelagency.com\/sv\/challenge\/","title":{"rendered":"30-dagars OnlyFans-utmaning"},"content":{"rendered":"<h1 class=\"gb-headline gb-headline-730f3edf gb-headline-text\">F\u00f6r\u00e4ndra ditt OnlyFans-f\u00f6retag p\u00e5 30 dagar<\/h1>\n\n\n\n<h2 class=\"gb-headline gb-headline-9dcb4308 gb-headline-text\">En utmaning f\u00f6r att \u00f6ka din f\u00f6rs\u00e4ljning och ditt engagemang<\/h2>\n\n\n\n<p>V\u00e4lkommen till v\u00e5r 30-dagarsutmaning f\u00f6r att f\u00f6r\u00e4ndra din <a class=\"thirstylink\" rel=\"nofollow\" target=\"_blank\" title=\"OnlyFans\" href=\"https:\/\/cammodelagency.com\/sv\/go\/onlyfans\/\" data-shortcode=\"true\">OnlyFans<\/a> f\u00f6retag! \u00c4r du redo att ta ditt f\u00f6retag till n\u00e4sta niv\u00e5? Oavsett om du precis har b\u00f6rjat eller vill f\u00f6rb\u00e4ttra din befintliga profil kommer den h\u00e4r utmaningen att hj\u00e4lpa dig att \u00f6ka din f\u00f6rs\u00e4ljning och ditt kundengagemang.<\/p>\n\n\n\n<p>Denna utmaning \u00e4r utformad f\u00f6r dig som <a class=\"wpil_keyword_link\" href=\"https:\/\/cammodelagency.com\/onlyfans-alternative\/\" target=\"_blank\" rel=\"noopener\" title=\"OnlyFans\" data-wpil-keyword-link=\"linked\">OnlyFans<\/a> inneh\u00e5llsskapare (eller n\u00e5gon annan vuxen inneh\u00e5llsskapare) som vill ta ditt konto till n\u00e4sta niv\u00e5. Under 30 dagar kommer vi att ge dig dagliga uppgifter och tips som hj\u00e4lper dig att \u00f6ka ditt engagemang, din retention och dina int\u00e4kter p\u00e5 plattformen.<\/p>\n\n\n\n<div class=\"_form_1\"><\/div><script src=\"https:\/\/cammodelagency.activehosted.com\/f\/embed.php?id=1\" type=\"text\/javascript\" charset=\"utf-8\"><\/script>\n\n\n\n<p>Till att b\u00f6rja med hj\u00e4lper vi dig att planera ditt inneh\u00e5llsschema f\u00f6r n\u00e4sta m\u00e5nad, erbjuda en specialrabatt till nya prenumeranter och samarbeta med andra kreat\u00f6rer f\u00f6r att korspromota dina konton. Vi visar dig ocks\u00e5 hur du skapar omr\u00f6stningar eller unders\u00f6kningar f\u00f6r att dina fans ska kunna ge feedback p\u00e5 ditt inneh\u00e5ll och vara v\u00e4rd f\u00f6r livestreams eller Q &amp; A-sessioner f\u00f6r att engagera dig direkt med dem.<\/p>\n\n\n\n<p>Vi uppmuntrar dig att erbjuda shoutouts eller omn\u00e4mnanden till fans som v\u00e4rvar nya prenumeranter och att erbjuda gratis testversioner f\u00f6r att locka nya prenumeranter. Du kan ocks\u00e5 testa nya inneh\u00e5llsteman och -typer, skapa exklusiva inneh\u00e5llspaket och samarbeta med varum\u00e4rken eller sponsorer f\u00f6r att diversifiera ditt inneh\u00e5ll och dina int\u00e4ktsstr\u00f6mmar.<\/p>\n\n\n\n<p>Under hela utmaningen kommer vi att be dig utv\u00e4rdera dina framsteg och justera din inneh\u00e5llsstrategi. Du kommer ocks\u00e5 att experimentera med nya redigerings- och fototekniker, erbjuda personliga inneh\u00e5llsf\u00f6rfr\u00e5gningar och vara v\u00e4rd f\u00f6r virtuella live-evenemang f\u00f6r att f\u00e5 kontakt med dina fans.<\/p>\n\n\n\n<p>I slutet av utmaningen kommer du att ha en b\u00e4ttre f\u00f6rst\u00e5else f\u00f6r vad som kr\u00e4vs f\u00f6r att driva ett framg\u00e5ngsrikt <a class=\"thirstylink\" rel=\"nofollow\" target=\"_blank\" title=\"OnlyFans\" href=\"https:\/\/cammodelagency.com\/sv\/go\/onlyfans\/\" data-shortcode=\"true\">OnlyFans<\/a> och du kommer att ha implementerat en rad strategier som hj\u00e4lper dig att n\u00e5 dina m\u00e5l. <\/p>\n\n\n\n<p>\u00c4r du redo att ta dig an utmaningen och f\u00f6r\u00e4ndra din karri\u00e4r inom inneh\u00e5llsskapande? <\/p>\n\n\n\n<p>Registrera dig idag, s\u00e5 s\u00e4tter vi ig\u00e5ng!<\/p>\n\n\n\n<div class=\"_form_1\"><\/div><script src=\"https:\/\/cammodelagency.activehosted.com\/f\/embed.php?id=1\" type=\"text\/javascript\" charset=\"utf-8\"><\/script>","protected":false},"excerpt":{"rendered":"<p>Transform Your OnlyFans Business in 30 Days A Challenge to Boost Your Sales and Engagement Welcome to our 30-day challenge to transform your OnlyFans business! Are you ready to take your business to the next level? Whether you&#8217;re just starting out or looking to improve your existing profile, this challenge will help you boost your &#8230; <\/p>\n<p class=\"read-more-container\"><a title=\"30-dagars OnlyFans-utmaning\" class=\"read-more button\" href=\"https:\/\/cammodelagency.com\/sv\/challenge\/#more-14255\" aria-label=\"L\u00e4s mer om 30-Day OnlyFans Challenge\">L\u00e4s mer<\/a><\/p>","protected":false},"author":1,"featured_media":4115,"parent":0,"menu_order":0,"comment_status":"closed","ping_status":"closed","template":"","meta":{"footnotes":""},"class_list":{"0":"post-14255","1":"page","2":"type-page","3":"status-publish","4":"has-post-thumbnail","6":"infinite-scroll-item","7":"resize-featured-image"},"aioseo_notices":[],"acf":[],"_links":{"self":[{"href":"https:\/\/cammodelagency.com\/sv\/wp-json\/wp\/v2\/pages\/14255","targetHints":{"allow":["GET"]}}],"collection":[{"href":"https:\/\/cammodelagency.com\/sv\/wp-json\/wp\/v2\/pages"}],"about":[{"href":"https:\/\/cammodelagency.com\/sv\/wp-json\/wp\/v2\/types\/page"}],"author":[{"embeddable":true,"href":"https:\/\/cammodelagency.com\/sv\/wp-json\/wp\/v2\/users\/1"}],"replies":[{"embeddable":true,"href":"https:\/\/cammodelagency.com\/sv\/wp-json\/wp\/v2\/comments?post=14255"}],"version-history":[{"count":5,"href":"https:\/\/cammodelagency.com\/sv\/wp-json\/wp\/v2\/pages\/14255\/revisions"}],"predecessor-version":[{"id":14642,"href":"https:\/\/cammodelagency.com\/sv\/wp-json\/wp\/v2\/pages\/14255\/revisions\/14642"}],"wp:featuredmedia":[{"embeddable":true,"href":"https:\/\/cammodelagency.com\/sv\/wp-json\/wp\/v2\/media\/4115"}],"wp:attachment":[{"href":"https:\/\/cammodelagency.com\/sv\/wp-json\/wp\/v2\/media?parent=14255"}],"curies":[{"name":"wp","href":"https:\/\/api.w.org\/{rel}","templated":true}]}}