{"id":14294,"date":"2023-06-11T14:58:23","date_gmt":"2023-06-11T19:58:23","guid":{"rendered":"https:\/\/cammodelagency.com\/?page_id=14294"},"modified":"2023-07-26T17:57:19","modified_gmt":"2023-07-26T22:57:19","slug":"prissattning","status":"publish","type":"page","link":"https:\/\/cammodelagency.com\/sv\/pricing\/","title":{"rendered":"Priss\u00e4ttning f\u00f6r OnlyFans Management utan provision"},"content":{"rendered":"<p>Med v\u00e5rt omfattande tj\u00e4nsteutbud kan du fokusera p\u00e5 det du g\u00f6r b\u00e4st - att skapa f\u00e4ngslande inneh\u00e5ll - medan vi tar hand om resten. L\u00e5t oss ta hand om hantering, tillv\u00e4xt, marknadsf\u00f6ring och engagemang f\u00f6r din <a class=\"thirstylink\" rel=\"nofollow\" target=\"_blank\" title=\"OnlyFans\" href=\"https:\/\/cammodelagency.com\/sv\/go\/onlyfans\/\" data-shortcode=\"true\">OnlyFans<\/a> resa och ge dig m\u00f6jlighet att n\u00e5 nya h\u00f6jder av framg\u00e5ng.<\/p>\n\n\n\n<p>Varje niv\u00e5 priss\u00e4tts baserat p\u00e5 <strong>hur mycket tid<\/strong> <strong>vi spenderar p\u00e5 ditt konto<\/strong> m\u00e5nadsvis snarare \u00e4n hur mycket du tj\u00e4nar. Det g\u00f6r det enkelt att bara arbeta med seri\u00f6sa kreat\u00f6rer, ge alla kreat\u00f6rer den uppm\u00e4rksamhet de f\u00f6rtj\u00e4nar och skapa ekonomisk stabilitet f\u00f6r dig. <\/p>\n\n\n\n<p>Alla niv\u00e5er f\u00e5r en anpassad plan f\u00f6r ditt kontos framg\u00e5ng med tid avsatt f\u00f6r<\/p>\n\n\n\n<ul class=\"has-accent-color has-base-background-color has-text-color has-background wp-block-list\">\n<li>Tillv\u00e4xt av konton genom marknadsf\u00f6ring<\/li>\n\n\n\n<li><a class=\"thirstylink\" rel=\"nofollow\" target=\"_blank\" title=\"Hypefury\" href=\"https:\/\/cammodelagency.com\/sv\/go\/hypefury\/\" data-shortcode=\"true\">Sociala medier<\/a> ledning<\/li>\n\n\n\n<li>Chatta med nuvarande f\u00f6ljare och prenumeranter<\/li>\n\n\n\n<li><strong>Plus<\/strong>f\u00e5r en m\u00e5natlig rapport som visar aktivitet, tillv\u00e4xt och nya initiativ<\/li>\n\n\n\n<li><strong>Plus<\/strong>f\u00e5r du livstids tillg\u00e5ng till alla nya produkter som skapas p\u00e5 <a href=\"http:\/\/SubToMy.com\" target=\"_blank\" rel=\"noopener\" title=\"\">SubToMy.com<\/a><\/li>\n<\/ul>\n\n\n<div class=\"gb-container gb-container-5f21bd73\">\n<div class=\"gb-grid-wrapper gb-grid-wrapper-e34ebfcc\">\n<div class=\"gb-grid-column gb-grid-column-b28a2877\"><div class=\"gb-container gb-container-b28a2877\">\n<div class=\"gb-container gb-container-c17a1f13\">\n\n<h2 class=\"gb-headline gb-headline-610bc41a gb-headline-text\">Niv\u00e5 1<\/h2>\n\n\n\n<h2 class=\"gb-headline gb-headline-25c22229 gb-headline-text\">$5 000 USD per m\u00e5nad<\/h2>\n\n\n\n<ul class=\"wp-block-list\">\n<li>Cirka 600 timmar per m\u00e5nad<\/li>\n\n\n\n<li>16-24 timmar per dag, 7 dagar i veckan<\/li>\n<\/ul>\n\n<\/div>\n<\/div><\/div>\n\n<div class=\"gb-grid-column gb-grid-column-82938111\"><div class=\"gb-container gb-container-82938111\">\n\n<h2 class=\"gb-headline gb-headline-481c1470 gb-headline-text\">Niv\u00e5 2<\/h2>\n\n\n\n<h2 class=\"gb-headline gb-headline-a0625657 gb-headline-text\">$4 000 USD per m\u00e5nad<\/h2>\n\n\n\n<ul class=\"wp-block-list\">\n<li>Cirka 400 timmar per m\u00e5nad<\/li>\n\n\n\n<li>8-16 timmar per dag, 7 dagar i veckan<\/li>\n<\/ul>\n\n<\/div><\/div>\n\n<div class=\"gb-grid-column gb-grid-column-9837250d\"><div class=\"gb-container gb-container-9837250d\">\n\n<h2 class=\"gb-headline gb-headline-6c7af739 gb-headline-text\">Niv\u00e5 3<\/h2>\n\n\n\n<h2 class=\"gb-headline gb-headline-47398fd5 gb-headline-text\">$2 500 USD per m\u00e5nad<\/h2>\n\n\n\n<ul class=\"wp-block-list\">\n<li>Cirka 200 timmar per m\u00e5nad<\/li>\n\n\n\n<li>4-8 timmar per dag, 7 dagar i veckan<\/li>\n<\/ul>\n\n<\/div><\/div>\n<\/div>\n<\/div>\n\n\n<p class=\"has-text-align-center has-medium-font-size\">Redo att ta din <a class=\"wpil_keyword_link\" href=\"https:\/\/cammodelagency.com\/onlyfans-alternative\/\" target=\"_blank\" rel=\"noopener\" title=\"OnlyFans\" data-wpil-keyword-link=\"linked\">OnlyFans<\/a> karri\u00e4r till n\u00e4sta niv\u00e5? Registrera dig idag och frig\u00f6r den fulla potentialen i ditt konto. <a href=\"https:\/\/cammodelagency.com\/apply\/\" target=\"_blank\" rel=\"noopener\" title=\"\"><strong>Ans\u00f6k h\u00e4r<\/strong><\/a>.<\/p>","protected":false},"excerpt":{"rendered":"<p>With our comprehensive suite of services, you can focus on what you do best \u2013 creating captivating content \u2013 while we take care of the rest. Let us handle the management, growth, promotion, and engagement aspects of your OnlyFans journey, empowering you to reach new heights of success. Every tier is priced based on how &#8230; <\/p>\n<p class=\"read-more-container\"><a title=\"Priss\u00e4ttning f\u00f6r OnlyFans Management utan provision\" class=\"read-more button\" href=\"https:\/\/cammodelagency.com\/sv\/pricing\/#more-14294\" aria-label=\"L\u00e4s mer om Pricing for Zero-Commission OnlyFans Management\">L\u00e4s mer<\/a><\/p>","protected":false},"author":1,"featured_media":13925,"parent":0,"menu_order":0,"comment_status":"closed","ping_status":"closed","template":"","meta":{"footnotes":""},"class_list":{"0":"post-14294","1":"page","2":"type-page","3":"status-publish","4":"has-post-thumbnail","6":"infinite-scroll-item","7":"resize-featured-image"},"aioseo_notices":[],"acf":[],"_links":{"self":[{"href":"https:\/\/cammodelagency.com\/sv\/wp-json\/wp\/v2\/pages\/14294","targetHints":{"allow":["GET"]}}],"collection":[{"href":"https:\/\/cammodelagency.com\/sv\/wp-json\/wp\/v2\/pages"}],"about":[{"href":"https:\/\/cammodelagency.com\/sv\/wp-json\/wp\/v2\/types\/page"}],"author":[{"embeddable":true,"href":"https:\/\/cammodelagency.com\/sv\/wp-json\/wp\/v2\/users\/1"}],"replies":[{"embeddable":true,"href":"https:\/\/cammodelagency.com\/sv\/wp-json\/wp\/v2\/comments?post=14294"}],"version-history":[{"count":13,"href":"https:\/\/cammodelagency.com\/sv\/wp-json\/wp\/v2\/pages\/14294\/revisions"}],"predecessor-version":[{"id":14643,"href":"https:\/\/cammodelagency.com\/sv\/wp-json\/wp\/v2\/pages\/14294\/revisions\/14643"}],"wp:featuredmedia":[{"embeddable":true,"href":"https:\/\/cammodelagency.com\/sv\/wp-json\/wp\/v2\/media\/13925"}],"wp:attachment":[{"href":"https:\/\/cammodelagency.com\/sv\/wp-json\/wp\/v2\/media?parent=14294"}],"curies":[{"name":"wp","href":"https:\/\/api.w.org\/{rel}","templated":true}]}}