{"id":5119,"date":"2024-01-24T20:47:05","date_gmt":"2024-01-25T01:47:05","guid":{"rendered":"https:\/\/cammodelagency.com\/?page_id=5119"},"modified":"2024-01-24T20:48:15","modified_gmt":"2024-01-25T01:48:15","slug":"tillampa","status":"publish","type":"page","link":"https:\/\/cammodelagency.com\/sv\/apply\/","title":{"rendered":"Ans\u00f6k till OnlyFans Management"},"content":{"rendered":"<h2 class=\"gb-headline gb-headline-5ad758aa\"><span class=\"gb-icon\"><svg aria-hidden=\"true\" role=\"img\" height=\"1em\" width=\"1em\" viewbox=\"0 0 576 512\" xmlns=\"http:\/\/www.w3.org\/2000\/svg\"><path fill=\"currentColor\" d=\"M576 240c0-23.63-12.95-44.04-32-55.12V32.01C544 23.26 537.02 0 512 0c-7.12 0-14.19 2.38-19.98 7.02l-85.03 68.03C364.28 109.19 310.66 128 256 128H64c-35.35 0-64 28.65-64 64v96c0 35.35 28.65 64 64 64h33.7c-1.39 10.48-2.18 21.14-2.18 32 0 39.77 9.26 77.35 25.56 110.94 5.19 10.69 16.52 17.06 28.4 17.06h74.28c26.05 0 41.69-29.84 25.9-50.56-16.4-21.52-26.15-48.36-26.15-77.44 0-11.11 1.62-21.79 4.41-32H256c54.66 0 108.28 18.81 150.98 52.95l85.03 68.03a32.023 32.023 0 0 0 19.98 7.02c24.92 0 32-22.78 32-32V295.13C563.05 284.04 576 263.63 576 240zm-96 141.42l-33.05-26.44C392.95 311.78 325.12 288 256 288v-96c69.12 0 136.95-23.78 190.95-66.98L480 98.58v282.84z\"><\/path><\/svg><\/span><span class=\"gb-headline-text\">Vi tar f\u00f6r n\u00e4rvarande inte emot nya kreat\u00f6rer ... dock<\/span><\/h2>\n\n\n\n<p>Vi introducerar Fan Club &amp; <a class=\"thirstylink\" rel=\"nofollow\" target=\"_blank\" title=\"Hypefury\" href=\"https:\/\/cammodelagency.com\/sv\/go\/hypefury\/\" data-shortcode=\"true\">Sociala medier<\/a> Profilrevision - en omfattande tj\u00e4nst som hj\u00e4lper dig att f\u00e5 ut mesta m\u00f6jliga av din profil p\u00e5 n\u00e4tet.<\/p>\n\n\n\n<p>Med denna revolutionerande produkt kommer v\u00e5ra expertrevisorer att noggrant utv\u00e4rdera din profil \u00f6ver flera <a class=\"thirstylink\" rel=\"nofollow\" target=\"_blank\" title=\"Hypefury\" href=\"https:\/\/cammodelagency.com\/sv\/go\/hypefury\/\" data-shortcode=\"true\">sociala medier<\/a> plattformar, inklusive <a class=\"thirstylink\" rel=\"nofollow\" target=\"_blank\" title=\"OnlyFans\" href=\"https:\/\/cammodelagency.com\/sv\/go\/onlyfans\/\" data-shortcode=\"true\">OnlyFans<\/a>, <a class=\"thirstylink\" rel=\"nofollow\" target=\"_blank\" title=\"LoyalFans\" href=\"https:\/\/cammodelagency.com\/sv\/go\/loyalfans\/\" data-shortcode=\"true\">Loyalfans<\/a>Instagram, Twitter och mycket mer. Vi g\u00e5r p\u00e5 djupet med alla aspekter av din image p\u00e5 n\u00e4tet och ger konkreta rekommendationer som \u00e4r skr\u00e4ddarsydda f\u00f6r att \u00f6ka din r\u00e4ckvidd och ditt engagemang. <\/p>\n\n\n\n<p><a href=\"https:\/\/subtomy.com\/product\/profile-audit\/\"><strong>Klicka h\u00e4r f\u00f6r att k\u00f6pa nu.<\/strong><\/a><\/p>\n\n\n\n<p>H\u00e4r \u00e4r vad du kan f\u00f6rv\u00e4nta dig av denna ov\u00e4rderliga revision:<\/p>\n\n\n\n<h3 class=\"gb-headline gb-headline-5162fe17 gb-headline-text\">Detaljerad profilanalys<\/h3>\n\n\n\n<ul class=\"wp-block-list\">\n<li>V\u00e5ra revisorer granskar noggrant alla delar av era profiler - fr\u00e5n biografibeskrivningar till profilbilder - och ser till att de p\u00e5 ett korrekt s\u00e4tt visar vem ni \u00e4r som person eller varum\u00e4rke.<\/li>\n\n\n\n<li>Vi bed\u00f6mer enhetligheten p\u00e5 alla plattformar och ser till att du presenterar dig p\u00e5 ett konsekvent s\u00e4tt.<\/li>\n<\/ul>\n\n\n\n<h3 class=\"gb-headline gb-headline-9ffb1f98 gb-headline-text\">Granskning av inneh\u00e5ll<\/h3>\n\n\n\n<ul class=\"wp-block-list\">\n<li>V\u00e5rt team kommer att granska typen och kvaliteten p\u00e5 det inneh\u00e5ll som delas p\u00e5 varje plattform.<\/li>\n\n\n\n<li>Vi ger dig tips p\u00e5 hur du optimerar dina inl\u00e4gg f\u00f6r att f\u00e5nga publikens intresse samtidigt som du h\u00e5ller dig till din unika stil eller nisch.<\/li>\n<\/ul>\n\n\n\n<h3 class=\"wp-block-heading\">Strategi f\u00f6r engagemang<\/h3>\n\n\n\n<ul class=\"wp-block-list\">\n<li>Genom att analysera interaktioner med f\u00f6ljare, s\u00e5som kommentarer och <a class=\"thirstylink\" rel=\"nofollow\" target=\"_blank\" title=\"Meddelanden\" href=\"https:\/\/cammodelagency.com\/sv\/go\/messages\/\" data-shortcode=\"true\">direkta meddelanden<\/a> (<a class=\"thirstylink\" rel=\"nofollow\" target=\"_blank\" title=\"Meddelanden\" href=\"https:\/\/cammodelagency.com\/sv\/go\/messages\/\" data-shortcode=\"true\">DM<\/a>), kommer vi att identifiera m\u00f6jligheter att skapa djupare kontakter.<\/li>\n\n\n\n<li>Du kan f\u00f6rv\u00e4nta dig personliga tips om hur du bygger starkare relationer med dina fans genom engagerande konversationer och snabba svar.<\/li>\n<\/ul>\n\n\n\n<h3 class=\"gb-headline gb-headline-52025c79 gb-headline-text\">Tips om int\u00e4ktsgenerering<\/h3>\n\n\n\n<ul class=\"wp-block-list\">\n<li>V\u00e5r revision erbjuder viktiga strategier f\u00f6r att maximera int\u00e4kterna f\u00f6r dem som anv\u00e4nder <a class=\"wpil_keyword_link\" href=\"https:\/\/cammodelagency.com\/onlyfans-alternative\/\" target=\"_blank\" rel=\"noopener\" title=\"OnlyFans\" data-wpil-keyword-link=\"linked\">OnlyFans<\/a>, <a class=\"thirstylink\" rel=\"nofollow\" target=\"_blank\" title=\"LoyalFans\" href=\"https:\/\/cammodelagency.com\/sv\/go\/loyalfans\/\" data-shortcode=\"true\">Loyalfans<\/a>eller n\u00e5gon annan fan club-tj\u00e4nst som en int\u00e4ktsk\u00e4lla.<\/li>\n\n\n\n<li>Vi hj\u00e4lper dig att frig\u00f6ra den fulla potentialen i ditt konto, fr\u00e5n priss\u00e4ttningsv\u00e4gledning baserad p\u00e5 marknadstrender till tips om hur du skapar exklusivt inneh\u00e5ll.<\/li>\n<\/ul>\n\n\n\n<h3 class=\"gb-headline gb-headline-bbb1f56c gb-headline-text\">Varum\u00e4rkesprofilering och estetik<\/h3>\n\n\n\n<ul class=\"wp-block-list\">\n<li>Vi f\u00f6rst\u00e5r vikten av en sammanh\u00e4ngande varum\u00e4rkesidentitet. V\u00e5ra revisorer ger feedback p\u00e5 ert \u00f6vergripande varum\u00e4rkesarbete och ser till att det ligger i linje med er m\u00e5lgrupp och era m\u00e5l.<\/li>\n\n\n\n<li>Oavsett om det handlar om att rekommendera visuella f\u00f6rb\u00e4ttringar eller f\u00f6resl\u00e5 effektiva hashtags hj\u00e4lper vi dig att skapa en visuellt tilltalande och konsekvent n\u00e4rvaro p\u00e5 n\u00e4tet.<\/li>\n<\/ul>\n\n\n\n<figure class=\"wp-block-embed aligncenter is-type-wp-embed is-provider-sub-to-my wp-block-embed-sub-to-my\"><div class=\"wp-block-embed__wrapper\">\n<blockquote class=\"wp-embedded-content\" data-secret=\"OGknZOcMkx\"><a href=\"https:\/\/subtomy.com\/product\/profile-audit\/\">Granskning av profil<\/a><\/blockquote><iframe class=\"wp-embedded-content\" sandbox=\"allow-scripts\" security=\"restricted\" style=\"position: absolute; clip: rect(1px, 1px, 1px, 1px);\" title=\"&quot;Profilgranskning&quot; - Sub To My...\" src=\"https:\/\/subtomy.com\/product\/profile-audit\/embed\/#?secret=V4iG9uBB4C#?secret=OGknZOcMkx\" data-secret=\"OGknZOcMkx\" width=\"600\" height=\"338\" frameborder=\"0\" marginwidth=\"0\" marginheight=\"0\" scrolling=\"no\"><\/iframe>\n<\/div><\/figure>","protected":false},"excerpt":{"rendered":"<p>Vi tar f\u00f6r n\u00e4rvarande inte emot nya skapare ... men vi introducerar Fan Club &amp; Social Media Profile Audit - en omfattande tj\u00e4nst som \u00e4r utformad f\u00f6r att hj\u00e4lpa dig att f\u00e5 ut det mesta av din onlinepersona. Med denna revolutionerande produkt kommer v\u00e5ra expertrevisorer att noggrant utv\u00e4rdera din profil p\u00e5 flera sociala medieplattformar, inklusive OnlyFans, Loyalfans, Instagram, Twitter, ... <\/p>\n<p class=\"read-more-container\"><a title=\"Ans\u00f6k till OnlyFans Management\" class=\"read-more button\" href=\"https:\/\/cammodelagency.com\/sv\/apply\/#more-5119\" aria-label=\"L\u00e4s mer om Apply for OnlyFans Management\">L\u00e4s mer<\/a><\/p>","protected":false},"author":1,"featured_media":0,"parent":0,"menu_order":0,"comment_status":"closed","ping_status":"closed","template":"","meta":{"footnotes":""},"class_list":{"0":"post-5119","1":"page","2":"type-page","3":"status-publish","5":"infinite-scroll-item"},"aioseo_notices":[],"acf":[],"_links":{"self":[{"href":"https:\/\/cammodelagency.com\/sv\/wp-json\/wp\/v2\/pages\/5119","targetHints":{"allow":["GET"]}}],"collection":[{"href":"https:\/\/cammodelagency.com\/sv\/wp-json\/wp\/v2\/pages"}],"about":[{"href":"https:\/\/cammodelagency.com\/sv\/wp-json\/wp\/v2\/types\/page"}],"author":[{"embeddable":true,"href":"https:\/\/cammodelagency.com\/sv\/wp-json\/wp\/v2\/users\/1"}],"replies":[{"embeddable":true,"href":"https:\/\/cammodelagency.com\/sv\/wp-json\/wp\/v2\/comments?post=5119"}],"version-history":[{"count":35,"href":"https:\/\/cammodelagency.com\/sv\/wp-json\/wp\/v2\/pages\/5119\/revisions"}],"predecessor-version":[{"id":15961,"href":"https:\/\/cammodelagency.com\/sv\/wp-json\/wp\/v2\/pages\/5119\/revisions\/15961"}],"wp:attachment":[{"href":"https:\/\/cammodelagency.com\/sv\/wp-json\/wp\/v2\/media?parent=5119"}],"curies":[{"name":"wp","href":"https:\/\/api.w.org\/{rel}","templated":true}]}}