{"id":14294,"date":"2023-06-11T14:58:23","date_gmt":"2023-06-11T19:58:23","guid":{"rendered":"https:\/\/cammodelagency.com\/?page_id=14294"},"modified":"2023-07-26T17:57:19","modified_gmt":"2023-07-26T22:57:19","slug":"fiyatlandirma","status":"publish","type":"page","link":"https:\/\/cammodelagency.com\/tr\/pricing\/","title":{"rendered":"S\u0131f\u0131r Komisyonlu OnlyFans Y\u00f6netimi i\u00e7in Fiyatland\u0131rma"},"content":{"rendered":"<p>Kapsaml\u0131 hizmet paketimiz sayesinde siz en iyi yapt\u0131\u011f\u0131n\u0131z i\u015fe, yani etkileyici i\u00e7erik olu\u015fturmaya odaklan\u0131rken gerisini biz halledebiliriz. \u0130\u00e7eri\u011finizin y\u00f6netimini, b\u00fcy\u00fcmesini, tan\u0131t\u0131m\u0131n\u0131 ve etkile\u015fimini bize b\u0131rak\u0131n. <a class=\"thirstylink\" rel=\"nofollow\" target=\"_blank\" title=\"OnlyFans\" href=\"https:\/\/cammodelagency.com\/tr\/go\/onlyfans\/\" data-shortcode=\"true\">OnlyFans<\/a> yeni ba\u015far\u0131 zirvelerine ula\u015fman\u0131z i\u00e7in sizi g\u00fc\u00e7lendirir.<\/p>\n\n\n\n<p>Her kademe a\u015fa\u011f\u0131dakilere g\u00f6re fiyatland\u0131r\u0131l\u0131r <strong>ne kadar zaman<\/strong> <strong>hesab\u0131n\u0131z i\u00e7in harc\u0131yoruz<\/strong> ne kadar kazand\u0131\u011f\u0131n\u0131zdan ziyade ayl\u0131k. Bu, yaln\u0131zca ciddi i\u00e7erik olu\u015fturucularla \u00e7al\u0131\u015fmay\u0131 kolayla\u015ft\u0131r\u0131r, her i\u00e7erik olu\u015fturucuya hak etti\u011fi ilgiyi verir ve sizin i\u00e7in finansal istikrar sa\u011flar. <\/p>\n\n\n\n<p>T\u00fcm katmanlar, hesab\u0131n\u0131z\u0131n ba\u015far\u0131s\u0131 i\u00e7in \u00f6zel bir plan al\u0131r ve bu plana zaman ayr\u0131l\u0131r<\/p>\n\n\n\n<ul class=\"has-accent-color has-base-background-color has-text-color has-background wp-block-list\">\n<li>Tan\u0131t\u0131m ve pazarlama yoluyla hesap b\u00fcy\u00fcmesi<\/li>\n\n\n\n<li><a class=\"thirstylink\" rel=\"nofollow\" target=\"_blank\" title=\"Hypefury\" href=\"https:\/\/cammodelagency.com\/tr\/go\/hypefury\/\" data-shortcode=\"true\">Sosyal medya<\/a> management<\/li>\n\n\n\n<li>Mevcut takip\u00e7iler ve abonelerle sohbet etmek<\/li>\n\n\n\n<li><strong>Art\u0131<\/strong>Faaliyet, b\u00fcy\u00fcme ve yeni giri\u015fimleri g\u00f6steren ayl\u0131k bir rapor al\u0131n<\/li>\n\n\n\n<li><strong>Art\u0131<\/strong>'de olu\u015fturulan her yeni \u00fcr\u00fcne \u00f6m\u00fcr boyu eri\u015fim elde edin. <a href=\"http:\/\/SubToMy.com\" target=\"_blank\" rel=\"noopener\" title=\"\">SubToMy.com<\/a><\/li>\n<\/ul>\n\n\n<div class=\"gb-container gb-container-5f21bd73\">\n<div class=\"gb-grid-wrapper gb-grid-wrapper-e34ebfcc\">\n<div class=\"gb-grid-column gb-grid-column-b28a2877\"><div class=\"gb-container gb-container-b28a2877\">\n<div class=\"gb-container gb-container-c17a1f13\">\n\n<h2 class=\"gb-headline gb-headline-610bc41a gb-headline-text\">1. Kademe<\/h2>\n\n\n\n<h2 class=\"gb-headline gb-headline-25c22229 gb-headline-text\">Ayl\u0131k $5,000 USD<\/h2>\n\n\n\n<ul class=\"wp-block-list\">\n<li>Ayda yakla\u015f\u0131k 600 saat<\/li>\n\n\n\n<li>G\u00fcnde 16-24 saat, haftada 7 g\u00fcn<\/li>\n<\/ul>\n\n<\/div>\n<\/div><\/div>\n\n<div class=\"gb-grid-column gb-grid-column-82938111\"><div class=\"gb-container gb-container-82938111\">\n\n<h2 class=\"gb-headline gb-headline-481c1470 gb-headline-text\">Kademe 2<\/h2>\n\n\n\n<h2 class=\"gb-headline gb-headline-a0625657 gb-headline-text\">Ayl\u0131k $4,000 USD<\/h2>\n\n\n\n<ul class=\"wp-block-list\">\n<li>Ayda yakla\u015f\u0131k 400 saat<\/li>\n\n\n\n<li>G\u00fcnde 8-16 saat, haftada 7 g\u00fcn<\/li>\n<\/ul>\n\n<\/div><\/div>\n\n<div class=\"gb-grid-column gb-grid-column-9837250d\"><div class=\"gb-container gb-container-9837250d\">\n\n<h2 class=\"gb-headline gb-headline-6c7af739 gb-headline-text\">3. Kademe<\/h2>\n\n\n\n<h2 class=\"gb-headline gb-headline-47398fd5 gb-headline-text\">Ayl\u0131k $2,500 USD<\/h2>\n\n\n\n<ul class=\"wp-block-list\">\n<li>Ayda yakla\u015f\u0131k 200 saat<\/li>\n\n\n\n<li>G\u00fcnde 4-8 saat, haftada 7 g\u00fcn<\/li>\n<\/ul>\n\n<\/div><\/div>\n<\/div>\n<\/div>\n\n\n<p class=\"has-text-align-center has-medium-font-size\">Seni almaya haz\u0131r <a class=\"wpil_keyword_link\" href=\"https:\/\/cammodelagency.com\/onlyfans-alternative\/\" target=\"_blank\" rel=\"noopener\" title=\"OnlyFans\" data-wpil-keyword-link=\"linked\">OnlyFans<\/a> kariyerinizi bir \u00fcst seviyeye ta\u015f\u0131mak m\u0131 istiyorsunuz? Bug\u00fcn kaydolun ve hesab\u0131n\u0131z\u0131n t\u00fcm potansiyelini ortaya \u00e7\u0131kar\u0131n. <a href=\"https:\/\/cammodelagency.com\/apply\/\" target=\"_blank\" rel=\"noopener\" title=\"\"><strong>Buradan ba\u015fvurun<\/strong><\/a>.<\/p>","protected":false},"excerpt":{"rendered":"<p>With our comprehensive suite of services, you can focus on what you do best \u2013 creating captivating content \u2013 while we take care of the rest. Let us handle the management, growth, promotion, and engagement aspects of your OnlyFans journey, empowering you to reach new heights of success. Every tier is priced based on how &#8230; <\/p>\n<p class=\"read-more-container\"><a title=\"S\u0131f\u0131r Komisyonlu OnlyFans Y\u00f6netimi i\u00e7in Fiyatland\u0131rma\" class=\"read-more button\" href=\"https:\/\/cammodelagency.com\/tr\/pricing\/#more-14294\" aria-label=\"Read more about Pricing for Zero-Commission OnlyFans Management\">Daha fazla bilgi edinin<\/a><\/p>","protected":false},"author":1,"featured_media":13925,"parent":0,"menu_order":0,"comment_status":"closed","ping_status":"closed","template":"","meta":{"footnotes":""},"class_list":{"0":"post-14294","1":"page","2":"type-page","3":"status-publish","4":"has-post-thumbnail","6":"infinite-scroll-item","7":"resize-featured-image"},"aioseo_notices":[],"acf":[],"_links":{"self":[{"href":"https:\/\/cammodelagency.com\/tr\/wp-json\/wp\/v2\/pages\/14294","targetHints":{"allow":["GET"]}}],"collection":[{"href":"https:\/\/cammodelagency.com\/tr\/wp-json\/wp\/v2\/pages"}],"about":[{"href":"https:\/\/cammodelagency.com\/tr\/wp-json\/wp\/v2\/types\/page"}],"author":[{"embeddable":true,"href":"https:\/\/cammodelagency.com\/tr\/wp-json\/wp\/v2\/users\/1"}],"replies":[{"embeddable":true,"href":"https:\/\/cammodelagency.com\/tr\/wp-json\/wp\/v2\/comments?post=14294"}],"version-history":[{"count":13,"href":"https:\/\/cammodelagency.com\/tr\/wp-json\/wp\/v2\/pages\/14294\/revisions"}],"predecessor-version":[{"id":14643,"href":"https:\/\/cammodelagency.com\/tr\/wp-json\/wp\/v2\/pages\/14294\/revisions\/14643"}],"wp:featuredmedia":[{"embeddable":true,"href":"https:\/\/cammodelagency.com\/tr\/wp-json\/wp\/v2\/media\/13925"}],"wp:attachment":[{"href":"https:\/\/cammodelagency.com\/tr\/wp-json\/wp\/v2\/media?parent=14294"}],"curies":[{"name":"wp","href":"https:\/\/api.w.org\/{rel}","templated":true}]}}