{"id":3485,"date":"2020-07-23T13:45:02","date_gmt":"2020-07-23T19:45:02","guid":{"rendered":"https:\/\/cammodelagency.com\/?page_id=3485"},"modified":"2020-11-10T01:34:46","modified_gmt":"2020-11-10T06:34:46","slug":"18-usc-2257","status":"publish","type":"page","link":"https:\/\/cammodelagency.com\/tr\/18-usc-2257\/","title":{"rendered":"18 U.S.C. 2257"},"content":{"rendered":"<p>18 U.S.C. 2257 uygunluk bildirimi.<\/p>\n\n\n\n<p>Ortak veya ortaklar\u0131n ba\u011fl\u0131 sitelerinden herhangi biri, \u00e7ocuk pornografisi, tecav\u00fcz, ensest veya hayvanlarla cinsel ili\u015fki dahil ancak bunlarla s\u0131n\u0131rl\u0131 olmamak \u00fczere herhangi bir yasa d\u0131\u015f\u0131 ve\/veya sak\u0131ncal\u0131 materyal i\u00e7ermeyecektir.<\/p>\n\n\n\n<p>Ortak i\u015ftirakler ABD 2257 Uyumluluk gerekliliklerine uyar.<\/p>\n\n\n\n<p>Bu web sitesinde yer alan herhangi bir g\u00f6rsel tasvirde g\u00f6r\u00fcnen t\u00fcm ki\u015filer, s\u00f6z konusu tasvirlerin olu\u015fturuldu\u011fu tarihte on sekiz ya\u015f\u0131nda veya daha b\u00fcy\u00fckt\u00fcr. Birle\u015fik Devletler Kanunu Ba\u015fl\u0131k 18 B\u00f6l\u00fcm 2257'nin cinsel i\u00e7erikli ger\u00e7ek davran\u0131\u015flar\u0131n g\u00f6rsel tasvirleri ile ilgili olarak gerektirdi\u011fi kay\u0131tlar, kay\u0131tlar\u0131n sorumlusu taraf\u0131ndan tutulur.<\/p>","protected":false},"excerpt":{"rendered":"<p>18 U.S.C. 2257 compliance notice. Partner or any of the partners&#8217; affiliated sites will not contain any illegal and\/or objectionable materials, including, but not limited to, child pornography, rape, incest, or bestiality. Partner affiliates comply with US 2257 Compliance requirements. All persons who appear in any visual depiction contained in this website were eighteen years &#8230; <\/p>\n<p class=\"read-more-container\"><a title=\"18 U.S.C. 2257\" class=\"read-more button\" href=\"https:\/\/cammodelagency.com\/tr\/18-usc-2257\/#more-3485\" aria-label=\"Read more about 18 U.S.C. 2257\">Daha fazla bilgi edinin<\/a><\/p>","protected":false},"author":1,"featured_media":0,"parent":0,"menu_order":0,"comment_status":"closed","ping_status":"closed","template":"","meta":{"footnotes":""},"class_list":{"0":"post-3485","1":"page","2":"type-page","3":"status-publish","5":"infinite-scroll-item"},"aioseo_notices":[],"acf":[],"_links":{"self":[{"href":"https:\/\/cammodelagency.com\/tr\/wp-json\/wp\/v2\/pages\/3485","targetHints":{"allow":["GET"]}}],"collection":[{"href":"https:\/\/cammodelagency.com\/tr\/wp-json\/wp\/v2\/pages"}],"about":[{"href":"https:\/\/cammodelagency.com\/tr\/wp-json\/wp\/v2\/types\/page"}],"author":[{"embeddable":true,"href":"https:\/\/cammodelagency.com\/tr\/wp-json\/wp\/v2\/users\/1"}],"replies":[{"embeddable":true,"href":"https:\/\/cammodelagency.com\/tr\/wp-json\/wp\/v2\/comments?post=3485"}],"version-history":[{"count":2,"href":"https:\/\/cammodelagency.com\/tr\/wp-json\/wp\/v2\/pages\/3485\/revisions"}],"predecessor-version":[{"id":5162,"href":"https:\/\/cammodelagency.com\/tr\/wp-json\/wp\/v2\/pages\/3485\/revisions\/5162"}],"wp:attachment":[{"href":"https:\/\/cammodelagency.com\/tr\/wp-json\/wp\/v2\/media?parent=3485"}],"curies":[{"name":"wp","href":"https:\/\/api.w.org\/{rel}","templated":true}]}}